{"id":1220,"date":"2023-03-23T14:01:23","date_gmt":"2023-03-23T14:01:23","guid":{"rendered":"https:\/\/www.ub.edu\/community\/?page_id=1220"},"modified":"2024-02-26T15:37:54","modified_gmt":"2024-02-26T15:37:54","slug":"equipo","status":"publish","type":"page","link":"https:\/\/www.ub.edu\/community\/es\/equipo\/","title":{"rendered":"Equipo del proyecto"},"content":{"rendered":"\n<p><strong>Detr\u00e1s de todo proyecto hay un equipo de personas<\/strong>. \u00c9stas somos las personas que trabajamos en el proyecto &#8216;COMMUNITY&#8217; de la Universitat de Barcelona. Somos personas comprometidas con el objetivo de favorecer la inclusi\u00f3n social de las personas refugiadas en Barcelona y de mejorar su bienestar f\u00edsico y psicol\u00f3gico:<\/p>\n\n\n\n<div style=\"height:25px\" aria-hidden=\"true\" class=\"wp-block-spacer\"><\/div>\n\n\n\n<div class=\"wp-block-columns is-layout-flex wp-container-core-columns-is-layout-28f84493 wp-block-columns-is-layout-flex\">\n<div class=\"wp-block-column is-layout-flow wp-block-column-is-layout-flow\" style=\"flex-basis:33.33%\"><div class=\"wp-block-image is-style-rounded\">\n<figure class=\"aligncenter size-medium\"><img data-opt-id=60570670  fetchpriority=\"high\" decoding=\"async\" width=\"300\" height=\"300\" src=\"https:\/\/mlrs8jfvglcz.i.optimole.com\/cb:X94i.2946c\/w:300\/h:300\/q:mauto\/f:best\/https:\/\/www.ub.edu\/community\/wp-content\/uploads\/2023\/03\/francesc-busca_web.jpg\" alt=\"Francesc Busc\u00e0 Donet\" class=\"wp-image-1185\" srcset=\"https:\/\/mlrs8jfvglcz.i.optimole.com\/cb:X94i.2946c\/w:300\/h:300\/q:mauto\/f:best\/https:\/\/www.ub.edu\/community\/wp-content\/uploads\/2023\/03\/francesc-busca_web.jpg 300w, https:\/\/mlrs8jfvglcz.i.optimole.com\/cb:X94i.2946c\/w:150\/h:150\/q:mauto\/f:best\/https:\/\/www.ub.edu\/community\/wp-content\/uploads\/2023\/03\/francesc-busca_web.jpg 150w, https:\/\/mlrs8jfvglcz.i.optimole.com\/cb:X94i.2946c\/w:500\/h:500\/q:mauto\/f:best\/https:\/\/www.ub.edu\/community\/wp-content\/uploads\/2023\/03\/francesc-busca_web.jpg 500w\" sizes=\"(max-width: 300px) 100vw, 300px\" \/><\/figure>\n<\/div><\/div>\n\n\n\n<div class=\"wp-block-column is-layout-flow wp-block-column-is-layout-flow\" style=\"flex-basis:66.66%\">\n<h2 class=\"wp-block-heading\"><strong>Francesc Busc\u00e0 Donet<\/strong><\/h2>\n\n\n\n<p>Director del proyecto.<\/p>\n\n\n\n<p>Profesor Agregado del Departamento de Did\u00e1cticas Aplicadas de la Facultad de Educaci\u00f3n de la Universitat de Barcelona. Miembro del grupo de investigaci\u00f3n consolidado Grupo de Investigaci\u00f3n Social y Educativa de la Actividad F\u00edsica y el Deporte (GISEAFE &#8211; C\u00f3digo: 2021 SGR 01189).<\/p>\n<\/div>\n<\/div>\n\n\n\n<div style=\"height:25px\" aria-hidden=\"true\" class=\"wp-block-spacer\"><\/div>\n\n\n\n<div class=\"wp-block-columns is-layout-flex wp-container-core-columns-is-layout-28f84493 wp-block-columns-is-layout-flex\">\n<div class=\"wp-block-column is-layout-flow wp-block-column-is-layout-flow\" style=\"flex-basis:33.33%\"><div class=\"wp-block-image is-style-rounded\">\n<figure class=\"aligncenter size-medium\"><img data-opt-id=822750870  fetchpriority=\"high\" decoding=\"async\" width=\"300\" height=\"300\" src=\"https:\/\/mlrs8jfvglcz.i.optimole.com\/cb:X94i.2946c\/w:300\/h:300\/q:mauto\/f:best\/https:\/\/www.ub.edu\/community\/wp-content\/uploads\/2023\/03\/teresa-lleixa_web.jpg\" alt=\"Teresa Lleix\u00e0 Arribas\" class=\"wp-image-1190\" srcset=\"https:\/\/mlrs8jfvglcz.i.optimole.com\/cb:X94i.2946c\/w:300\/h:300\/q:mauto\/f:best\/https:\/\/www.ub.edu\/community\/wp-content\/uploads\/2023\/03\/teresa-lleixa_web.jpg 300w, https:\/\/mlrs8jfvglcz.i.optimole.com\/cb:X94i.2946c\/w:150\/h:150\/q:mauto\/f:best\/https:\/\/www.ub.edu\/community\/wp-content\/uploads\/2023\/03\/teresa-lleixa_web.jpg 150w, https:\/\/mlrs8jfvglcz.i.optimole.com\/cb:X94i.2946c\/w:500\/h:500\/q:mauto\/f:best\/https:\/\/www.ub.edu\/community\/wp-content\/uploads\/2023\/03\/teresa-lleixa_web.jpg 500w\" sizes=\"(max-width: 300px) 100vw, 300px\" \/><\/figure>\n<\/div><\/div>\n\n\n\n<div class=\"wp-block-column is-layout-flow wp-block-column-is-layout-flow\" style=\"flex-basis:66.66%\">\n<h2 class=\"wp-block-heading\"><strong>Teresa Lleix\u00e0 Arribas<\/strong><\/h2>\n\n\n\n<p>Miembro del equipo de investigaci\u00f3n del proyecto.<\/p>\n\n\n\n<p>Catedr\u00e1tica de Universidad del Departamento de Did\u00e1cticas Aplicadas de la Facultad de Educaci\u00f3n de la Universitat de Barcelona. Miembro del grupo de investigaci\u00f3n consolidado Grupo de Investigaci\u00f3n Social y Educativa de la Actividad F\u00edsica y el Deporte (GISEAFE &#8211; C\u00f3digo: 2021 SGR 01189).<\/p>\n<\/div>\n<\/div>\n\n\n\n<div style=\"height:25px\" aria-hidden=\"true\" class=\"wp-block-spacer\"><\/div>\n\n\n\n<div class=\"wp-block-columns is-layout-flex wp-container-core-columns-is-layout-28f84493 wp-block-columns-is-layout-flex\">\n<div class=\"wp-block-column is-layout-flow wp-block-column-is-layout-flow\" style=\"flex-basis:33.33%\"><div class=\"wp-block-image is-style-rounded\">\n<figure class=\"aligncenter size-medium\"><img data-opt-id=962599159  fetchpriority=\"high\" decoding=\"async\" width=\"300\" height=\"300\" src=\"https:\/\/mlrs8jfvglcz.i.optimole.com\/cb:X94i.2946c\/w:300\/h:300\/q:mauto\/f:best\/https:\/\/www.ub.edu\/community\/wp-content\/uploads\/2023\/03\/marcelo-braz-vieira_web.jpg\" alt=\"Marcelo Braz Vieira\" class=\"wp-image-1193\" srcset=\"https:\/\/mlrs8jfvglcz.i.optimole.com\/cb:X94i.2946c\/w:300\/h:300\/q:mauto\/f:best\/https:\/\/www.ub.edu\/community\/wp-content\/uploads\/2023\/03\/marcelo-braz-vieira_web.jpg 300w, https:\/\/mlrs8jfvglcz.i.optimole.com\/cb:X94i.2946c\/w:150\/h:150\/q:mauto\/f:best\/https:\/\/www.ub.edu\/community\/wp-content\/uploads\/2023\/03\/marcelo-braz-vieira_web.jpg 150w, https:\/\/mlrs8jfvglcz.i.optimole.com\/cb:X94i.2946c\/w:500\/h:500\/q:mauto\/f:best\/https:\/\/www.ub.edu\/community\/wp-content\/uploads\/2023\/03\/marcelo-braz-vieira_web.jpg 500w\" sizes=\"(max-width: 300px) 100vw, 300px\" \/><\/figure>\n<\/div><\/div>\n\n\n\n<div class=\"wp-block-column is-layout-flow wp-block-column-is-layout-flow\" style=\"flex-basis:66.66%\">\n<h2 class=\"wp-block-heading\"><strong>Marcelo Braz Vieira<\/strong><\/h2>\n\n\n\n<p>Miembro del equipo de investigaci\u00f3n del proyecto.<\/p>\n\n\n\n<p>Profesor lector del Departamento de Did\u00e1cticas Aplicadas de la Facultad de Educaci\u00f3n de la Universitat de Barcelona. Miembro del grupo de investigaci\u00f3n consolidado Grupo de Investigaci\u00f3n Social y Educativa de la Actividad F\u00edsica y el Deporte (GISEAFE &#8211; C\u00f3digo: 2021 SGR 01189). Investigador principal del Grupo de Innovaci\u00f3n Docente GID-MAEF en Metodolog\u00edas Activas para la Formaci\u00f3n del Profesorado en Educaci\u00f3n F\u00edsica.<\/p>\n<\/div>\n<\/div>\n\n\n\n<div style=\"height:25px\" aria-hidden=\"true\" class=\"wp-block-spacer\"><\/div>\n\n\n\n<div class=\"wp-block-columns is-layout-flex wp-container-core-columns-is-layout-28f84493 wp-block-columns-is-layout-flex\">\n<div class=\"wp-block-column is-layout-flow wp-block-column-is-layout-flow\" style=\"flex-basis:33.33%\"><div class=\"wp-block-image is-style-rounded\">\n<figure class=\"aligncenter size-medium\"><img data-opt-id=680445695  data-opt-src=\"https:\/\/mlrs8jfvglcz.i.optimole.com\/cb:X94i.2946c\/w:300\/h:300\/q:mauto\/f:best\/https:\/\/www.ub.edu\/community\/wp-content\/uploads\/2023\/03\/nuria-carrete-marin_web.jpg\"  decoding=\"async\" width=\"300\" height=\"300\" src=\"https:\/\/mlrs8jfvglcz.i.optimole.com\/cb:X94i.2946c\/w:300\/h:300\/q:eco\/f:best\/https:\/\/www.ub.edu\/community\/wp-content\/uploads\/2023\/03\/nuria-carrete-marin_web.jpg\" alt=\"N\u00faria Carrete-Mar\u00edn\" class=\"wp-image-1196\" old-srcset=\"https:\/\/mlrs8jfvglcz.i.optimole.com\/cb:X94i.2946c\/w:300\/h:300\/q:mauto\/f:best\/https:\/\/www.ub.edu\/community\/wp-content\/uploads\/2023\/03\/nuria-carrete-marin_web.jpg 300w, https:\/\/mlrs8jfvglcz.i.optimole.com\/cb:X94i.2946c\/w:150\/h:150\/q:mauto\/f:best\/https:\/\/www.ub.edu\/community\/wp-content\/uploads\/2023\/03\/nuria-carrete-marin_web.jpg 150w, https:\/\/mlrs8jfvglcz.i.optimole.com\/cb:X94i.2946c\/w:500\/h:500\/q:mauto\/f:best\/https:\/\/www.ub.edu\/community\/wp-content\/uploads\/2023\/03\/nuria-carrete-marin_web.jpg 500w\" \/><noscript><img data-opt-id=680445695  decoding=\"async\" width=\"300\" height=\"300\" src=\"https:\/\/mlrs8jfvglcz.i.optimole.com\/cb:X94i.2946c\/w:300\/h:300\/q:mauto\/f:best\/https:\/\/www.ub.edu\/community\/wp-content\/uploads\/2023\/03\/nuria-carrete-marin_web.jpg\" alt=\"N\u00faria Carrete-Mar\u00edn\" class=\"wp-image-1196\" srcset=\"https:\/\/mlrs8jfvglcz.i.optimole.com\/cb:X94i.2946c\/w:300\/h:300\/q:mauto\/f:best\/https:\/\/www.ub.edu\/community\/wp-content\/uploads\/2023\/03\/nuria-carrete-marin_web.jpg 300w, https:\/\/mlrs8jfvglcz.i.optimole.com\/cb:X94i.2946c\/w:150\/h:150\/q:mauto\/f:best\/https:\/\/www.ub.edu\/community\/wp-content\/uploads\/2023\/03\/nuria-carrete-marin_web.jpg 150w, https:\/\/mlrs8jfvglcz.i.optimole.com\/cb:X94i.2946c\/w:500\/h:500\/q:mauto\/f:best\/https:\/\/www.ub.edu\/community\/wp-content\/uploads\/2023\/03\/nuria-carrete-marin_web.jpg 500w\" sizes=\"(max-width: 300px) 100vw, 300px\" \/></noscript><\/figure>\n<\/div><\/div>\n\n\n\n<div class=\"wp-block-column is-layout-flow wp-block-column-is-layout-flow\" style=\"flex-basis:66.66%\">\n<h2 class=\"wp-block-heading\"><strong>N\u00faria Carrete-Mar\u00edn<\/strong><\/h2>\n\n\n\n<p>Miembro del equipo de investigaci\u00f3n del proyecto.<\/p>\n\n\n\n<p>Investigadora de la Facultad de Educaci\u00f3n, Traducci\u00f3n, Deporte y Psicolog\u00eda de la UVic-UCC.<\/p>\n\n\n\n<p>Miembro del grupo de investigaci\u00f3n consolidado en Investigaci\u00f3n Educativa de la UVic-UCC.<\/p>\n<\/div>\n<\/div>\n\n\n\n<div style=\"height:35px\" aria-hidden=\"true\" class=\"wp-block-spacer\"><\/div>\n\n\n\n<div class=\"wp-block-columns is-layout-flex wp-container-core-columns-is-layout-28f84493 wp-block-columns-is-layout-flex\">\n<div class=\"wp-block-column is-layout-flow wp-block-column-is-layout-flow\" style=\"flex-basis:33.33%\"><div class=\"wp-block-image is-style-rounded\">\n<figure class=\"aligncenter size-medium\"><img data-opt-id=1364072121  data-opt-src=\"https:\/\/mlrs8jfvglcz.i.optimole.com\/cb:X94i.2946c\/w:300\/h:300\/q:mauto\/f:best\/https:\/\/www.ub.edu\/community\/wp-content\/uploads\/2023\/03\/merche-rios_web.jpg\"  decoding=\"async\" width=\"300\" height=\"300\" src=\"https:\/\/mlrs8jfvglcz.i.optimole.com\/cb:X94i.2946c\/w:300\/h:300\/q:eco\/f:best\/https:\/\/www.ub.edu\/community\/wp-content\/uploads\/2023\/03\/merche-rios_web.jpg\" alt=\"Merche R\u00edos Hern\u00e1ndez\" class=\"wp-image-1199\" old-srcset=\"https:\/\/mlrs8jfvglcz.i.optimole.com\/cb:X94i.2946c\/w:300\/h:300\/q:mauto\/f:best\/https:\/\/www.ub.edu\/community\/wp-content\/uploads\/2023\/03\/merche-rios_web.jpg 300w, https:\/\/mlrs8jfvglcz.i.optimole.com\/cb:X94i.2946c\/w:150\/h:150\/q:mauto\/f:best\/https:\/\/www.ub.edu\/community\/wp-content\/uploads\/2023\/03\/merche-rios_web.jpg 150w, https:\/\/mlrs8jfvglcz.i.optimole.com\/cb:X94i.2946c\/w:500\/h:500\/q:mauto\/f:best\/https:\/\/www.ub.edu\/community\/wp-content\/uploads\/2023\/03\/merche-rios_web.jpg 500w\" \/><noscript><img data-opt-id=1364072121  decoding=\"async\" width=\"300\" height=\"300\" src=\"https:\/\/mlrs8jfvglcz.i.optimole.com\/cb:X94i.2946c\/w:300\/h:300\/q:mauto\/f:best\/https:\/\/www.ub.edu\/community\/wp-content\/uploads\/2023\/03\/merche-rios_web.jpg\" alt=\"Merche R\u00edos Hern\u00e1ndez\" class=\"wp-image-1199\" srcset=\"https:\/\/mlrs8jfvglcz.i.optimole.com\/cb:X94i.2946c\/w:300\/h:300\/q:mauto\/f:best\/https:\/\/www.ub.edu\/community\/wp-content\/uploads\/2023\/03\/merche-rios_web.jpg 300w, https:\/\/mlrs8jfvglcz.i.optimole.com\/cb:X94i.2946c\/w:150\/h:150\/q:mauto\/f:best\/https:\/\/www.ub.edu\/community\/wp-content\/uploads\/2023\/03\/merche-rios_web.jpg 150w, https:\/\/mlrs8jfvglcz.i.optimole.com\/cb:X94i.2946c\/w:500\/h:500\/q:mauto\/f:best\/https:\/\/www.ub.edu\/community\/wp-content\/uploads\/2023\/03\/merche-rios_web.jpg 500w\" sizes=\"(max-width: 300px) 100vw, 300px\" \/></noscript><\/figure>\n<\/div><\/div>\n\n\n\n<div class=\"wp-block-column is-layout-flow wp-block-column-is-layout-flow\" style=\"flex-basis:66.66%\">\n<h2 class=\"wp-block-heading\"><strong>Merche R\u00edos Hern\u00e1ndez<\/strong><\/h2>\n\n\n\n<p>Experta, asesora externa y creadora de los encuentros sociodeportivos del proyecto.<\/p>\n\n\n\n<p>Antigua profesora del Departamento de Did\u00e1cticas Aplicadas y coordinadora de los encuentros sociodeportivos de la Universitat de Barcelona.<\/p>\n<\/div>\n<\/div>\n\n\n\n<div style=\"height:35px\" aria-hidden=\"true\" class=\"wp-block-spacer\"><\/div>\n\n\n\n<div class=\"wp-block-columns is-layout-flex wp-container-core-columns-is-layout-28f84493 wp-block-columns-is-layout-flex\">\n<div class=\"wp-block-column is-layout-flow wp-block-column-is-layout-flow\" style=\"flex-basis:33.33%\"><div class=\"wp-block-image is-style-rounded\">\n<figure class=\"aligncenter size-medium\"><img data-opt-id=735783276  data-opt-src=\"https:\/\/mlrs8jfvglcz.i.optimole.com\/cb:X94i.2946c\/w:300\/h:300\/q:mauto\/f:best\/https:\/\/www.ub.edu\/community\/wp-content\/uploads\/2024\/02\/carme-panchon-1.jpg\"  decoding=\"async\" width=\"300\" height=\"300\" src=\"https:\/\/mlrs8jfvglcz.i.optimole.com\/cb:X94i.2946c\/w:300\/h:300\/q:eco\/f:best\/https:\/\/www.ub.edu\/community\/wp-content\/uploads\/2024\/02\/carme-panchon-1.jpg\" alt=\"\" class=\"wp-image-3634\" old-srcset=\"https:\/\/mlrs8jfvglcz.i.optimole.com\/cb:X94i.2946c\/w:300\/h:300\/q:mauto\/f:best\/https:\/\/www.ub.edu\/community\/wp-content\/uploads\/2024\/02\/carme-panchon-1.jpg 300w, https:\/\/mlrs8jfvglcz.i.optimole.com\/cb:X94i.2946c\/w:150\/h:150\/q:mauto\/f:best\/https:\/\/www.ub.edu\/community\/wp-content\/uploads\/2024\/02\/carme-panchon-1.jpg 150w, https:\/\/mlrs8jfvglcz.i.optimole.com\/cb:X94i.2946c\/w:500\/h:500\/q:mauto\/f:best\/https:\/\/www.ub.edu\/community\/wp-content\/uploads\/2024\/02\/carme-panchon-1.jpg 500w\" \/><noscript><img data-opt-id=735783276  decoding=\"async\" width=\"300\" height=\"300\" src=\"https:\/\/mlrs8jfvglcz.i.optimole.com\/cb:X94i.2946c\/w:300\/h:300\/q:mauto\/f:best\/https:\/\/www.ub.edu\/community\/wp-content\/uploads\/2024\/02\/carme-panchon-1.jpg\" alt=\"\" class=\"wp-image-3634\" srcset=\"https:\/\/mlrs8jfvglcz.i.optimole.com\/cb:X94i.2946c\/w:300\/h:300\/q:mauto\/f:best\/https:\/\/www.ub.edu\/community\/wp-content\/uploads\/2024\/02\/carme-panchon-1.jpg 300w, https:\/\/mlrs8jfvglcz.i.optimole.com\/cb:X94i.2946c\/w:150\/h:150\/q:mauto\/f:best\/https:\/\/www.ub.edu\/community\/wp-content\/uploads\/2024\/02\/carme-panchon-1.jpg 150w, https:\/\/mlrs8jfvglcz.i.optimole.com\/cb:X94i.2946c\/w:500\/h:500\/q:mauto\/f:best\/https:\/\/www.ub.edu\/community\/wp-content\/uploads\/2024\/02\/carme-panchon-1.jpg 500w\" sizes=\"(max-width: 300px) 100vw, 300px\" \/></noscript><\/figure>\n<\/div><\/div>\n\n\n\n<div class=\"wp-block-column is-layout-flow wp-block-column-is-layout-flow\" style=\"flex-basis:66.66%\">\n<h2 class=\"wp-block-heading\"><strong>Carme Panch\u00f3n Iglesias<\/strong><\/h2>\n\n\n\n<p>Asesora externa del proyecto.<\/p>\n\n\n\n<p>Integrante del Departamento de M\u00e9todos de Investigaci\u00f3n y Diagn\u00f3stico en Educaci\u00f3n de la UB. Directora UB del proyecto europeo \u201cRefugees education support in MENA countries-RESCUE\u201d (2016-2019). Coordinadora del grupo de investigaci\u00f3n GIA (Grupo Infancia y Adolescencia) del Instituto de Desarrollo Profesional \u2013 ICE, UB.<\/p>\n<\/div>\n<\/div>\n\n\n\n<div style=\"height:35px\" aria-hidden=\"true\" class=\"wp-block-spacer\"><\/div>\n\n\n\n<div class=\"wp-block-columns is-layout-flex wp-container-core-columns-is-layout-28f84493 wp-block-columns-is-layout-flex\">\n<div class=\"wp-block-column is-layout-flow wp-block-column-is-layout-flow\" style=\"flex-basis:33.33%\"><div class=\"wp-block-image is-style-rounded\">\n<figure class=\"aligncenter size-medium\"><img data-opt-id=1790042800  data-opt-src=\"https:\/\/mlrs8jfvglcz.i.optimole.com\/cb:X94i.2946c\/w:300\/h:300\/q:mauto\/f:best\/https:\/\/www.ub.edu\/community\/wp-content\/uploads\/2023\/03\/cati-jerez_web.jpg\"  decoding=\"async\" width=\"300\" height=\"300\" src=\"https:\/\/mlrs8jfvglcz.i.optimole.com\/cb:X94i.2946c\/w:300\/h:300\/q:eco\/f:best\/https:\/\/www.ub.edu\/community\/wp-content\/uploads\/2023\/03\/cati-jerez_web.jpg\" alt=\"Cati Jerez Paredero\" class=\"wp-image-1202\" old-srcset=\"https:\/\/mlrs8jfvglcz.i.optimole.com\/cb:X94i.2946c\/w:300\/h:300\/q:mauto\/f:best\/https:\/\/www.ub.edu\/community\/wp-content\/uploads\/2023\/03\/cati-jerez_web.jpg 300w, https:\/\/mlrs8jfvglcz.i.optimole.com\/cb:X94i.2946c\/w:150\/h:150\/q:mauto\/f:best\/https:\/\/www.ub.edu\/community\/wp-content\/uploads\/2023\/03\/cati-jerez_web.jpg 150w, https:\/\/mlrs8jfvglcz.i.optimole.com\/cb:X94i.2946c\/w:500\/h:500\/q:mauto\/f:best\/https:\/\/www.ub.edu\/community\/wp-content\/uploads\/2023\/03\/cati-jerez_web.jpg 500w\" \/><noscript><img data-opt-id=1790042800  decoding=\"async\" width=\"300\" height=\"300\" src=\"https:\/\/mlrs8jfvglcz.i.optimole.com\/cb:X94i.2946c\/w:300\/h:300\/q:mauto\/f:best\/https:\/\/www.ub.edu\/community\/wp-content\/uploads\/2023\/03\/cati-jerez_web.jpg\" alt=\"Cati Jerez Paredero\" class=\"wp-image-1202\" srcset=\"https:\/\/mlrs8jfvglcz.i.optimole.com\/cb:X94i.2946c\/w:300\/h:300\/q:mauto\/f:best\/https:\/\/www.ub.edu\/community\/wp-content\/uploads\/2023\/03\/cati-jerez_web.jpg 300w, https:\/\/mlrs8jfvglcz.i.optimole.com\/cb:X94i.2946c\/w:150\/h:150\/q:mauto\/f:best\/https:\/\/www.ub.edu\/community\/wp-content\/uploads\/2023\/03\/cati-jerez_web.jpg 150w, https:\/\/mlrs8jfvglcz.i.optimole.com\/cb:X94i.2946c\/w:500\/h:500\/q:mauto\/f:best\/https:\/\/www.ub.edu\/community\/wp-content\/uploads\/2023\/03\/cati-jerez_web.jpg 500w\" sizes=\"(max-width: 300px) 100vw, 300px\" \/></noscript><\/figure>\n<\/div><\/div>\n\n\n\n<div class=\"wp-block-column is-layout-flow wp-block-column-is-layout-flow\" style=\"flex-basis:66.66%\">\n<h2 class=\"wp-block-heading\"><strong>Cati Jerez Paredero<\/strong><\/h2>\n\n\n\n<p>Colaboradora del proyecto.<\/p>\n\n\n\n<p>Coordinadora del Programa de apoyo a personas refugiadas y procedentes de zonas en conflicto de la Universitat de Barcelona, que coordina la Fundaci\u00f3 Solidaritat UB.<\/p>\n<\/div>\n<\/div>\n\n\n\n<div style=\"height:35px\" aria-hidden=\"true\" class=\"wp-block-spacer\"><\/div>\n\n\n\n<div class=\"wp-block-columns is-layout-flex wp-container-core-columns-is-layout-28f84493 wp-block-columns-is-layout-flex\">\n<div class=\"wp-block-column is-layout-flow wp-block-column-is-layout-flow\" style=\"flex-basis:33.33%\"><div class=\"wp-block-image is-style-rounded\">\n<figure class=\"aligncenter size-medium\"><img data-opt-id=1099357646  data-opt-src=\"https:\/\/mlrs8jfvglcz.i.optimole.com\/cb:X94i.2946c\/w:300\/h:300\/q:mauto\/f:best\/https:\/\/www.ub.edu\/community\/wp-content\/uploads\/2023\/03\/laura-tomas-canalis_web.jpg\"  decoding=\"async\" width=\"300\" height=\"300\" src=\"https:\/\/mlrs8jfvglcz.i.optimole.com\/cb:X94i.2946c\/w:300\/h:300\/q:eco\/f:best\/https:\/\/www.ub.edu\/community\/wp-content\/uploads\/2023\/03\/laura-tomas-canalis_web.jpg\" alt=\"Laura Tom\u00e0s Canal\u00eds\" class=\"wp-image-1205\" old-srcset=\"https:\/\/mlrs8jfvglcz.i.optimole.com\/cb:X94i.2946c\/w:300\/h:300\/q:mauto\/f:best\/https:\/\/www.ub.edu\/community\/wp-content\/uploads\/2023\/03\/laura-tomas-canalis_web.jpg 300w, https:\/\/mlrs8jfvglcz.i.optimole.com\/cb:X94i.2946c\/w:150\/h:150\/q:mauto\/f:best\/https:\/\/www.ub.edu\/community\/wp-content\/uploads\/2023\/03\/laura-tomas-canalis_web.jpg 150w, https:\/\/mlrs8jfvglcz.i.optimole.com\/cb:X94i.2946c\/w:500\/h:500\/q:mauto\/f:best\/https:\/\/www.ub.edu\/community\/wp-content\/uploads\/2023\/03\/laura-tomas-canalis_web.jpg 500w\" \/><noscript><img data-opt-id=1099357646  decoding=\"async\" width=\"300\" height=\"300\" src=\"https:\/\/mlrs8jfvglcz.i.optimole.com\/cb:X94i.2946c\/w:300\/h:300\/q:mauto\/f:best\/https:\/\/www.ub.edu\/community\/wp-content\/uploads\/2023\/03\/laura-tomas-canalis_web.jpg\" alt=\"Laura Tom\u00e0s Canal\u00eds\" class=\"wp-image-1205\" srcset=\"https:\/\/mlrs8jfvglcz.i.optimole.com\/cb:X94i.2946c\/w:300\/h:300\/q:mauto\/f:best\/https:\/\/www.ub.edu\/community\/wp-content\/uploads\/2023\/03\/laura-tomas-canalis_web.jpg 300w, https:\/\/mlrs8jfvglcz.i.optimole.com\/cb:X94i.2946c\/w:150\/h:150\/q:mauto\/f:best\/https:\/\/www.ub.edu\/community\/wp-content\/uploads\/2023\/03\/laura-tomas-canalis_web.jpg 150w, https:\/\/mlrs8jfvglcz.i.optimole.com\/cb:X94i.2946c\/w:500\/h:500\/q:mauto\/f:best\/https:\/\/www.ub.edu\/community\/wp-content\/uploads\/2023\/03\/laura-tomas-canalis_web.jpg 500w\" sizes=\"(max-width: 300px) 100vw, 300px\" \/></noscript><\/figure>\n<\/div><\/div>\n\n\n\n<div class=\"wp-block-column is-layout-flow wp-block-column-is-layout-flow\" style=\"flex-basis:66.66%\">\n<h2 class=\"wp-block-heading\"><strong>Laura Tom\u00e0s Canal\u00eds<\/strong><\/h2>\n\n\n\n<p>Educadora de los encuentros sociodeportivos del proyecto.<\/p>\n\n\n\n<p>Maestra de Educaci\u00f3n F\u00edsica y Educadora Social. Durante a\u00f1os ha combinado su labor como maestra de Educaci\u00f3n F\u00edsica en la Escuela Decroly de Barcelona con la implementaci\u00f3n de encuentros sociodeportivos entre alumnado universitario y colectivos en situaci\u00f3n de riesgo de exclusi\u00f3n social. Miembro del grupo de estudio \u00abInclusi\u00f3n de alumnado con discapacidad en Educaci\u00f3n F\u00edsica Escolar\u00bb del IDP-ICE de la Universitat de Barcelona.<\/p>\n<\/div>\n<\/div>\n\n\n\n<div style=\"height:25px\" aria-hidden=\"true\" class=\"wp-block-spacer\"><\/div>\n\n\n\n<div class=\"wp-block-columns is-layout-flex wp-container-core-columns-is-layout-28f84493 wp-block-columns-is-layout-flex\">\n<div class=\"wp-block-column is-layout-flow wp-block-column-is-layout-flow\" style=\"flex-basis:33.33%\"><div class=\"wp-block-image is-style-rounded\">\n<figure class=\"aligncenter size-medium\"><img data-opt-id=955259824  data-opt-src=\"https:\/\/mlrs8jfvglcz.i.optimole.com\/cb:X94i.2946c\/w:300\/h:300\/q:mauto\/f:best\/https:\/\/www.ub.edu\/community\/wp-content\/uploads\/2023\/03\/raul-sanchez_web.jpg\"  decoding=\"async\" width=\"300\" height=\"300\" src=\"https:\/\/mlrs8jfvglcz.i.optimole.com\/cb:X94i.2946c\/w:300\/h:300\/q:eco\/f:best\/https:\/\/www.ub.edu\/community\/wp-content\/uploads\/2023\/03\/raul-sanchez_web.jpg\" alt=\"Ra\u00fal S\u00e1nchez Mart\u00ednez\" class=\"wp-image-1208\" old-srcset=\"https:\/\/mlrs8jfvglcz.i.optimole.com\/cb:X94i.2946c\/w:300\/h:300\/q:mauto\/f:best\/https:\/\/www.ub.edu\/community\/wp-content\/uploads\/2023\/03\/raul-sanchez_web.jpg 300w, https:\/\/mlrs8jfvglcz.i.optimole.com\/cb:X94i.2946c\/w:150\/h:150\/q:mauto\/f:best\/https:\/\/www.ub.edu\/community\/wp-content\/uploads\/2023\/03\/raul-sanchez_web.jpg 150w, https:\/\/mlrs8jfvglcz.i.optimole.com\/cb:X94i.2946c\/w:500\/h:500\/q:mauto\/f:best\/https:\/\/www.ub.edu\/community\/wp-content\/uploads\/2023\/03\/raul-sanchez_web.jpg 500w\" \/><noscript><img data-opt-id=955259824  decoding=\"async\" width=\"300\" height=\"300\" src=\"https:\/\/mlrs8jfvglcz.i.optimole.com\/cb:X94i.2946c\/w:300\/h:300\/q:mauto\/f:best\/https:\/\/www.ub.edu\/community\/wp-content\/uploads\/2023\/03\/raul-sanchez_web.jpg\" alt=\"Ra\u00fal S\u00e1nchez Mart\u00ednez\" class=\"wp-image-1208\" srcset=\"https:\/\/mlrs8jfvglcz.i.optimole.com\/cb:X94i.2946c\/w:300\/h:300\/q:mauto\/f:best\/https:\/\/www.ub.edu\/community\/wp-content\/uploads\/2023\/03\/raul-sanchez_web.jpg 300w, https:\/\/mlrs8jfvglcz.i.optimole.com\/cb:X94i.2946c\/w:150\/h:150\/q:mauto\/f:best\/https:\/\/www.ub.edu\/community\/wp-content\/uploads\/2023\/03\/raul-sanchez_web.jpg 150w, https:\/\/mlrs8jfvglcz.i.optimole.com\/cb:X94i.2946c\/w:500\/h:500\/q:mauto\/f:best\/https:\/\/www.ub.edu\/community\/wp-content\/uploads\/2023\/03\/raul-sanchez_web.jpg 500w\" sizes=\"(max-width: 300px) 100vw, 300px\" \/></noscript><\/figure>\n<\/div><\/div>\n\n\n\n<div class=\"wp-block-column is-layout-flow wp-block-column-is-layout-flow\" style=\"flex-basis:66.66%\">\n<h2 class=\"wp-block-heading\"><strong>Ra\u00fal S\u00e1nchez Mart\u00ednez<\/strong><\/h2>\n\n\n\n<p>T\u00e9cnico de comunicaci\u00f3n del proyecto.<\/p>\n\n\n\n<p>Ingeniero T\u00e9cnico en Inform\u00e1tica de Gesti\u00f3n por la Universitat Aut\u00f2noma de Barcelona. Ha trabajado en varios proyectos de la Universitat de Barcelona como t\u00e9cnico de comunicaci\u00f3n, dise\u00f1ador gr\u00e1fico, programador web y gestor de marketing.<\/p>\n<\/div>\n<\/div>\n","protected":false},"excerpt":{"rendered":"<p>Detr\u00e1s de todo proyecto hay un equipo de personas. \u00c9stas somos las personas que trabajamos en el proyecto &#8216;COMMUNITY&#8217; de la Universitat de Barcelona. Somos personas comprometidas con el objetivo de favorecer la inclusi\u00f3n social de las personas refugiadas en Barcelona y de mejorar su bienestar f\u00edsico y psicol\u00f3gico: Francesc [&hellip;]<\/p>\n","protected":false},"author":1,"featured_media":0,"parent":0,"menu_order":0,"comment_status":"closed","ping_status":"closed","template":"","meta":{"_themeisle_gutenberg_block_has_review":false,"footnotes":""},"class_list":["post-1220","page","type-page","status-publish","hentry"],"_links":{"self":[{"href":"https:\/\/www.ub.edu\/community\/es\/wp-json\/wp\/v2\/pages\/1220","targetHints":{"allow":["GET"]}}],"collection":[{"href":"https:\/\/www.ub.edu\/community\/es\/wp-json\/wp\/v2\/pages"}],"about":[{"href":"https:\/\/www.ub.edu\/community\/es\/wp-json\/wp\/v2\/types\/page"}],"author":[{"embeddable":true,"href":"https:\/\/www.ub.edu\/community\/es\/wp-json\/wp\/v2\/users\/1"}],"replies":[{"embeddable":true,"href":"https:\/\/www.ub.edu\/community\/es\/wp-json\/wp\/v2\/comments?post=1220"}],"version-history":[{"count":14,"href":"https:\/\/www.ub.edu\/community\/es\/wp-json\/wp\/v2\/pages\/1220\/revisions"}],"predecessor-version":[{"id":3657,"href":"https:\/\/www.ub.edu\/community\/es\/wp-json\/wp\/v2\/pages\/1220\/revisions\/3657"}],"wp:attachment":[{"href":"https:\/\/www.ub.edu\/community\/es\/wp-json\/wp\/v2\/media?parent=1220"}],"curies":[{"name":"wp","href":"https:\/\/api.w.org\/{rel}","templated":true}]}}