{"id":1324,"date":"2023-03-27T12:15:28","date_gmt":"2023-03-27T12:15:28","guid":{"rendered":"https:\/\/www.ub.edu\/community\/?page_id=1324"},"modified":"2023-11-08T13:07:38","modified_gmt":"2023-11-08T13:07:38","slug":"deporte-inclusivo","status":"publish","type":"page","link":"https:\/\/www.ub.edu\/community\/es\/deporte-inclusivo\/","title":{"rendered":"Personas refugiadas y deporte inclusivo"},"content":{"rendered":"\n<p>En el <a href=\"https:\/\/www.ub.edu\/community\/es\/proyecto\/\" data-type=\"page\" data-id=\"1042\">proyecto &#8216;COMMUNITY&#8217;<\/a> utilizamos una metodolog\u00eda basada en la actividad deportiva para favorecer la inclusi\u00f3n social de las personas refugiadas y solicitantes de asilo en su comunidad de acogida, as\u00ed como para facilitar su salud f\u00edsica y psicol\u00f3gica. <strong>Creemos en el deporte como herramienta de transformaci\u00f3n social.<\/strong><\/p>\n\n\n\n<div style=\"height:75px\" aria-hidden=\"true\" class=\"wp-block-spacer\"><\/div>\n\n\n\n<div class=\"wp-block-cover alignfull\"><span aria-hidden=\"true\" class=\"wp-block-cover__background has-background-dim-70 has-background-dim wp-block-cover__gradient-background has-background-gradient\" style=\"background:linear-gradient(135deg,rgb(0,42,75) 0%,rgb(77,29,0) 100%)\"><\/span><img data-opt-id=1224987537  fetchpriority=\"high\" decoding=\"async\" width=\"2000\" height=\"1125\" class=\"wp-block-cover__image-background wp-image-1256\" alt=\"Personas refugiadas y voluntarias haciendo deporte en un encuentro sociodeportivo.\" src=\"https:\/\/mlrs8jfvglcz.i.optimole.com\/cb:X94i.2946c\/w:auto\/h:auto\/q:mauto\/f:best\/https:\/\/www.ub.edu\/community\/wp-content\/uploads\/2023\/03\/22112019-GMG_0591_web.jpg\" style=\"object-position:50% 28%\" data-object-fit=\"cover\" data-object-position=\"50% 28%\" srcset=\"https:\/\/mlrs8jfvglcz.i.optimole.com\/cb:X94i.2946c\/w:1920\/h:1080\/q:mauto\/f:best\/https:\/\/www.ub.edu\/community\/wp-content\/uploads\/2023\/03\/22112019-GMG_0591_web.jpg 2000w, https:\/\/mlrs8jfvglcz.i.optimole.com\/cb:X94i.2946c\/w:300\/h:169\/q:mauto\/f:best\/https:\/\/www.ub.edu\/community\/wp-content\/uploads\/2023\/03\/22112019-GMG_0591_web.jpg 300w, https:\/\/mlrs8jfvglcz.i.optimole.com\/cb:X94i.2946c\/w:1024\/h:576\/q:mauto\/f:best\/https:\/\/www.ub.edu\/community\/wp-content\/uploads\/2023\/03\/22112019-GMG_0591_web.jpg 1024w, https:\/\/mlrs8jfvglcz.i.optimole.com\/cb:X94i.2946c\/w:768\/h:432\/q:mauto\/f:best\/https:\/\/www.ub.edu\/community\/wp-content\/uploads\/2023\/03\/22112019-GMG_0591_web.jpg 768w, https:\/\/mlrs8jfvglcz.i.optimole.com\/cb:X94i.2946c\/w:1536\/h:864\/q:mauto\/f:best\/https:\/\/www.ub.edu\/community\/wp-content\/uploads\/2023\/03\/22112019-GMG_0591_web.jpg 1536w\" sizes=\"(max-width: 750px) 100vw, 750px\" \/><div class=\"wp-block-cover__inner-container is-layout-flow wp-block-cover-is-layout-flow\">\n<div class=\"wp-block-buttons is-content-justification-center is-layout-flex wp-container-core-buttons-is-layout-a89b3969 wp-block-buttons-is-layout-flex\">\n<div class=\"wp-block-button cm-fons-fosc\"><a class=\"wp-block-button__link wp-element-button\" href=\"#personas-refugiadas\"><i class=\"fas fa-people-roof\"><\/i> Personas refugiadas<\/a><\/div>\n\n\n\n<div class=\"wp-block-button cm-fons-fosc\"><a class=\"wp-block-button__link wp-element-button\" href=\"#beneficios-deporte\"><i class=\"fas fa-hand-holding-heart\"><\/i> Beneficios del deporte<\/a><\/div>\n\n\n\n<div class=\"wp-block-button cm-fons-fosc\"><a class=\"wp-block-button__link wp-element-button\" href=\"#transformacion-social\"><i class=\"fas fa-hands-holding-circle\"><\/i> Transformaci\u00f3n social<\/a><\/div>\n<\/div>\n<\/div><\/div>\n\n\n\n<div style=\"height:75px\" aria-hidden=\"true\" id=\"personas-refugiadas\" class=\"wp-block-spacer\"><\/div>\n\n\n\n<h2 class=\"wp-block-heading\"><i class=\"fas fa-people-roof\"><\/i> <strong><strong>Personas refugiadas y solicitantes de asilo<\/strong><\/strong><\/h2>\n\n\n\n<p>En 2021 se contabilizaban <strong>m\u00e1s de 80 millones de personas en el mundo que se hab\u00edan desplazado forzosamente<\/strong> de sus residencias, seg\u00fan el Alto Comisionado de Naciones Unidas para los Refugiados (ACNUR). Son personas que se ven obligadas a huir de sus pa\u00edses de origen <strong>en busca de refugio y seguridad en otro pa\u00eds<\/strong>. Huyen a causa de conflictos armados, de la persecuci\u00f3n o de la violencia.<\/p>\n\n\n\n<blockquote class=\"wp-block-quote cm-fons-cometes is-layout-flow wp-block-quote-is-layout-flow\">\n<p>El asilo es \u00abel derecho que tiene toda persona a buscar protecci\u00f3n fuera de su pa\u00eds cuando huye como consecuencia de un conflicto o una persecuci\u00f3n que pone en peligro su vida por su raza, religi\u00f3n, g\u00e9nero, orientaci\u00f3n sexual, grupo social, nacionalidad u opini\u00f3n pol\u00edtica. Es decir, la persona tiene temores fundados de perder la vida.\u00bb<\/p>\n<cite>ACNUR<\/cite><\/blockquote>\n\n\n\n<p>Una parte importante de estas personas migra a los pa\u00edses de la Uni\u00f3n Europea como espacio seguro en el que desarrollar sus vidas. En la mayor\u00eda de los casos, llegan a una nueva comunidad donde no tienen v\u00ednculos sociales y desconocen la cultura y el idioma. Esto las sit\u00faa en <strong>una posici\u00f3n de alta vulnerabilidad que puede convertirlas en personas en riesgo de exclusi\u00f3n social<\/strong>.<\/p>\n\n\n\n<p>Estas circunstancias, sumadas a los incidentes traum\u00e1ticos que viven en sus viajes hasta llegar a las comunidades de acogida y al fuerte sentimiento de desarraigo causado por haber dejado sus pa\u00edses de origen, tienen <strong>un gran impacto en su salud mental<\/strong>. Este impacto se ve agravado debido al estr\u00e9s que supone el proceso de adaptaci\u00f3n a una nueva comunidad y el enfrentamiento con las diferencias culturales.<\/p>\n\n\n\n<p>Por este motivo, una de las formas principales de ayudar a las personas refugiadas en la inclusi\u00f3n social en sus comunidades de acogida es <strong>proporcionarles el apoyo necesario para recuperar y mantener su salud mental<\/strong>.<\/p>\n\n\n\n<blockquote class=\"wp-block-quote cm-fons-cometes is-layout-flow wp-block-quote-is-layout-flow\">\n<p>\u00abEn caso de persecuci\u00f3n, toda persona tiene derecho a buscar asilo, y a disfrutar de \u00e9l, en cualquier pa\u00eds.<\/p>\n\n\n\n<p>\u00abEste derecho no podr\u00e1 ser invocado contra una acci\u00f3n judicial realmente originada por delitos comunes o por actos opuestos a los prop\u00f3sitos y principios de las Naciones Unidas.\u00bb<\/p>\n<cite>Art\u00edculo 14 de la Declaraci\u00f3n Universal de los Derechos Humanos<\/cite><\/blockquote>\n\n\n\n<div style=\"height:75px\" aria-hidden=\"true\" id=\"beneficios-deporte\" class=\"wp-block-spacer\"><\/div>\n\n\n\n<div class=\"wp-block-cover alignfull cm-fons-fosc\"><span aria-hidden=\"true\" class=\"wp-block-cover__background has-background-dim-80 has-background-dim wp-block-cover__gradient-background has-background-gradient\" style=\"background:linear-gradient(135deg,rgb(0,42,75) 0%,rgb(77,29,0) 100%)\"><\/span><img data-opt-id=1073510696  fetchpriority=\"high\" decoding=\"async\" width=\"2000\" height=\"1125\" class=\"wp-block-cover__image-background wp-image-1238\" alt=\"Trobada socioesportiva\" src=\"https:\/\/mlrs8jfvglcz.i.optimole.com\/cb:X94i.2946c\/w:auto\/h:auto\/q:mauto\/f:best\/https:\/\/www.ub.edu\/community\/wp-content\/uploads\/2023\/03\/21112019-GMG_9843_web.jpg\" data-object-fit=\"cover\" srcset=\"https:\/\/mlrs8jfvglcz.i.optimole.com\/cb:X94i.2946c\/w:1920\/h:1080\/q:mauto\/f:best\/https:\/\/www.ub.edu\/community\/wp-content\/uploads\/2023\/03\/21112019-GMG_9843_web.jpg 2000w, https:\/\/mlrs8jfvglcz.i.optimole.com\/cb:X94i.2946c\/w:300\/h:169\/q:mauto\/f:best\/https:\/\/www.ub.edu\/community\/wp-content\/uploads\/2023\/03\/21112019-GMG_9843_web.jpg 300w, https:\/\/mlrs8jfvglcz.i.optimole.com\/cb:X94i.2946c\/w:1024\/h:576\/q:mauto\/f:best\/https:\/\/www.ub.edu\/community\/wp-content\/uploads\/2023\/03\/21112019-GMG_9843_web.jpg 1024w, https:\/\/mlrs8jfvglcz.i.optimole.com\/cb:X94i.2946c\/w:768\/h:432\/q:mauto\/f:best\/https:\/\/www.ub.edu\/community\/wp-content\/uploads\/2023\/03\/21112019-GMG_9843_web.jpg 768w, https:\/\/mlrs8jfvglcz.i.optimole.com\/cb:X94i.2946c\/w:1536\/h:864\/q:mauto\/f:best\/https:\/\/www.ub.edu\/community\/wp-content\/uploads\/2023\/03\/21112019-GMG_9843_web.jpg 1536w\" sizes=\"(max-width: 750px) 100vw, 750px\" \/><div class=\"wp-block-cover__inner-container is-layout-flow wp-block-cover-is-layout-flow\">\n<h2 class=\"wp-block-heading has-text-align-left has-white-color has-text-color\"><i class=\"fas fa-hand-holding-heart\"><\/i> <strong><strong>El papel beneficioso de la actividad f\u00edsica y deportiva<\/strong><\/strong><\/h2>\n\n\n\n<div class=\"wp-block-columns is-layout-flex wp-container-core-columns-is-layout-28f84493 wp-block-columns-is-layout-flex\">\n<div class=\"wp-block-column is-layout-flow wp-block-column-is-layout-flow\">\n<p>La pr\u00e1ctica deportiva <strong>fomenta el desarrollo psicosocial y motriz de las personas<\/strong>, adem\u00e1s de facilitar su bienestar f\u00edsico. Mejora la autoestima, la confianza, la asunci\u00f3n de responsabilidades y la capacidad de trabajo en equipo, entre otras capacidades.<\/p>\n\n\n\n<p>A la hora de jugar, no hay distinci\u00f3n entre personas. No importa la raza, religi\u00f3n, g\u00e9nero, orientaci\u00f3n sexual, nacionalidad u opini\u00f3n pol\u00edtica, ni la condici\u00f3n social o econ\u00f3mica. Por eso, <strong>la pr\u00e1ctica de actividad f\u00edsica se propone como un m\u00e9todo saludable para ayudar a las personas refugiadas a superar las divisiones culturales a las que se enfrentan en su comunidad de acogida<\/strong>.<\/p>\n\n\n\n<p>Si, adem\u00e1s, en lugar de hablar de deporte competitivo, hablamos de juegos motores cooperativos, la actividad deportiva resulta un medio de interacci\u00f3n que facilita la comunicaci\u00f3n, la interrelaci\u00f3n y la socializaci\u00f3n entre personas. Si esta actividad se comparte entre personas refugiadas y miembros de la comunidad de acogida, como es el caso de los <a href=\"https:\/\/www.ub.edu\/community\/es\/encuentros\/\" data-type=\"page\" data-id=\"852\">Encuentros Sociodeportivos del proyecto \u2018COMMUNITY\u2019<\/a>, <strong>se favorece tambi\u00e9n el conocimiento y la comprensi\u00f3n mutua entre ambas comunidades<\/strong>.<\/p>\n<\/div>\n\n\n\n<div class=\"wp-block-column is-vertically-aligned-center is-layout-flow wp-block-column-is-layout-flow\"><div class=\"wp-block-image\">\n<figure class=\"aligncenter size-large\"><img data-opt-id=762590879  fetchpriority=\"high\" decoding=\"async\" width=\"1024\" height=\"576\" src=\"https:\/\/mlrs8jfvglcz.i.optimole.com\/cb:X94i.2946c\/w:1024\/h:576\/q:mauto\/f:best\/https:\/\/www.ub.edu\/community\/wp-content\/uploads\/2023\/03\/21112019-GMG_9843_web.jpg\" alt=\"Personas refugiadas y voluntarias haciendo deporte en un encuentro sociodeportivo.\" class=\"wp-image-1238\" srcset=\"https:\/\/mlrs8jfvglcz.i.optimole.com\/cb:X94i.2946c\/w:1024\/h:576\/q:mauto\/f:best\/https:\/\/www.ub.edu\/community\/wp-content\/uploads\/2023\/03\/21112019-GMG_9843_web.jpg 1024w, https:\/\/mlrs8jfvglcz.i.optimole.com\/cb:X94i.2946c\/w:300\/h:169\/q:mauto\/f:best\/https:\/\/www.ub.edu\/community\/wp-content\/uploads\/2023\/03\/21112019-GMG_9843_web.jpg 300w, https:\/\/mlrs8jfvglcz.i.optimole.com\/cb:X94i.2946c\/w:768\/h:432\/q:mauto\/f:best\/https:\/\/www.ub.edu\/community\/wp-content\/uploads\/2023\/03\/21112019-GMG_9843_web.jpg 768w, https:\/\/mlrs8jfvglcz.i.optimole.com\/cb:X94i.2946c\/w:1536\/h:864\/q:mauto\/f:best\/https:\/\/www.ub.edu\/community\/wp-content\/uploads\/2023\/03\/21112019-GMG_9843_web.jpg 1536w, https:\/\/mlrs8jfvglcz.i.optimole.com\/cb:X94i.2946c\/w:1920\/h:1080\/q:mauto\/f:best\/https:\/\/www.ub.edu\/community\/wp-content\/uploads\/2023\/03\/21112019-GMG_9843_web.jpg 2000w\" sizes=\"(max-width: 750px) 100vw, 750px\" \/><figcaption class=\"wp-element-caption\"><em><i>Personas refugiadas y voluntarias haciendo deporte en un <\/i><i><a href=\"https:\/\/www.ub.edu\/community\/ca\/trobades\/\" data-type=\"page\" data-id=\"697\">E<\/a><\/i><i><a href=\"https:\/\/www.ub.edu\/community\/ca\/trobades\/\" data-type=\"page\" data-id=\"697\">ncuentro Sociodeportivo<\/a>.<\/i> (Fotograf\u00eda de Gloria Mora Gallego).<\/em><\/figcaption><\/figure>\n<\/div><\/div>\n<\/div>\n<\/div><\/div>\n\n\n\n<div style=\"height:75px\" aria-hidden=\"true\" id=\"transformacion-social\" class=\"wp-block-spacer\"><\/div>\n\n\n\n<h2 class=\"wp-block-heading\"><i class=\"fas fa-hands-holding-circle\"><\/i> <strong><strong>El deporte como herramienta de inclusi\u00f3n y transformaci\u00f3n social<\/strong><\/strong><\/h2>\n\n\n\n<p>El deporte inclusivo cooperativo, desarrollado como espacio seguro, <strong>proporciona una sensaci\u00f3n de seguridad y comodidad, facilita las interacciones sociales positivas entre grupos culturalmente diferentes y los ayuda a conectar entre s\u00ed<\/strong>. Hecho que tambi\u00e9n los puede llevar a apreciar los diferentes valores culturales de otras personas.<\/p>\n\n\n\n<p>La actividad deportiva da a las personas refugiadas la oportunidad de <strong>volver a sentirse humanas y de olvidar los sentimientos de aislamiento<\/strong> que produce la falta de acceso a los servicios de la sociedad de acogida. Alivia las emociones negativas y el estr\u00e9s provocados por la falta de control de sus vidas, sustituy\u00e9ndolos por una sensaci\u00f3n de relajaci\u00f3n y energ\u00eda, a la vez que fomenta el aprendizaje de habilidades que son transferibles a su vida cotidiana.<\/p>\n\n\n\n<blockquote class=\"wp-block-quote cm-fons-cometes is-layout-flow wp-block-quote-is-layout-flow\">\n<p>\u00abEl deporte tiene el poder de inspirar. Tiene el poder de unir a la gente como pocas cosas lo tienen. El deporte puede crear esperanza donde hubo solo desesperanza. Es m\u00e1s poderoso que el gobierno para romper barreras raciales\u00bb.<\/p>\n<cite>Nelson Mandela<\/cite><\/blockquote>\n\n\n\n<p>Por todos estos motivos, la actividad f\u00edsica <strong>facilita la salud mental y f\u00edsica de las personas refugiadas, favorece su inclusi\u00f3n social en las comunidades de acogida<\/strong>, y mejora su capacidad de adaptaci\u00f3n, de resoluci\u00f3n de problemas y de convivencia. En consecuencia, mejora su bienestar y calidad de vida.<\/p>\n\n\n\n<p>Al mismo tiempo, <strong>las personas de la comunidad de acogida que comparten la actividad con ellas cambian la manera de ver a las personas refugiadas<\/strong>, rompiendo prejuicios y trabajando, desde un punto de vista cr\u00edtico y constructivo, cuestiones como el racismo y la discriminaci\u00f3n.<\/p>\n\n\n\n<p>El deporte, por tanto, desarrollado en un contexto adecuado y bajo la supervisi\u00f3n de profesionales formados en modelos de intervenci\u00f3n socioeducativa basados en la cooperaci\u00f3n y el trabajo en equipo, <strong>se convierte en una herramienta impulsora de cambio y transformaci\u00f3n social<\/strong>.<\/p>\n\n\n\n<div class=\"wp-block-columns is-layout-flex wp-container-core-columns-is-layout-28f84493 wp-block-columns-is-layout-flex\">\n<div class=\"wp-block-column is-layout-flow wp-block-column-is-layout-flow\" style=\"flex-basis:66.66%\">\n<p>Esta manera de entender el deporte es la que aplicamos en los <a href=\"https:\/\/www.ub.edu\/community\/es\/encuentros\/\" data-type=\"page\" data-id=\"852\">Encuentros Sociodeportivos de la Universitat de Barcelona<\/a>. Si quieres saber m\u00e1s, aqu\u00ed te lo explicamos en profundidad.<\/p>\n<\/div>\n\n\n\n<div class=\"wp-block-column is-layout-flow wp-block-column-is-layout-flow\" style=\"flex-basis:33.33%\">\n<div class=\"wp-block-buttons is-content-justification-center is-layout-flex wp-container-core-buttons-is-layout-a89b3969 wp-block-buttons-is-layout-flex\">\n<div class=\"wp-block-button\"><a class=\"wp-block-button__link wp-element-button\" href=\"https:\/\/www.ub.edu\/community\/es\/encuentros\/\"><i class=\"fas fa-plus\"><\/i> Informaci\u00f3n<\/a><\/div>\n<\/div>\n<\/div>\n<\/div>\n\n\n\n<div style=\"height:50px\" aria-hidden=\"true\" class=\"wp-block-spacer\"><\/div>\n\n\n\n<figure class=\"wp-block-image size-large\"><img data-opt-id=1661397570  data-opt-src=\"https:\/\/mlrs8jfvglcz.i.optimole.com\/cb:X94i.2946c\/w:1024\/h:576\/q:mauto\/f:best\/https:\/\/www.ub.edu\/community\/wp-content\/uploads\/2023\/03\/22112019-GMG_0591_web.jpg\"  decoding=\"async\" width=\"1024\" height=\"576\" src=\"https:\/\/mlrs8jfvglcz.i.optimole.com\/cb:X94i.2946c\/w:1024\/h:576\/q:eco\/f:best\/https:\/\/www.ub.edu\/community\/wp-content\/uploads\/2023\/03\/22112019-GMG_0591_web.jpg\" alt=\"Participantes de un Encuentro Sociodeportivo de la Universitat de Barcelona.\" class=\"wp-image-1256\" old-srcset=\"https:\/\/mlrs8jfvglcz.i.optimole.com\/cb:X94i.2946c\/w:1024\/h:576\/q:mauto\/f:best\/https:\/\/www.ub.edu\/community\/wp-content\/uploads\/2023\/03\/22112019-GMG_0591_web.jpg 1024w, https:\/\/mlrs8jfvglcz.i.optimole.com\/cb:X94i.2946c\/w:300\/h:169\/q:mauto\/f:best\/https:\/\/www.ub.edu\/community\/wp-content\/uploads\/2023\/03\/22112019-GMG_0591_web.jpg 300w, https:\/\/mlrs8jfvglcz.i.optimole.com\/cb:X94i.2946c\/w:768\/h:432\/q:mauto\/f:best\/https:\/\/www.ub.edu\/community\/wp-content\/uploads\/2023\/03\/22112019-GMG_0591_web.jpg 768w, https:\/\/mlrs8jfvglcz.i.optimole.com\/cb:X94i.2946c\/w:1536\/h:864\/q:mauto\/f:best\/https:\/\/www.ub.edu\/community\/wp-content\/uploads\/2023\/03\/22112019-GMG_0591_web.jpg 1536w, https:\/\/mlrs8jfvglcz.i.optimole.com\/cb:X94i.2946c\/w:1920\/h:1080\/q:mauto\/f:best\/https:\/\/www.ub.edu\/community\/wp-content\/uploads\/2023\/03\/22112019-GMG_0591_web.jpg 2000w\" \/><noscript><img data-opt-id=1661397570  decoding=\"async\" width=\"1024\" height=\"576\" src=\"https:\/\/mlrs8jfvglcz.i.optimole.com\/cb:X94i.2946c\/w:1024\/h:576\/q:mauto\/f:best\/https:\/\/www.ub.edu\/community\/wp-content\/uploads\/2023\/03\/22112019-GMG_0591_web.jpg\" alt=\"Participantes de un Encuentro Sociodeportivo de la Universitat de Barcelona.\" class=\"wp-image-1256\" srcset=\"https:\/\/mlrs8jfvglcz.i.optimole.com\/cb:X94i.2946c\/w:1024\/h:576\/q:mauto\/f:best\/https:\/\/www.ub.edu\/community\/wp-content\/uploads\/2023\/03\/22112019-GMG_0591_web.jpg 1024w, https:\/\/mlrs8jfvglcz.i.optimole.com\/cb:X94i.2946c\/w:300\/h:169\/q:mauto\/f:best\/https:\/\/www.ub.edu\/community\/wp-content\/uploads\/2023\/03\/22112019-GMG_0591_web.jpg 300w, https:\/\/mlrs8jfvglcz.i.optimole.com\/cb:X94i.2946c\/w:768\/h:432\/q:mauto\/f:best\/https:\/\/www.ub.edu\/community\/wp-content\/uploads\/2023\/03\/22112019-GMG_0591_web.jpg 768w, https:\/\/mlrs8jfvglcz.i.optimole.com\/cb:X94i.2946c\/w:1536\/h:864\/q:mauto\/f:best\/https:\/\/www.ub.edu\/community\/wp-content\/uploads\/2023\/03\/22112019-GMG_0591_web.jpg 1536w, https:\/\/mlrs8jfvglcz.i.optimole.com\/cb:X94i.2946c\/w:1920\/h:1080\/q:mauto\/f:best\/https:\/\/www.ub.edu\/community\/wp-content\/uploads\/2023\/03\/22112019-GMG_0591_web.jpg 2000w\" sizes=\"(max-width: 750px) 100vw, 750px\" \/></noscript><figcaption class=\"wp-element-caption\"><em>Participantes de un <a href=\"https:\/\/www.ub.edu\/community\/es\/encuentros\/\" data-type=\"page\" data-id=\"852\">Encuentro Sociodeportivo de la Universitat de Barcelona<\/a>. (Fotograf\u00eda de Gloria Mora Gallego).<\/em><\/figcaption><\/figure>\n","protected":false},"excerpt":{"rendered":"<p>En el proyecto &#8216;COMMUNITY&#8217; utilizamos una metodolog\u00eda basada en la actividad deportiva para favorecer la inclusi\u00f3n social de las personas refugiadas y solicitantes de asilo en su comunidad de acogida, as\u00ed como para facilitar su salud f\u00edsica y psicol\u00f3gica. Creemos en el deporte como herramienta de transformaci\u00f3n social. Personas refugiadas [&hellip;]<\/p>\n","protected":false},"author":1,"featured_media":1240,"parent":0,"menu_order":0,"comment_status":"closed","ping_status":"closed","template":"","meta":{"_themeisle_gutenberg_block_has_review":false,"footnotes":""},"class_list":["post-1324","page","type-page","status-publish","has-post-thumbnail","hentry"],"_links":{"self":[{"href":"https:\/\/www.ub.edu\/community\/es\/wp-json\/wp\/v2\/pages\/1324","targetHints":{"allow":["GET"]}}],"collection":[{"href":"https:\/\/www.ub.edu\/community\/es\/wp-json\/wp\/v2\/pages"}],"about":[{"href":"https:\/\/www.ub.edu\/community\/es\/wp-json\/wp\/v2\/types\/page"}],"author":[{"embeddable":true,"href":"https:\/\/www.ub.edu\/community\/es\/wp-json\/wp\/v2\/users\/1"}],"replies":[{"embeddable":true,"href":"https:\/\/www.ub.edu\/community\/es\/wp-json\/wp\/v2\/comments?post=1324"}],"version-history":[{"count":12,"href":"https:\/\/www.ub.edu\/community\/es\/wp-json\/wp\/v2\/pages\/1324\/revisions"}],"predecessor-version":[{"id":2940,"href":"https:\/\/www.ub.edu\/community\/es\/wp-json\/wp\/v2\/pages\/1324\/revisions\/2940"}],"wp:featuredmedia":[{"embeddable":true,"href":"https:\/\/www.ub.edu\/community\/es\/wp-json\/wp\/v2\/media\/1240"}],"wp:attachment":[{"href":"https:\/\/www.ub.edu\/community\/es\/wp-json\/wp\/v2\/media?parent=1324"}],"curies":[{"name":"wp","href":"https:\/\/api.w.org\/{rel}","templated":true}]}}