{"id":211,"date":"2021-04-22T11:40:18","date_gmt":"2021-04-22T11:40:18","guid":{"rendered":"https:\/\/www.ub.edu\/community\/contacto\/"},"modified":"2024-02-19T09:39:57","modified_gmt":"2024-02-19T09:39:57","slug":"contacto","status":"publish","type":"page","link":"https:\/\/www.ub.edu\/community\/es\/contacto\/","title":{"rendered":"Contacto"},"content":{"rendered":"\n<div class=\"wp-block-columns alignfull is-layout-flex wp-container-core-columns-is-layout-28f84493 wp-block-columns-is-layout-flex\">\n<div class=\"wp-block-column is-layout-flow wp-block-column-is-layout-flow\">\n<div style=\"width: 100%\"><iframe src=\"https:\/\/www.google.com\/maps\/embed?pb=!1m14!1m8!1m3!1d1780.0545954682643!2d2.1406481820089636!3d41.38097026517095!3m2!1i1024!2i768!4f13.1!3m3!1m2!1s0x12a498875feafd6b%3A0xc3123bcc28f57436!2sFacultad%20de%20Informaci%C3%B3n%20y%20Medios%20Audiovisuales!5e0!3m2!1ses!2sus!4v1677666204581!5m2!1ses!2sus\" width=\"2000\" height=\"450\" style=\"border:0;\" allowfullscreen=\"\" loading=\"lazy\" referrerpolicy=\"no-referrer-when-downgrade\"><\/iframe><\/div>\n\n\n\n<p><\/p>\n<\/div>\n<\/div>\n\n\n\n<div class=\"wp-block-columns container is-layout-flex wp-container-core-columns-is-layout-28f84493 wp-block-columns-is-layout-flex\">\n<div class=\"wp-block-column is-vertically-aligned-center is-layout-flow wp-block-column-is-layout-flow\">\n<div class=\"wp-block-columns is-layout-flex wp-container-core-columns-is-layout-28f84493 wp-block-columns-is-layout-flex\">\n<div class=\"wp-block-column is-layout-flow wp-block-column-is-layout-flow\">\n<h4 class=\"wp-block-heading has-text-align-left hestia-title has-text-color\" style=\"color:#3c4858;font-size:18px\"><img data-opt-id=1683375736  fetchpriority=\"high\" decoding=\"async\" class=\"wp-image-86\" style=\"width: 25px;\" src=\"https:\/\/mlrs8jfvglcz.i.optimole.com\/cb:X94i.2946c\/w:auto\/h:auto\/q:mauto\/f:best\/https:\/\/www.ub.edu\/community\/wp-content\/themes\/hestia\/assets\/img\/contact1.png\" alt=\"Map icon\">&nbsp;&nbsp;<strong>Vis\u00edtanos<\/strong><\/h4>\n\n\n\n<p class=\"has-text-align-left has-text-color\" style=\"color:#999999;font-size:14px\">Fundaci\u00f3n Solidaridad UB<br>Campus UB de Sants<br>Melcior de Palau, 140<br>Barcelona<\/p>\n<\/div>\n\n\n\n<div class=\"wp-block-column is-layout-flow wp-block-column-is-layout-flow\">\n<h4 class=\"wp-block-heading has-text-align-left hestia-title has-text-color\" style=\"color:#3c4858;font-size:18px\"><img data-opt-id=2142656143  fetchpriority=\"high\" decoding=\"async\" class=\"wp-image-98\" style=\"width: 25px;\" src=\"https:\/\/mlrs8jfvglcz.i.optimole.com\/cb:X94i.2946c\/w:auto\/h:auto\/q:mauto\/f:best\/https:\/\/www.ub.edu\/community\/wp-content\/themes\/hestia\/assets\/img\/contact2.png\" alt=\"\">&nbsp;&nbsp;<strong>Cont\u00e1ctanos<\/strong><\/h4>\n\n\n\n<p class=\"has-text-align-left has-text-color\" style=\"color:#999999;font-size:14px\">Proyecto &#8216;COMMUNITY&#8217;<br>community.refugees.fs@ub.edu<br>934 035 538<br>De lunes a viernes, 10:00-18:00<\/p>\n<\/div>\n<\/div>\n<\/div>\n<\/div>\n","protected":false},"excerpt":{"rendered":"<p>&nbsp;&nbsp;Vis\u00edtanos Fundaci\u00f3n Solidaridad UBCampus UB de SantsMelcior de Palau, 140Barcelona &nbsp;&nbsp;Cont\u00e1ctanos Proyecto &#8216;COMMUNITY&#8217;community.refugees.fs@ub.edu934 035 538De lunes a viernes, 10:00-18:00<\/p>\n","protected":false},"author":1,"featured_media":0,"parent":0,"menu_order":0,"comment_status":"closed","ping_status":"closed","template":"page-templates\/template-pagebuilder-full-width.php","meta":{"_themeisle_gutenberg_block_has_review":false,"footnotes":""},"class_list":["post-211","page","type-page","status-publish","hentry"],"_links":{"self":[{"href":"https:\/\/www.ub.edu\/community\/es\/wp-json\/wp\/v2\/pages\/211","targetHints":{"allow":["GET"]}}],"collection":[{"href":"https:\/\/www.ub.edu\/community\/es\/wp-json\/wp\/v2\/pages"}],"about":[{"href":"https:\/\/www.ub.edu\/community\/es\/wp-json\/wp\/v2\/types\/page"}],"author":[{"embeddable":true,"href":"https:\/\/www.ub.edu\/community\/es\/wp-json\/wp\/v2\/users\/1"}],"replies":[{"embeddable":true,"href":"https:\/\/www.ub.edu\/community\/es\/wp-json\/wp\/v2\/comments?post=211"}],"version-history":[{"count":15,"href":"https:\/\/www.ub.edu\/community\/es\/wp-json\/wp\/v2\/pages\/211\/revisions"}],"predecessor-version":[{"id":3623,"href":"https:\/\/www.ub.edu\/community\/es\/wp-json\/wp\/v2\/pages\/211\/revisions\/3623"}],"wp:attachment":[{"href":"https:\/\/www.ub.edu\/community\/es\/wp-json\/wp\/v2\/media?parent=211"}],"curies":[{"name":"wp","href":"https:\/\/api.w.org\/{rel}","templated":true}]}}