{"id":2619,"date":"2023-08-30T08:09:00","date_gmt":"2023-08-30T08:09:00","guid":{"rendered":"https:\/\/www.ub.edu\/community\/?page_id=2619"},"modified":"2023-11-15T08:08:15","modified_gmt":"2023-11-15T08:08:15","slug":"i-seminario","status":"publish","type":"page","link":"https:\/\/www.ub.edu\/community\/es\/i-seminario\/","title":{"rendered":"I Seminario \u00abLa actividad f\u00edsica como herramienta de inclusi\u00f3n social\u00bb"},"content":{"rendered":"\n<h2 class=\"wp-block-heading\">Encuentros Sociodeportivos para personas en riesgo de exclusi\u00f3n: intercambio de experiencias<\/h2>\n\n\n\n<p><strong>El d\u00eda 2 de junio de 2022<\/strong> se celebra el I Seminario sobre la actividad f\u00edsica y deportiva como herramientas de inclusi\u00f3n social, dirigido a personal docente e investigador y profesionales del trabajo y la asistencia social, la pedagog\u00eda y la psicolog\u00eda.<\/p>\n\n\n\n<p>En el seminario, organizado por la Universitat de Barcelona y la Fundaci\u00f3 Solidaritat UB, se intercambiar\u00e1n <strong>experiencias en el \u00e1mbito de la intervenci\u00f3n socioeducativa para la inclusi\u00f3n social mediante la actividad f\u00edsica<\/strong> en el marco de los proyectos &#8216;COMMUNITY&#8217; y WAHDA. La actividad cuenta con la colaboraci\u00f3n del Instituto de Desarrollo Profesional (IDP-ICE) de la UB.<\/p>\n\n\n\n<div class=\"wp-block-columns is-layout-flex wp-container-core-columns-is-layout-28f84493 wp-block-columns-is-layout-flex\">\n<div class=\"wp-block-column is-layout-flow wp-block-column-is-layout-flow\">\n<p class=\"has-text-align-center cm-icons cm-text-secondary\"><i class=\"fas fa-user\"><\/i><\/p>\n\n\n\n<h4 class=\"wp-block-heading has-text-align-center\">\u00bfQui\u00e9n?<\/h4>\n\n\n\n<p><strong>Personal docente e investigador<\/strong>.<\/p>\n\n\n\n<p><strong>Profesionales que trabajan con personas en situaci\u00f3n o riesgo de exclusi\u00f3n<\/strong> y, en particular, con personas refugiadas y solicitantes de asilo.<\/p>\n\n\n\n<p><strong>Profesionales de la educaci\u00f3n<\/strong>, la pedagog\u00eda, el trabajo y la asistencia social, la psicolog\u00eda, la educaci\u00f3n f\u00edsica y el deporte.<\/p>\n<\/div>\n\n\n\n<div class=\"wp-block-column is-layout-flow wp-block-column-is-layout-flow\">\n<p class=\"has-text-align-center cm-icons cm-text-primary\"><i class=\"fas fa-calendar-check\"><\/i><\/p>\n\n\n\n<h4 class=\"wp-block-heading has-text-align-center\">\u00bfCu\u00e1ndo?<\/h4>\n\n\n\n<p><strong>Jueves 2 de junio de 2022, de 9:30 a 13 horas<\/strong>.<\/p>\n<\/div>\n\n\n\n<div class=\"wp-block-column is-layout-flow wp-block-column-is-layout-flow\">\n<p class=\"has-text-align-center cm-icons cm-text-tertiary\"><i class=\"fas fa-location-dot\"><\/i><\/p>\n\n\n\n<h4 class=\"wp-block-heading has-text-align-center\">\u00bfD\u00f3nde?<\/h4>\n\n\n\n<p><strong>Campus Mundet UB<\/strong>. Edificio Levante, 3a planta, aula 323-324.<\/p>\n<\/div>\n<\/div>\n\n\n\n<div style=\"height:50px\" aria-hidden=\"true\" class=\"wp-block-spacer\"><\/div>\n\n\n\n<div class=\"wp-block-cover alignfull cm-fons-fosc\"><span aria-hidden=\"true\" class=\"wp-block-cover__background has-background-dim-70 has-background-dim wp-block-cover__gradient-background has-background-gradient\" style=\"background:linear-gradient(135deg,rgb(0,42,75) 0%,rgb(77,29,0) 100%)\"><\/span><img data-opt-id=628578448  fetchpriority=\"high\" decoding=\"async\" width=\"1200\" height=\"470\" class=\"wp-block-cover__image-background wp-image-2599\" alt=\"Joc de b\u00e0squet a una Trobada Socioesportiva\" src=\"https:\/\/mlrs8jfvglcz.i.optimole.com\/cb:X94i.2946c\/w:auto\/h:auto\/q:mauto\/f:best\/https:\/\/www.ub.edu\/community\/wp-content\/uploads\/2023\/08\/19112019-GMG_7775_modif_web.jpg\" data-object-fit=\"cover\" srcset=\"https:\/\/mlrs8jfvglcz.i.optimole.com\/cb:X94i.2946c\/w:1200\/h:470\/q:mauto\/f:best\/https:\/\/www.ub.edu\/community\/wp-content\/uploads\/2023\/08\/19112019-GMG_7775_modif_web.jpg 1200w, https:\/\/mlrs8jfvglcz.i.optimole.com\/cb:X94i.2946c\/w:300\/h:118\/q:mauto\/f:best\/https:\/\/www.ub.edu\/community\/wp-content\/uploads\/2023\/08\/19112019-GMG_7775_modif_web.jpg 300w, https:\/\/mlrs8jfvglcz.i.optimole.com\/cb:X94i.2946c\/w:1024\/h:401\/q:mauto\/f:best\/https:\/\/www.ub.edu\/community\/wp-content\/uploads\/2023\/08\/19112019-GMG_7775_modif_web.jpg 1024w, https:\/\/mlrs8jfvglcz.i.optimole.com\/cb:X94i.2946c\/w:768\/h:301\/q:mauto\/f:best\/https:\/\/www.ub.edu\/community\/wp-content\/uploads\/2023\/08\/19112019-GMG_7775_modif_web.jpg 768w\" sizes=\"(max-width: 750px) 100vw, 750px\" \/><div class=\"wp-block-cover__inner-container is-layout-constrained wp-block-cover-is-layout-constrained\">\n<div class=\"wp-block-buttons is-content-justification-center is-layout-flex wp-container-core-buttons-is-layout-a89b3969 wp-block-buttons-is-layout-flex\">\n<div class=\"wp-block-button\"><a class=\"wp-block-button__link wp-element-button\" href=\"#destinatarios\"><i class=\"fas fa-user\"><\/i> Destinatarios<\/a><\/div>\n\n\n\n<div class=\"wp-block-button\"><a class=\"wp-block-button__link wp-element-button\" href=\"#programa\"><i class=\"fas fa-clipboard-list\"><\/i> Programa<\/a><\/div>\n\n\n\n<div class=\"wp-block-button\"><a class=\"wp-block-button__link wp-element-button\" href=\"#community\"><i class=\"fas fa-people-arrows\"><\/i> Proyecto &#8216;COMMUNITY&#8217;<\/a><\/div>\n\n\n\n<div class=\"wp-block-button\"><a class=\"wp-block-button__link wp-element-button\" href=\"#wahda\"><i class=\"fas fa-people-roof\"><\/i> Proyecto WAHDA<\/a><\/div>\n\n\n\n<div class=\"wp-block-button cm-btn-cta\"><a class=\"wp-block-button__link wp-element-button\" href=\"#inscripcion\"><i class=\"fas fa-pen-clip\"><\/i> \u00a1Inscr\u00edbete!<\/a><\/div>\n<\/div>\n<\/div><\/div>\n\n\n\n<div style=\"height:75px\" aria-hidden=\"true\" id=\"destinatarios\" class=\"wp-block-spacer\"><\/div>\n\n\n\n<h2 class=\"wp-block-heading\"><i class=\"fas fa-user\"><\/i> Destinatarios<\/h2>\n\n\n\n<p>Personal docente e investigador interesado en la inclusi\u00f3n social, la intervenci\u00f3n socioeducativa, el deporte y la actividad f\u00edsica.<\/p>\n\n\n\n<p>Profesionales del trabajo y la asistencia social, la pedagog\u00eda y la psicolog\u00eda<\/p>\n\n\n\n<p>Profesorado de educaci\u00f3n f\u00edsica y similar, vinculado al trabajo con personas refugiadas y solicitantes de asilo.<\/p>\n\n\n\n<div style=\"height:75px\" aria-hidden=\"true\" id=\"programa\" class=\"wp-block-spacer\"><\/div>\n\n\n\n<h2 class=\"wp-block-heading\"><i class=\"fas fa-clipboard-list\"><\/i> Programa<\/h2>\n\n\n\n<p>Jueves 2 de junio de 2022, de 9:30 a 13 horas.<\/p>\n\n\n\n<ul class=\"wp-block-list\">\n<li><strong>9:30 &#8211; 11h. Bienvenida<\/strong>. Introducci\u00f3n al seminario. Experiencia de Aprendizaje-Servicio (ApS) de la Universidad de Barcelona.<br><\/li>\n\n\n\n<li><strong>11 &#8211; 12:30h. Intercambio de experiencias<\/strong>: entidades Superacci\u00f3 y La Rotllana, proyectos &#8216;COMMUNITY&#8217; y WAHDA. De WAHDA hablar\u00e1n la Universidad de Cartago y la asociaci\u00f3n tunecina ADO+, exponiendo los resultados de su Investigaci\u00f3n Acci\u00f3n Participativa (IAP).<br><\/li>\n\n\n\n<li><strong>12:30 &#8211; 13h. Discusi\u00f3n y debate<\/strong>. Conclusiones.<\/li>\n<\/ul>\n\n\n\n<div style=\"height:75px\" aria-hidden=\"true\" id=\"community\" class=\"wp-block-spacer\"><\/div>\n\n\n\n<h2 class=\"wp-block-heading\"><i class=\"fas fa-people-arrows\"><\/i> Proyecto &#8216;COMMUNITY&#8217;<\/h2>\n\n\n\n<div class=\"wp-block-columns is-layout-flex wp-container-core-columns-is-layout-28f84493 wp-block-columns-is-layout-flex\">\n<div class=\"wp-block-column is-layout-flow wp-block-column-is-layout-flow\" style=\"flex-basis:66.66%\">\n<p>Es una iniciativa de la Universitat de Barcelona que cuenta con el soporte de la Comisi\u00f3n Europea. Su objetivo es <strong>promover la inclusi\u00f3n social de personas refugiadas en Barcelona mediante Encuentros Sociodeportivos<\/strong>: una intervenci\u00f3n socioeducativa que utiliza la actividad f\u00edsica cooperativa y el Aprendizaje-Servicio (ApS) para facilitar la formaci\u00f3n de v\u00ednculos positivos, de igual a igual, entre personas en riesgo de exclusi\u00f3n social y estudiantes de universidad.<\/p>\n<\/div>\n\n\n\n<div class=\"wp-block-column is-vertically-aligned-center is-layout-flow wp-block-column-is-layout-flow\" style=\"flex-basis:33.33%\">\n<figure class=\"wp-block-image size-large\"><img data-opt-id=999068775  fetchpriority=\"high\" decoding=\"async\" width=\"1024\" height=\"445\" src=\"https:\/\/mlrs8jfvglcz.i.optimole.com\/cb:X94i.2946c\/w:1024\/h:445\/q:mauto\/f:best\/https:\/\/www.ub.edu\/community\/wp-content\/uploads\/2023\/08\/logo_community_quadrat_1200x522px.jpg\" alt=\"Logo projecte 'COMMUNITY'\" class=\"wp-image-2610\" srcset=\"https:\/\/mlrs8jfvglcz.i.optimole.com\/cb:X94i.2946c\/w:1024\/h:445\/q:mauto\/f:best\/https:\/\/www.ub.edu\/community\/wp-content\/uploads\/2023\/08\/logo_community_quadrat_1200x522px.jpg 1024w, https:\/\/mlrs8jfvglcz.i.optimole.com\/cb:X94i.2946c\/w:300\/h:131\/q:mauto\/f:best\/https:\/\/www.ub.edu\/community\/wp-content\/uploads\/2023\/08\/logo_community_quadrat_1200x522px.jpg 300w, https:\/\/mlrs8jfvglcz.i.optimole.com\/cb:X94i.2946c\/w:768\/h:334\/q:mauto\/f:best\/https:\/\/www.ub.edu\/community\/wp-content\/uploads\/2023\/08\/logo_community_quadrat_1200x522px.jpg 768w, https:\/\/mlrs8jfvglcz.i.optimole.com\/cb:X94i.2946c\/w:1200\/h:522\/q:mauto\/f:best\/https:\/\/www.ub.edu\/community\/wp-content\/uploads\/2023\/08\/logo_community_quadrat_1200x522px.jpg 1200w\" sizes=\"(max-width: 750px) 100vw, 750px\" \/><\/figure>\n<\/div>\n<\/div>\n\n\n\n<div style=\"height:75px\" aria-hidden=\"true\" id=\"wahda\" class=\"wp-block-spacer\"><\/div>\n\n\n\n<h2 class=\"wp-block-heading\"><i class=\"fas fa-people-roof\"><\/i> Proyecto WAHDA<\/h2>\n\n\n\n<div class=\"wp-block-columns is-layout-flex wp-container-core-columns-is-layout-28f84493 wp-block-columns-is-layout-flex\">\n<div class=\"wp-block-column is-layout-flow wp-block-column-is-layout-flow\" style=\"flex-basis:66.66%\">\n<p>Es un proyecto de cooperaci\u00f3n internacional desarrollado en T\u00fanez. Su objetivo es <strong>fortalecer el papel de la sociedad civil tunecina (sobre todo de las mujeres y la juventud) para la defensa del espacio c\u00edvico<\/strong> mediante la protecci\u00f3n de los derechos civiles y pol\u00edticos y el fomento de la cohesi\u00f3n social.<\/p>\n\n\n\n<p>La Fundaci\u00f3 Solidaritat UB es una de las entidades socias del proyecto, junto con la Universidad de Cartago (UCAR) y la Liga Tunecina para la Defensa de los Derechos Humanos (LTDH). Est\u00e1 coordinado por NOVACT y participan la asociaci\u00f3n tunecina ADO+ y las asociaciones catalanas Superacci\u00f3 y la Rotllana.<\/p>\n<\/div>\n\n\n\n<div class=\"wp-block-column is-vertically-aligned-center is-layout-flow wp-block-column-is-layout-flow\" style=\"flex-basis:33.33%\">\n<figure class=\"wp-block-image size-full\"><img data-opt-id=271873112  fetchpriority=\"high\" decoding=\"async\" width=\"300\" height=\"300\" src=\"https:\/\/mlrs8jfvglcz.i.optimole.com\/cb:X94i.2946c\/w:auto\/h:auto\/q:mauto\/f:best\/https:\/\/www.ub.edu\/community\/wp-content\/uploads\/2023\/08\/wahda-projecte-tunisia-300x300-1.png\" alt=\"Logo projecte WAHDA\" class=\"wp-image-2614\" srcset=\"https:\/\/mlrs8jfvglcz.i.optimole.com\/cb:X94i.2946c\/w:300\/h:300\/q:mauto\/f:best\/https:\/\/www.ub.edu\/community\/wp-content\/uploads\/2023\/08\/wahda-projecte-tunisia-300x300-1.png 300w, https:\/\/mlrs8jfvglcz.i.optimole.com\/cb:X94i.2946c\/w:150\/h:150\/q:mauto\/f:best\/https:\/\/www.ub.edu\/community\/wp-content\/uploads\/2023\/08\/wahda-projecte-tunisia-300x300-1.png 150w\" sizes=\"(max-width: 300px) 100vw, 300px\" \/><\/figure>\n<\/div>\n<\/div>\n\n\n\n<p>WAHDA hace encuentros sociodeportivos para reforzar la cohesi\u00f3n social y la resiliencia comunitaria de personas en riesgo de exclusi\u00f3n mediante la Investigaci\u00f3n Acci\u00f3n Participativa (IAP), una metodolog\u00eda de investigaci\u00f3n y de intervenci\u00f3n social que permite que las personas participantes identifiquen elementos estructurales que afectan a la cohesi\u00f3n social, la igualdad de oportunidades y la igualdad de g\u00e9nero.<\/p>\n\n\n\n<div style=\"height:75px\" aria-hidden=\"true\" id=\"inscripcion\" class=\"wp-block-spacer\"><\/div>\n\n\n\n<h2 class=\"wp-block-heading\"><i class=\"fas fa-pen-clip\"><\/i> \u00a1Inscr\u00edbete!<\/h2>\n\n\n\n<div class=\"wp-block-columns is-layout-flex wp-container-core-columns-is-layout-28f84493 wp-block-columns-is-layout-flex\">\n<div class=\"wp-block-column is-layout-flow wp-block-column-is-layout-flow\" style=\"flex-basis:66.66%\">\n<p>Aunque ya no es posible inscribirse en este seminario, te invitamos a <a href=\"https:\/\/www.ub.edu\/community\/es\/encuentros\/#apuntate\" data-type=\"page\" data-id=\"852\">apuntarte a los Encuentros Sociodeportivos<\/a> que realizamos cada mi\u00e9rcoles de 16:00 a 18:30 horas en Barcelona. <strong>Conocer\u00e1s nuestra metodolog\u00eda de inclusi\u00f3n social a trav\u00e9s de la actividad f\u00edsica.<\/strong><\/p>\n<\/div>\n\n\n\n<div class=\"wp-block-column is-layout-flow wp-block-column-is-layout-flow\" style=\"flex-basis:33.33%\">\n<div class=\"wp-block-buttons cm-btn-cta is-content-justification-center is-layout-flex wp-container-core-buttons-is-layout-a89b3969 wp-block-buttons-is-layout-flex\">\n<div class=\"wp-block-button\"><a class=\"wp-block-button__link wp-element-button\" href=\"https:\/\/www.ub.edu\/community\/es\/encuentros\/#apuntate\"><i class=\"fas fa-pen-clip\"><\/i> \u00a1Ap\u00fantate!<\/a><\/div>\n<\/div>\n<\/div>\n<\/div>\n","protected":false},"excerpt":{"rendered":"<p>Encuentros Sociodeportivos para personas en riesgo de exclusi\u00f3n: intercambio de experiencias El d\u00eda 2 de junio de 2022 se celebra el I Seminario sobre la actividad f\u00edsica y deportiva como herramientas de inclusi\u00f3n social, dirigido a personal docente e investigador y profesionales del trabajo y la asistencia social, la pedagog\u00eda [&hellip;]<\/p>\n","protected":false},"author":3,"featured_media":0,"parent":0,"menu_order":0,"comment_status":"closed","ping_status":"closed","template":"","meta":{"_themeisle_gutenberg_block_has_review":false,"footnotes":""},"class_list":["post-2619","page","type-page","status-publish","hentry"],"_links":{"self":[{"href":"https:\/\/www.ub.edu\/community\/es\/wp-json\/wp\/v2\/pages\/2619","targetHints":{"allow":["GET"]}}],"collection":[{"href":"https:\/\/www.ub.edu\/community\/es\/wp-json\/wp\/v2\/pages"}],"about":[{"href":"https:\/\/www.ub.edu\/community\/es\/wp-json\/wp\/v2\/types\/page"}],"author":[{"embeddable":true,"href":"https:\/\/www.ub.edu\/community\/es\/wp-json\/wp\/v2\/users\/3"}],"replies":[{"embeddable":true,"href":"https:\/\/www.ub.edu\/community\/es\/wp-json\/wp\/v2\/comments?post=2619"}],"version-history":[{"count":7,"href":"https:\/\/www.ub.edu\/community\/es\/wp-json\/wp\/v2\/pages\/2619\/revisions"}],"predecessor-version":[{"id":2961,"href":"https:\/\/www.ub.edu\/community\/es\/wp-json\/wp\/v2\/pages\/2619\/revisions\/2961"}],"wp:attachment":[{"href":"https:\/\/www.ub.edu\/community\/es\/wp-json\/wp\/v2\/media?parent=2619"}],"curies":[{"name":"wp","href":"https:\/\/api.w.org\/{rel}","templated":true}]}}