{"id":3034,"date":"2023-11-17T10:13:10","date_gmt":"2023-11-17T10:13:10","guid":{"rendered":"https:\/\/www.ub.edu\/community\/?page_id=3034"},"modified":"2023-11-17T10:45:39","modified_gmt":"2023-11-17T10:45:39","slug":"call-good-practices","status":"publish","type":"page","link":"https:\/\/www.ub.edu\/community\/es\/call-good-practices\/","title":{"rendered":"CALL FOR GOOD PRACTICES"},"content":{"rendered":"\n<h2 class=\"wp-block-heading has-accent-color has-text-color has-link-color wp-elements-7756a1c75aeaf8eec0afbe8ff86a5432\" style=\"font-style:normal;font-weight:800;text-transform:none\">Seminario Final &#8216;COMMUNITY&#8217;<\/h2>\n\n\n\n<h3 class=\"wp-block-heading ticss-56c2bf1f\">Barcelona, 13 de diciembre de 2023<\/h3>\n\n\n\n<h3 class=\"wp-block-heading ticss-7e76d0a3 has-accent-color has-text-color has-link-color wp-elements-eab5f7944cef1c18abe94b927ddf6e73\">Inclusi\u00f3n Social de Personas Refugiadas mediante la Actividad F\u00edsica y el Deporte<\/h3>\n\n\n\n<p>El <a href=\"https:\/\/www.ub.edu\/community\/es\/proyecto\/\" data-type=\"page\" data-id=\"1042\">proyecto \u2018COMMUNITY\u2019<\/a>, liderado por la Universidad de Barcelona, se acerca a su culminaci\u00f3n. Como parte de la finalizaci\u00f3n del proyecto, estamos organizando un <strong>seminario de cierre<\/strong> para presentar los principales resultados, abordar los futuros desaf\u00edos y discutir estrategias de ampliaci\u00f3n y difusi\u00f3n.<\/p>\n\n\n\n<p>Este evento tiene como objetivo <strong>intercambiar entre organizaciones buenas pr\u00e1cticas en inclusi\u00f3n social de personas refugiadas<\/strong> en su comunidad de acogida a trav\u00e9s de actividades f\u00edsicas y deportivas.<\/p>\n\n\n\n<div style=\"height:25px\" aria-hidden=\"true\" class=\"wp-block-spacer\"><\/div>\n\n\n\n<div class=\"wp-block-cover alignfull cm-fons-fosc\" style=\"min-height:250px;aspect-ratio:unset;\"><span aria-hidden=\"true\" class=\"wp-block-cover__background has-background-dim-70 has-background-dim wp-block-cover__gradient-background has-background-gradient\" style=\"background:linear-gradient(135deg,rgb(0,42,75) 0%,rgb(77,29,0) 100%)\"><\/span><img data-opt-id=1224987537  fetchpriority=\"high\" decoding=\"async\" width=\"2000\" height=\"1125\" class=\"wp-block-cover__image-background wp-image-1256\" alt=\"\" src=\"https:\/\/mlrs8jfvglcz.i.optimole.com\/cb:X94i.2946c\/w:auto\/h:auto\/q:mauto\/f:best\/https:\/\/www.ub.edu\/community\/wp-content\/uploads\/2023\/03\/22112019-GMG_0591_web.jpg\" style=\"object-position:50% 20%\" data-object-fit=\"cover\" data-object-position=\"50% 20%\" srcset=\"https:\/\/mlrs8jfvglcz.i.optimole.com\/cb:X94i.2946c\/w:1920\/h:1080\/q:mauto\/f:best\/https:\/\/www.ub.edu\/community\/wp-content\/uploads\/2023\/03\/22112019-GMG_0591_web.jpg 2000w, https:\/\/mlrs8jfvglcz.i.optimole.com\/cb:X94i.2946c\/w:300\/h:169\/q:mauto\/f:best\/https:\/\/www.ub.edu\/community\/wp-content\/uploads\/2023\/03\/22112019-GMG_0591_web.jpg 300w, https:\/\/mlrs8jfvglcz.i.optimole.com\/cb:X94i.2946c\/w:1024\/h:576\/q:mauto\/f:best\/https:\/\/www.ub.edu\/community\/wp-content\/uploads\/2023\/03\/22112019-GMG_0591_web.jpg 1024w, https:\/\/mlrs8jfvglcz.i.optimole.com\/cb:X94i.2946c\/w:768\/h:432\/q:mauto\/f:best\/https:\/\/www.ub.edu\/community\/wp-content\/uploads\/2023\/03\/22112019-GMG_0591_web.jpg 768w, https:\/\/mlrs8jfvglcz.i.optimole.com\/cb:X94i.2946c\/w:1536\/h:864\/q:mauto\/f:best\/https:\/\/www.ub.edu\/community\/wp-content\/uploads\/2023\/03\/22112019-GMG_0591_web.jpg 1536w\" sizes=\"(max-width: 750px) 100vw, 750px\" \/><div class=\"wp-block-cover__inner-container is-layout-constrained wp-block-cover-is-layout-constrained\">\n<h4 class=\"wp-block-heading ticss-425ae179\">Colaboremos para construir un repositorio de pr\u00e1cticas efectivas que contribuyan a la inclusi\u00f3n social de las personas refugiadas a trav\u00e9s del poder de la comunidad y el deporte. Juntos, podemos tener un impacto duradero en las vidas de quienes buscan refugio y contribuir a construir sociedades m\u00e1s inclusivas.<\/h4>\n\n\n\n<h3 class=\"wp-block-heading has-text-align-center ticss-afe7f806\" style=\"text-transform:uppercase\"><strong><strong>\u00a1Gracias por ayudarnos a crear un cambio positivo!<\/strong><\/strong><\/h3>\n\n\n\n<div style=\"height:25px\" aria-hidden=\"true\" class=\"wp-block-spacer\"><\/div>\n\n\n\n<div class=\"wp-block-buttons ticss-062a2fe3 is-content-justification-center is-layout-flex wp-container-core-buttons-is-layout-a89b3969 wp-block-buttons-is-layout-flex\">\n<div class=\"wp-block-button cm-btn-cta\"><a class=\"wp-block-button__link wp-element-button\" href=\"https:\/\/www.ub.edu\/community\/wp-content\/uploads\/2023\/11\/call_good-practices-community_es.pdf\" target=\"_blank\" rel=\"noreferrer noopener\"><i class=\"fas fa-circle-down\"><\/i> Descargar PDF<\/a><\/div>\n<\/div>\n<\/div><\/div>\n\n\n\n<div class=\"wp-block-columns is-layout-flex wp-container-core-columns-is-layout-28f84493 wp-block-columns-is-layout-flex\">\n<div class=\"wp-block-column is-layout-flow wp-block-column-is-layout-flow\">\n<h3 class=\"wp-block-heading\">Call for Good Practices<\/h3>\n\n\n\n<p>Invitamos a compartir sus buenas pr\u00e1cticas a organizaciones sociales, ONG y grupos comunitarios involucrados en <strong>iniciativas relacionadas con la inclusi\u00f3n social de personas refugiadas mediante la actividad f\u00edsica<\/strong>.<\/p>\n\n\n\n<p>Tenemos especial inter\u00e9s en <strong>pr\u00e1cticas que han demostrado tener \u00e9xito superando las barreras de la inclusi\u00f3n social<\/strong>, fomentando la participaci\u00f3n comunitaria y facilitando el bienestar de las personas refugiadas mediante el deporte.<\/p>\n\n\n\n<div class=\"wp-block-buttons is-content-justification-center is-layout-flex wp-container-core-buttons-is-layout-a89b3969 wp-block-buttons-is-layout-flex\">\n<div class=\"wp-block-button\"><a class=\"wp-block-button__link wp-element-button\" href=\"https:\/\/www.ub.edu\/community\/wp-content\/uploads\/2023\/11\/call_good-practices-community_es.pdf\" target=\"_blank\" rel=\"noreferrer noopener\"><i class=\"fas fa-circle-down\"><\/i> Descargar PDF<\/a><\/div>\n<\/div>\n<\/div>\n\n\n\n<div class=\"wp-block-column is-layout-flow wp-block-column-is-layout-flow\">\n<h3 class=\"wp-block-heading\">Submission Guidelines<\/h3>\n\n\n\n<ul class=\"wp-block-list\">\n<li class=\"text-color.has-accent-color ticss-66505d24\"><strong>Deadline: 30\/11\/2023<\/strong><\/li>\n\n\n\n<li><strong>Formato:<\/strong> Documento breve (m\u00e1x. 500 palabras) que describa las buenas pr\u00e1cticas de su organizaci\u00f3n para promover la inclusi\u00f3n social de personas refugiadas a trav\u00e9s de la actividad f\u00edsica y el deporte.<\/li>\n\n\n\n<li><strong>Incluir<\/strong>:<br>&#8211; Descripci\u00f3n general del proyecto.<br>&#8211; Estrategias clave empleadas.<br>&#8211; Impacto y resultados medibles.<br>&#8211; Desaf\u00edos enfrentados y lecciones aprendidas.<\/li>\n\n\n\n<li><strong>Idiomas:<\/strong> Espa\u00f1ol, Catal\u00e1n, Ingl\u00e9s.<\/li>\n\n\n\n<li><strong>Env\u00edo:<\/strong> <a href=\"mailto:community.refugees.fs@ub.edu\">community.refugees.fs@ub.edu<\/a><br>Env\u00ede su correo con el asunto \u00abProyecto COMMUNITY &#8211; Buenas pr\u00e1cticas\u00bb.<\/li>\n<\/ul>\n<\/div>\n<\/div>\n\n\n\n<h3 class=\"wp-block-heading ticss-9daf58f0\">Beneficios<\/h3>\n\n\n\n<p>Las candidaturas seleccionadas se presentar\u00e1n en el seminario final, brindando a los contribuyentes la oportunidad de compartir su experiencia con una <strong>audiencia diversa interesada en la inclusi\u00f3n social de personas refugiadas mediante la actividad f\u00edsica<\/strong>.<\/p>\n\n\n\n<h3 class=\"wp-block-heading\">Detalles del Seminario Final<\/h3>\n\n\n\n<p>En el seminario final se presentar\u00e1n los <strong>resultados del proyecto<\/strong>, as\u00ed como los <strong>desaf\u00edos y metas futuras<\/strong>. Se llevar\u00e1 a cabo una ceremonia de <strong>entrega de diplomas<\/strong> y el equipo recopilar\u00e1 comentarios y contactos de organizaciones interesadas en la posible <strong>continuidad o replicaci\u00f3n del proyecto<\/strong>.<\/p>\n\n\n\n<p>Este evento servir\u00e1 como plataforma para <strong>compartir experiencias y conocimientos sobre la inclusi\u00f3n social<\/strong> de las personas refugiadas a trav\u00e9s de la actividad f\u00edsica y el deporte.<\/p>\n\n\n\n<div class=\"wp-block-columns alignwide is-layout-flex wp-container-core-columns-is-layout-28f84493 wp-block-columns-is-layout-flex\">\n<div class=\"wp-block-column is-layout-flow wp-block-column-is-layout-flow\">\n<p class=\"has-text-align-center cm-icons cm-text-secondary\"><i class=\"fas fa-user\"><\/i><\/p>\n\n\n\n<h4 class=\"wp-block-heading has-text-align-center\">\u00bfQui\u00e9n?<\/h4>\n\n\n\n<p class=\"has-text-align-center\">\u00a1Se anima especialmente a participar a <strong>profesionales del \u00e1mbito del refugio<\/strong>!<\/p>\n\n\n\n<p class=\"has-text-align-center\"><strong>Personal docente e investigador<\/strong>.<\/p>\n\n\n\n<p class=\"has-text-align-center\"><strong>Profesionales <\/strong>de la educaci\u00f3n, la pedagog\u00eda, el trabajo social, la psicolog\u00eda, la educaci\u00f3n f\u00edsica y el deporte.<\/p>\n<\/div>\n\n\n\n<div class=\"wp-block-column is-layout-flow wp-block-column-is-layout-flow\">\n<p class=\"has-text-align-center cm-icons cm-text-primary\"><i class=\"fas fa-calendar-check\"><\/i><\/p>\n\n\n\n<h4 class=\"wp-block-heading has-text-align-center\">\u00bfCu\u00e1ndo?<\/h4>\n\n\n\n<p class=\"has-text-align-center\"><strong>13 de diciembre de 2023<\/strong><\/p>\n<\/div>\n\n\n\n<div class=\"wp-block-column is-layout-flow wp-block-column-is-layout-flow\">\n<p class=\"has-text-align-center cm-icons cm-text-tertiary\"><i class=\"fas fa-location-dot\"><\/i><\/p>\n\n\n\n<h4 class=\"wp-block-heading has-text-align-center\">\u00bfD\u00f3nde?<\/h4>\n\n\n\n<p class=\"has-text-align-center\">Aula Ram\u00f3n y Cajal. Edificio Hist\u00f3rico de la Universidad de Barcelona.<\/p>\n\n\n\n<p class=\"has-text-align-center\">Gran Via de les Corts Catalanes, 585, 08007 Barcelona.<\/p>\n<\/div>\n<\/div>\n","protected":false},"excerpt":{"rendered":"<p>Seminario Final &#8216;COMMUNITY&#8217; Barcelona, 13 de diciembre de 2023 Inclusi\u00f3n Social de Personas Refugiadas mediante la Actividad F\u00edsica y el Deporte El proyecto \u2018COMMUNITY\u2019, liderado por la Universidad de Barcelona, se acerca a su culminaci\u00f3n. Como parte de la finalizaci\u00f3n del proyecto, estamos organizando un seminario de cierre para presentar [&hellip;]<\/p>\n","protected":false},"author":3,"featured_media":0,"parent":0,"menu_order":0,"comment_status":"closed","ping_status":"closed","template":"","meta":{"_themeisle_gutenberg_block_has_review":false,"footnotes":""},"class_list":["post-3034","page","type-page","status-publish","hentry"],"_links":{"self":[{"href":"https:\/\/www.ub.edu\/community\/es\/wp-json\/wp\/v2\/pages\/3034","targetHints":{"allow":["GET"]}}],"collection":[{"href":"https:\/\/www.ub.edu\/community\/es\/wp-json\/wp\/v2\/pages"}],"about":[{"href":"https:\/\/www.ub.edu\/community\/es\/wp-json\/wp\/v2\/types\/page"}],"author":[{"embeddable":true,"href":"https:\/\/www.ub.edu\/community\/es\/wp-json\/wp\/v2\/users\/3"}],"replies":[{"embeddable":true,"href":"https:\/\/www.ub.edu\/community\/es\/wp-json\/wp\/v2\/comments?post=3034"}],"version-history":[{"count":3,"href":"https:\/\/www.ub.edu\/community\/es\/wp-json\/wp\/v2\/pages\/3034\/revisions"}],"predecessor-version":[{"id":3042,"href":"https:\/\/www.ub.edu\/community\/es\/wp-json\/wp\/v2\/pages\/3034\/revisions\/3042"}],"wp:attachment":[{"href":"https:\/\/www.ub.edu\/community\/es\/wp-json\/wp\/v2\/media?parent=3034"}],"curies":[{"name":"wp","href":"https:\/\/api.w.org\/{rel}","templated":true}]}}