{"id":3089,"date":"2023-11-28T08:32:18","date_gmt":"2023-11-28T08:32:18","guid":{"rendered":"https:\/\/www.ub.edu\/community\/?page_id=3089"},"modified":"2023-12-21T09:47:27","modified_gmt":"2023-12-21T09:47:27","slug":"2-seminario","status":"publish","type":"page","link":"https:\/\/www.ub.edu\/community\/es\/2-seminario\/","title":{"rendered":"Seminario \u201cInclusi\u00f3n social de personas refugiadas mediante la actividad f\u00edsica y el deporte\u201d"},"content":{"rendered":"\n<h2 class=\"wp-block-heading\">Barcelona, 13 de diciembre de 2023<\/h2>\n\n\n\n<p>Os invitamos al seminario de clausura del <a href=\"https:\/\/www.ub.edu\/community\/es\/proyecto\/\" data-type=\"page\" data-id=\"1042\">proyecto COMMUNITY<\/a>, en el que se presentar\u00e1n los principales resultados, se abordar\u00e1n los <strong>retos actuales y futuros respecto a la inclusi\u00f3n social de las personas refugiadas<\/strong> y debatiremos sobre potenciales estrategias de aplicaci\u00f3n y sostenibilidad de la metodolog\u00eda sociodeportiva.<\/p>\n\n\n\n<p>El proyecto COMMUNITY, <strong>liderado por la Universidad de Barcelona<\/strong> y financiado por la Comisi\u00f3n Europea, es una iniciativa que ha abordado, en los \u00faltimos a\u00f1os, los obst\u00e1culos de la inclusi\u00f3n social de las personas en situaci\u00f3n de refugio y asilo desde la actividad f\u00edsica y el deporte colaborativo.<\/p>\n\n\n\n<p>Retos como el racismo, la discriminaci\u00f3n, la segregaci\u00f3n y la xenofobia, se han tratado desde una sucesi\u00f3n de Encuentros Sociodeportivos, desde donde se han trabajado temas como el empoderamiento, la convivencia o la interculturalidad.<\/p>\n\n\n\n<p>El proyecto ha perseguido los siguientes objetivos:<\/p>\n\n\n\n<ol class=\"ticss-8d1282a8 wp-block-list\">\n<li><strong>Mejorar el conocimiento y comprensi\u00f3n mutua<\/strong> entre las personas refugiadas y las comunidades de acogida.<\/li>\n\n\n\n<li><strong>Abordar cuestiones como el empoderamiento, la convivencia<\/strong>, la gesti\u00f3n positiva de conflictos, la participaci\u00f3n directa, el pensamiento cr\u00edtico, la interculturalidad y las relaciones intergeneracionales.<\/li>\n\n\n\n<li><strong>Facilitar el bienestar f\u00edsico y promover la participaci\u00f3n directa<\/strong> de las comunidades de acogida en enfoques innovadores para la integraci\u00f3n social de los refugiados mediante deportes y actividades f\u00edsicas.<\/li>\n<\/ol>\n\n\n\n<div class=\"wp-block-columns is-layout-flex wp-container-core-columns-is-layout-28f84493 wp-block-columns-is-layout-flex\">\n<div class=\"wp-block-column is-layout-flow wp-block-column-is-layout-flow\">\n<p class=\"has-text-align-center cm-icons cm-text-secondary\"><i class=\"fas fa-user\"><\/i><\/p>\n\n\n\n<h4 class=\"wp-block-heading has-text-align-center\">\u00bfQui\u00e9n?<\/h4>\n\n\n\n<p><span style=\"font-size: revert; color: initial;\"><strong>Personal docente e investigador<\/strong>.<\/span><\/p>\n\n\n\n<p><span style=\"font-size: revert; color: initial;\"><strong>Profesionales que trabajan con personas en situaci\u00f3n o riesgo de exclusi\u00f3n<\/strong> y, en particular, personas refugiadas y solicitantes de asilo.<\/span><\/p>\n\n\n\n<p><span style=\"font-size: revert; color: initial;\"><strong>Profesionales y estudiantes<\/strong> de educaci\u00f3n, pedagog\u00eda, trabajo y asistencia social, psicolog\u00eda, educaci\u00f3n f\u00edsica y deporte.<\/span><\/p>\n<\/div>\n\n\n\n<div class=\"wp-block-column is-layout-flow wp-block-column-is-layout-flow\">\n<p class=\"has-text-align-center cm-icons cm-text-primary\"><i class=\"fas fa-calendar-check\"><\/i><\/p>\n\n\n\n<h4 class=\"wp-block-heading has-text-align-center\">\u00bfCu\u00e1ndo?<\/h4>\n\n\n\n<p><strong>Mi\u00e9rcoles 13 de diciembre de 2023, de 9 a 14 horas<\/strong>.<\/p>\n\n\n\n<div style=\"height:25px\" aria-hidden=\"true\" class=\"wp-block-spacer\"><\/div>\n\n\n\n<p class=\"has-text-align-center cm-icons cm-text-primary\"><i class=\"fas fa-wifi\"><\/i><\/p>\n\n\n\n<h4 class=\"wp-block-heading has-text-align-center\">Modalidad<\/h4>\n\n\n\n<p><strong>Presencial o en l\u00ednea<\/strong>.<\/p>\n<\/div>\n\n\n\n<div class=\"wp-block-column is-layout-flow wp-block-column-is-layout-flow\">\n<p class=\"has-text-align-center cm-icons cm-text-tertiary\"><i class=\"fas fa-location-dot\"><\/i><\/p>\n\n\n\n<h4 class=\"wp-block-heading has-text-align-center\">\u00bfD\u00f3nde?<\/h4>\n\n\n\n<p><strong>Aula Ram\u00f3n y Cajal. Edificio hist\u00f3rico de la Universidad de Barcelona<\/strong>.<br>Gran Via de les Corts Catalanes, 585, 08007 Barcelona (metro L1 i L2 Universitat; tren Pla\u00e7a de Catalunya).<\/p>\n<\/div>\n<\/div>\n\n\n\n<div style=\"height:50px\" aria-hidden=\"true\" class=\"wp-block-spacer\"><\/div>\n\n\n\n<div class=\"wp-block-cover alignfull cm-fons-fosc\"><span aria-hidden=\"true\" class=\"wp-block-cover__background has-background-dim-70 has-background-dim wp-block-cover__gradient-background has-background-gradient\" style=\"background:linear-gradient(135deg,rgb(0,42,75) 0%,rgb(77,29,0) 100%)\"><\/span><img data-opt-id=1224987537  fetchpriority=\"high\" decoding=\"async\" width=\"2000\" height=\"1125\" class=\"wp-block-cover__image-background wp-image-1256\" alt=\"\" src=\"https:\/\/mlrs8jfvglcz.i.optimole.com\/cb:X94i.2946c\/w:auto\/h:auto\/q:mauto\/f:best\/https:\/\/www.ub.edu\/community\/wp-content\/uploads\/2023\/03\/22112019-GMG_0591_web.jpg\" data-object-fit=\"cover\" srcset=\"https:\/\/mlrs8jfvglcz.i.optimole.com\/cb:X94i.2946c\/w:1920\/h:1080\/q:mauto\/f:best\/https:\/\/www.ub.edu\/community\/wp-content\/uploads\/2023\/03\/22112019-GMG_0591_web.jpg 2000w, https:\/\/mlrs8jfvglcz.i.optimole.com\/cb:X94i.2946c\/w:300\/h:169\/q:mauto\/f:best\/https:\/\/www.ub.edu\/community\/wp-content\/uploads\/2023\/03\/22112019-GMG_0591_web.jpg 300w, https:\/\/mlrs8jfvglcz.i.optimole.com\/cb:X94i.2946c\/w:1024\/h:576\/q:mauto\/f:best\/https:\/\/www.ub.edu\/community\/wp-content\/uploads\/2023\/03\/22112019-GMG_0591_web.jpg 1024w, https:\/\/mlrs8jfvglcz.i.optimole.com\/cb:X94i.2946c\/w:768\/h:432\/q:mauto\/f:best\/https:\/\/www.ub.edu\/community\/wp-content\/uploads\/2023\/03\/22112019-GMG_0591_web.jpg 768w, https:\/\/mlrs8jfvglcz.i.optimole.com\/cb:X94i.2946c\/w:1536\/h:864\/q:mauto\/f:best\/https:\/\/www.ub.edu\/community\/wp-content\/uploads\/2023\/03\/22112019-GMG_0591_web.jpg 1536w\" sizes=\"(max-width: 750px) 100vw, 750px\" \/><div class=\"wp-block-cover__inner-container is-layout-constrained wp-block-cover-is-layout-constrained\">\n<div class=\"wp-block-buttons is-content-justification-center is-layout-flex wp-container-core-buttons-is-layout-a89b3969 wp-block-buttons-is-layout-flex\">\n<div class=\"wp-block-button\"><a class=\"wp-block-button__link has-text-align-center wp-element-button\" href=\"#destinatarios\"><i class=\"fas fa-user\"><\/i> Destinatarios<\/a><\/div>\n\n\n\n<div class=\"wp-block-button\"><a class=\"wp-block-button__link has-text-align-center wp-element-button\" href=\"#objectivos\"><i class=\"fas fa-bullseye\"><\/i> Objetivos<\/a><\/div>\n\n\n\n<div class=\"wp-block-button\"><a class=\"wp-block-button__link has-text-align-center wp-element-button\" href=\"#programa\"><i class=\"fas fa-clipboard-list\"><\/i> Programa<\/a><\/div>\n\n\n\n<div class=\"wp-block-button\"><a class=\"wp-block-button__link has-text-align-center wp-element-button\" href=\"#materiales\"><i class=\"fas fa-file-pdf\"><\/i> Materiales<\/a><\/div>\n\n\n\n<div class=\"wp-block-button\"><a class=\"wp-block-button__link has-text-align-center wp-element-button\" href=\"#prensa\"><i class=\"fas fa-newspaper\"><\/i> Clipping de prensa<\/a><\/div>\n\n\n\n<div class=\"wp-block-button cm-btn-cta\"><a class=\"wp-block-button__link has-text-align-center wp-element-button\" href=\"#inscripcion\"><i class=\"fas fa-pen-clip\"><\/i> \u00a1Inscr\u00edbete!<\/a><\/div>\n<\/div>\n<\/div><\/div>\n\n\n\n<div style=\"height:75px\" aria-hidden=\"true\" id=\"destinatarios\" class=\"wp-block-spacer\"><\/div>\n\n\n\n<h2 class=\"wp-block-heading\"><i class=\"fas fa-user\"><\/i> Destinatarios<\/h2>\n\n\n\n<p>Personal docente e investigador de universidades y centros educativos de toda Catalu\u00f1a.<\/p>\n\n\n\n<p>Profesionales que trabajan con personas en situaci\u00f3n o riesgo de exclusi\u00f3n.<\/p>\n\n\n\n<p>Profesionales de entidades que trabajan con personas refugiadas, solicitantes de asilo o en situaci\u00f3n asimilable: ONG, fundaciones, asociaciones, servicios sociales\u2026<\/p>\n\n\n\n<p>Profesionales y estudiantes del \u00e1mbito de la educaci\u00f3n, la pedagog\u00eda, el trabajo y la asistencia social, la psicolog\u00eda, la educaci\u00f3n f\u00edsica y el deporte.<\/p>\n\n\n\n<div style=\"height:75px\" aria-hidden=\"true\" id=\"objectivos\" class=\"wp-block-spacer\"><\/div>\n\n\n\n<h2 class=\"wp-block-heading\"><i class=\"fas fa-bullseye\"><\/i> Objetivos<\/h2>\n\n\n\n<p><strong>Presentar<\/strong>:<br>&#8211; Los principales resultados del proyecto COMMUNITY.<br>&#8211; Un conjunto de herramientas para que profesionales y entidades puedan dise\u00f1ar, implementar y evaluar Encuentros Sociodeportivos.<\/p>\n\n\n\n<p><strong>Intercambiar buenas pr\u00e1cticas<\/strong> entre organizaciones sociales, ONG y grupos comunitarios involucrados en iniciativas relacionadas con la inclusi\u00f3n social de refugiados mediante la actividad f\u00edsica.<\/p>\n\n\n\n<p><strong>Reflexionar y debatir<\/strong> sobre:<br>&#8211; El uso de la actividad f\u00edsica y el deporte como herramientas pedag\u00f3gicas de transformaci\u00f3n social respecto las personas refugiadas y solicitantes de asilo.<br>&#8211; Potenciales estrategias de aplicaci\u00f3n y sostenibilidad de la intervenci\u00f3n socioeducativa basada en la actividad f\u00edsica.<br>&#8211; Los retos actuales y futuros respecto a la inclusi\u00f3n social de personas refugiadas en las comunidades de acogida.<\/p>\n\n\n\n<div style=\"height:75px\" aria-hidden=\"true\" id=\"programa\" class=\"wp-block-spacer\"><\/div>\n\n\n\n<h2 class=\"wp-block-heading\"><i class=\"fas fa-clipboard-list\"><\/i> Programa<\/h2>\n\n\n\n<p>Mi\u00e9rcoles 13 de diciembre de 2023, de 9 a 14 horas.<\/p>\n\n\n\n<ul class=\"ticss-841d6fbb wp-block-list\">\n<li class=\"ticss-0d3dfe21\"><strong>9:00 h &#8211; \u00a1Empezamos!<\/strong><br><em>Registro de participantes.<\/em><\/li>\n\n\n\n<li><strong>9:30 h &#8211; Presentaci\u00f3n del seminario<br><\/strong><em>La Universidad de Barcelona, una universidad comprometida con la inclusi\u00f3n social.<\/em><\/li>\n\n\n\n<li><strong>10:00 h &#8211; Presentaci\u00f3n del proyecto<br><\/strong><em>\u00bfQu\u00e9 \u00e9s COMMUNITY?<\/em><br><strong>Francesc Busc\u00e0<\/strong>  |  Profesor Agregado del Departamento de Did\u00e1cticas Aplicadas de la Facultad de Educaci\u00f3n de la Universidad de Barcelona e Investigador Principal del proyecto COMMUNITY.<\/li>\n\n\n\n<li><strong>10:30 h &#8211; Actividades y metodolog\u00edas<br><\/strong><em>\u00bfQu\u00e9 son y c\u00f3mo han funcionado los Encuentros Sociodeportivos?<\/em><br><strong>Francesc Busc\u00e0<\/strong>  |  Profesor Agregado del Departamento de Did\u00e1cticas Aplicadas de la Facultad de Educaci\u00f3n de la Universidad de Barcelona e Investigador Principal del proyecto COMMUNITY.<br><strong>Laura Tom\u00e0s<\/strong>  |  Maestra de Educaci\u00f3n F\u00edsica, Educadora Social y Educadora de los Encuentros Sociodeportivos del proyecto COMMUNITY.<\/li>\n\n\n\n<li><strong>11:00 h &#8211; \u00a1Descansamos!<\/strong><br><em>Coffee break y Networking.<\/em><\/li>\n\n\n\n<li><strong>11:30 h &#8211; Di\u00e1logo. \u00bfQu\u00e9 piensan los participantes de los Encuentros Sociodeportivos?<\/strong><br><em>Conversamos con personas refugiadas, estudiantes y personas voluntarias que han participado en los Encuentros Sociodeportivos.<\/em><br>Moderadora  |  <strong>Laura Tom\u00e0s<\/strong><\/li>\n\n\n\n<li><strong>12:00 h &#8211; Mesa Redonda<\/strong><br><em>Diferentes entidades sociales que trabajan la inclusi\u00f3n social desde la actividad f\u00edsica comparten sus experiencias, buenas pr\u00e1cticas y potenciales aplicaciones de la metodolog\u00eda.<\/em><br><strong>La Rotllana<\/strong>  |  Asociaci\u00f3n sin \u00e1nimo de lucro que trabaja para ni\u00f1os y j\u00f3venes desde la educaci\u00f3n no formal. Desde la educaci\u00f3n en el ocio, la cultura, la cooperaci\u00f3n internacional, el deporte y la acci\u00f3n sociocomunitaria, trabajan para promover la igualdad y el respeto a la diversidad.<br><strong>Refugees Welcome<\/strong>  |  Organizaci\u00f3n sin \u00e1nimo de lucro con s\u00f3lida experiencia en el campo de la inclusi\u00f3n social. Trabajan para promover un cambio cultural y un nuevo modelo de acogida.<br><strong>Turno de palabra abierto al p\u00fablico<\/strong>  |  \u00a1Ven y participa!<\/li>\n\n\n\n<li><strong>13:00 h &#8211; \u00a1Terminamos!<\/strong><br><em>Recopilaci\u00f3n de conclusiones.<\/em><\/li>\n<\/ul>\n\n\n\n<div style=\"height:75px\" aria-hidden=\"true\" id=\"materiales\" class=\"wp-block-spacer\"><\/div>\n\n\n\n<h2 class=\"wp-block-heading\"><i class=\"fas fa-file-pdf\"><\/i> Materiales<\/h2>\n\n\n\n<ul class=\"ticss-150e677e wp-block-list\">\n<li><a href=\"https:\/\/www.ub.edu\/community\/wp-content\/uploads\/2023\/12\/final-seminar_presentation-community-project.pdf\" target=\"_blank\" rel=\"noreferrer noopener\">Diapositivas \u00abPresentaci\u00f3n del proyecto &#8216;COMMUNITY'\u00bb<\/a><\/li>\n\n\n\n<li><a href=\"https:\/\/www.ub.edu\/community\/wp-content\/uploads\/2023\/12\/final-seminar_results-community-project.pdf\" target=\"_blank\" rel=\"noreferrer noopener\">Diapositivas \u00abResultados del proyecto &#8216;COMMUNITY'\u00bb<\/a><\/li>\n<\/ul>\n\n\n\n<div style=\"height:75px\" aria-hidden=\"true\" id=\"prensa\" class=\"wp-block-spacer\"><\/div>\n\n\n\n<h2 class=\"wp-block-heading\"><i class=\"fas fa-newspaper\"><\/i> Clipping de prensa<\/h2>\n\n\n\n<ul class=\"ticss-2ffd1976 wp-block-list\">\n<li>19 de diciembre 2023 &#8211; Proyecto &#8216;COMMUNITY&#8217;<br><a href=\"https:\/\/www.ub.edu\/community\/es\/2023\/12\/19\/personas-de-40-paises-participan-en-el-proyecto-community-ub-que-promueve-la-inclusion-social-de-personas-refugiadas-a-traves-del-deporte\/\">Personas de 40 pa\u00edses participan en el proyecto \u2018COMMUNITY\u2019 UB que promueve la inclusi\u00f3n social de personas refugiadas a trav\u00e9s del deporte<\/a><\/li>\n\n\n\n<li>14 de diciembre 2023 &#8211; Fundaci\u00f3 Solidaritat UB<br><a href=\"https:\/\/www.solidaritat.ub.edu\/cronica-ub-refugi-2023\/\" target=\"_blank\" rel=\"noreferrer noopener\">La Universitat de Barcelona comparteix la seva experi\u00e8ncia en acollida i inclusi\u00f3 social de persones refugiades<\/a><\/li>\n\n\n\n<li>4 de diciembre 2023 &#8211; Proyecto &#8216;COMMUNITY&#8217;<br><a href=\"https:\/\/www.ub.edu\/community\/es\/2023\/12\/04\/la-ub-organiza-el-seminario-inclusion-social-de-personas-refugiadas-mediante-la-actividad-fisica-y-el-deporte\/\">La UB organiza el seminario \u00abInclusi\u00f3n social de personas refugiadas mediante la actividad f\u00edsica y el deporte\u00bb<\/a><\/li>\n\n\n\n<li>29 de noviembre 2023 &#8211; Fundaci\u00f3 Solidaritat UB<br><a href=\"https:\/\/www.solidaritat.ub.edu\/community-seminari-final\/\" target=\"_blank\" rel=\"noreferrer noopener\">El seminari final de COMMUNITY abordar\u00e0 els reptes en la inclusi\u00f3 social de les persones refugiades<\/a><\/li>\n\n\n\n<li>1 de diciembre 2023 &#8211; Qu\u00e8DeQu\u00e8<br><a href=\"https:\/\/quedeque.barcelona\/agenda\/inclusio-social-de-persones-refugiades-mitjancant-lactivitat-fisica-i-lesport\" target=\"_blank\" rel=\"noreferrer noopener\">Inclusi\u00f3 social de persones refugiades mitjan\u00e7ant l\u2019activitat f\u00edsica i l\u2019esport<\/a><\/li>\n\n\n\n<li>1 de diciembre 2023 &#8211; XarxaNet<br><a href=\"https:\/\/xarxanet.org\/agenda\/seminari-inclusio-social-de-persones-refugiades-mitjancant-lactivitat-fisica-i-lesport\" target=\"_blank\" rel=\"noreferrer noopener\">Seminari &#8216;Inclusi\u00f3 social de persones refugiades mitjan\u00e7ant l\u2019activitat f\u00edsica i l\u2019esport&#8217;<\/a><\/li>\n\n\n\n<li>1 de diciembre 2023 &#8211; Inter.com<br><a href=\"https:\/\/intercom.lafede.cat\/activitats\/inclusio-social-de-persones-refugiades-mitjancant-lactivitat-fisica-i-lesport\" target=\"_blank\" rel=\"noreferrer noopener\">Inclusi\u00f3 social de persones refugiades mitjan\u00e7ant l\u2019activitat f\u00edsica i l\u2019esport<\/a><\/li>\n\n\n\n<li>1 de diciembre 2023 &#8211; Institut de Desenvolupament Professional de la Universitat de Barcelona<br><a href=\"https:\/\/www.ub.edu\/idp\/web\/ca\/noticies\/el-seminari-final-de-community-abordara-els-reptes-en-la-inclusio-social-de-les-persones\" target=\"_blank\" rel=\"noreferrer noopener\">El seminari final de COMMUNITY abordar\u00e0 els reptes en la inclusi\u00f3 social de les persones refugiades<\/a><\/li>\n<\/ul>\n\n\n\n<div style=\"height:75px\" aria-hidden=\"true\" id=\"inscripcion\" class=\"wp-block-spacer\"><\/div>\n\n\n\n<h2 class=\"wp-block-heading\"><i class=\"fas fa-pen-clip\"><\/i> \u00a1Inscr\u00edbete!<\/h2>\n\n\n\n<p>Este evento tuvo lugar el 13 de diciembre de 2023, por lo que ya no es posible la inscripci\u00f3n.<\/p>\n","protected":false},"excerpt":{"rendered":"<p>Barcelona, 13 de diciembre de 2023 Os invitamos al seminario de clausura del proyecto COMMUNITY, en el que se presentar\u00e1n los principales resultados, se abordar\u00e1n los retos actuales y futuros respecto a la inclusi\u00f3n social de las personas refugiadas y debatiremos sobre potenciales estrategias de aplicaci\u00f3n y sostenibilidad de la [&hellip;]<\/p>\n","protected":false},"author":3,"featured_media":0,"parent":0,"menu_order":0,"comment_status":"closed","ping_status":"closed","template":"","meta":{"_themeisle_gutenberg_block_has_review":false,"footnotes":""},"class_list":["post-3089","page","type-page","status-publish","hentry"],"_links":{"self":[{"href":"https:\/\/www.ub.edu\/community\/es\/wp-json\/wp\/v2\/pages\/3089","targetHints":{"allow":["GET"]}}],"collection":[{"href":"https:\/\/www.ub.edu\/community\/es\/wp-json\/wp\/v2\/pages"}],"about":[{"href":"https:\/\/www.ub.edu\/community\/es\/wp-json\/wp\/v2\/types\/page"}],"author":[{"embeddable":true,"href":"https:\/\/www.ub.edu\/community\/es\/wp-json\/wp\/v2\/users\/3"}],"replies":[{"embeddable":true,"href":"https:\/\/www.ub.edu\/community\/es\/wp-json\/wp\/v2\/comments?post=3089"}],"version-history":[{"count":25,"href":"https:\/\/www.ub.edu\/community\/es\/wp-json\/wp\/v2\/pages\/3089\/revisions"}],"predecessor-version":[{"id":3513,"href":"https:\/\/www.ub.edu\/community\/es\/wp-json\/wp\/v2\/pages\/3089\/revisions\/3513"}],"wp:attachment":[{"href":"https:\/\/www.ub.edu\/community\/es\/wp-json\/wp\/v2\/media?parent=3089"}],"curies":[{"name":"wp","href":"https:\/\/api.w.org\/{rel}","templated":true}]}}