{"id":3305,"date":"2023-03-23T14:01:23","date_gmt":"2023-03-23T14:01:23","guid":{"rendered":"https:\/\/www.ub.edu\/community\/?page_id=3305"},"modified":"2024-02-26T15:39:27","modified_gmt":"2024-02-26T15:39:27","slug":"team","status":"publish","type":"page","link":"https:\/\/www.ub.edu\/community\/team\/","title":{"rendered":"Project team"},"content":{"rendered":"\n<p><strong>Behind every project, there is a team of people<\/strong>. We are the people who work on the \u2018COMMUNITY&#8217; project of the University of Barcelona. We are committed to the objective of promoting the social inclusion of refugees in Barcelona and improving their physical and psychological well-being:<\/p>\n\n\n\n<div style=\"height:25px\" aria-hidden=\"true\" class=\"wp-block-spacer\"><\/div>\n\n\n\n<div class=\"wp-block-columns is-layout-flex wp-container-core-columns-is-layout-28f84493 wp-block-columns-is-layout-flex\">\n<div class=\"wp-block-column is-layout-flow wp-block-column-is-layout-flow\" style=\"flex-basis:33.33%\"><div class=\"wp-block-image is-style-rounded\">\n<figure class=\"aligncenter size-medium\"><img data-opt-id=60570670  fetchpriority=\"high\" decoding=\"async\" width=\"300\" height=\"300\" src=\"https:\/\/mlrs8jfvglcz.i.optimole.com\/cb:X94i.2946c\/w:300\/h:300\/q:mauto\/f:best\/https:\/\/www.ub.edu\/community\/wp-content\/uploads\/2023\/03\/francesc-busca_web.jpg\" alt=\"Francesc Busc\u00e0 Donet\" class=\"wp-image-1185\" srcset=\"https:\/\/mlrs8jfvglcz.i.optimole.com\/cb:X94i.2946c\/w:300\/h:300\/q:mauto\/f:best\/https:\/\/www.ub.edu\/community\/wp-content\/uploads\/2023\/03\/francesc-busca_web.jpg 300w, https:\/\/mlrs8jfvglcz.i.optimole.com\/cb:X94i.2946c\/w:150\/h:150\/q:mauto\/f:best\/https:\/\/www.ub.edu\/community\/wp-content\/uploads\/2023\/03\/francesc-busca_web.jpg 150w, https:\/\/mlrs8jfvglcz.i.optimole.com\/cb:X94i.2946c\/w:500\/h:500\/q:mauto\/f:best\/https:\/\/www.ub.edu\/community\/wp-content\/uploads\/2023\/03\/francesc-busca_web.jpg 500w\" sizes=\"(max-width: 300px) 100vw, 300px\" \/><\/figure>\n<\/div><\/div>\n\n\n\n<div class=\"wp-block-column is-layout-flow wp-block-column-is-layout-flow\" style=\"flex-basis:66.66%\">\n<h2 class=\"wp-block-heading\"><strong>Francesc Busc\u00e0 Donet<\/strong><\/h2>\n\n\n\n<p>Project director.<\/p>\n\n\n\n<p>Associate Professor of the Department of Applied Didactics of the Faculty of Education of the University of Barcelona. Member of the consolidated Social and Educational Research Group on Physical Activity and Sports (GISEAFE &#8211; Code: 2021 SGR 01189).<\/p>\n<\/div>\n<\/div>\n\n\n\n<div style=\"height:25px\" aria-hidden=\"true\" class=\"wp-block-spacer\"><\/div>\n\n\n\n<div class=\"wp-block-columns is-layout-flex wp-container-core-columns-is-layout-28f84493 wp-block-columns-is-layout-flex\">\n<div class=\"wp-block-column is-layout-flow wp-block-column-is-layout-flow\" style=\"flex-basis:33.33%\"><div class=\"wp-block-image is-style-rounded\">\n<figure class=\"aligncenter size-medium\"><img data-opt-id=822750870  fetchpriority=\"high\" decoding=\"async\" width=\"300\" height=\"300\" src=\"https:\/\/mlrs8jfvglcz.i.optimole.com\/cb:X94i.2946c\/w:300\/h:300\/q:mauto\/f:best\/https:\/\/www.ub.edu\/community\/wp-content\/uploads\/2023\/03\/teresa-lleixa_web.jpg\" alt=\"Teresa Lleix\u00e0 Arribas\" class=\"wp-image-1190\" srcset=\"https:\/\/mlrs8jfvglcz.i.optimole.com\/cb:X94i.2946c\/w:300\/h:300\/q:mauto\/f:best\/https:\/\/www.ub.edu\/community\/wp-content\/uploads\/2023\/03\/teresa-lleixa_web.jpg 300w, https:\/\/mlrs8jfvglcz.i.optimole.com\/cb:X94i.2946c\/w:150\/h:150\/q:mauto\/f:best\/https:\/\/www.ub.edu\/community\/wp-content\/uploads\/2023\/03\/teresa-lleixa_web.jpg 150w, https:\/\/mlrs8jfvglcz.i.optimole.com\/cb:X94i.2946c\/w:500\/h:500\/q:mauto\/f:best\/https:\/\/www.ub.edu\/community\/wp-content\/uploads\/2023\/03\/teresa-lleixa_web.jpg 500w\" sizes=\"(max-width: 300px) 100vw, 300px\" \/><\/figure>\n<\/div><\/div>\n\n\n\n<div class=\"wp-block-column is-layout-flow wp-block-column-is-layout-flow\" style=\"flex-basis:66.66%\">\n<h2 class=\"wp-block-heading\"><strong>Teresa Lleix\u00e0 Arribas<\/strong><\/h2>\n\n\n\n<p>Member of the project research team.<\/p>\n\n\n\n<p>University Professor of the Department of Applied Didactics of the Faculty of Education of the University of Barcelona. Member of the consolidated Social and Educational Research Group on Physical Activity and Sports (GISEAFE &#8211; Code: 2021 SGR 01189).<\/p>\n<\/div>\n<\/div>\n\n\n\n<div style=\"height:25px\" aria-hidden=\"true\" class=\"wp-block-spacer\"><\/div>\n\n\n\n<div class=\"wp-block-columns is-layout-flex wp-container-core-columns-is-layout-28f84493 wp-block-columns-is-layout-flex\">\n<div class=\"wp-block-column is-layout-flow wp-block-column-is-layout-flow\" style=\"flex-basis:33.33%\"><div class=\"wp-block-image is-style-rounded\">\n<figure class=\"aligncenter size-medium\"><img data-opt-id=962599159  fetchpriority=\"high\" decoding=\"async\" width=\"300\" height=\"300\" src=\"https:\/\/mlrs8jfvglcz.i.optimole.com\/cb:X94i.2946c\/w:300\/h:300\/q:mauto\/f:best\/https:\/\/www.ub.edu\/community\/wp-content\/uploads\/2023\/03\/marcelo-braz-vieira_web.jpg\" alt=\"Marcelo Braz Vieira\" class=\"wp-image-1193\" srcset=\"https:\/\/mlrs8jfvglcz.i.optimole.com\/cb:X94i.2946c\/w:300\/h:300\/q:mauto\/f:best\/https:\/\/www.ub.edu\/community\/wp-content\/uploads\/2023\/03\/marcelo-braz-vieira_web.jpg 300w, https:\/\/mlrs8jfvglcz.i.optimole.com\/cb:X94i.2946c\/w:150\/h:150\/q:mauto\/f:best\/https:\/\/www.ub.edu\/community\/wp-content\/uploads\/2023\/03\/marcelo-braz-vieira_web.jpg 150w, https:\/\/mlrs8jfvglcz.i.optimole.com\/cb:X94i.2946c\/w:500\/h:500\/q:mauto\/f:best\/https:\/\/www.ub.edu\/community\/wp-content\/uploads\/2023\/03\/marcelo-braz-vieira_web.jpg 500w\" sizes=\"(max-width: 300px) 100vw, 300px\" \/><\/figure>\n<\/div><\/div>\n\n\n\n<div class=\"wp-block-column is-layout-flow wp-block-column-is-layout-flow\" style=\"flex-basis:66.66%\">\n<h2 class=\"wp-block-heading\"><strong>Marcelo Braz Vieira<\/strong><\/h2>\n\n\n\n<p>Member of the project research team.<\/p>\n\n\n\n<p>Lecturer at the Department of Applied Didactics of the Faculty of Education of the University of Barcelona. Member of the consolidated Social and Educational Research Group on Physical Activity and Sports (GISEAFE &#8211; Code: 2021 SGR 01189). Principal researcher of the GID-MAEF Teaching Innovation Group on Active Methodologies for Teacher Training in Physical Education.<\/p>\n<\/div>\n<\/div>\n\n\n\n<div style=\"height:25px\" aria-hidden=\"true\" class=\"wp-block-spacer\"><\/div>\n\n\n\n<div class=\"wp-block-columns is-layout-flex wp-container-core-columns-is-layout-28f84493 wp-block-columns-is-layout-flex\">\n<div class=\"wp-block-column is-layout-flow wp-block-column-is-layout-flow\" style=\"flex-basis:33.33%\"><div class=\"wp-block-image is-style-rounded\">\n<figure class=\"aligncenter size-medium\"><img data-opt-id=680445695  data-opt-src=\"https:\/\/mlrs8jfvglcz.i.optimole.com\/cb:X94i.2946c\/w:300\/h:300\/q:mauto\/f:best\/https:\/\/www.ub.edu\/community\/wp-content\/uploads\/2023\/03\/nuria-carrete-marin_web.jpg\"  decoding=\"async\" width=\"300\" height=\"300\" src=\"https:\/\/mlrs8jfvglcz.i.optimole.com\/cb:X94i.2946c\/w:300\/h:300\/q:eco\/f:best\/https:\/\/www.ub.edu\/community\/wp-content\/uploads\/2023\/03\/nuria-carrete-marin_web.jpg\" alt=\"N\u00faria Carrete-Mar\u00edn\" class=\"wp-image-1196\" old-srcset=\"https:\/\/mlrs8jfvglcz.i.optimole.com\/cb:X94i.2946c\/w:300\/h:300\/q:mauto\/f:best\/https:\/\/www.ub.edu\/community\/wp-content\/uploads\/2023\/03\/nuria-carrete-marin_web.jpg 300w, https:\/\/mlrs8jfvglcz.i.optimole.com\/cb:X94i.2946c\/w:150\/h:150\/q:mauto\/f:best\/https:\/\/www.ub.edu\/community\/wp-content\/uploads\/2023\/03\/nuria-carrete-marin_web.jpg 150w, https:\/\/mlrs8jfvglcz.i.optimole.com\/cb:X94i.2946c\/w:500\/h:500\/q:mauto\/f:best\/https:\/\/www.ub.edu\/community\/wp-content\/uploads\/2023\/03\/nuria-carrete-marin_web.jpg 500w\" \/><noscript><img data-opt-id=680445695  decoding=\"async\" width=\"300\" height=\"300\" src=\"https:\/\/mlrs8jfvglcz.i.optimole.com\/cb:X94i.2946c\/w:300\/h:300\/q:mauto\/f:best\/https:\/\/www.ub.edu\/community\/wp-content\/uploads\/2023\/03\/nuria-carrete-marin_web.jpg\" alt=\"N\u00faria Carrete-Mar\u00edn\" class=\"wp-image-1196\" srcset=\"https:\/\/mlrs8jfvglcz.i.optimole.com\/cb:X94i.2946c\/w:300\/h:300\/q:mauto\/f:best\/https:\/\/www.ub.edu\/community\/wp-content\/uploads\/2023\/03\/nuria-carrete-marin_web.jpg 300w, https:\/\/mlrs8jfvglcz.i.optimole.com\/cb:X94i.2946c\/w:150\/h:150\/q:mauto\/f:best\/https:\/\/www.ub.edu\/community\/wp-content\/uploads\/2023\/03\/nuria-carrete-marin_web.jpg 150w, https:\/\/mlrs8jfvglcz.i.optimole.com\/cb:X94i.2946c\/w:500\/h:500\/q:mauto\/f:best\/https:\/\/www.ub.edu\/community\/wp-content\/uploads\/2023\/03\/nuria-carrete-marin_web.jpg 500w\" sizes=\"(max-width: 300px) 100vw, 300px\" \/></noscript><\/figure>\n<\/div><\/div>\n\n\n\n<div class=\"wp-block-column is-layout-flow wp-block-column-is-layout-flow\" style=\"flex-basis:66.66%\">\n<h2 class=\"wp-block-heading\"><strong>N\u00faria Carrete-Mar\u00edn<\/strong><\/h2>\n\n\n\n<p>Member of the project research team.<\/p>\n\n\n\n<p>Researcher at the Faculty of Education, Translation, Sports and Psychology of the UVic-UCC.<\/p>\n\n\n\n<p>Member of the consolidated research group in Educational Research at the UVic-UCC.<\/p>\n<\/div>\n<\/div>\n\n\n\n<div style=\"height:35px\" aria-hidden=\"true\" class=\"wp-block-spacer\"><\/div>\n\n\n\n<div class=\"wp-block-columns is-layout-flex wp-container-core-columns-is-layout-28f84493 wp-block-columns-is-layout-flex\">\n<div class=\"wp-block-column is-layout-flow wp-block-column-is-layout-flow\" style=\"flex-basis:33.33%\"><div class=\"wp-block-image is-style-rounded\">\n<figure class=\"aligncenter size-medium\"><img data-opt-id=1364072121  data-opt-src=\"https:\/\/mlrs8jfvglcz.i.optimole.com\/cb:X94i.2946c\/w:300\/h:300\/q:mauto\/f:best\/https:\/\/www.ub.edu\/community\/wp-content\/uploads\/2023\/03\/merche-rios_web.jpg\"  decoding=\"async\" width=\"300\" height=\"300\" src=\"https:\/\/mlrs8jfvglcz.i.optimole.com\/cb:X94i.2946c\/w:300\/h:300\/q:eco\/f:best\/https:\/\/www.ub.edu\/community\/wp-content\/uploads\/2023\/03\/merche-rios_web.jpg\" alt=\"Merche R\u00edos Hern\u00e1ndez\" class=\"wp-image-1199\" old-srcset=\"https:\/\/mlrs8jfvglcz.i.optimole.com\/cb:X94i.2946c\/w:300\/h:300\/q:mauto\/f:best\/https:\/\/www.ub.edu\/community\/wp-content\/uploads\/2023\/03\/merche-rios_web.jpg 300w, https:\/\/mlrs8jfvglcz.i.optimole.com\/cb:X94i.2946c\/w:150\/h:150\/q:mauto\/f:best\/https:\/\/www.ub.edu\/community\/wp-content\/uploads\/2023\/03\/merche-rios_web.jpg 150w, https:\/\/mlrs8jfvglcz.i.optimole.com\/cb:X94i.2946c\/w:500\/h:500\/q:mauto\/f:best\/https:\/\/www.ub.edu\/community\/wp-content\/uploads\/2023\/03\/merche-rios_web.jpg 500w\" \/><noscript><img data-opt-id=1364072121  decoding=\"async\" width=\"300\" height=\"300\" src=\"https:\/\/mlrs8jfvglcz.i.optimole.com\/cb:X94i.2946c\/w:300\/h:300\/q:mauto\/f:best\/https:\/\/www.ub.edu\/community\/wp-content\/uploads\/2023\/03\/merche-rios_web.jpg\" alt=\"Merche R\u00edos Hern\u00e1ndez\" class=\"wp-image-1199\" srcset=\"https:\/\/mlrs8jfvglcz.i.optimole.com\/cb:X94i.2946c\/w:300\/h:300\/q:mauto\/f:best\/https:\/\/www.ub.edu\/community\/wp-content\/uploads\/2023\/03\/merche-rios_web.jpg 300w, https:\/\/mlrs8jfvglcz.i.optimole.com\/cb:X94i.2946c\/w:150\/h:150\/q:mauto\/f:best\/https:\/\/www.ub.edu\/community\/wp-content\/uploads\/2023\/03\/merche-rios_web.jpg 150w, https:\/\/mlrs8jfvglcz.i.optimole.com\/cb:X94i.2946c\/w:500\/h:500\/q:mauto\/f:best\/https:\/\/www.ub.edu\/community\/wp-content\/uploads\/2023\/03\/merche-rios_web.jpg 500w\" sizes=\"(max-width: 300px) 100vw, 300px\" \/></noscript><\/figure>\n<\/div><\/div>\n\n\n\n<div class=\"wp-block-column is-layout-flow wp-block-column-is-layout-flow\" style=\"flex-basis:66.66%\">\n<h2 class=\"wp-block-heading\"><strong>Merche R\u00edos Hern\u00e1ndez<\/strong><\/h2>\n\n\n\n<p>Expert, external advisor and creator of the project\u2019s Socio-Sports Meetings.<\/p>\n\n\n\n<p>She is a former professor at the Department of Applied Didactics and coordinator of the Socio-Sports Meetings at the University of Barcelona.<\/p>\n<\/div>\n<\/div>\n\n\n\n<div style=\"height:35px\" aria-hidden=\"true\" class=\"wp-block-spacer\"><\/div>\n\n\n\n<div class=\"wp-block-columns is-layout-flex wp-container-core-columns-is-layout-28f84493 wp-block-columns-is-layout-flex\">\n<div class=\"wp-block-column is-layout-flow wp-block-column-is-layout-flow\" style=\"flex-basis:33.33%\"><div class=\"wp-block-image is-style-rounded\">\n<figure class=\"aligncenter size-medium\"><img data-opt-id=735783276  data-opt-src=\"https:\/\/mlrs8jfvglcz.i.optimole.com\/cb:X94i.2946c\/w:300\/h:300\/q:mauto\/f:best\/https:\/\/www.ub.edu\/community\/wp-content\/uploads\/2024\/02\/carme-panchon-1.jpg\"  decoding=\"async\" width=\"300\" height=\"300\" src=\"https:\/\/mlrs8jfvglcz.i.optimole.com\/cb:X94i.2946c\/w:300\/h:300\/q:eco\/f:best\/https:\/\/www.ub.edu\/community\/wp-content\/uploads\/2024\/02\/carme-panchon-1.jpg\" alt=\"\" class=\"wp-image-3632\" old-srcset=\"https:\/\/mlrs8jfvglcz.i.optimole.com\/cb:X94i.2946c\/w:300\/h:300\/q:mauto\/f:best\/https:\/\/www.ub.edu\/community\/wp-content\/uploads\/2024\/02\/carme-panchon-1.jpg 300w, https:\/\/mlrs8jfvglcz.i.optimole.com\/cb:X94i.2946c\/w:150\/h:150\/q:mauto\/f:best\/https:\/\/www.ub.edu\/community\/wp-content\/uploads\/2024\/02\/carme-panchon-1.jpg 150w, https:\/\/mlrs8jfvglcz.i.optimole.com\/cb:X94i.2946c\/w:500\/h:500\/q:mauto\/f:best\/https:\/\/www.ub.edu\/community\/wp-content\/uploads\/2024\/02\/carme-panchon-1.jpg 500w\" \/><noscript><img data-opt-id=735783276  decoding=\"async\" width=\"300\" height=\"300\" src=\"https:\/\/mlrs8jfvglcz.i.optimole.com\/cb:X94i.2946c\/w:300\/h:300\/q:mauto\/f:best\/https:\/\/www.ub.edu\/community\/wp-content\/uploads\/2024\/02\/carme-panchon-1.jpg\" alt=\"\" class=\"wp-image-3632\" srcset=\"https:\/\/mlrs8jfvglcz.i.optimole.com\/cb:X94i.2946c\/w:300\/h:300\/q:mauto\/f:best\/https:\/\/www.ub.edu\/community\/wp-content\/uploads\/2024\/02\/carme-panchon-1.jpg 300w, https:\/\/mlrs8jfvglcz.i.optimole.com\/cb:X94i.2946c\/w:150\/h:150\/q:mauto\/f:best\/https:\/\/www.ub.edu\/community\/wp-content\/uploads\/2024\/02\/carme-panchon-1.jpg 150w, https:\/\/mlrs8jfvglcz.i.optimole.com\/cb:X94i.2946c\/w:500\/h:500\/q:mauto\/f:best\/https:\/\/www.ub.edu\/community\/wp-content\/uploads\/2024\/02\/carme-panchon-1.jpg 500w\" sizes=\"(max-width: 300px) 100vw, 300px\" \/></noscript><\/figure>\n<\/div><\/div>\n\n\n\n<div class=\"wp-block-column is-layout-flow wp-block-column-is-layout-flow\" style=\"flex-basis:66.66%\">\n<h2 class=\"wp-block-heading\"><strong>Carme Panch\u00f3n Iglesias<\/strong><\/h2>\n\n\n\n<p>External advisor of the project.<\/p>\n\n\n\n<p>Member of the Department of Research and Diagnostic Methods in Education of the UB. UB director of the European project &#8220;Refugees education support in MENA countries-RESCUE&#8221; (2016-2019). Coordinator of the research group GIA (Childhood and Adolescence Group) of the Institute for Professional Development &#8211; ICE, UB. <\/p>\n<\/div>\n<\/div>\n\n\n\n<div style=\"height:35px\" aria-hidden=\"true\" class=\"wp-block-spacer\"><\/div>\n\n\n\n<div class=\"wp-block-columns is-layout-flex wp-container-core-columns-is-layout-28f84493 wp-block-columns-is-layout-flex\">\n<div class=\"wp-block-column is-layout-flow wp-block-column-is-layout-flow\" style=\"flex-basis:33.33%\"><div class=\"wp-block-image is-style-rounded\">\n<figure class=\"aligncenter size-medium\"><img data-opt-id=1790042800  data-opt-src=\"https:\/\/mlrs8jfvglcz.i.optimole.com\/cb:X94i.2946c\/w:300\/h:300\/q:mauto\/f:best\/https:\/\/www.ub.edu\/community\/wp-content\/uploads\/2023\/03\/cati-jerez_web.jpg\"  decoding=\"async\" width=\"300\" height=\"300\" src=\"https:\/\/mlrs8jfvglcz.i.optimole.com\/cb:X94i.2946c\/w:300\/h:300\/q:eco\/f:best\/https:\/\/www.ub.edu\/community\/wp-content\/uploads\/2023\/03\/cati-jerez_web.jpg\" alt=\"Cati Jerez Paredero\" class=\"wp-image-1202\" old-srcset=\"https:\/\/mlrs8jfvglcz.i.optimole.com\/cb:X94i.2946c\/w:300\/h:300\/q:mauto\/f:best\/https:\/\/www.ub.edu\/community\/wp-content\/uploads\/2023\/03\/cati-jerez_web.jpg 300w, https:\/\/mlrs8jfvglcz.i.optimole.com\/cb:X94i.2946c\/w:150\/h:150\/q:mauto\/f:best\/https:\/\/www.ub.edu\/community\/wp-content\/uploads\/2023\/03\/cati-jerez_web.jpg 150w, https:\/\/mlrs8jfvglcz.i.optimole.com\/cb:X94i.2946c\/w:500\/h:500\/q:mauto\/f:best\/https:\/\/www.ub.edu\/community\/wp-content\/uploads\/2023\/03\/cati-jerez_web.jpg 500w\" \/><noscript><img data-opt-id=1790042800  decoding=\"async\" width=\"300\" height=\"300\" src=\"https:\/\/mlrs8jfvglcz.i.optimole.com\/cb:X94i.2946c\/w:300\/h:300\/q:mauto\/f:best\/https:\/\/www.ub.edu\/community\/wp-content\/uploads\/2023\/03\/cati-jerez_web.jpg\" alt=\"Cati Jerez Paredero\" class=\"wp-image-1202\" srcset=\"https:\/\/mlrs8jfvglcz.i.optimole.com\/cb:X94i.2946c\/w:300\/h:300\/q:mauto\/f:best\/https:\/\/www.ub.edu\/community\/wp-content\/uploads\/2023\/03\/cati-jerez_web.jpg 300w, https:\/\/mlrs8jfvglcz.i.optimole.com\/cb:X94i.2946c\/w:150\/h:150\/q:mauto\/f:best\/https:\/\/www.ub.edu\/community\/wp-content\/uploads\/2023\/03\/cati-jerez_web.jpg 150w, https:\/\/mlrs8jfvglcz.i.optimole.com\/cb:X94i.2946c\/w:500\/h:500\/q:mauto\/f:best\/https:\/\/www.ub.edu\/community\/wp-content\/uploads\/2023\/03\/cati-jerez_web.jpg 500w\" sizes=\"(max-width: 300px) 100vw, 300px\" \/></noscript><\/figure>\n<\/div><\/div>\n\n\n\n<div class=\"wp-block-column is-layout-flow wp-block-column-is-layout-flow\" style=\"flex-basis:66.66%\">\n<h2 class=\"wp-block-heading\"><strong>Cati Jerez Paredero<\/strong><\/h2>\n\n\n\n<p>Collaborator working on the project.<\/p>\n\n\n\n<p>Coordinator of the Support Programme for refugees and people from conflict zones of the University of Barcelona, coordinated by Fundaci\u00f3 Solidaritat UB.<\/p>\n<\/div>\n<\/div>\n\n\n\n<div style=\"height:35px\" aria-hidden=\"true\" class=\"wp-block-spacer\"><\/div>\n\n\n\n<div class=\"wp-block-columns is-layout-flex wp-container-core-columns-is-layout-28f84493 wp-block-columns-is-layout-flex\">\n<div class=\"wp-block-column is-layout-flow wp-block-column-is-layout-flow\" style=\"flex-basis:33.33%\"><div class=\"wp-block-image is-style-rounded\">\n<figure class=\"aligncenter size-medium\"><img data-opt-id=1099357646  data-opt-src=\"https:\/\/mlrs8jfvglcz.i.optimole.com\/cb:X94i.2946c\/w:300\/h:300\/q:mauto\/f:best\/https:\/\/www.ub.edu\/community\/wp-content\/uploads\/2023\/03\/laura-tomas-canalis_web.jpg\"  decoding=\"async\" width=\"300\" height=\"300\" src=\"https:\/\/mlrs8jfvglcz.i.optimole.com\/cb:X94i.2946c\/w:300\/h:300\/q:eco\/f:best\/https:\/\/www.ub.edu\/community\/wp-content\/uploads\/2023\/03\/laura-tomas-canalis_web.jpg\" alt=\"Laura Tom\u00e0s Canal\u00eds\" class=\"wp-image-1205\" old-srcset=\"https:\/\/mlrs8jfvglcz.i.optimole.com\/cb:X94i.2946c\/w:300\/h:300\/q:mauto\/f:best\/https:\/\/www.ub.edu\/community\/wp-content\/uploads\/2023\/03\/laura-tomas-canalis_web.jpg 300w, https:\/\/mlrs8jfvglcz.i.optimole.com\/cb:X94i.2946c\/w:150\/h:150\/q:mauto\/f:best\/https:\/\/www.ub.edu\/community\/wp-content\/uploads\/2023\/03\/laura-tomas-canalis_web.jpg 150w, https:\/\/mlrs8jfvglcz.i.optimole.com\/cb:X94i.2946c\/w:500\/h:500\/q:mauto\/f:best\/https:\/\/www.ub.edu\/community\/wp-content\/uploads\/2023\/03\/laura-tomas-canalis_web.jpg 500w\" \/><noscript><img data-opt-id=1099357646  decoding=\"async\" width=\"300\" height=\"300\" src=\"https:\/\/mlrs8jfvglcz.i.optimole.com\/cb:X94i.2946c\/w:300\/h:300\/q:mauto\/f:best\/https:\/\/www.ub.edu\/community\/wp-content\/uploads\/2023\/03\/laura-tomas-canalis_web.jpg\" alt=\"Laura Tom\u00e0s Canal\u00eds\" class=\"wp-image-1205\" srcset=\"https:\/\/mlrs8jfvglcz.i.optimole.com\/cb:X94i.2946c\/w:300\/h:300\/q:mauto\/f:best\/https:\/\/www.ub.edu\/community\/wp-content\/uploads\/2023\/03\/laura-tomas-canalis_web.jpg 300w, https:\/\/mlrs8jfvglcz.i.optimole.com\/cb:X94i.2946c\/w:150\/h:150\/q:mauto\/f:best\/https:\/\/www.ub.edu\/community\/wp-content\/uploads\/2023\/03\/laura-tomas-canalis_web.jpg 150w, https:\/\/mlrs8jfvglcz.i.optimole.com\/cb:X94i.2946c\/w:500\/h:500\/q:mauto\/f:best\/https:\/\/www.ub.edu\/community\/wp-content\/uploads\/2023\/03\/laura-tomas-canalis_web.jpg 500w\" sizes=\"(max-width: 300px) 100vw, 300px\" \/></noscript><\/figure>\n<\/div><\/div>\n\n\n\n<div class=\"wp-block-column is-layout-flow wp-block-column-is-layout-flow\" style=\"flex-basis:66.66%\">\n<h2 class=\"wp-block-heading\"><strong>Laura Tom\u00e0s Canal\u00eds<\/strong><\/h2>\n\n\n\n<p>Education professional of the project\u2019s Socio-Sports Meetings.<\/p>\n\n\n\n<p>Physical education teacher and social educator. For years she has combined her work as a physical education teacher at the Escuela Decroly in Barcelona with the implementation of socio-sports meetings between university students and groups at risk of social exclusion. She is a member of the IDP-ICE study group \u201cPhysical Education and the inclusion of students with disabilities\u201d of the University of Barcelona.<\/p>\n<\/div>\n<\/div>\n\n\n\n<div style=\"height:25px\" aria-hidden=\"true\" class=\"wp-block-spacer\"><\/div>\n\n\n\n<div class=\"wp-block-columns is-layout-flex wp-container-core-columns-is-layout-28f84493 wp-block-columns-is-layout-flex\">\n<div class=\"wp-block-column is-layout-flow wp-block-column-is-layout-flow\" style=\"flex-basis:33.33%\"><div class=\"wp-block-image is-style-rounded\">\n<figure class=\"aligncenter size-medium\"><img data-opt-id=955259824  data-opt-src=\"https:\/\/mlrs8jfvglcz.i.optimole.com\/cb:X94i.2946c\/w:300\/h:300\/q:mauto\/f:best\/https:\/\/www.ub.edu\/community\/wp-content\/uploads\/2023\/03\/raul-sanchez_web.jpg\"  decoding=\"async\" width=\"300\" height=\"300\" src=\"https:\/\/mlrs8jfvglcz.i.optimole.com\/cb:X94i.2946c\/w:300\/h:300\/q:eco\/f:best\/https:\/\/www.ub.edu\/community\/wp-content\/uploads\/2023\/03\/raul-sanchez_web.jpg\" alt=\"Ra\u00fal S\u00e1nchez Mart\u00ednez\" class=\"wp-image-1208\" old-srcset=\"https:\/\/mlrs8jfvglcz.i.optimole.com\/cb:X94i.2946c\/w:300\/h:300\/q:mauto\/f:best\/https:\/\/www.ub.edu\/community\/wp-content\/uploads\/2023\/03\/raul-sanchez_web.jpg 300w, https:\/\/mlrs8jfvglcz.i.optimole.com\/cb:X94i.2946c\/w:150\/h:150\/q:mauto\/f:best\/https:\/\/www.ub.edu\/community\/wp-content\/uploads\/2023\/03\/raul-sanchez_web.jpg 150w, https:\/\/mlrs8jfvglcz.i.optimole.com\/cb:X94i.2946c\/w:500\/h:500\/q:mauto\/f:best\/https:\/\/www.ub.edu\/community\/wp-content\/uploads\/2023\/03\/raul-sanchez_web.jpg 500w\" \/><noscript><img data-opt-id=955259824  decoding=\"async\" width=\"300\" height=\"300\" src=\"https:\/\/mlrs8jfvglcz.i.optimole.com\/cb:X94i.2946c\/w:300\/h:300\/q:mauto\/f:best\/https:\/\/www.ub.edu\/community\/wp-content\/uploads\/2023\/03\/raul-sanchez_web.jpg\" alt=\"Ra\u00fal S\u00e1nchez Mart\u00ednez\" class=\"wp-image-1208\" srcset=\"https:\/\/mlrs8jfvglcz.i.optimole.com\/cb:X94i.2946c\/w:300\/h:300\/q:mauto\/f:best\/https:\/\/www.ub.edu\/community\/wp-content\/uploads\/2023\/03\/raul-sanchez_web.jpg 300w, https:\/\/mlrs8jfvglcz.i.optimole.com\/cb:X94i.2946c\/w:150\/h:150\/q:mauto\/f:best\/https:\/\/www.ub.edu\/community\/wp-content\/uploads\/2023\/03\/raul-sanchez_web.jpg 150w, https:\/\/mlrs8jfvglcz.i.optimole.com\/cb:X94i.2946c\/w:500\/h:500\/q:mauto\/f:best\/https:\/\/www.ub.edu\/community\/wp-content\/uploads\/2023\/03\/raul-sanchez_web.jpg 500w\" sizes=\"(max-width: 300px) 100vw, 300px\" \/></noscript><\/figure>\n<\/div><\/div>\n\n\n\n<div class=\"wp-block-column is-layout-flow wp-block-column-is-layout-flow\" style=\"flex-basis:66.66%\">\n<h2 class=\"wp-block-heading\"><strong>Ra\u00fal S\u00e1nchez Mart\u00ednez<\/strong><\/h2>\n\n\n\n<p>Communication expert working on the project.<\/p>\n\n\n\n<p>Technical Engineer in Management Information Technology from the Autonomous University of Barcelona. He has worked on several projects at the University of Barcelona as a communication technician, graphic designer, website programmer and marketing manager.<\/p>\n<\/div>\n<\/div>\n","protected":false},"excerpt":{"rendered":"<p>Behind every project, there is a team of people. We are the people who work on the \u2018COMMUNITY&#8217; project of the University of Barcelona. We are committed to the objective of promoting the social inclusion of refugees in Barcelona and improving their physical and psychological well-being: Francesc Busc\u00e0 Donet Project [&hellip;]<\/p>\n","protected":false},"author":3,"featured_media":0,"parent":0,"menu_order":0,"comment_status":"closed","ping_status":"closed","template":"","meta":{"_themeisle_gutenberg_block_has_review":false,"footnotes":""},"class_list":["post-3305","page","type-page","status-publish","hentry"],"_links":{"self":[{"href":"https:\/\/www.ub.edu\/community\/wp-json\/wp\/v2\/pages\/3305","targetHints":{"allow":["GET"]}}],"collection":[{"href":"https:\/\/www.ub.edu\/community\/wp-json\/wp\/v2\/pages"}],"about":[{"href":"https:\/\/www.ub.edu\/community\/wp-json\/wp\/v2\/types\/page"}],"author":[{"embeddable":true,"href":"https:\/\/www.ub.edu\/community\/wp-json\/wp\/v2\/users\/3"}],"replies":[{"embeddable":true,"href":"https:\/\/www.ub.edu\/community\/wp-json\/wp\/v2\/comments?post=3305"}],"version-history":[{"count":8,"href":"https:\/\/www.ub.edu\/community\/wp-json\/wp\/v2\/pages\/3305\/revisions"}],"predecessor-version":[{"id":3658,"href":"https:\/\/www.ub.edu\/community\/wp-json\/wp\/v2\/pages\/3305\/revisions\/3658"}],"wp:attachment":[{"href":"https:\/\/www.ub.edu\/community\/wp-json\/wp\/v2\/media?parent=3305"}],"curies":[{"name":"wp","href":"https:\/\/api.w.org\/{rel}","templated":true}]}}