{"id":553,"date":"2021-09-01T16:29:48","date_gmt":"2021-09-01T14:29:48","guid":{"rendered":"https:\/\/www.ub.edu\/congrespci\/inicial-2\/"},"modified":"2022-05-10T09:09:45","modified_gmt":"2022-05-10T07:09:45","slug":"inicial-2","status":"publish","type":"page","link":"https:\/\/www.ub.edu\/congrespci\/ca\/","title":{"rendered":"Inicial"},"content":{"rendered":"<p>[et_pb_section fb_built=&#8221;1&#8243; _builder_version=&#8221;4.10.5&#8243; _module_preset=&#8221;default&#8221; global_colors_info=&#8221;{}&#8221;][et_pb_row _builder_version=&#8221;4.14.5&#8243; _module_preset=&#8221;default&#8221; global_colors_info=&#8221;{}&#8221; locked=&#8221;off&#8221;][et_pb_column type=&#8221;4_4&#8243; _builder_version=&#8221;4.14.5&#8243; _module_preset=&#8221;default&#8221; global_colors_info=&#8221;{}&#8221;][et_pb_text _builder_version=&#8221;4.14.5&#8243; _module_preset=&#8221;default&#8221; hover_enabled=&#8221;0&#8243; global_colors_info=&#8221;{}&#8221; sticky_enabled=&#8221;0&#8243;]<\/p>\n<h3 style=\"text-align: center;\"><span style=\"color: #ef00b3;\"><strong>IMPORTANT: <\/strong><\/span><\/h3>\n<h3 style=\"text-align: center;\"><span style=\"color: #808080;\"><strong>Tots els participants (inscrits i ponents) han de registrar-se abans en el Congr\u00e9s per a obtenir el tiquet d&#8217;entrada en aquest enlla\u00e7 abans del Congr\u00e9s.\u00a0<\/strong><\/span><\/h3>\n<p>[\/et_pb_text][et_pb_button button_url=&#8221;https:\/\/events.zoom.us\/ev\/DNEW0Bj2JDVLjRRG4QAAFgAAABaf_nMyBVF4ZIqpLM-JhPKQuigKv8iQwkOHQTFJwGS9i3S4w2sJ~AM8AeYEY66ekEJIcy1RXIjPSzJKm_ry7qLGXqvc&#8221; url_new_window=&#8221;on&#8221; button_text=&#8221;Registrar-se&#8221; button_alignment=&#8221;center&#8221; _builder_version=&#8221;4.14.5&#8243; _module_preset=&#8221;default&#8221; custom_button=&#8221;on&#8221; button_text_size=&#8221;26px&#8221; button_text_color=&#8221;#ffffff&#8221; button_bg_color=&#8221;#ef00b3&#8243; button_border_color=&#8221;#b7b7b7&#8243; hover_enabled=&#8221;0&#8243; global_colors_info=&#8221;{}&#8221; sticky_enabled=&#8221;0&#8243;][\/et_pb_button][\/et_pb_column][\/et_pb_row][et_pb_row column_structure=&#8221;1_2,1_2&#8243; _builder_version=&#8221;4.10.5&#8243; _module_preset=&#8221;default&#8221; custom_padding=&#8221;||75px|||&#8221; global_colors_info=&#8221;{}&#8221;][et_pb_column type=&#8221;1_2&#8243; _builder_version=&#8221;4.10.5&#8243; _module_preset=&#8221;default&#8221; global_colors_info=&#8221;{}&#8221;][et_pb_slider _builder_version=&#8221;4.14.5&#8243; _module_preset=&#8221;default&#8221; height=&#8221;700px&#8221; auto=&#8221;on&#8221; auto_speed=&#8221;3500&#8243; auto_ignore_hover=&#8221;on&#8221; locked=&#8221;off&#8221; global_colors_info=&#8221;{}&#8221;][et_pb_slide image=&#8221;https:\/\/www.ub.edu\/congrespci\/wp-content\/uploads\/2022\/01\/1_2.png&#8221; _builder_version=&#8221;4.14.5&#8243; _module_preset=&#8221;default&#8221; locked=&#8221;off&#8221; global_colors_info=&#8221;{}&#8221; sticky_transition=&#8221;on&#8221;][\/et_pb_slide][et_pb_slide image=&#8221;https:\/\/www.ub.edu\/congrespci\/wp-content\/uploads\/2022\/01\/2_2.png&#8221; _builder_version=&#8221;4.14.5&#8243; _module_preset=&#8221;default&#8221; locked=&#8221;off&#8221; global_colors_info=&#8221;{}&#8221; sticky_transition=&#8221;on&#8221;][\/et_pb_slide][et_pb_slide image=&#8221;https:\/\/www.ub.edu\/congrespci\/wp-content\/uploads\/2022\/01\/3_2.png&#8221; _builder_version=&#8221;4.14.5&#8243; _module_preset=&#8221;default&#8221; locked=&#8221;off&#8221; global_colors_info=&#8221;{}&#8221; sticky_transition=&#8221;on&#8221;][\/et_pb_slide][\/et_pb_slider][\/et_pb_column][et_pb_column type=&#8221;1_2&#8243; _builder_version=&#8221;4.10.5&#8243; _module_preset=&#8221;default&#8221; global_colors_info=&#8221;{}&#8221;][et_pb_text _builder_version=&#8221;4.14.5&#8243; _module_preset=&#8221;default&#8221; global_colors_info=&#8221;{}&#8221;]<\/p>\n<h2>I Congr\u00e9s Internacional de Patrimoni Cultural Immaterial<\/h2>\n<h3>Noves experi\u00e8ncies, nous horitzons<\/h3>\n<h3>11 al 13 de maig 2022<\/h3>\n<h3><em>format online<\/em><\/h3>\n<p>[\/et_pb_text][et_pb_text _builder_version=&#8221;4.14.2&#8243; _module_preset=&#8221;default&#8221; global_colors_info=&#8221;{}&#8221;]El I Congr\u00e9s Internacional sobre Patrimoni Immaterial \u00e9s una activitat organitzada pel projecte de recerca sobre Patrimoni Immaterial (PINMAT) i el Grup de Recerca d&#8217;Antropologia en Patrimoni (GRAP), a m\u00e9s compta amb la col\u00b7laboraci\u00f3 de diferents universitats i institucions. Pret\u00e9n acollir tant a investigadors com a professionals i organitzacions dedicades al patrimoni cultural immaterial (PCI) per a reflexionar sobre les seves diferents dimensions des d&#8217;una perspectiva internacional, en les tem\u00e0tiques que poden veure&#8217;s en els simposis i confer\u00e8ncies planificades.[\/et_pb_text][\/et_pb_column][\/et_pb_row][et_pb_row column_structure=&#8221;1_3,1_3,1_3&#8243; use_custom_gutter=&#8221;on&#8221; make_equal=&#8221;on&#8221; _builder_version=&#8221;4.10.5&#8243; _module_preset=&#8221;default&#8221; border_width_top=&#8221;1px&#8221; global_colors_info=&#8221;{}&#8221;][et_pb_column type=&#8221;1_3&#8243; _builder_version=&#8221;4.10.5&#8243; _module_preset=&#8221;default&#8221; global_colors_info=&#8221;{}&#8221;][et_pb_text _builder_version=&#8221;4.14.2&#8243; _module_preset=&#8221;default&#8221; global_colors_info=&#8221;{}&#8221;]<\/p>\n<h2><a href=\"https:\/\/www.ub.edu\/congrespci\/ca\/simposios\/\">Simposis<\/a><\/h2>\n<p>Hi ha disponibles 10 simposis sobre tem\u00e0tiques relacionades amb el Patrimoni Cultural Immaterial.<br \/>\n[\/et_pb_text][\/et_pb_column][et_pb_column type=&#8221;1_3&#8243; _builder_version=&#8221;4.10.5&#8243; _module_preset=&#8221;default&#8221; global_colors_info=&#8221;{}&#8221;][et_pb_text _builder_version=&#8221;4.14.2&#8243; _module_preset=&#8221;default&#8221; global_colors_info=&#8221;{}&#8221;]<\/p>\n<h2>Inscripci\u00f3<\/h2>\n<p>Inscriu-te al Congr\u00e9s en l\u00ednia i participa des de qualsevol part del m\u00f3n.<br \/>\n[\/et_pb_text][\/et_pb_column][et_pb_column type=&#8221;1_3&#8243; _builder_version=&#8221;4.10.5&#8243; _module_preset=&#8221;default&#8221; global_colors_info=&#8221;{}&#8221;][et_pb_text _builder_version=&#8221;4.14.2&#8243; _module_preset=&#8221;default&#8221; global_colors_info=&#8221;{}&#8221;]<\/p>\n<h2><a href=\"https:\/\/www.ub.edu\/congrespci\/ca\/programa\/\">Programa<\/a><\/h2>\n<p>Consulta el programa d&#8217;activitats.<br \/>\n[\/et_pb_text][\/et_pb_column][\/et_pb_row][\/et_pb_section]<\/p>\n","protected":false},"excerpt":{"rendered":"<p>IMPORTANT: Tots els participants (inscrits i ponents) han de registrar-se abans en el Congr\u00e9s per a obtenir el tiquet d&#8217;entrada en aquest enlla\u00e7 abans del Congr\u00e9s.\u00a0I Congr\u00e9s Internacional de Patrimoni Cultural Immaterial Noves experi\u00e8ncies, nous horitzons 11 al 13 de maig 2022 format onlineEl I Congr\u00e9s Internacional sobre Patrimoni Immaterial \u00e9s una activitat organitzada pel [&hellip;]<\/p>\n","protected":false},"author":1,"featured_media":0,"parent":0,"menu_order":3,"comment_status":"closed","ping_status":"closed","template":"","meta":{"_et_pb_use_builder":"on","_et_pb_old_content":"","_et_gb_content_width":"","footnotes":""},"class_list":["post-553","page","type-page","status-publish","hentry"],"_links":{"self":[{"href":"https:\/\/www.ub.edu\/congrespci\/ca\/wp-json\/wp\/v2\/pages\/553","targetHints":{"allow":["GET"]}}],"collection":[{"href":"https:\/\/www.ub.edu\/congrespci\/ca\/wp-json\/wp\/v2\/pages"}],"about":[{"href":"https:\/\/www.ub.edu\/congrespci\/ca\/wp-json\/wp\/v2\/types\/page"}],"author":[{"embeddable":true,"href":"https:\/\/www.ub.edu\/congrespci\/ca\/wp-json\/wp\/v2\/users\/1"}],"replies":[{"embeddable":true,"href":"https:\/\/www.ub.edu\/congrespci\/ca\/wp-json\/wp\/v2\/comments?post=553"}],"version-history":[{"count":0,"href":"https:\/\/www.ub.edu\/congrespci\/ca\/wp-json\/wp\/v2\/pages\/553\/revisions"}],"wp:attachment":[{"href":"https:\/\/www.ub.edu\/congrespci\/ca\/wp-json\/wp\/v2\/media?parent=553"}],"curies":[{"name":"wp","href":"https:\/\/api.w.org\/{rel}","templated":true}]}}