{"id":640,"date":"2021-11-12T15:14:47","date_gmt":"2021-11-12T13:14:47","guid":{"rendered":"https:\/\/www.ub.edu\/congrespci\/presentacion\/"},"modified":"2021-12-02T16:55:45","modified_gmt":"2021-12-02T14:55:45","slug":"presentacion","status":"publish","type":"page","link":"https:\/\/www.ub.edu\/congrespci\/ca\/presentacion\/","title":{"rendered":"Presentaci\u00f3"},"content":{"rendered":"<p>[et_pb_section fb_built=&#8221;1&#8243; _builder_version=&#8221;4.10.5&#8243; _module_preset=&#8221;default&#8221; global_colors_info=&#8221;{}&#8221;][et_pb_row _builder_version=&#8221;4.10.5&#8243; _module_preset=&#8221;default&#8221; locked=&#8221;off&#8221; global_colors_info=&#8221;{}&#8221;][et_pb_column type=&#8221;4_4&#8243; _builder_version=&#8221;4.10.5&#8243; _module_preset=&#8221;default&#8221; global_colors_info=&#8221;{}&#8221;][et_pb_text _builder_version=&#8221;4.14.2&#8243; _module_preset=&#8221;default&#8221; text_font=&#8221;Roboto|700|||||||&#8221; text_font_size=&#8221;4em&#8221; text_orientation=&#8221;right&#8221; hover_enabled=&#8221;0&#8243; global_colors_info=&#8221;{}&#8221; sticky_enabled=&#8221;0&#8243;]<\/p>\n<p>Presentaci\u00f3<\/p>\n<p>[\/et_pb_text][\/et_pb_column][\/et_pb_row][et_pb_row column_structure=&#8221;1_3,2_3&#8243; _builder_version=&#8221;4.10.5&#8243; _module_preset=&#8221;default&#8221; global_colors_info=&#8221;{}&#8221;][et_pb_column type=&#8221;1_3&#8243; _builder_version=&#8221;4.10.5&#8243; _module_preset=&#8221;default&#8221; global_colors_info=&#8221;{}&#8221;][et_pb_image src=&#8221;https:\/\/www.ub.edu\/congrespci\/wp-content\/uploads\/2021\/11\/presentacio_m.jpg&#8221; title_text=&#8221;presentacio_m&#8221; _builder_version=&#8221;4.13.1&#8243; _module_preset=&#8221;default&#8221; global_colors_info=&#8221;{}&#8221;][\/et_pb_image][\/et_pb_column][et_pb_column type=&#8221;2_3&#8243; _builder_version=&#8221;4.10.5&#8243; _module_preset=&#8221;default&#8221; global_colors_info=&#8221;{}&#8221;][et_pb_text _builder_version=&#8221;4.14.2&#8243; _module_preset=&#8221;default&#8221; hover_enabled=&#8221;0&#8243; global_colors_info=&#8221;{}&#8221; sticky_enabled=&#8221;0&#8243;]<\/p>\n<p>Aquest Congr\u00e9s <em>online<\/em> t\u00e9 com a objectiu abordar diverses q\u00fcestions relacionades amb la recerca i la gesti\u00f3 del patrimoni cultural immaterial (PCI) des d&#8217;una perspectiva internacional, amb especial \u00e8mfasi en els seus aspectes socials, pol\u00edtics i econ\u00f2mics. Plantejat des d&#8217;una perspectiva interdisciplin\u00e0ria, el Congr\u00e9s est\u00e0 obert tant a investigadors com a professionals i organitzacions dedicades al PCI per reflexionar sobre les seves diferents dimensions: la seva salvaguarda, les seves possibilitats tur\u00edstiques, les experi\u00e8ncies de bones pr\u00e0ctiques en la seva gesti\u00f3, la seva musealitzaci\u00f3 i els seus reptes de sostenibilitat, entre d&#8217;altres. Seran benvingudes comunicacions m\u00e9s gen\u00e8riques i tamb\u00e9 estudis de casos o experi\u00e8ncies de pr\u00e0ctiques del PCI. Especialment en l&#8217;actualitat, la pand\u00e8mia ha assenyalat les debilitats del PCI i tamb\u00e9 la seva resili\u00e8ncia, el que ens permet abordar els reptes de futur d&#8217;aquest patrimoni.<\/p>\n<p>Aquesta activitat est\u00e0 vinculada al projecte de recerca \u201c<strong>Patrimonio Inmaterial y Pol\u00edticas Culturales: desaf\u00edos sociales, pol\u00edticos y museol\u00f3gicos<\/strong>\u201d (PGC2018-096190-B-I00), financiat pel Ministerio de Ciencia e Innovaci\u00f3n \/ Agencia Estatal de Investigaci\u00f3n \/ Fons Europeu de Desenvolupament Regional, Uni\u00f3 Europea, amb la col\u00b7laboraci\u00f3 de diverses institucions de l&#8217;Estat espanyol i Am\u00e8rica Llatina.<\/p>\n<p>[\/et_pb_text][\/et_pb_column][\/et_pb_row][\/et_pb_section]<\/p>\n","protected":false},"excerpt":{"rendered":"<p>Presentaci\u00f3Aquest Congr\u00e9s online t\u00e9 com a objectiu abordar diverses q\u00fcestions relacionades amb la recerca i la gesti\u00f3 del patrimoni cultural immaterial (PCI) des d&#8217;una perspectiva internacional, amb especial \u00e8mfasi en els seus aspectes socials, pol\u00edtics i econ\u00f2mics. Plantejat des d&#8217;una perspectiva interdisciplin\u00e0ria, el Congr\u00e9s est\u00e0 obert tant a investigadors com a professionals i organitzacions dedicades [&hellip;]<\/p>\n","protected":false},"author":1,"featured_media":0,"parent":0,"menu_order":22,"comment_status":"closed","ping_status":"closed","template":"","meta":{"_et_pb_use_builder":"on","_et_pb_old_content":"","_et_gb_content_width":"","footnotes":""},"class_list":["post-640","page","type-page","status-publish","hentry"],"_links":{"self":[{"href":"https:\/\/www.ub.edu\/congrespci\/ca\/wp-json\/wp\/v2\/pages\/640","targetHints":{"allow":["GET"]}}],"collection":[{"href":"https:\/\/www.ub.edu\/congrespci\/ca\/wp-json\/wp\/v2\/pages"}],"about":[{"href":"https:\/\/www.ub.edu\/congrespci\/ca\/wp-json\/wp\/v2\/types\/page"}],"author":[{"embeddable":true,"href":"https:\/\/www.ub.edu\/congrespci\/ca\/wp-json\/wp\/v2\/users\/1"}],"replies":[{"embeddable":true,"href":"https:\/\/www.ub.edu\/congrespci\/ca\/wp-json\/wp\/v2\/comments?post=640"}],"version-history":[{"count":0,"href":"https:\/\/www.ub.edu\/congrespci\/ca\/wp-json\/wp\/v2\/pages\/640\/revisions"}],"wp:attachment":[{"href":"https:\/\/www.ub.edu\/congrespci\/ca\/wp-json\/wp\/v2\/media?parent=640"}],"curies":[{"name":"wp","href":"https:\/\/api.w.org\/{rel}","templated":true}]}}