{"id":664,"date":"2021-11-12T16:04:47","date_gmt":"2021-11-12T14:04:47","guid":{"rendered":"https:\/\/www.ub.edu\/congrespci\/programa\/"},"modified":"2022-05-04T20:06:36","modified_gmt":"2022-05-04T18:06:36","slug":"programa","status":"publish","type":"page","link":"https:\/\/www.ub.edu\/congrespci\/ca\/programa\/","title":{"rendered":"Programa"},"content":{"rendered":"<p>[et_pb_section fb_built=&#8221;1&#8243; _builder_version=&#8221;4.10.5&#8243; _module_preset=&#8221;default&#8221; global_colors_info=&#8221;{}&#8221;][et_pb_row _builder_version=&#8221;4.10.5&#8243; _module_preset=&#8221;default&#8221; locked=&#8221;off&#8221; global_colors_info=&#8221;{}&#8221;][et_pb_column type=&#8221;4_4&#8243; _builder_version=&#8221;4.10.5&#8243; _module_preset=&#8221;default&#8221; global_colors_info=&#8221;{}&#8221;][et_pb_text _builder_version=&#8221;4.10.5&#8243; _module_preset=&#8221;default&#8221; text_font=&#8221;Roboto|700|||||||&#8221; text_font_size=&#8221;4em&#8221; text_orientation=&#8221;right&#8221; global_colors_info=&#8221;{}&#8221;]<\/p>\n<p>Programa<\/p>\n<p>[\/et_pb_text][\/et_pb_column][\/et_pb_row][et_pb_row _builder_version=&#8221;4.13.1&#8243; _module_preset=&#8221;default&#8221; global_colors_info=&#8221;{}&#8221;][et_pb_column type=&#8221;4_4&#8243; _builder_version=&#8221;4.13.1&#8243; _module_preset=&#8221;default&#8221; global_colors_info=&#8221;{}&#8221;][et_pb_image src=&#8221;https:\/\/www.ub.edu\/congrespci\/wp-content\/uploads\/2021\/11\/programa_m2.jpg&#8221; title_text=&#8221;programa_m2&#8243; align=&#8221;center&#8221; _builder_version=&#8221;4.13.1&#8243; _module_preset=&#8221;default&#8221; module_alignment=&#8221;left&#8221; global_colors_info=&#8221;{}&#8221;][\/et_pb_image][\/et_pb_column][\/et_pb_row][et_pb_row column_structure=&#8221;1_3,1_3,1_3&#8243; _builder_version=&#8221;4.10.5&#8243; _module_preset=&#8221;default&#8221; global_colors_info=&#8221;{}&#8221;][et_pb_column type=&#8221;1_3&#8243; _builder_version=&#8221;4.10.5&#8243; _module_preset=&#8221;default&#8221; global_colors_info=&#8221;{}&#8221;][et_pb_text _builder_version=&#8221;4.14.5&#8243; _module_preset=&#8221;default&#8221; hover_enabled=&#8221;0&#8243; global_colors_info=&#8221;{}&#8221; sticky_enabled=&#8221;0&#8243;]<\/p>\n<h4>DIMECRES 11 MAIG<\/h4>\n<p>15: 00h.:<br \/>Acte d&#8217;inauguraci\u00f3 i presentaci\u00f3 del Congr\u00e9s. \u00a0Aula principal.<\/p>\n<p>Joan Guardia Olmos (Rector Universitat de Barcelona).<\/p>\n<p>Adelaida Moya Taul\u00e9s. \u00a0(Directera General de Cultura Popular i Associacionisme Cultural, Generalitat de Catalunya).<\/p>\n<p>Ricardo Piqueras C\u00e9spedes (Decano de la Facultat de Geografia i Hist\u00f2ria, Universitat de Barcelona).<\/p>\n<p>Xavier Roig\u00e9 Ventura (Investigador Principal projecte PINMAT, Universitat de Barcelona).<\/p>\n<p>15: 25h.:\u00a0<br \/>Primera confer\u00e8ncia. Valdimar Hafstein (University of Island). Aula principal.<\/p>\n<p>16:20h.:Taula Rodona Turisme creatiu i PCI. Aula principal.<\/p>\n<p>17:35h.:Descans.<\/p>\n<p>17:45h.:<br \/>Simposi 1: Sostenibilitat cultural: PCI creant benestar.<\/p>\n<p>Simposi 7: La musealitzaci\u00f3 del patrimoni immaterial (sessi\u00f3 1).<\/p>\n<p>Simposi 9: Patrimoni biocultural: estrat\u00e8gies per posar en valor enfront de les crisis emergents. <\/p>\n<p>Simposi 10: Pol\u00edtiques de gesti\u00f3 del patrimoni immaterial: pol\u00edtiques p\u00fabliques, paper de les associacions, governan\u00e7a i participaci\u00f3 (sessi\u00f3 1).<\/p>\n<p>20:45h.:<br \/>Tancament de la sessi\u00f3.\u00a0<\/p>\n<p>&nbsp;<\/p>\n<p>&nbsp;<\/p>\n<p>&nbsp;<\/p>\n<p>[\/et_pb_text][\/et_pb_column][et_pb_column type=&#8221;1_3&#8243; _builder_version=&#8221;4.10.5&#8243; _module_preset=&#8221;default&#8221; global_colors_info=&#8221;{}&#8221;][et_pb_text _builder_version=&#8221;4.14.5&#8243; _module_preset=&#8221;default&#8221; hover_enabled=&#8221;0&#8243; global_colors_info=&#8221;{}&#8221; sticky_enabled=&#8221;0&#8243;]<\/p>\n<h4>DIJOUS 12 MAIG<\/h4>\n<p>12:00h.:<br \/>Simposi 7: La musealitzaci\u00f3 del patrimoni immaterial (sessi\u00f3 2).<\/p>\n<p>Simposi 10: Pol\u00edtiques de gesti\u00f3 del patrimoni immaterial: pol\u00edtiques p\u00fabliques, paper de les associacions, governan\u00e7a i participaci\u00f3 (sessi\u00f3 2).<\/p>\n<p>15: 30h.:\u00a0<br \/>Segona confer\u00e8ncia. Cristina Amescua Ch\u00e1vez (Centre Regional d&#8217;Investigacions Multidisciplin\u00e0ries \u2013 Universitat Nacional Aut\u00f2noma de M\u00e8xic). Aula principal.<\/p>\n<p>16:30h.:\u00a0<br \/>Presentaci\u00f3 del llibre Patrimonios confinados. \u00a0Xavier Roig\u00e9 Ventura, Alejandra Canals Ossul i d&#8217; altres.<\/p>\n<p>16:50<br \/>Patrimoni festiu catal\u00e0. Activitat musical.<\/p>\n<p>17:10h.:Descans.<\/p>\n<p>17:30h.:<br \/>Simposi 3: Bones pr\u00e0ctiques en socialitzaci\u00f3 del patrimoni cultural immaterial (sessi\u00f3 1). <\/p>\n<p>Simposi 5: Estrat\u00e8gies digitals per a la posada en valor del PCI: xarxes socials, museus virtuals, e-inventaris.<\/p>\n<p>Simposi 6: Aproximaci\u00f3 interseccional al PCI.<\/p>\n<p>Simposi 11: Casos etnogr\u00e0fics de PCI (sessi\u00f3 1).<\/p>\n<p>Simposi 12: El patrimoni cultural immaterial en l&#8217; educaci\u00f3 formal i no formal.<\/p>\n<p>20:30h.:<br \/>Tancament de la sessi\u00f3.<\/p>\n<p>[\/et_pb_text][\/et_pb_column][et_pb_column type=&#8221;1_3&#8243; _builder_version=&#8221;4.10.5&#8243; _module_preset=&#8221;default&#8221; global_colors_info=&#8221;{}&#8221;][et_pb_text _builder_version=&#8221;4.14.5&#8243; _module_preset=&#8221;default&#8221; hover_enabled=&#8221;0&#8243; global_colors_info=&#8221;{}&#8221; sticky_enabled=&#8221;0&#8243;]<\/p>\n<h4>DIVENDRES 13 MAIG<\/h4>\n<p>12:00h.:<br \/>Simposi 2: Turisme 3.0. El patrimoni cultural immaterial al centre de l&#8217;experi\u00e8ncia tur\u00edstica (sessi\u00f3 1).<\/p>\n<p>Simposi 3: Bones pr\u00e0ctiques en socialitzaci\u00f3 del patrimoni cultural immaterial (sessi\u00f3 2).<\/p>\n<p>Simposi 11: Casos etnogr\u00e0fics de PCI (sessi\u00f3 2).<\/p>\n<p>15: 30h.:Tercera confer\u00e8ncia. L\u00e8nia Marques (Erasmus University Rotterdam). \u00a0Aula principal.<\/p>\n<p>16:20h.: Descans.<\/p>\n<p>16:30h.:<br \/>Simposi 2: Turisme 3.0. El patrimoni cultural immaterial al centre de l&#8217;experi\u00e8ncia tur\u00edstica (sessi\u00f3 2).<\/p>\n<p>Simposi 4: Enfocaments decolonials per al patrimoni immaterial.<\/p>\n<p>Simposi 8: Impacte de la Covid-19 al PCI.<\/p>\n<p>Simposi 12: Casos etnogr\u00e0fics de PCI (sessi\u00f3 3).<\/p>\n<p>19:30h.:<br \/>Conclusions i cloenda del Congr\u00e9s<\/p>\n<p>Xavier Roig\u00e9 Ventura (Investigador Principal projecte PINMAT, Universitat de Barcelona)<\/p>\n<p>Maria Feliu Torruella (Vicerectora de doctorat i personal investigat Universitat de Barcelona).<\/p>\n<p>Concert de m\u00fasica popular catalana.<\/p>\n<p>20:00h.:<br \/>Fi del Congr\u00e9s.<\/p>\n<p>[\/et_pb_text][\/et_pb_column][\/et_pb_row][et_pb_row _builder_version=&#8221;4.13.1&#8243; _module_preset=&#8221;default&#8221; global_colors_info=&#8221;{}&#8221;][et_pb_column type=&#8221;4_4&#8243; _builder_version=&#8221;4.13.1&#8243; _module_preset=&#8221;default&#8221; global_colors_info=&#8221;{}&#8221;][et_pb_text _builder_version=&#8221;4.14.2&#8243; _module_preset=&#8221;default&#8221; global_colors_info=&#8221;{}&#8221;]<\/p>\n<p><em><strong>Horaris de Barcelona. Estan pensants perqu\u00e8 puguin participar persones d&#8217;altres continents.<\/strong><\/em><\/p>\n<p>[\/et_pb_text][\/et_pb_column][\/et_pb_row][\/et_pb_section]<\/p>\n","protected":false},"excerpt":{"rendered":"<p>ProgramaDIMECRES 11 MAIG 15: 00h.:Acte d&#8217;inauguraci\u00f3 i presentaci\u00f3 del Congr\u00e9s. \u00a0Aula principal. Joan Guardia Olmos (Rector Universitat de Barcelona). Adelaida Moya Taul\u00e9s. \u00a0(Directera General de Cultura Popular i Associacionisme Cultural, Generalitat de Catalunya). Ricardo Piqueras C\u00e9spedes (Decano de la Facultat de Geografia i Hist\u00f2ria, Universitat de Barcelona). Xavier Roig\u00e9 Ventura (Investigador Principal projecte PINMAT, Universitat [&hellip;]<\/p>\n","protected":false},"author":1,"featured_media":0,"parent":0,"menu_order":12,"comment_status":"closed","ping_status":"closed","template":"","meta":{"_et_pb_use_builder":"on","_et_pb_old_content":"","_et_gb_content_width":"","footnotes":""},"class_list":["post-664","page","type-page","status-publish","hentry"],"_links":{"self":[{"href":"https:\/\/www.ub.edu\/congrespci\/ca\/wp-json\/wp\/v2\/pages\/664","targetHints":{"allow":["GET"]}}],"collection":[{"href":"https:\/\/www.ub.edu\/congrespci\/ca\/wp-json\/wp\/v2\/pages"}],"about":[{"href":"https:\/\/www.ub.edu\/congrespci\/ca\/wp-json\/wp\/v2\/types\/page"}],"author":[{"embeddable":true,"href":"https:\/\/www.ub.edu\/congrespci\/ca\/wp-json\/wp\/v2\/users\/1"}],"replies":[{"embeddable":true,"href":"https:\/\/www.ub.edu\/congrespci\/ca\/wp-json\/wp\/v2\/comments?post=664"}],"version-history":[{"count":0,"href":"https:\/\/www.ub.edu\/congrespci\/ca\/wp-json\/wp\/v2\/pages\/664\/revisions"}],"wp:attachment":[{"href":"https:\/\/www.ub.edu\/congrespci\/ca\/wp-json\/wp\/v2\/media?parent=664"}],"curies":[{"name":"wp","href":"https:\/\/api.w.org\/{rel}","templated":true}]}}