{"id":668,"date":"2021-09-17T15:00:17","date_gmt":"2021-09-17T13:00:17","guid":{"rendered":"https:\/\/www.ub.edu\/congrespci\/participacion-comunicaciones\/"},"modified":"2022-05-06T07:28:53","modified_gmt":"2022-05-06T05:28:53","slug":"comunicacions","status":"publish","type":"page","link":"https:\/\/www.ub.edu\/congrespci\/ca\/comunicacions\/","title":{"rendered":"Comunicacions"},"content":{"rendered":"<p>[et_pb_section fb_built=&#8221;1&#8243; _builder_version=&#8221;4.10.5&#8243; _module_preset=&#8221;default&#8221; collapsed=&#8221;off&#8221; global_colors_info=&#8221;{}&#8221;][et_pb_row _builder_version=&#8221;4.10.5&#8243; _module_preset=&#8221;default&#8221; locked=&#8221;off&#8221; global_colors_info=&#8221;{}&#8221;][et_pb_column type=&#8221;4_4&#8243; _builder_version=&#8221;4.10.5&#8243; _module_preset=&#8221;default&#8221; global_colors_info=&#8221;{}&#8221;][et_pb_text _builder_version=&#8221;4.14.2&#8243; _module_preset=&#8221;default&#8221; text_font=&#8221;Roboto|700|||||||&#8221; text_font_size=&#8221;4em&#8221; text_orientation=&#8221;right&#8221; global_colors_info=&#8221;{}&#8221;]<\/p>\n<p>Comunicacions<\/p>\n<p>[\/et_pb_text][\/et_pb_column][\/et_pb_row][et_pb_row column_structure=&#8221;3_5,2_5&#8243; _builder_version=&#8221;4.10.5&#8243; _module_preset=&#8221;default&#8221; global_colors_info=&#8221;{}&#8221;][et_pb_column type=&#8221;3_5&#8243; _builder_version=&#8221;4.10.5&#8243; _module_preset=&#8221;default&#8221; global_colors_info=&#8221;{}&#8221;][et_pb_button button_url=&#8221;https:\/\/www.ub.edu\/congrespci\/wp-content\/uploads\/2022\/05\/COMUNICACIONES-CONGRESO-final-2.pdf&#8221; url_new_window=&#8221;on&#8221; button_text=&#8221;Comunicacions acceptades&#8221; button_alignment=&#8221;center&#8221; _builder_version=&#8221;4.14.5&#8243; _module_preset=&#8221;default&#8221; custom_button=&#8221;on&#8221; button_text_color=&#8221;#FFFFFF&#8221; button_bg_color=&#8221;#E09900&#8243; button_border_color=&#8221;#adadad&#8221; button_border_radius=&#8221;7px&#8221; hover_enabled=&#8221;0&#8243; locked=&#8221;off&#8221; global_colors_info=&#8221;{}&#8221; sticky_enabled=&#8221;0&#8243;][\/et_pb_button][et_pb_text _builder_version=&#8221;4.14.5&#8243; _module_preset=&#8221;default&#8221; global_colors_info=&#8221;{}&#8221;]<\/p>\n<p>Si voleu presentar una comunicaci\u00f3 per a un simposi, heu d&#8217;omplir el formulari (abans del 28 de mar\u00e7 de 2022) amb una proposta que inclogui:<\/p>\n<p><strong>1.Nom, cognoms, instituci\u00f3 i adre\u00e7a de correu electr\u00f2nic dels\/de les autors\/es<\/strong><br \/><strong>2.T\u00edtol<\/strong><br \/><strong>3.Resum (m\u00e0xim 300 paraules)<\/strong><\/p>\n<p>La coordinaci\u00f3 de cada simposi ser\u00e0 l\u2019encarregada d&#8217;avaluar les propostes de comunicaci\u00f3, determinar quines participaran en el congr\u00e9s i notificar-ho oportunament als participants.<\/p>\n<p><strong>1. S&#8217;acceptar\u00e0 un m\u00e0xim de dues comunicacions per persona, per\u00f2 nom\u00e9s se&#8217;n podr\u00e0 publicar una.<\/strong><br \/><strong>2. El resum es presentar\u00e0 abans del 28 de mar\u00e7.<\/strong><br \/><strong>3. Cada presentaci\u00f3 tindr\u00e0 una durada m\u00e0xima de 10-15 minuts.<\/strong><br \/><strong>4. Les comunicacions es poden presentar oralment en catal\u00e0, castell\u00e0 o angl\u00e8s.<\/strong><\/p>\n<p><strong>Dates importants<\/strong><br \/><strong>Presentaci\u00f3 de propostes de comunicaci\u00f3: Fins al 28 de mar\u00e7 de 2022<\/strong><br \/><strong>Comunicaci\u00f3 de acceptaci\u00f3 de comunicacions: 18 d&#8217;abril de 2022<\/strong><\/p>\n<p><strong>PRESENTACI\u00d3 DE COMUNICACIONS <span style=\"color: #ff00ff;\">TANCADA<\/span>.<\/strong><\/p>\n<p>Es lliurar\u00e0 un certificat de presentaci\u00f3 de la comunicaci\u00f3. Posteriorment al Congr\u00e9s, es far\u00e0 una publicaci\u00f3 a partir d\u2019una selecci\u00f3 de les comunicacions presentades.<\/p>\n<p>[\/et_pb_text][\/et_pb_column][et_pb_column type=&#8221;2_5&#8243; _builder_version=&#8221;4.10.5&#8243; _module_preset=&#8221;default&#8221; global_colors_info=&#8221;{}&#8221;][et_pb_image src=&#8221;https:\/\/www.ub.edu\/congrespci\/wp-content\/uploads\/2021\/12\/comunicacions_m.jpg&#8221; title_text=&#8221;comunicacions_m&#8221; _builder_version=&#8221;4.14.2&#8243; _module_preset=&#8221;default&#8221; global_colors_info=&#8221;{}&#8221;][\/et_pb_image][\/et_pb_column][\/et_pb_row][\/et_pb_section]<\/p>\n","protected":false},"excerpt":{"rendered":"<p>ComunicacionsSi voleu presentar una comunicaci\u00f3 per a un simposi, heu d&#8217;omplir el formulari (abans del 28 de mar\u00e7 de 2022) amb una proposta que inclogui: 1.Nom, cognoms, instituci\u00f3 i adre\u00e7a de correu electr\u00f2nic dels\/de les autors\/es2.T\u00edtol3.Resum (m\u00e0xim 300 paraules) La coordinaci\u00f3 de cada simposi ser\u00e0 l\u2019encarregada d&#8217;avaluar les propostes de comunicaci\u00f3, determinar quines participaran en [&hellip;]<\/p>\n","protected":false},"author":1,"featured_media":0,"parent":0,"menu_order":30,"comment_status":"closed","ping_status":"closed","template":"","meta":{"_et_pb_use_builder":"on","_et_pb_old_content":"","_et_gb_content_width":"","footnotes":""},"class_list":["post-668","page","type-page","status-publish","hentry"],"_links":{"self":[{"href":"https:\/\/www.ub.edu\/congrespci\/ca\/wp-json\/wp\/v2\/pages\/668","targetHints":{"allow":["GET"]}}],"collection":[{"href":"https:\/\/www.ub.edu\/congrespci\/ca\/wp-json\/wp\/v2\/pages"}],"about":[{"href":"https:\/\/www.ub.edu\/congrespci\/ca\/wp-json\/wp\/v2\/types\/page"}],"author":[{"embeddable":true,"href":"https:\/\/www.ub.edu\/congrespci\/ca\/wp-json\/wp\/v2\/users\/1"}],"replies":[{"embeddable":true,"href":"https:\/\/www.ub.edu\/congrespci\/ca\/wp-json\/wp\/v2\/comments?post=668"}],"version-history":[{"count":0,"href":"https:\/\/www.ub.edu\/congrespci\/ca\/wp-json\/wp\/v2\/pages\/668\/revisions"}],"wp:attachment":[{"href":"https:\/\/www.ub.edu\/congrespci\/ca\/wp-json\/wp\/v2\/media?parent=668"}],"curies":[{"name":"wp","href":"https:\/\/api.w.org\/{rel}","templated":true}]}}