{"id":727,"date":"2021-11-12T15:55:48","date_gmt":"2021-11-12T13:55:48","guid":{"rendered":"https:\/\/www.ub.edu\/congrespci\/conferencias\/"},"modified":"2022-04-25T13:17:26","modified_gmt":"2022-04-25T11:17:26","slug":"conferencias","status":"publish","type":"page","link":"https:\/\/www.ub.edu\/congrespci\/ca\/conferencias\/","title":{"rendered":"Confer\u00e8ncies"},"content":{"rendered":"<p>[et_pb_section fb_built=&#8221;1&#8243; _builder_version=&#8221;4.10.5&#8243; _module_preset=&#8221;default&#8221; global_colors_info=&#8221;{}&#8221;][et_pb_row _builder_version=&#8221;4.10.5&#8243; _module_preset=&#8221;default&#8221; locked=&#8221;off&#8221; global_colors_info=&#8221;{}&#8221;][et_pb_column type=&#8221;4_4&#8243; _builder_version=&#8221;4.10.5&#8243; _module_preset=&#8221;default&#8221; global_colors_info=&#8221;{}&#8221;][et_pb_text _builder_version=&#8221;4.14.2&#8243; _module_preset=&#8221;default&#8221; text_font=&#8221;Roboto|700|||||||&#8221; text_font_size=&#8221;4em&#8221; text_orientation=&#8221;right&#8221; global_colors_info=&#8221;{}&#8221;]<\/p>\n<p>Confer\u00e8ncies<\/p>\n<p>[\/et_pb_text][\/et_pb_column][\/et_pb_row][et_pb_row _builder_version=&#8221;4.14.5&#8243; _module_preset=&#8221;default&#8221; column_structure=&#8221;1_3,1_3,1_3&#8243;][et_pb_column _builder_version=&#8221;4.14.5&#8243; _module_preset=&#8221;default&#8221; type=&#8221;1_3&#8243;][et_pb_image src=&#8221;https:\/\/www.ub.edu\/congrespci\/wp-content\/uploads\/2022\/04\/KRI_valdimar_hafstein.jpeg&#8221; title_text=&#8221;Valdimar Tryggvi Hafstein &#8211; F\u00e9lagsv\u00edsindasvi\u00f0&#8221; _builder_version=&#8221;4.14.5&#8243; _module_preset=&#8221;default&#8221; hover_enabled=&#8221;0&#8243; global_colors_info=&#8221;{}&#8221; locked=&#8221;off&#8221; sticky_enabled=&#8221;0&#8243;][\/et_pb_image][et_pb_text _builder_version=&#8221;4.14.5&#8243; _module_preset=&#8221;default&#8221; hover_enabled=&#8221;0&#8243; sticky_enabled=&#8221;0&#8243;]<\/p>\n<h3><strong>11 de maig<br \/>Valdimar Hafstein<\/strong><br \/>Unversity of Island<\/h3>\n<p><strong>&#8220;De les cultures vives al patrimoni cultural: el branding patrimonial de Skyr&#8221;<\/strong><\/p>\n<p>L\u2019Skyr, un producte lacti agre d&#8217;Isl\u00e0ndia i un aliment b\u00e0sic quotidi\u00e0 de la dieta islandesa, ha assolit recentment l&#8217;estatus de patrimoni. El seu m\u00e0rqueting nacional i internacional emergeix en una continu\u00eftat des de la literatura medieval fins a la vida saludable moderna, promovent l\u2019skyr com un producte \u00fanic, aut\u00e8ntic i saludable: menjar patrimonial i el &#8220;secret per a una vida saludable&#8221; d&#8217;Isl\u00e0ndia.\u00a0Aquesta presentaci\u00f3, es centrar\u00e0 en com el &#8220;patrimoni&#8221;, la &#8220;tradici\u00f3&#8221; i les &#8220;cultures de transmissi\u00f3 familiar&#8221; actuen com a eines de marca contempor\u00e0nies i com la narrativa selectiva ajuda a moure els commodities. Seguint el proc\u00e9s de producci\u00f3 l\u00e0ctica des de la vaca fins a la tassa, la confer\u00e8ncia analitza els esfor\u00e7os de &#8220;marca patrimonial&#8221; i les campanyes publicit\u00e0ries produ\u00efdes en les dues darreres d\u00e8cades per a diversos tipus de skyr de diferents productors a Isl\u00e0ndia, Europa i els Estats Units, i les formes en qu\u00e8 despleguen la llarga hist\u00f2ria de skyr a Isl\u00e0ndia. Les complexes relacions entre el local i el \u00a0global en aquests esfor\u00e7os de patrimoni s\u00f3n fascinants pel que revelen sobre com les tend\u00e8ncies i els mercats globals influeixen en les persones a nivell local, impactant la forma en qu\u00e8 pensen i actuen sobre les seves pr\u00f2pies formes culturals, i com el nivell local, al seu torn,\u00a0 impacta els fluxos globals sota el signe del patrimoni.<\/p>\n<p><em>La confer\u00e8ncia se celebrar\u00e0 en angl\u00e8s amb traducci\u00f3 simult\u00e0nia<\/em><\/p>\n<p>[\/et_pb_text][\/et_pb_column][et_pb_column _builder_version=&#8221;4.14.5&#8243; _module_preset=&#8221;default&#8221; type=&#8221;1_3&#8243;][et_pb_image src=&#8221;https:\/\/www.ub.edu\/congrespci\/wp-content\/uploads\/2022\/04\/Amescua.jpeg&#8221; title_text=&#8221;Amescua&#8221; _builder_version=&#8221;4.14.5&#8243; _module_preset=&#8221;default&#8221; global_colors_info=&#8221;{}&#8221; locked=&#8221;off&#8221;][\/et_pb_image][et_pb_text _builder_version=&#8221;4.14.5&#8243; _module_preset=&#8221;default&#8221; hover_enabled=&#8221;0&#8243; sticky_enabled=&#8221;0&#8243;]<\/p>\n<h3><strong>12 de maig<\/strong><br \/><strong>Cristina Amescua<\/strong><br \/>Centre Regional de recerca multidisciplin\u00e0ria &#8211; Universidad Nacional Aut\u00f3noma de M\u00e9xico<\/h3>\n<p><strong>&#8220;El paper del patrimoni immaterial en la construcci\u00f3 de futurs sostenibles&#8221;<\/strong><\/p>\n<p>En aquest treball es presentar\u00e0 un panorama general de les complexes interrelacions entre el patrimoni cultural immaterial (PCI) i el desenvolupament, analitzant de manera cr\u00edtica les possibilitats que ofereixen per a la construcci\u00f3 de futurs sostenibles. Es revisaran les interaccions entre el PCI i els \u00e0mbits socials i naturals, el seu paper en la generaci\u00f3 d&#8217;ingressos i en les relacions de conviv\u00e8ncies en diferents nivells.<\/p>\n<p><em>La confer\u00e8ncia es realitzar\u00e0 en castell\u00e0.<\/em><\/p>\n<p>[\/et_pb_text][\/et_pb_column][et_pb_column _builder_version=&#8221;4.14.5&#8243; _module_preset=&#8221;default&#8221; type=&#8221;1_3&#8243;][et_pb_image src=&#8221;https:\/\/www.ub.edu\/congrespci\/wp-content\/uploads\/2022\/04\/Lenia_Marques.jpg&#8221; title_text=&#8221;Lenia_Marques&#8221; _builder_version=&#8221;4.14.5&#8243; _module_preset=&#8221;default&#8221; global_colors_info=&#8221;{}&#8221; locked=&#8221;off&#8221;][\/et_pb_image][et_pb_text _builder_version=&#8221;4.14.5&#8243; _module_preset=&#8221;default&#8221; hover_enabled=&#8221;0&#8243; sticky_enabled=&#8221;0&#8243;]<\/p>\n<h3><strong>13 de maig<\/strong><br \/><strong>L\u00e9nia Marques<\/strong><br \/>Professora Assistent d&#8217; Organitzacions i Gesti\u00f3 Cultural<br \/>Erasmus University Rotterdam<\/h3>\n<p><strong>Sensibilitat cultural en el turisme: implicacions per al patrimoni immaterial<\/strong><\/p>\n<p>La sensibilitat cultural \u00e9s un tema important a abordar en el context del turisme, amb particularitats per al Patrimoni Immaterial. Amb l&#8217;exemple del treball del projecte CultSense (www.cultsense) reflexionarem sobre la interacci\u00f3 amfitri\u00f3-hoste, l&#8217;educaci\u00f3 tur\u00edstica i el turisme creatiu com una forma sostenible de fomentar la comprensi\u00f3 de les cultures locals.<\/p>\n<p><em>La confer\u00e8ncia es realitzar\u00e0 en angl\u00e8s amb traducci\u00f3 simult\u00e0nia.<\/em><\/p>\n<p>&nbsp;<\/p>\n<p>[\/et_pb_text][\/et_pb_column][\/et_pb_row][\/et_pb_section]<\/p>\n","protected":false},"excerpt":{"rendered":"<p>Confer\u00e8ncies11 de maigValdimar HafsteinUnversity of Island &#8220;De les cultures vives al patrimoni cultural: el branding patrimonial de Skyr&#8221; L\u2019Skyr, un producte lacti agre d&#8217;Isl\u00e0ndia i un aliment b\u00e0sic quotidi\u00e0 de la dieta islandesa, ha assolit recentment l&#8217;estatus de patrimoni. El seu m\u00e0rqueting nacional i internacional emergeix en una continu\u00eftat des de la literatura medieval fins [&hellip;]<\/p>\n","protected":false},"author":1,"featured_media":0,"parent":0,"menu_order":15,"comment_status":"closed","ping_status":"closed","template":"","meta":{"_et_pb_use_builder":"on","_et_pb_old_content":"","_et_gb_content_width":"","footnotes":""},"class_list":["post-727","page","type-page","status-publish","hentry"],"_links":{"self":[{"href":"https:\/\/www.ub.edu\/congrespci\/ca\/wp-json\/wp\/v2\/pages\/727","targetHints":{"allow":["GET"]}}],"collection":[{"href":"https:\/\/www.ub.edu\/congrespci\/ca\/wp-json\/wp\/v2\/pages"}],"about":[{"href":"https:\/\/www.ub.edu\/congrespci\/ca\/wp-json\/wp\/v2\/types\/page"}],"author":[{"embeddable":true,"href":"https:\/\/www.ub.edu\/congrespci\/ca\/wp-json\/wp\/v2\/users\/1"}],"replies":[{"embeddable":true,"href":"https:\/\/www.ub.edu\/congrespci\/ca\/wp-json\/wp\/v2\/comments?post=727"}],"version-history":[{"count":0,"href":"https:\/\/www.ub.edu\/congrespci\/ca\/wp-json\/wp\/v2\/pages\/727\/revisions"}],"wp:attachment":[{"href":"https:\/\/www.ub.edu\/congrespci\/ca\/wp-json\/wp\/v2\/media?parent=727"}],"curies":[{"name":"wp","href":"https:\/\/api.w.org\/{rel}","templated":true}]}}