{"id":706,"date":"2021-11-12T15:44:51","date_gmt":"2021-11-12T13:44:51","guid":{"rendered":"https:\/\/www.ub.edu\/congrespci\/mesas-redondas\/"},"modified":"2022-05-02T12:36:58","modified_gmt":"2022-05-02T10:36:58","slug":"mesas-redondas","status":"publish","type":"page","link":"https:\/\/www.ub.edu\/congrespci\/en\/mesas-redondas\/","title":{"rendered":"Round Tables"},"content":{"rendered":"<p>[et_pb_section fb_built=&#8221;1&#8243; _builder_version=&#8221;4.10.5&#8243; _module_preset=&#8221;default&#8221; global_colors_info=&#8221;{}&#8221;][et_pb_row _builder_version=&#8221;4.10.5&#8243; _module_preset=&#8221;default&#8221; locked=&#8221;off&#8221; global_colors_info=&#8221;{}&#8221;][et_pb_column type=&#8221;4_4&#8243; _builder_version=&#8221;4.10.5&#8243; _module_preset=&#8221;default&#8221; global_colors_info=&#8221;{}&#8221;][et_pb_text _builder_version=&#8221;4.14.2&#8243; _module_preset=&#8221;default&#8221; text_font=&#8221;Roboto|700|||||||&#8221; text_font_size=&#8221;4em&#8221; text_orientation=&#8221;right&#8221; global_colors_info=&#8221;{}&#8221;]<\/p>\n<p>\u200bRound Tables<\/p>\n<p>[\/et_pb_text][\/et_pb_column][\/et_pb_row][et_pb_row column_structure=&#8221;2_5,3_5&#8243; _builder_version=&#8221;4.10.5&#8243; _module_preset=&#8221;default&#8221; global_colors_info=&#8221;{}&#8221; locked=&#8221;off&#8221;][et_pb_column type=&#8221;2_5&#8243; _builder_version=&#8221;4.10.5&#8243; _module_preset=&#8221;default&#8221; global_colors_info=&#8221;{}&#8221;][et_pb_image src=&#8221;https:\/\/www.ub.edu\/congrespci\/wp-content\/uploads\/2021\/11\/turisme_m.jpg&#8221; title_text=&#8221;turisme_m&#8221; _builder_version=&#8221;4.13.1&#8243; _module_preset=&#8221;default&#8221; global_colors_info=&#8221;{}&#8221;][\/et_pb_image][\/et_pb_column][et_pb_column type=&#8221;3_5&#8243; _builder_version=&#8221;4.10.5&#8243; _module_preset=&#8221;default&#8221; global_colors_info=&#8221;{}&#8221;][et_pb_text _builder_version=&#8221;4.14.5&#8243; _module_preset=&#8221;default&#8221; height=&#8221;11vh&#8221; hover_enabled=&#8221;0&#8243; global_colors_info=&#8221;{}&#8221; sticky_enabled=&#8221;0&#8243;]<\/p>\n<h2>CREATIVE TOURISM AND ICH<\/h2>\n<h3>Moderators: Alexandra Georgescu and Pilar Leal<\/h3>\n<p>[\/et_pb_text][et_pb_text _builder_version=&#8221;4.14.5&#8243; _module_preset=&#8221;default&#8221; hover_enabled=&#8221;0&#8243; global_colors_info=&#8221;{}&#8221; sticky_enabled=&#8221;0&#8243;]<\/p>\n<p>Participants:\u00a0<\/p>\n<p>&#8211; <strong>Caroline Couret<\/strong>, fundadora y directora del Creative Tourism Network<\/p>\n<p>&#8211; <strong>Diana Marcela Zuluaga Guerra<\/strong>, CEO y co-fundadora de 5Bogota y creadora de contenido<\/p>\n<p>&#8211; <strong>Marta Pahissa Morata<\/strong>, Cap a Mar: Experiencias marineras en Barcelona<\/p>\n<p>&#8211; <strong>Jos\u00e9 Molina<\/strong>, Jefe de Servicio de Planificaci\u00f3n y Control de la Secretar\u00eda General T\u00e9cnica, Consejer\u00eda de Turismo, Industria y Comercio de Canarias.<\/p>\n<p>[\/et_pb_text][\/et_pb_column][\/et_pb_row][\/et_pb_section]<\/p>\n","protected":false},"excerpt":{"rendered":"<p>\u200bRound TablesCREATIVE TOURISM AND ICH Moderators: Alexandra Georgescu and Pilar LealParticipants:\u00a0 &#8211; Caroline Couret, fundadora y directora del Creative Tourism Network &#8211; Diana Marcela Zuluaga Guerra, CEO y co-fundadora de 5Bogota y creadora de contenido &#8211; Marta Pahissa Morata, Cap a Mar: Experiencias marineras en Barcelona &#8211; Jos\u00e9 Molina, Jefe de Servicio de Planificaci\u00f3n y [&hellip;]<\/p>\n","protected":false},"author":1,"featured_media":0,"parent":0,"menu_order":16,"comment_status":"closed","ping_status":"closed","template":"","meta":{"_et_pb_use_builder":"on","_et_pb_old_content":"","_et_gb_content_width":"","footnotes":""},"class_list":["post-706","page","type-page","status-publish","hentry"],"_links":{"self":[{"href":"https:\/\/www.ub.edu\/congrespci\/en\/wp-json\/wp\/v2\/pages\/706","targetHints":{"allow":["GET"]}}],"collection":[{"href":"https:\/\/www.ub.edu\/congrespci\/en\/wp-json\/wp\/v2\/pages"}],"about":[{"href":"https:\/\/www.ub.edu\/congrespci\/en\/wp-json\/wp\/v2\/types\/page"}],"author":[{"embeddable":true,"href":"https:\/\/www.ub.edu\/congrespci\/en\/wp-json\/wp\/v2\/users\/1"}],"replies":[{"embeddable":true,"href":"https:\/\/www.ub.edu\/congrespci\/en\/wp-json\/wp\/v2\/comments?post=706"}],"version-history":[{"count":0,"href":"https:\/\/www.ub.edu\/congrespci\/en\/wp-json\/wp\/v2\/pages\/706\/revisions"}],"wp:attachment":[{"href":"https:\/\/www.ub.edu\/congrespci\/en\/wp-json\/wp\/v2\/media?parent=706"}],"curies":[{"name":"wp","href":"https:\/\/api.w.org\/{rel}","templated":true}]}}