{"id":129,"date":"2021-09-01T16:50:53","date_gmt":"2021-09-01T14:50:53","guid":{"rendered":"https:\/\/www.ub.edu\/congrespci\/?page_id=129"},"modified":"2022-04-27T21:16:06","modified_gmt":"2022-04-27T19:16:06","slug":"simposios","status":"publish","type":"page","link":"https:\/\/www.ub.edu\/congrespci\/simposios\/","title":{"rendered":"Simposios"},"content":{"rendered":"<p>[et_pb_section fb_built=\u00bb1&#8243; _builder_version=\u00bb4.10.5&#8243; _module_preset=\u00bbdefault\u00bb collapsed=\u00bboff\u00bb global_colors_info=\u00bb{}\u00bb][et_pb_row _builder_version=\u00bb4.10.5&#8243; _module_preset=\u00bbdefault\u00bb locked=\u00bboff\u00bb global_colors_info=\u00bb{}\u00bb][et_pb_column type=\u00bb4_4&#8243; _builder_version=\u00bb4.10.5&#8243; _module_preset=\u00bbdefault\u00bb global_colors_info=\u00bb{}\u00bb][et_pb_text _builder_version=\u00bb4.10.5&#8243; _module_preset=\u00bbdefault\u00bb text_font=\u00bbRoboto|700|||||||\u00bb text_font_size=\u00bb4em\u00bb text_orientation=\u00bbright\u00bb global_colors_info=\u00bb{}\u00bb]<\/p>\n<p>Simposios<\/p>\n<p>[\/et_pb_text][et_pb_text _builder_version=\u00bb4.10.5&#8243; _module_preset=\u00bbdefault\u00bb global_colors_info=\u00bb{}\u00bb]<\/p>\n<p>Se llevar\u00e1n a cabo 10 simposios abiertos a comunicaciones que sean atingentes a las tem\u00e1ticas que cada uno plantea.<\/p>\n<p>[\/et_pb_text][\/et_pb_column][\/et_pb_row][et_pb_row column_structure=\u00bb1_3,1_3,1_3&#8243; use_custom_gutter=\u00bbon\u00bb make_equal=\u00bbon\u00bb _builder_version=\u00bb4.10.5&#8243; _module_preset=\u00bbdefault\u00bb border_width_top=\u00bb1px\u00bb locked=\u00bboff\u00bb global_colors_info=\u00bb{}\u00bb][et_pb_column type=\u00bb1_3&#8243; _builder_version=\u00bb4.10.5&#8243; _module_preset=\u00bbdefault\u00bb global_colors_info=\u00bb{}\u00bb][et_pb_image src=\u00bbhttps:\/\/www.ub.edu\/congrespci\/wp-content\/uploads\/2021\/12\/simposios_mm.jpg\u00bb title_text=\u00bbsimposios_mm\u00bb _builder_version=\u00bb4.14.2&#8243; _module_preset=\u00bbdefault\u00bb global_colors_info=\u00bb{}\u00bb][\/et_pb_image][\/et_pb_column][et_pb_column type=\u00bb1_3&#8243; _builder_version=\u00bb4.10.5&#8243; _module_preset=\u00bbdefault\u00bb global_colors_info=\u00bb{}\u00bb][et_pb_toggle title=\u00bbSIMPOSIO 1: Sostenibilidad cultural: PCI creando bienestar \u00bb admin_label=\u00bb1&#8243; _builder_version=\u00bb4.14.2&#8243; _module_preset=\u00bbdefault\u00bb global_colors_info=\u00bb{}\u00bb]<\/p>\n<p><strong>Coordinaci\u00f3n:<br \/>Michael Atwood Mason: <a href=\"mailto:michaelatwoodm@gmail.com\">michaelatwoodm@gmail.com<\/a><br \/><\/strong><strong>Meritxell Martin-Pardo: <a href=\"mailto:txellmp@gmail.com\">txellmp@gmail.com<\/a><\/strong><\/p>\n<p>En los u\u0301ltimos an\u0303os, la sostenibilidad cultural ha surgido como una alternativa a las formas ma\u0301s estandarizadas de proteccio\u0301n del patrimonio cultural inmaterial (PCI). La sostenibilidad cultural es una pra\u0301ctica de investigacio\u0301n reci\u0301proca que fomenta las relaciones, genera conocimiento sobre el contexto sociocultural y gui\u0301a diversas intervenciones e\u0301ticas que mejoran la vitalidad de comunidades especi\u0301ficas y\/o aspectos apreciados de su patrimonio cultural. Una diferencia clave en este enfoque innovador es que no so\u0301lo se centra en la vitalidad de las formas de PCI, sino tambie\u0301n en el bienestar de las comunidades que valoran ese PCI. \u00bfCo\u0301mo varios practicantes del PCI lo han utilizado para aumentar la sensacio\u0301n de diferentes tipos de bienestar? Muchos esfuerzos se han centrado en el desarrollo del PCI para apoyar el turismo sostenible y otras formas de desarrollo comunitario y, en los Estados Unidos, varias organizaciones se han centrado en los beneficios para la salud de la participacio\u0301n en formas de arte basadas en la comunidad. De hecho, la investigacio\u0301n ha demostrado una correlacio\u0301n directa entre el uso de lenguas heredadas y la salud fi\u0301sica y mental. De manera similar, algunas organizaciones han adoptado el PCI como un mecanismo para apoyar los esfuerzos de justicia social. Y otros se han centrado en la migracio\u0301n forzada como un proceso en el que imbuir nuevos significados al PCI. Ya sea a trave\u0301s del desarrollo econo\u0301mico y la cohesio\u0301n social o la mejora de la salud de las personas mayores y la justicia social para los grupos marginados, las comunidades pueden utilizar el PCI para aumentar el bienestar mientras buscan dar forma a su presente y su futuro.<\/p>\n<p><em>Se aceptara\u0301n comunicaciones relacionadas con experiencias de sostenibilidad cultural, experiencias de utilizacio\u0301n del PCI para el bienestar social, la interrelacio\u0301n con el turismo sostenible y el uso del PCI como elemento de cohesio\u0301n social, entre otros temas.<\/em><\/p>\n<p>[\/et_pb_toggle][et_pb_toggle title=\u00bbSIMPOSIO 3: Buenas pra\u0301cticas en socializacio\u0301n del patrimonio cultural inmaterial\u00bb admin_label=\u00bb3&#8243; _builder_version=\u00bb4.14.5&#8243; _module_preset=\u00bbdefault\u00bb global_colors_info=\u00bb{}\u00bb]<\/p>\n<p><strong>Coordinaci\u00f3n:<\/strong><br \/><strong>Antoni Rojas Rabaneda (Institut Catal\u00e0 de Recerca en Patrimoni Cultural i Universitat de Girona): <a href=\"mailto:arojas@icrpc.cat\">arojas@icrpc.cat<\/a> <\/strong><br \/><strong>Jordi Montllo\u0301 Bolart (Institut Catal\u00e0 de Recerca en Patrimoni Cultural i Universitat de Girona): <a href=\"mailto:jordimontllo@gmail.com\">jordimontllo@gmail.com<\/a><\/strong><\/p>\n<p>La Convencio\u0301n de Pari\u0301s del 2003, para la Salvaguardia del Patrimonio Cultural Inmaterial, de la UNESCO ha situado a las comunidades como principales protagonistas de sus manifestaciones. Ha vinculado el concepto de salvaguardia al de sostenibilidad social, econo\u0301mica y cultural. La implementacio\u0301n del Registro de buenas pra\u0301cticas de salvaguardia responde a la necesidad de potenciar programas, proyectos y actividades que mejor reflejen los principios y objetivos de la Convencio\u0301n. El reconocimiento del PCI como una herramienta de activacio\u0301n cultural y econo\u0301mica se ha incrementado en estos 18 an\u0303os, pero queda un largo camino por recorrer a partir de la conceptualizacio\u0301n de propuestas creativas e innovadoras para su puesta en valor. El objetivo de este simposio es dar a conocer acciones de salvaguarda y socializacio\u0301n del patrimonio cultural inmaterial (PCI), segu\u0301n el amplio concepto definido en la Convencio\u0301n, visibilizar dichas acciones y generar debate cienti\u0301fico entre los participantes y asistentes del simposio.<\/p>\n<p><em>Se aceptar\u00e1n comunicaciones que constituyan ejemplos de buenas pr\u00e1cticas y acciones innovadoras de puesta en valor y salvaguarda del PCI.<\/em><\/p>\n<p>&nbsp;<\/p>\n<p>[\/et_pb_toggle][et_pb_toggle title=\u00bbSIMPOSIO 5: Estrategias digitales para la puesta en valor del PCI: redes sociales, museos virtuales, e-inventarios\u00bb admin_label=\u00bb5&#8243; _builder_version=\u00bb4.14.2&#8243; _module_preset=\u00bbdefault\u00bb global_colors_info=\u00bb{}\u00bb]<\/p>\n<p><strong>Coordinaci\u00f3n:<br \/><\/strong><strong>Marta Rico In\u0303igo (Universitat de Barcelona): <a href=\"mailto:martarico@ub.edu\">martarico@ub.edu<\/a><br \/>Mari\u0301a Royuela Maldonado (Universitat de Barcelona): <a href=\"mailto:ma.royuela.m@gmail.com\">ma.royuela.m@gmail.com<\/a><\/strong><\/p>\n<p>La digitalizacio\u0301n es parte de la realidad social, llegando tambie\u0301n al a\u0301mbito de los museos y la gestio\u0301n del patrimonio cultural inmaterial. En este simposio queremos establecer un dia\u0301logo entre diferentes experiencias que muestren el uso de las herramientas digitales como las redes sociales, la virtualizacio\u0301n de los museos o los inventarios digitales para compartir y expresar este PCI. En este sentido, se tratari\u0301a de mostrar iniciativas que desarrollen experiencias entorno a la realidad virtual, la participacio\u0301n ciudadana a trave\u0301s de los medios digitales, el desarrollo de iniciativas colaborativas, etc. siempre teniendo en cuento el medio digital.<\/p>\n<p><em>Se aceptara\u0301n comunicaciones sobre experiencias de uso de las herramientas digitales para la preservacio\u0301n y divulgacio\u0301n del PCI: redes sociales, museos virtuales, experiencias de realidad virtual, etc. Especialmente significativas sera\u0301n las experiencias que tengan relacio\u0301n con el uso de estos elementos como substituciones durante el peri\u0301odo de la pandemia.<\/em><\/p>\n<p>[\/et_pb_toggle][et_pb_toggle title=\u00bbSIMPOSIO 7: La musealizacio\u0301n del patrimonio inmaterial\u00bb admin_label=\u00bb7&#8243; _builder_version=\u00bb4.14.2&#8243; _module_preset=\u00bbdefault\u00bb global_colors_info=\u00bb{}\u00bb]<\/p>\n<p><strong>Coordinaci\u00f3n:<\/strong><br \/><strong>I\u00f1aki Arrieta- Urtizberea (Universidad del Pa\u00eds Vasco\/Euskal Herriko Unibertsitea): <a href=\"mailto:i.arrieta@ehu.eus\">i.arrieta@ehu.eus<\/a><\/strong><br \/><strong>Yadur Gonz\u00e1lez (CETT-Universitat de Barcelona) <a href=\"mailto:yadurg@hotmail.com\">yadurg@hotmail.com<\/a><\/strong><\/p>\n<p>En los \u00faltimos a\u00f1os ha habido un inter\u00e9s creciente por salvaguardar la PCI, derivado de la homogeneizaci\u00f3n cultural y de los procesos patrimoniales de activaci\u00f3n y reinvenci\u00f3n que se han ido produciendo en estos tiempos de globalizaci\u00f3n. La academia, las organizaciones internacionales y las instituciones p\u00fablicas y privadas han desarrollado pr\u00e1cticas y metodolog\u00edas para abordar este patrimonio y se\u00f1alar la gran importancia de su valor cultural. Este simposio pretende abrir un debate sobre los usos y la representaci\u00f3n del PCI dentro de los museos, teniendo en cuenta el grado de abstracci\u00f3n y la evoluci\u00f3n constante de significados que plantea este patrimonio: \u00bfc\u00f3mo exponer?, \u00bfcon qu\u00e9 t\u00e9cnicas museogr\u00e1ficas?, \u00bfcon qu\u00e9 colecciones?; \u00bfqu\u00e9 recursos t\u00e9cnicos se pueden utilizar?, \u00bfc\u00f3mo los museos pueden contribuir a la gesti\u00f3n del patrimonio inmaterial?<\/p>\n<p><em>Se aceptar\u00e1n comunicaciones que expliquen experiencias relacionadas con la musealizaci\u00f3n del PCI, tanto en sus aspectos museol\u00f3gicos como museogr\u00e1ficos, usos de varias tecnolog\u00edas, narrativas y objetos utilizados<\/em><\/p>\n<p>[\/et_pb_toggle][et_pb_toggle title=\u00bbSIMPOSIO 9: Patrimonio biocultural: estrategias de puesta en valor frente a las crisis emergentes\u00bb admin_label=\u00bb9&#8243; _builder_version=\u00bb4.14.2&#8243; _module_preset=\u00bbdefault\u00bb global_colors_info=\u00bb{}\u00bb]<\/p>\n<p><strong>Coordinaci\u00f3n:<\/strong><br \/><strong>Claudia Ranaboldo (Diversidad &amp;Desarrollo \/ Plataforma Diversidad Biocultural y Territorios): <a href=\"mailto:cranaboldo@gmail.com\">cranaboldo@gmail.com<\/a><br \/>Isidro Soloaga (Universidad Iberoamericana, Me\u0301xico): <a href=\"mailto:isidro.soloaga@ibero.mx\">isidro.soloaga@ibero.mx<\/a><\/strong><\/p>\n<p>El Simposio se focalizara\u0301 en presentar respuestas innovadoras y virtuosas de la valorizacio\u0301n del patrimonio biocultural frente a las crisis vinculadas a la pandemia COVID-19 y al cambio clima\u0301tico. Se buscara\u0301 discutir estrategias de resiliencia y adaptacio\u0301n basadas en la biodiversidad y el patrimonio cultural en relacio\u0301n con esos factores perturbadores de magnitud. El abordaje incluira\u0301 varios actores y niveles, desde la accio\u0301n colectiva territorial y ciudadana hasta los a\u0301mbitos de poli\u0301ticas pu\u0301blicas, pasando por las apuestas corporativas-empresariales y los nuevos desafi\u0301os de la academia. Se pondra\u0301 especial atencio\u0301n en las iniciativas que puedan ser escaladas y el rol movilizador y cohesionador del patrimonio inmaterial en estos escenarios y procesos.<\/p>\n<p><em>Se aceptara\u0301n comunicaciones que narren o reflexionen sobre experiencias relacionadas con el patrimonio biocultural y sus usos durante la pandemia, y sus capacidades de accio\u0301n territorial y comunitaria.<\/em><\/p>\n<p>[\/et_pb_toggle][\/et_pb_column][et_pb_column type=\u00bb1_3&#8243; _builder_version=\u00bb4.10.5&#8243; _module_preset=\u00bbdefault\u00bb global_colors_info=\u00bb{}\u00bb][et_pb_toggle title=\u00bbSIMPOSIO 2: Turismo 3.0. El patrimonio cultural inmaterial en el centro de la experiencia turi\u0301stica\u00bb admin_label=\u00bb2&#8243; _builder_version=\u00bb4.14.5&#8243; _module_preset=\u00bbdefault\u00bb hover_enabled=\u00bb0&#8243; global_colors_info=\u00bb{}\u00bb sticky_enabled=\u00bb0&#8243;]<\/p>\n<p><strong>Coordinaci\u00f3n:<br \/><\/strong><strong>Alexandra Georgescu Paquin (Universitat de Barcelona): <a href=\"mailto:alexandrageorgescu@ub.edu\">alexandrageorgescu@ub.edu<\/a><\/strong><br \/><strong>Jordi Arcos Pumarola (CETT-Universitat de Barcelona): <a href=\"mailto:jordi.arcos@cett.cat\">jordi.arcos@cett.cat<\/a><\/strong><br \/><strong>Maria del Pilar Leal London\u0303o (CETT-Universitat de Barcelona): <a href=\"mailto:mpilar.leal@cett.cat\">mpilar.leal@cett.cat<\/a>\u00a0<\/strong><\/p>\n<p>La estrecha relacio\u0301n entre turismo y cultura genera una dina\u0301mica consistente en identificar y encontrar cada vez ma\u0301s elementos de atraccio\u0301n en las expresiones culturales para su inclusio\u0301n en la lo\u0301gica turi\u0301stica. De este modo, el turismo cultural basado inicialmente en recursos materiales como el patrimonio construido o el arte, elementos que generan una relacio\u0301n contemplativa con el visitante, ha integrado en la actualidad experiencias donde el visitante vive la cultura de primera mano gracias a la creacio\u0301n de nuevos productos turi\u0301sticos. Asi\u0301, el patrimonio inmaterial toma cada vez ma\u0301s importancia en la propuesta turi\u0301stica. Esto se ha acentuado a causa de la pandemia, ya que ha provocado un movimiento hacia las culturas locales y el turismo de proximidad. En este sentido es necesario considerar cuestiones como su gestio\u0301n turi\u0301stica, el uso de las nuevas tecnologi\u0301as y la percepcio\u0301n de autenticidad, entre otros, para asegurar un futuro sostenible para los destinos turi\u0301sticos.<\/p>\n<p><em>Se aceptara\u0301n comunicaciones de experiencias de interrelacio\u0301n del PCI con el turismo, la gestio\u0301n turi\u0301stica del PCI y los retos, desafi\u0301os y problemas del PCI ante su utilizacio\u0301n turi\u0301stica.<\/em><\/p>\n<p>[\/et_pb_toggle][et_pb_toggle title=\u00bbSIMPOSIO 4: Enfoques decoloniales para el patrimonio inmaterial\u00bb admin_label=\u00bb4&#8243; _builder_version=\u00bb4.14.5&#8243; _module_preset=\u00bbdefault\u00bb global_colors_info=\u00bb{}\u00bb]<\/p>\n<p><strong>Coordinaci\u00f3n:<\/strong><br \/><strong>A\u0301ngeles Castan\u0303o Madron\u0303al (Universidad de Sevilla): <a href=\"mailto:angelescastano@tutanota.com\">angelescastano@tutanota.com <\/a><\/strong><br \/><strong>Fabien Van Geert (Universite\u0301 Sorbonne Nouvelle): <a href=\"mailto:fabien.van-geert@sorbonne- nouvelle.fr\">fabien.van-geert@sorbonne- nouvelle.fr <\/a><\/strong><br \/><strong>Omar Guzma\u0301n Ralat (Universitat de Barcelona): <a href=\"mailto:orgralat@gmail.com\">orgralat@gmail.com<\/a><\/strong><\/p>\n<p>El \u201cgiro decolonial\u201d en el \u00e1mbito del patrimonio cultural es un reto para la concepci\u00f3n, gesti\u00f3n e interpretaci\u00f3n patrimonial. Una oportunidad de renovaci\u00f3n epistemol\u00f3gica que se ha ido construyendo sobre dos ejes fundamentales de debate sobre la naturaleza del patrimonio material mueble e inmueble: procesos de restituci\u00f3n de piezas muse\u00edsticas y cuestionamiento de monumentos en espacios p\u00fablicos. El patrimonio cultural inmaterial construye significados sensibles que pone en jaque los procesos de institucionalizaci\u00f3n, retando a las posiciones cr\u00edticas, incluyendo decoloniales, a la superaci\u00f3n de los l\u00edmites de la colonialidad y sus formas. La seleccio\u0301n, dominada por (auto)representaciones de exclusividad\/exclusi\u00f3n en las posiciones de indigenizacio\u0301n vs. hegemoni\u0301a nacional, centra un juego discursivo que no logra alterarla, en detrimento de la diversidad. Analizar y reflexionar sobre el PCI que refuerza la colonialidad o reta el paradigma te\u00f3rico, y sobre la decolonizacio\u0301n de los procesos mismos de patrimonializacio\u0301n es una necesidad imperante.<\/p>\n<p><em>Se aceptara\u0301n comunicaciones que presente experiencias o debates de decolonizacio\u0301n en museos, asociaciones y sociedades ind\u00edgenas.<\/em><\/p>\n<p>[\/et_pb_toggle][et_pb_toggle title=\u00bbSIMPOSIO 6: El PCI desde un enfoque interseccional: ge\u0301nero, raza y clase\u00bb admin_label=\u00bb6&#8243; _builder_version=\u00bb4.14.2&#8243; _module_preset=\u00bbdefault\u00bb global_colors_info=\u00bb{}\u00bb]<\/p>\n<p><strong>Coordinaci\u00f3n:<br \/><\/strong><strong>Camila del Ma\u0301rmol Cartan\u0303a (Universitat de Barcelona): <a href=\"mailto:cdelmarmol@ub.edu\">cdelmarmol@ub.edu<\/a><br \/>Fabiola Mancinelli (Universitat de Barcelona): <a href=\"mailto:fabiolamancinelli@ub.edu\">fabiolamancinelli@ub.edu<\/a><\/strong><\/p>\n<p>Este simposio busca explorar las distintas intersecciones de ge\u0301nero, etnia, clase, y otras posibles fuentes de desigualdad y opresio\u0301n que atraviesan los procesos de patrimonializacio\u0301n en nuestro mundo contempora\u0301neo. Con una mirada puesta en los contextos de produccio\u0301n econo\u0301micos y poli\u0301ticos, pero tambie\u0301n culturales y afectivos, que determinan la seleccio\u0301n de patrimonios, nos interesa crear un espacio de discusio\u0301n que permita contraponer co\u0301mo los distintos sistemas de explotacio\u0301n y opresio\u0301n producen configuraciones patrimoniales y alineaciones diversas de los usos del pasado local dando lugar a una destilacio\u0301n histo\u0301rica de las dina\u0301micas sociales de desigualdad en cada contexto. El patrimonio, desde esta perspectiva, puede ser co\u0301mplice de complejas naturalizaciones del racismo, la violencia de ge\u0301nero o de la explotacio\u0301n de amplios sectores de la poblacio\u0301n que hayan tenido lugar histo\u0301ricamente en el contexto de los distintos estados nacio\u0301n, inmersos a su vez en las complejas configuraciones de dominacio\u0301n colonial desarrolladas a trave\u0301s de los siglos. Igualmente, los complejos ensamblajes patrimoniales contempora\u0301neos pueden convertirse en campos de batalla para la lucha de distintos colectivos que reclaman la subversio\u0301n de los ca\u0301nones de explotacio\u0301n y desigualdad.<\/p>\n<p><em>Se aceptara\u0301n comunicaciones que tengan que ver con los debates en relacio\u0301n a las dina\u0301micas de desigualdad de ge\u0301nero, etnia y clase, mostrando las diversas configuraciones y conflictos relacionados con el PCI.<\/em><\/p>\n<p>[\/et_pb_toggle][et_pb_toggle title=\u00bbSIMPOSIO 8: Impacto de la Covid-19 en el PCI\u00bb admin_label=\u00bb8&#8243; _builder_version=\u00bb4.14.2&#8243; _module_preset=\u00bbdefault\u00bb global_colors_info=\u00bb{}\u00bb]<\/p>\n<p><strong>Coordinaci\u00f3n:<br \/><\/strong><strong>Llui\u0301s Bellas Melgosa (Universitat de Barcelona): <a href=\"mailto:lluisbellas@ub.edu\">lluisbellas@ub.edu<\/a><br \/>Guillermo Soler de Oteyza (Limonium SL ): <a href=\"mailto:guillesoler@yahoo.com\">guillesoler@yahoo.com<\/a><\/strong><\/p>\n<p>El impacto de la Covid-19 a nivel mundial ha generado una de las mayores crisis sociales, poli\u0301ticas y econo\u0301micas de la historia reciente y esta\u0301n afectando a mu\u0301ltiples dimensiones de la vida, entre ellas el patrimonio cultural inmaterial (PCI). Las restricciones sanitarias han puesto en jaque un patrimonio profundamente ligado a las personas y a las comunidades, como lo es el PCI, que lo transmiten y le dan continuidad. Las comunidades han sufrido pe\u0301rdidas econo\u0301micas, suspensio\u0301n de sus rituales y profundos efectos psicolo\u0301gicos deriva\u0301ndose en conflictos sociales abiertos. Parado\u0301jicamente esta crisis global tambie\u0301n esta\u0301 generando un gran impulso a la creatividad con la reinvencio\u0301n de pra\u0301cticas culturales por parte de las comunidades. Cabe sen\u0303alar tambie\u0301n que las comunidades han potenciado el uso de tecnologi\u0301as y herramientas digitales para transmitir sus conocimientos, divulgar sus pra\u0301cticas a trave\u0301s de museos virtuales, vender sus artesani\u0301as en formatos e-commerce o retransmitir sus rituales por redes sociales. La virtualidad ha permitido pues una nueva forma de continuidad para la transmisio\u0301n, sensibilizacio\u0301n y recreacio\u0301n del PCI. Este simposio se propone reflexionar sobre las mu\u0301ltiples respuestas de las comunidades al impacto de la Covid-19 en el Patrimonio Cultural Inmaterial (conflictos, adaptaciones, reinvenciones, resiliencias, etc.) y las propuestas para su sostenibilidad futura.<\/p>\n<p><em>Se aceptara\u0301n comunicaciones que expliquen o reflexionen sobre experiencias relacionadas con los efectos de la COVID durante el peri\u0301odo de la pandemia, su capacidad de resiliencia y transformacio\u0301n, asi\u0301 como los retos y desafi\u0301os que se presentan para el PCI en el futuro.<\/em><\/p>\n<p>[\/et_pb_toggle][et_pb_toggle title=\u00bbSIMPOSIO10: Poli\u0301ticas de gestio\u0301n del patrimonio inmaterial: poli\u0301ticas pu\u0301blicas, papel de las asociaciones, gobernanza i participacio\u0301n\u00bb admin_label=\u00bb10&#8243; _builder_version=\u00bb4.14.2&#8243; _module_preset=\u00bbdefault\u00bb global_colors_info=\u00bb{}\u00bb]<\/p>\n<p><strong data-mce-fragment=\"1\">Coordinaci\u00f3n:<\/strong>\u200b<br \/><strong>Alejandra Canals Ossul (Universitat de Barcelona): <a href=\"mailto:alejandra_canals@ub.edu\">alejandra_canals@ub.edu <\/a><\/strong><br \/><strong>Mireia Guil Egea (Universitat de Barcelona): <a href=\"mailto:mguil@ub.edu\">mguil@ub.edu <\/a><\/strong><br \/><strong>Elodia Herna\u0301ndez Leo\u0301n (Universidad Pablo Olavide): <a href=\"mailto:eherleo@upo.es\">eherleo@upo.es<\/a><\/strong><\/p>\n<p>La Convencio\u0301n para la Salvaguarda del Patrimonio Cultural Inmaterial (2003) inaugura un nuevo paradigma en relacio\u0301n con las poli\u0301ticas pu\u0301blicas aplicadas a la gestio\u0301n de este \u201cnuevo\u201d patrimonio. La ratificacio\u0301n de este documento implica que los Estados parte se comprometan a adoptar una serie de medidas para gestionar y salvaguardar su patrimonio cultural inmaterial (PCI). Ello comporta, por una parte, una normativizacio\u0301n en cuanto a lo que se entiende por salvaguarda de conocimientos y pra\u0301cticas reconocidas desde ahora como PCI, y por otra, una serie de tensiones fruto de las interpretaciones y traducciones diversas que los Estados efectu\u0301an respecto de los postulados y acciones que estipula la Convencio\u0301n. Uno de los conceptos clave de la Convencio\u0301n es el de participacio\u0301n, del cual se desprende una estrategia que apunta a la descentralizacio\u0301n poli\u0301tica y la gobernanza en torno a la identificacio\u0301n y salvaguarda del PCI. Ello, sin embargo, supone importantes desafi\u0301os en cuanto a la creacio\u0301n de estructuras y metodologi\u0301as que se implementen para este fin, la efectiva inclusio\u0301n de la diversidad de agentes involucrados en procesos vinculantes, la emergencia de conflictos y visiones diferentes y el riesgo de que la burocratizacio\u0301n de estos procesos excluya a aquellos actores que no formen parte del discurso patrimonial autorizado.<\/p>\n<p><em>Se aceptara\u0301n comunicaciones que efectu\u0301en ana\u0301lisis de los procesos de participacio\u0301n que se articulan en los diferentes regi\u0301menes patrimoniales en torno a la identificacio\u0301n y salvaguarda del PCI, los roles y relaciones que se establecen entre los diversos actores (instituciones, te\u0301cnicos, asociaciones, entre otros) que participan de estos y los resultados que emanan de dichas iniciativas en cuanto a la puesta en valor y salvaguarda del PCI.<\/em><\/p>\n<p>[\/et_pb_toggle][\/et_pb_column][\/et_pb_row][\/et_pb_section]<\/p>\n","protected":false},"excerpt":{"rendered":"<p>SimposiosSe llevar\u00e1n a cabo 10 simposios abiertos a comunicaciones que sean atingentes a las tem\u00e1ticas que cada uno plantea.Coordinaci\u00f3n:Michael Atwood Mason: michaelatwoodm@gmail.comMeritxell Martin-Pardo: txellmp@gmail.com En los u\u0301ltimos an\u0303os, la sostenibilidad cultural ha surgido como una alternativa a las formas ma\u0301s estandarizadas de proteccio\u0301n del patrimonio cultural inmaterial (PCI). La sostenibilidad cultural es una pra\u0301ctica de [&hellip;]<\/p>\n","protected":false},"author":1,"featured_media":0,"parent":0,"menu_order":27,"comment_status":"closed","ping_status":"closed","template":"","meta":{"_et_pb_use_builder":"on","_et_pb_old_content":"","_et_gb_content_width":"","footnotes":""},"class_list":["post-129","page","type-page","status-publish","hentry"],"_links":{"self":[{"href":"https:\/\/www.ub.edu\/congrespci\/wp-json\/wp\/v2\/pages\/129","targetHints":{"allow":["GET"]}}],"collection":[{"href":"https:\/\/www.ub.edu\/congrespci\/wp-json\/wp\/v2\/pages"}],"about":[{"href":"https:\/\/www.ub.edu\/congrespci\/wp-json\/wp\/v2\/types\/page"}],"author":[{"embeddable":true,"href":"https:\/\/www.ub.edu\/congrespci\/wp-json\/wp\/v2\/users\/1"}],"replies":[{"embeddable":true,"href":"https:\/\/www.ub.edu\/congrespci\/wp-json\/wp\/v2\/comments?post=129"}],"version-history":[{"count":0,"href":"https:\/\/www.ub.edu\/congrespci\/wp-json\/wp\/v2\/pages\/129\/revisions"}],"wp:attachment":[{"href":"https:\/\/www.ub.edu\/congrespci\/wp-json\/wp\/v2\/media?parent=129"}],"curies":[{"name":"wp","href":"https:\/\/api.w.org\/{rel}","templated":true}]}}