{"id":203,"date":"2021-11-12T15:14:47","date_gmt":"2021-11-12T13:14:47","guid":{"rendered":"https:\/\/www.ub.edu\/congrespci\/?page_id=203"},"modified":"2021-12-02T16:37:30","modified_gmt":"2021-12-02T14:37:30","slug":"presentacion","status":"publish","type":"page","link":"https:\/\/www.ub.edu\/congrespci\/presentacion\/","title":{"rendered":"Presentaci\u00f3n"},"content":{"rendered":"<p>[et_pb_section fb_built=\u00bb1&#8243; _builder_version=\u00bb4.10.5&#8243; _module_preset=\u00bbdefault\u00bb global_colors_info=\u00bb{}\u00bb][et_pb_row _builder_version=\u00bb4.10.5&#8243; _module_preset=\u00bbdefault\u00bb locked=\u00bboff\u00bb global_colors_info=\u00bb{}\u00bb][et_pb_column type=\u00bb4_4&#8243; _builder_version=\u00bb4.10.5&#8243; _module_preset=\u00bbdefault\u00bb global_colors_info=\u00bb{}\u00bb][et_pb_text _builder_version=\u00bb4.10.5&#8243; _module_preset=\u00bbdefault\u00bb text_font=\u00bbRoboto|700|||||||\u00bb text_font_size=\u00bb4em\u00bb text_orientation=\u00bbright\u00bb global_colors_info=\u00bb{}\u00bb]<\/p>\n<p>Presentaci\u00f3n<\/p>\n<p>[\/et_pb_text][\/et_pb_column][\/et_pb_row][et_pb_row column_structure=\u00bb1_3,2_3&#8243; _builder_version=\u00bb4.10.5&#8243; _module_preset=\u00bbdefault\u00bb global_colors_info=\u00bb{}\u00bb][et_pb_column type=\u00bb1_3&#8243; _builder_version=\u00bb4.10.5&#8243; _module_preset=\u00bbdefault\u00bb global_colors_info=\u00bb{}\u00bb][et_pb_image src=\u00bbhttps:\/\/www.ub.edu\/congrespci\/wp-content\/uploads\/2021\/11\/presentacio_m.jpg\u00bb title_text=\u00bbpresentacio_m\u00bb _builder_version=\u00bb4.13.1&#8243; _module_preset=\u00bbdefault\u00bb global_colors_info=\u00bb{}\u00bb][\/et_pb_image][\/et_pb_column][et_pb_column type=\u00bb2_3&#8243; _builder_version=\u00bb4.10.5&#8243; _module_preset=\u00bbdefault\u00bb global_colors_info=\u00bb{}\u00bb][et_pb_text _builder_version=\u00bb4.14.2&#8243; _module_preset=\u00bbdefault\u00bb hover_enabled=\u00bb0&#8243; global_colors_info=\u00bb{}\u00bb sticky_enabled=\u00bb0&#8243;]<\/p>\n<p>Este Congreso <em>on line<\/em> pretende tratar diversas problem\u00e1ticas relacionadas con la investigaci\u00f3n y gesti\u00f3n del patrimonio cultural inmaterial (PCI) desde una perspectiva internacional, con un especial \u00e9nfasis en sus aspectos sociales, pol\u00edticos y econ\u00f3micos. Planteado desde una perspectiva interdisciplinaria, pretende acoger tanto a investigadores como a profesionales y organizaciones dedicadas al PCI para reflexionar sobre sus distintas dimensiones: su salvaguarda, sus posibilidades tur\u00edsticas, las experiencias de buenas pr\u00e1cticas en su gesti\u00f3n, sus retos museol\u00f3gicos y sus retos de sostenibilidad, entre otros. Especialmente en el momento actual, la pandemia ha se\u00f1alado las debilidades del PCI y tambi\u00e9n su capacidad de resiliencia, lo que nos permite abordar los retos de futuro de este patrimonio.<\/p>\n<p>Esta actividad est\u00e1 vinculada al proyecto de investigaci\u00f3n <strong>\u201cPatrimonio Inmaterial y Pol\u00edticas Culturales: desaf\u00edos sociales, pol\u00edticos y museol\u00f3gicos\u201d<\/strong> (PGC2018-096190-B-I00), financiado por el Ministerio de Ciencia e Innovaci\u00f3n \/ Agencia Estatal de Investigaci\u00f3n \/ Fondo Europeo de Desarrollo Regional, Uni\u00f3n Europea, con la colaboraci\u00f3n de diversas instituciones del Estado espa\u00f1ol y de Latinoam\u00e9rica.<\/p>\n<p>[\/et_pb_text][\/et_pb_column][\/et_pb_row][\/et_pb_section]<\/p>\n","protected":false},"excerpt":{"rendered":"<p>Presentaci\u00f3nEste Congreso on line pretende tratar diversas problem\u00e1ticas relacionadas con la investigaci\u00f3n y gesti\u00f3n del patrimonio cultural inmaterial (PCI) desde una perspectiva internacional, con un especial \u00e9nfasis en sus aspectos sociales, pol\u00edticos y econ\u00f3micos. Planteado desde una perspectiva interdisciplinaria, pretende acoger tanto a investigadores como a profesionales y organizaciones dedicadas al PCI para reflexionar sobre [&hellip;]<\/p>\n","protected":false},"author":1,"featured_media":0,"parent":0,"menu_order":20,"comment_status":"closed","ping_status":"closed","template":"","meta":{"_et_pb_use_builder":"on","_et_pb_old_content":"","_et_gb_content_width":"","footnotes":""},"class_list":["post-203","page","type-page","status-publish","hentry"],"_links":{"self":[{"href":"https:\/\/www.ub.edu\/congrespci\/wp-json\/wp\/v2\/pages\/203","targetHints":{"allow":["GET"]}}],"collection":[{"href":"https:\/\/www.ub.edu\/congrespci\/wp-json\/wp\/v2\/pages"}],"about":[{"href":"https:\/\/www.ub.edu\/congrespci\/wp-json\/wp\/v2\/types\/page"}],"author":[{"embeddable":true,"href":"https:\/\/www.ub.edu\/congrespci\/wp-json\/wp\/v2\/users\/1"}],"replies":[{"embeddable":true,"href":"https:\/\/www.ub.edu\/congrespci\/wp-json\/wp\/v2\/comments?post=203"}],"version-history":[{"count":0,"href":"https:\/\/www.ub.edu\/congrespci\/wp-json\/wp\/v2\/pages\/203\/revisions"}],"wp:attachment":[{"href":"https:\/\/www.ub.edu\/congrespci\/wp-json\/wp\/v2\/media?parent=203"}],"curies":[{"name":"wp","href":"https:\/\/api.w.org\/{rel}","templated":true}]}}