{"id":244,"date":"2021-11-12T15:55:48","date_gmt":"2021-11-12T13:55:48","guid":{"rendered":"https:\/\/www.ub.edu\/congrespci\/?page_id=244"},"modified":"2022-04-25T13:11:42","modified_gmt":"2022-04-25T11:11:42","slug":"conferencias","status":"publish","type":"page","link":"https:\/\/www.ub.edu\/congrespci\/conferencias\/","title":{"rendered":"Conferencias"},"content":{"rendered":"<p>[et_pb_section fb_built=\u00bb1&#8243; _builder_version=\u00bb4.10.5&#8243; _module_preset=\u00bbdefault\u00bb global_colors_info=\u00bb{}\u00bb][et_pb_row _builder_version=\u00bb4.10.5&#8243; _module_preset=\u00bbdefault\u00bb locked=\u00bboff\u00bb global_colors_info=\u00bb{}\u00bb][et_pb_column type=\u00bb4_4&#8243; _builder_version=\u00bb4.10.5&#8243; _module_preset=\u00bbdefault\u00bb global_colors_info=\u00bb{}\u00bb][et_pb_text _builder_version=\u00bb4.10.5&#8243; _module_preset=\u00bbdefault\u00bb text_font=\u00bbRoboto|700|||||||\u00bb text_font_size=\u00bb4em\u00bb text_orientation=\u00bbright\u00bb global_colors_info=\u00bb{}\u00bb]<\/p>\n<p>Conferencias<\/p>\n<p>[\/et_pb_text][\/et_pb_column][\/et_pb_row][et_pb_row _builder_version=\u00bb4.14.5&#8243; _module_preset=\u00bbdefault\u00bb column_structure=\u00bb1_3,1_3,1_3&#8243;][et_pb_column _builder_version=\u00bb4.14.5&#8243; _module_preset=\u00bbdefault\u00bb type=\u00bb1_3&#8243;][et_pb_image _builder_version=\u00bb4.14.5&#8243; _module_preset=\u00bbdefault\u00bb title_text=\u00bbValdimar Tryggvi Hafstein &#8211; F\u00e9lagsv\u00edsindasvi\u00f0\u00bb src=\u00bbhttps:\/\/www.ub.edu\/congrespci\/wp-content\/uploads\/2022\/04\/KRI_valdimar_hafstein.jpeg\u00bb hover_enabled=\u00bb0&#8243; sticky_enabled=\u00bb0&#8243;][\/et_pb_image][et_pb_text _builder_version=\u00bb4.14.5&#8243; _module_preset=\u00bbdefault\u00bb hover_enabled=\u00bb0&#8243; sticky_enabled=\u00bb0&#8243;]<\/p>\n<h3><strong>11 de mayo<\/strong><br \/><strong>Valdimar Hafstein<\/strong><br \/>University of Island<\/h3>\n<p><strong>\u00abDe las culturas vivas al patrimonio cultural: el branding patrimonial de Skyr\u00bb<\/strong><\/p>\n<p>Skyr, un producto l\u00e1cteo agrio de Islandia y un alimento b\u00e1sico cotidiano de la dieta islandesa, ha alcanzado recientemente el estatus de patrimonio. Su marketing nacional e internacional emerge desde la literatura medieval hasta la vida saludable moderna, promoviendo el skyr como un producto \u00fanico, aut\u00e9ntico y saludable: comida patrimonial y el \u00absecreto para una vida saludable\u00bb de Islandia.\u00a0En esta presentaci\u00f3n, el enfoque se centra en c\u00f3mo el \u00abpatrimonio\u00bb, la \u00abtradici\u00f3n\u00bb y las \u00abculturas del legado familiar\u00bb se despliegan como herramientas de marca contempor\u00e1neas y c\u00f3mo la narraci\u00f3n selectiva ayuda a mover los comodities. Siguiendo el producto l\u00e1cteo de la ubre a la taza, la conferencia analiza los esfuerzos de \u00abmarca patrimonial\u00bb y las campa\u00f1as publicitarias producidas en las \u00faltimas dos d\u00e9cadas para varios tipos de skyr de varios productores diferentes en Islandia, Europa y los Estados Unidos, y las formas en que despliegan la larga historia de skyr en Islandia. Las complejas relaciones entre lo local y lo global de los procesos de patrimonializaci\u00f3n son fascinantes porque revelan c\u00f3mo las tendencias y los mercados globales influyen en las personas a nivel local, impactando la forma en que piensan y act\u00faan sobre sus propias formas culturales, y c\u00f3mo el nivel local, a su vez, impacta los flujos globales bajo el signo del patrimonio.<\/p>\n<p><em>La conferencia se celebrar\u00e1 en ingl\u00e9s con traducci\u00f3n simult\u00e1nea.<\/em><\/p>\n<p>&nbsp;<\/p>\n<p>[\/et_pb_text][\/et_pb_column][et_pb_column _builder_version=\u00bb4.14.5&#8243; _module_preset=\u00bbdefault\u00bb type=\u00bb1_3&#8243;][et_pb_image _builder_version=\u00bb4.14.5&#8243; _module_preset=\u00bbdefault\u00bb title_text=\u00bbAmescua\u00bb src=\u00bbhttps:\/\/www.ub.edu\/congrespci\/wp-content\/uploads\/2022\/04\/Amescua.jpeg\u00bb hover_enabled=\u00bb0&#8243; sticky_enabled=\u00bb0&#8243;][\/et_pb_image][et_pb_text _builder_version=\u00bb4.14.5&#8243; _module_preset=\u00bbdefault\u00bb hover_enabled=\u00bb0&#8243; sticky_enabled=\u00bb0&#8243;]<\/p>\n<h3><strong>12 de mayo<\/strong><br \/><strong>Cristina Amescua<\/strong><br \/>Centro Regional de Investigaciones Multidisciplinarias &#8211; Universidad Nacional Aut\u00f3noma de M\u00e9xico<\/h3>\n<p><strong>\u00abEl papel del patrimonio inmaterial en la construcci\u00f3n de futuros sostenibles\u00bb\u00a0 \u00a0<\/strong><\/p>\n<p>En este\u00a0trabajo se presentar\u00e1 un panorama general de los complejos ensamblajes entre el patrimonio cultural inmaterial\u00a0(PCI) y el desarrollo, analizando de manera cr\u00edtica las posibilidades que ofrecen para la construcci\u00f3n de futuros sostenibles. Se revisar\u00e1n las interacciones entre el PCI y os mundos sociales y naturales, su papel en la generaci\u00f3n de ingresos, y en la construcci\u00f3n de convivencialidad a distintas escalas.<\/p>\n<p><em>La conferencia ser realizar\u00e1 en castellano<\/em><\/p>\n<p>&nbsp;<\/p>\n<p>[\/et_pb_text][\/et_pb_column][et_pb_column _builder_version=\u00bb4.14.5&#8243; _module_preset=\u00bbdefault\u00bb type=\u00bb1_3&#8243;][et_pb_image _builder_version=\u00bb4.14.5&#8243; _module_preset=\u00bbdefault\u00bb title_text=\u00bbLenia_Marques\u00bb src=\u00bbhttps:\/\/www.ub.edu\/congrespci\/wp-content\/uploads\/2022\/04\/Lenia_Marques.jpg\u00bb hover_enabled=\u00bb0&#8243; sticky_enabled=\u00bb0&#8243;][\/et_pb_image][et_pb_text _builder_version=\u00bb4.14.5&#8243; _module_preset=\u00bbdefault\u00bb hover_enabled=\u00bb0&#8243; sticky_enabled=\u00bb0&#8243;]<\/p>\n<h3><strong>13 de mayo<\/strong><br \/><strong>L\u00e9nia Marques<\/strong><br \/>Profesora Asistente de Organizaciones y Gesti\u00f3n Cultural<br \/>Erasmus University Rotterdam<\/h3>\n<p><strong>\u201cSensibilidad cultural en el turismo: implicaciones para el patrimonio inmaterial\u201d<\/strong><\/p>\n<p>La sensibilidad cultural es un tema importante que abordar en el contexto del turismo, con particularidades para el Patrimonio Inmaterial. Con el ejemplo del trabajo del proyecto CultSense (www.cultsense) reflexionaremos sobre la interacci\u00f3n anfitri\u00f3n-hu\u00e9sped, la educaci\u00f3n tur\u00edstica y el turismo creativo como una forma sostenible de fomentar la comprensi\u00f3n de las culturas locales.<\/p>\n<p><em>La conferencia ser realizar\u00e1 en ingl\u00e9s con traducci\u00f3n simult\u00e1nea<\/em><\/p>\n<p>[\/et_pb_text][\/et_pb_column][\/et_pb_row][\/et_pb_section]<\/p>\n","protected":false},"excerpt":{"rendered":"<p>Conferencias11 de mayoValdimar HafsteinUniversity of Island \u00abDe las culturas vivas al patrimonio cultural: el branding patrimonial de Skyr\u00bb Skyr, un producto l\u00e1cteo agrio de Islandia y un alimento b\u00e1sico cotidiano de la dieta islandesa, ha alcanzado recientemente el estatus de patrimonio. Su marketing nacional e internacional emerge desde la literatura medieval hasta la vida saludable [&hellip;]<\/p>\n","protected":false},"author":1,"featured_media":0,"parent":0,"menu_order":15,"comment_status":"closed","ping_status":"closed","template":"","meta":{"_et_pb_use_builder":"on","_et_pb_old_content":"","_et_gb_content_width":"","footnotes":""},"class_list":["post-244","page","type-page","status-publish","hentry"],"_links":{"self":[{"href":"https:\/\/www.ub.edu\/congrespci\/wp-json\/wp\/v2\/pages\/244","targetHints":{"allow":["GET"]}}],"collection":[{"href":"https:\/\/www.ub.edu\/congrespci\/wp-json\/wp\/v2\/pages"}],"about":[{"href":"https:\/\/www.ub.edu\/congrespci\/wp-json\/wp\/v2\/types\/page"}],"author":[{"embeddable":true,"href":"https:\/\/www.ub.edu\/congrespci\/wp-json\/wp\/v2\/users\/1"}],"replies":[{"embeddable":true,"href":"https:\/\/www.ub.edu\/congrespci\/wp-json\/wp\/v2\/comments?post=244"}],"version-history":[{"count":0,"href":"https:\/\/www.ub.edu\/congrespci\/wp-json\/wp\/v2\/pages\/244\/revisions"}],"wp:attachment":[{"href":"https:\/\/www.ub.edu\/congrespci\/wp-json\/wp\/v2\/media?parent=244"}],"curies":[{"name":"wp","href":"https:\/\/api.w.org\/{rel}","templated":true}]}}