{"id":252,"date":"2021-11-12T16:04:47","date_gmt":"2021-11-12T14:04:47","guid":{"rendered":"https:\/\/www.ub.edu\/congrespci\/?page_id=252"},"modified":"2022-05-04T20:04:07","modified_gmt":"2022-05-04T18:04:07","slug":"programa","status":"publish","type":"page","link":"https:\/\/www.ub.edu\/congrespci\/programa\/","title":{"rendered":"Programa"},"content":{"rendered":"<p>[et_pb_section fb_built=\u00bb1&#8243; _builder_version=\u00bb4.10.5&#8243; _module_preset=\u00bbdefault\u00bb global_colors_info=\u00bb{}\u00bb][et_pb_row _builder_version=\u00bb4.10.5&#8243; _module_preset=\u00bbdefault\u00bb locked=\u00bboff\u00bb global_colors_info=\u00bb{}\u00bb][et_pb_column type=\u00bb4_4&#8243; _builder_version=\u00bb4.10.5&#8243; _module_preset=\u00bbdefault\u00bb global_colors_info=\u00bb{}\u00bb][et_pb_text _builder_version=\u00bb4.10.5&#8243; _module_preset=\u00bbdefault\u00bb text_font=\u00bbRoboto|700|||||||\u00bb text_font_size=\u00bb4em\u00bb text_orientation=\u00bbright\u00bb global_colors_info=\u00bb{}\u00bb]<\/p>\n<p>Programa<\/p>\n<p>[\/et_pb_text][\/et_pb_column][\/et_pb_row][et_pb_row _builder_version=\u00bb4.13.1&#8243; _module_preset=\u00bbdefault\u00bb global_colors_info=\u00bb{}\u00bb][et_pb_column type=\u00bb4_4&#8243; _builder_version=\u00bb4.13.1&#8243; _module_preset=\u00bbdefault\u00bb global_colors_info=\u00bb{}\u00bb][et_pb_image src=\u00bbhttps:\/\/www.ub.edu\/congrespci\/wp-content\/uploads\/2021\/11\/programa_m2.jpg\u00bb title_text=\u00bbprograma_m2&#8243; align=\u00bbcenter\u00bb _builder_version=\u00bb4.13.1&#8243; _module_preset=\u00bbdefault\u00bb module_alignment=\u00bbleft\u00bb global_colors_info=\u00bb{}\u00bb][\/et_pb_image][\/et_pb_column][\/et_pb_row][et_pb_row column_structure=\u00bb1_3,1_3,1_3&#8243; _builder_version=\u00bb4.10.5&#8243; _module_preset=\u00bbdefault\u00bb global_colors_info=\u00bb{}\u00bb][et_pb_column type=\u00bb1_3&#8243; _builder_version=\u00bb4.10.5&#8243; _module_preset=\u00bbdefault\u00bb global_colors_info=\u00bb{}\u00bb][et_pb_text _builder_version=\u00bb4.14.5&#8243; _module_preset=\u00bbdefault\u00bb hover_enabled=\u00bb0&#8243; global_colors_info=\u00bb{}\u00bb sticky_enabled=\u00bb0&#8243;]<\/p>\n<h4>MI\u00c9RCOLES 11 MAYO<\/h4>\n<p>15:00h.:<br \/>Acto de inauguraci\u00f3n y presentaci\u00f3n del Congreso. Aula principal.<\/p>\n<p>Joan Guardia Olmos (Rector Universitat de Barcelona).<\/p>\n<p>Adelaida Moya Taul\u00e9s. (Directora General de Cultura Popular y Asociacionismo Cultural, Generalitat de Catalu\u00f1a).<\/p>\n<p>Ricardo Piqueras C\u00e9spedes (Decano de la Facultad de Geograf\u00eda e Historia, Universitat de Barcelona).<\/p>\n<p>Xavier Roig\u00e9 Ventura (Investigador Principal proyecto PINMAT, Universitat de Barcelona).<\/p>\n<p>15:25h.:<br \/>Primera conferencia. Valdimar Hafstein (University of Island). Aula principal.<\/p>\n<p>16:20h.:<br \/>Mesa Redonda Turismo creativo y PCI. Aula principal.<\/p>\n<p>17:35h.:Descanso.<\/p>\n<p>17:45h.:<br \/>Simposio 1: Sostenibilidad cultural: PCI creando bienestar.<\/p>\n<p>Simposio 7: La musealizacio\u0301n del patrimonio inmaterial (sesi\u00f3n 1).<\/p>\n<p>Simposio 9: Patrimonio biocultural: estrategias de puesta en valor frente a las crisis emergentes.<\/p>\n<p>Simposio 10: Pol\u00edticas de gesti\u00f3n del patrimonio inmaterial: pol\u00edticas p\u00fablicas, papel de las asociaciones, gobernanza y participaci\u00f3n (sesi\u00f3n 1).<\/p>\n<p>20:45h.:<br \/>Cierre de la sesi\u00f3n.<\/p>\n<p>[\/et_pb_text][\/et_pb_column][et_pb_column type=\u00bb1_3&#8243; _builder_version=\u00bb4.10.5&#8243; _module_preset=\u00bbdefault\u00bb global_colors_info=\u00bb{}\u00bb][et_pb_text _builder_version=\u00bb4.14.5&#8243; _module_preset=\u00bbdefault\u00bb hover_enabled=\u00bb0&#8243; global_colors_info=\u00bb{}\u00bb sticky_enabled=\u00bb0&#8243;]<\/p>\n<h4>JUEVES 12 MAYO<\/h4>\n<p>12:00h.:<br \/>Simposio 7: La musealizacio\u0301n del patrimonio inmaterial (sesi\u00f3n 2).<\/p>\n<p>Simposio 10: Pol\u00edticas de gesti\u00f3n del patrimonio inmaterial: pol\u00edticas p\u00fablicas, papel de las asociaciones, gobernanza y participaci\u00f3n (sesi\u00f3n 2).<\/p>\n<p>15:30h.:<br \/>Segunda conferencia. Cristina Amescua Ch\u00e1vez (Centro Regional de Investigaciones Multidisciplinarias \u2013 Universidad Nacional Aut\u00f3noma de M\u00e9xico).Aula principal.<\/p>\n<p>16:30h.:<br \/>Presentaci\u00f3n libro Patrimonios Confinados. Xavier Roig\u00e9 Ventura, Alejandra Canals Ossul y otros.<\/p>\n<p>16:50h.:<br \/>Patrimonio festivo catal\u00e1n. Actividad musical.<\/p>\n<p>17:15h.:Descanso.<\/p>\n<p>17:30h.:<br \/>Simposio 3: \u00a0Buenas pr\u00e1cticas en socializaci\u00f3n del patrimonio cultural inmaterial (sesi\u00f3n 1). <\/p>\n<p>Simposio 5: Estrategias digitales para la puesta en valor del PCI: redes sociales, museos virtuales, e-inventarios.<\/p>\n<p>Simposio 6: Aproximaci\u00f3n interseccional al PCI.<\/p>\n<p>Simposio 11: Casos etnogr\u00e1ficos de PCI (sesi\u00f3n 1). <\/p>\n<p>Simposio 12: El patrimonio cultural inmaterial en la educaci\u00f3n formal y no formal.<\/p>\n<p>20:30h.:<br \/>Cierre de la sesi\u00f3n.<\/p>\n<p>[\/et_pb_text][\/et_pb_column][et_pb_column type=\u00bb1_3&#8243; _builder_version=\u00bb4.10.5&#8243; _module_preset=\u00bbdefault\u00bb global_colors_info=\u00bb{}\u00bb][et_pb_text _builder_version=\u00bb4.14.5&#8243; _module_preset=\u00bbdefault\u00bb hover_enabled=\u00bb0&#8243; global_colors_info=\u00bb{}\u00bb sticky_enabled=\u00bb0&#8243;]<\/p>\n<p>VIERNES 13 MAYO<\/p>\n<p>12:00h.:<br \/>Simposio 2: Turismo 3.0. El patrimonio cultural inmaterial en el centro de la experiencia turi\u0301stica (sesi\u00f3n 1).<\/p>\n<p>Simposio 3: Buenas pr\u00e1cticas en socializaci\u00f3n del patrimonio cultural inmaterial (sesi\u00f3n 2).<\/p>\n<p>Simposio 11: Casos etnogr\u00e1ficos de PCI (sesi\u00f3n 2).<\/p>\n<p>15:30h.:\u00a0<br \/>Tercera conferencia. L\u00e8nia Marques (Erasmus University Rotterdam). Aula principal.<\/p>\n<p>16:20h.: Descanso.<\/p>\n<p>16:30h.:<br \/>Simposio 2: Turismo 3.0. El patrimonio cultural inmaterial en el centro de la experiencia tur\u00edstica (sesi\u00f3n 2).<\/p>\n<p>Simposio 4: Enfoques decoloniales para el patrimonio inmaterial.<\/p>\n<p>Simposio 8: Impacto de la Covid-19 en el PCI.<\/p>\n<p>Simposio 12: Casos etnogr\u00e1ficos de PCI (sesi\u00f3n 3).<\/p>\n<p>19:30h.:<br \/>Conclusiones y cierre del Congreso<\/p>\n<p>Xavier Roig\u00e9 Ventura (Investigador Principal proyecto PINMAT, Universitat de Barcelona)<\/p>\n<p>Maria Feliu Torruella (Vicerrectora de doctorado y personal investigador Universitat de Barcelona).<\/p>\n<p>Concierto de m\u00fasica popular catalana.<\/p>\n<p>20:00h.:<br \/>Fin del Congreso.<\/p>\n<p>[\/et_pb_text][\/et_pb_column][\/et_pb_row][et_pb_row _builder_version=\u00bb4.13.1&#8243; _module_preset=\u00bbdefault\u00bb global_colors_info=\u00bb{}\u00bb][et_pb_column type=\u00bb4_4&#8243; _builder_version=\u00bb4.13.1&#8243; _module_preset=\u00bbdefault\u00bb global_colors_info=\u00bb{}\u00bb][et_pb_text _builder_version=\u00bb4.13.1&#8243; _module_preset=\u00bbdefault\u00bb global_colors_info=\u00bb{}\u00bb]<\/p>\n<p><em><strong>Horarios de Barcelona. Est\u00e1n pensados para que puedan participar personas de otros continentes.<\/strong><\/em><\/p>\n<p>[\/et_pb_text][\/et_pb_column][\/et_pb_row][\/et_pb_section]<\/p>\n","protected":false},"excerpt":{"rendered":"<p>ProgramaMI\u00c9RCOLES 11 MAYO 15:00h.:Acto de inauguraci\u00f3n y presentaci\u00f3n del Congreso. Aula principal. Joan Guardia Olmos (Rector Universitat de Barcelona). Adelaida Moya Taul\u00e9s. (Directora General de Cultura Popular y Asociacionismo Cultural, Generalitat de Catalu\u00f1a). Ricardo Piqueras C\u00e9spedes (Decano de la Facultad de Geograf\u00eda e Historia, Universitat de Barcelona). Xavier Roig\u00e9 Ventura (Investigador Principal proyecto PINMAT, Universitat [&hellip;]<\/p>\n","protected":false},"author":1,"featured_media":0,"parent":0,"menu_order":12,"comment_status":"closed","ping_status":"closed","template":"","meta":{"_et_pb_use_builder":"on","_et_pb_old_content":"","_et_gb_content_width":"","footnotes":""},"class_list":["post-252","page","type-page","status-publish","hentry"],"_links":{"self":[{"href":"https:\/\/www.ub.edu\/congrespci\/wp-json\/wp\/v2\/pages\/252","targetHints":{"allow":["GET"]}}],"collection":[{"href":"https:\/\/www.ub.edu\/congrespci\/wp-json\/wp\/v2\/pages"}],"about":[{"href":"https:\/\/www.ub.edu\/congrespci\/wp-json\/wp\/v2\/types\/page"}],"author":[{"embeddable":true,"href":"https:\/\/www.ub.edu\/congrespci\/wp-json\/wp\/v2\/users\/1"}],"replies":[{"embeddable":true,"href":"https:\/\/www.ub.edu\/congrespci\/wp-json\/wp\/v2\/comments?post=252"}],"version-history":[{"count":0,"href":"https:\/\/www.ub.edu\/congrespci\/wp-json\/wp\/v2\/pages\/252\/revisions"}],"wp:attachment":[{"href":"https:\/\/www.ub.edu\/congrespci\/wp-json\/wp\/v2\/media?parent=252"}],"curies":[{"name":"wp","href":"https:\/\/api.w.org\/{rel}","templated":true}]}}