{"id":93,"date":"2021-09-01T16:29:48","date_gmt":"2021-09-01T14:29:48","guid":{"rendered":"https:\/\/www.ub.edu\/congrespci\/?page_id=93"},"modified":"2022-05-10T09:08:03","modified_gmt":"2022-05-10T07:08:03","slug":"inicial-2","status":"publish","type":"page","link":"https:\/\/www.ub.edu\/congrespci\/","title":{"rendered":"Inicial"},"content":{"rendered":"<p>[et_pb_section fb_built=\u00bb1&#8243; _builder_version=\u00bb4.14.2&#8243; _module_preset=\u00bbdefault\u00bb global_colors_info=\u00bb{}\u00bb][et_pb_row _builder_version=\u00bb4.14.5&#8243; _module_preset=\u00bbdefault\u00bb global_colors_info=\u00bb{}\u00bb][et_pb_column type=\u00bb4_4&#8243; _builder_version=\u00bb4.14.5&#8243; _module_preset=\u00bbdefault\u00bb global_colors_info=\u00bb{}\u00bb][et_pb_text _builder_version=\u00bb4.14.5&#8243; _module_preset=\u00bbdefault\u00bb hover_enabled=\u00bb0&#8243; global_colors_info=\u00bb{}\u00bb sticky_enabled=\u00bb0&#8243;]<\/p>\n<h3 style=\"text-align: center;\"><span style=\"color: #ef00b3;\"><strong>IMPORTANTE: <\/strong><\/span><\/h3>\n<h3 style=\"text-align: center;\"><span style=\"color: #808080;\"><strong>Todos los participantes (inscritos y ponentes) deben registrarse antes en el Congreso para obtener el ticket de entrada en este enlace antes del Congreso.\u00a0<\/strong><\/span><\/h3>\n<p>[\/et_pb_text][et_pb_button button_url=\u00bbhttps:\/\/events.zoom.us\/ev\/DNEW0Bj2JDVLjRRG4QAAFgAAABaf_nMyBVF4ZIqpLM-JhPKQuigKv8iQwkOHQTFJwGS9i3S4w2sJ~AM8AeYEY66ekEJIcy1RXIjPSzJKm_ry7qLGXqvc\u00bb url_new_window=\u00bbon\u00bb button_text=\u00bbRegistrarse\u00bb button_alignment=\u00bbcenter\u00bb _builder_version=\u00bb4.14.5&#8243; _module_preset=\u00bbdefault\u00bb custom_button=\u00bbon\u00bb button_text_color=\u00bb#ffffff\u00bb button_bg_color=\u00bb#ef00b3&#8243; button_border_color=\u00bb#b7b7b7&#8243; hover_enabled=\u00bb0&#8243; global_colors_info=\u00bb{}\u00bb button_text_size=\u00bb26px\u00bb sticky_enabled=\u00bb0&#8243;][\/et_pb_button][\/et_pb_column][\/et_pb_row][et_pb_row column_structure=\u00bb1_2,1_2&#8243; _builder_version=\u00bb4.10.5&#8243; _module_preset=\u00bbdefault\u00bb custom_padding=\u00bb||75px|||\u00bb global_colors_info=\u00bb{}\u00bb][et_pb_column type=\u00bb1_2&#8243; _builder_version=\u00bb4.10.5&#8243; _module_preset=\u00bbdefault\u00bb global_colors_info=\u00bb{}\u00bb][et_pb_slider _builder_version=\u00bb4.14.5&#8243; _module_preset=\u00bbdefault\u00bb height=\u00bb700px\u00bb auto=\u00bbon\u00bb auto_speed=\u00bb3500&#8243; auto_ignore_hover=\u00bbon\u00bb locked=\u00bboff\u00bb global_colors_info=\u00bb{}\u00bb][et_pb_slide image=\u00bbhttps:\/\/www.ub.edu\/congrespci\/wp-content\/uploads\/2022\/01\/1_2.png\u00bb _builder_version=\u00bb4.14.5&#8243; _module_preset=\u00bbdefault\u00bb locked=\u00bboff\u00bb global_colors_info=\u00bb{}\u00bb sticky_transition=\u00bbon\u00bb][\/et_pb_slide][et_pb_slide image=\u00bbhttps:\/\/www.ub.edu\/congrespci\/wp-content\/uploads\/2022\/01\/2_2.png\u00bb _builder_version=\u00bb4.14.5&#8243; _module_preset=\u00bbdefault\u00bb locked=\u00bboff\u00bb global_colors_info=\u00bb{}\u00bb sticky_transition=\u00bbon\u00bb][\/et_pb_slide][et_pb_slide image=\u00bbhttps:\/\/www.ub.edu\/congrespci\/wp-content\/uploads\/2022\/01\/3_2.png\u00bb _builder_version=\u00bb4.14.5&#8243; _module_preset=\u00bbdefault\u00bb locked=\u00bboff\u00bb global_colors_info=\u00bb{}\u00bb sticky_transition=\u00bbon\u00bb][\/et_pb_slide][\/et_pb_slider][\/et_pb_column][et_pb_column type=\u00bb1_2&#8243; _builder_version=\u00bb4.10.5&#8243; _module_preset=\u00bbdefault\u00bb global_colors_info=\u00bb{}\u00bb][et_pb_text _builder_version=\u00bb4.14.5&#8243; _module_preset=\u00bbdefault\u00bb global_colors_info=\u00bb{}\u00bb]<\/p>\n<h2>I Congreso Internacional de Patrimonio Cultural Inmaterial<\/h2>\n<h3>Nuevas experiencias, nuevos horizontes<\/h3>\n<h3>11 al 13 de mayo 2022<\/h3>\n<h3><em>formato online<\/em><\/h3>\n<p>&nbsp;<\/p>\n<p>[\/et_pb_text][et_pb_text _builder_version=\u00bb4.14.2&#8243; _module_preset=\u00bbdefault\u00bb global_colors_info=\u00bb{}\u00bb]<\/p>\n<p>El I Congreso Internacional sobre Patrimonio Inmaterial es una actividad organizada por el proyecto de investigaci\u00f3n sobre Patrimonio Inmaterial (PINMAT) y el Grupo de investigaci\u00f3n de Antropolog\u00eda en Patrimonio (GRAP), adem\u00e1s cuenta con la colaboraci\u00f3n de distintas universidades e instituciones. Pretende acoger tanto a investigadores como a profesionales y organizaciones dedicadas al patrimonio cultural inmaterial (PCI) para reflexionar sobre sus distintas dimensiones desde una perspectiva internacional, en las tem\u00e1ticas que pueden verse en los simposios y conferencias planificadas.<\/p>\n<p>[\/et_pb_text][\/et_pb_column][\/et_pb_row][et_pb_row column_structure=\u00bb1_3,1_3,1_3&#8243; use_custom_gutter=\u00bbon\u00bb make_equal=\u00bbon\u00bb _builder_version=\u00bb4.10.5&#8243; _module_preset=\u00bbdefault\u00bb border_width_top=\u00bb1px\u00bb global_colors_info=\u00bb{}\u00bb][et_pb_column type=\u00bb1_3&#8243; _builder_version=\u00bb4.10.5&#8243; _module_preset=\u00bbdefault\u00bb global_colors_info=\u00bb{}\u00bb][et_pb_text _builder_version=\u00bb4.14.2&#8243; _module_preset=\u00bbdefault\u00bb locked=\u00bboff\u00bb global_colors_info=\u00bb{}\u00bb]<\/p>\n<h2><a href=\"https:\/\/www.ub.edu\/congrespci\/simposios\/\">Simposios<\/a><\/h2>\n<p>Hay disponibles 10 simposios sobre tem\u00e1ticas relacionadas con el Patrimonio Cultural Inmaterial.<\/p>\n<p>[\/et_pb_text][\/et_pb_column][et_pb_column type=\u00bb1_3&#8243; _builder_version=\u00bb4.10.5&#8243; _module_preset=\u00bbdefault\u00bb global_colors_info=\u00bb{}\u00bb][et_pb_text _builder_version=\u00bb4.13.1&#8243; _module_preset=\u00bbdefault\u00bb global_colors_info=\u00bb{}\u00bb]<\/p>\n<h2>Inscripci\u00f3n<\/h2>\n<p>Inscr\u00edbete al Congreso online y participa desde cualquier parte del mundo.<\/p>\n<p>[\/et_pb_text][\/et_pb_column][et_pb_column type=\u00bb1_3&#8243; _builder_version=\u00bb4.10.5&#8243; _module_preset=\u00bbdefault\u00bb global_colors_info=\u00bb{}\u00bb][et_pb_text _builder_version=\u00bb4.14.2&#8243; _module_preset=\u00bbdefault\u00bb locked=\u00bboff\u00bb global_colors_info=\u00bb{}\u00bb]<\/p>\n<h2><a href=\"https:\/\/www.ub.edu\/congrespci\/programa\/\">Programa<\/a><\/h2>\n<p>Consulta el programa de actividades.<\/p>\n<p>[\/et_pb_text][\/et_pb_column][\/et_pb_row][\/et_pb_section]<\/p>\n","protected":false},"excerpt":{"rendered":"<p>IMPORTANTE: Todos los participantes (inscritos y ponentes) deben registrarse antes en el Congreso para obtener el ticket de entrada en este enlace antes del Congreso.\u00a0I Congreso Internacional de Patrimonio Cultural Inmaterial Nuevas experiencias, nuevos horizontes 11 al 13 de mayo 2022 formato online &nbsp;El I Congreso Internacional sobre Patrimonio Inmaterial es una actividad organizada por [&hellip;]<\/p>\n","protected":false},"author":1,"featured_media":0,"parent":0,"menu_order":3,"comment_status":"closed","ping_status":"closed","template":"","meta":{"_et_pb_use_builder":"on","_et_pb_old_content":"","_et_gb_content_width":"","footnotes":""},"class_list":["post-93","page","type-page","status-publish","hentry"],"_links":{"self":[{"href":"https:\/\/www.ub.edu\/congrespci\/wp-json\/wp\/v2\/pages\/93","targetHints":{"allow":["GET"]}}],"collection":[{"href":"https:\/\/www.ub.edu\/congrespci\/wp-json\/wp\/v2\/pages"}],"about":[{"href":"https:\/\/www.ub.edu\/congrespci\/wp-json\/wp\/v2\/types\/page"}],"author":[{"embeddable":true,"href":"https:\/\/www.ub.edu\/congrespci\/wp-json\/wp\/v2\/users\/1"}],"replies":[{"embeddable":true,"href":"https:\/\/www.ub.edu\/congrespci\/wp-json\/wp\/v2\/comments?post=93"}],"version-history":[{"count":0,"href":"https:\/\/www.ub.edu\/congrespci\/wp-json\/wp\/v2\/pages\/93\/revisions"}],"wp:attachment":[{"href":"https:\/\/www.ub.edu\/congrespci\/wp-json\/wp\/v2\/media?parent=93"}],"curies":[{"name":"wp","href":"https:\/\/api.w.org\/{rel}","templated":true}]}}