{"id":175,"date":"2022-05-27T01:19:23","date_gmt":"2022-05-26T23:19:23","guid":{"rendered":"http:\/\/mirrors.yagodinella.ar\/?page_id=175"},"modified":"2022-05-27T02:14:23","modified_gmt":"2022-05-27T00:14:23","slug":"leon-freude","status":"publish","type":"page","link":"https:\/\/www.ub.edu\/copolis\/rescupan\/es\/leon-freude\/","title":{"rendered":"Leon Freude"},"content":{"rendered":"<p><strong>Leon Freude.<\/strong><\/p>\n<p>Investigador en formaci\u00f3n predoctoral FPU en el Departamento de Sociolog\u00eda de la Universidad de Barcelona. Es miembro del Grupo de Investigaci\u00f3n Consolidado (SGR-1145 2017-2021) Copolis \u201cBienestar, Comunidad y Control Social\u201d, y del Grupo de Innovaci\u00f3n Docente Consolidado (GIDC-UB-140\/13) CEFOCID-Copolis, adscritos a la Universidad de Barcelona. Es Master en estudios de mujeres, g\u00e9nero y ciudadan\u00eda y graduado en Sociolog\u00eda por la misma universidad. A partir del ser proyecto de tesis la tolerancia LGBTI en los valores de los europeos: desaf\u00edos, cambios y oportunidades para Movimientos Sociales y pol\u00edticas p\u00fablicas , trabaja en metodolog\u00edas y t\u00e9cnicas de investigaci\u00f3n as\u00ed como hacia las sexualidades. Integr\u00f3 el proyecto europeo Incasa, International Network for Comparative Analysis of Social Inequalities; el proyecto de Recercaixa Incorporar, retener y Promocionar las mujeres al sector ocupacional de las tecnolog\u00edas y al proyecto de innovaci\u00f3n docente de la UB Compartir Ideas. la universidad va al instituto. Tambi\u00e9n colabor\u00f3 \u200b\u200bcon el proyecto Marie Sk\u0142odowska-Curie QTReproART-Towards an Inclusive Common European Framework for Assisted Reproductive Technologies (ART): Queer and Transgender Reproduction in the Age of ART, el proyecto LGBT + Salud.<\/p>\n<p><a href=\"https:\/\/webgrec.ub.edu\/webpages\/personal\/cas\/005479_lfreude.ub.edu.html\">P\u00e1gina Personal<\/a><\/p>\n","protected":false},"excerpt":{"rendered":"<p>Leon Freude. Investigador en formaci\u00f3n predoctoral FPU en el Departamento de Sociolog\u00eda de la Universidad de Barcelona. Es miembro del Grupo de Investigaci\u00f3n Consolidado (SGR-1145 2017-2021) Copolis \u201cBienestar, Comunidad y Control Social\u201d, y del Grupo de Innovaci\u00f3n Docente Consolidado (GIDC-UB-140\/13) CEFOCID-Copolis, adscritos a la Universidad de Barcelona. Es Master en estudios de mujeres, g\u00e9nero y &#8230; <a title=\"Leon Freude\" class=\"read-more\" href=\"https:\/\/www.ub.edu\/copolis\/rescupan\/es\/leon-freude\/\" aria-label=\"M\u00e1s en Leon Freude\">Leer m\u00e1s<\/a><\/p>\n","protected":false},"author":3,"featured_media":0,"parent":0,"menu_order":0,"comment_status":"closed","ping_status":"closed","template":"","meta":{"footnotes":""},"class_list":["post-175","page","type-page","status-publish"],"_links":{"self":[{"href":"https:\/\/www.ub.edu\/copolis\/rescupan\/es\/wp-json\/wp\/v2\/pages\/175","targetHints":{"allow":["GET"]}}],"collection":[{"href":"https:\/\/www.ub.edu\/copolis\/rescupan\/es\/wp-json\/wp\/v2\/pages"}],"about":[{"href":"https:\/\/www.ub.edu\/copolis\/rescupan\/es\/wp-json\/wp\/v2\/types\/page"}],"author":[{"embeddable":true,"href":"https:\/\/www.ub.edu\/copolis\/rescupan\/es\/wp-json\/wp\/v2\/users\/3"}],"replies":[{"embeddable":true,"href":"https:\/\/www.ub.edu\/copolis\/rescupan\/es\/wp-json\/wp\/v2\/comments?post=175"}],"version-history":[{"count":4,"href":"https:\/\/www.ub.edu\/copolis\/rescupan\/es\/wp-json\/wp\/v2\/pages\/175\/revisions"}],"predecessor-version":[{"id":256,"href":"https:\/\/www.ub.edu\/copolis\/rescupan\/es\/wp-json\/wp\/v2\/pages\/175\/revisions\/256"}],"wp:attachment":[{"href":"https:\/\/www.ub.edu\/copolis\/rescupan\/es\/wp-json\/wp\/v2\/media?parent=175"}],"curies":[{"name":"wp","href":"https:\/\/api.w.org\/{rel}","templated":true}]}}