{"id":154,"date":"2022-05-27T01:14:28","date_gmt":"2022-05-26T23:14:28","guid":{"rendered":"http:\/\/mirrors.yagodinella.ar\/es\/?page_id=154"},"modified":"2022-05-27T01:58:49","modified_gmt":"2022-05-26T23:58:49","slug":"irene-maestro-2","status":"publish","type":"page","link":"https:\/\/www.ub.edu\/copolis\/rescupan\/irene-maestro-2\/","title":{"rendered":"Irene Maestro"},"content":{"rendered":"<p><strong>Irene Maestro Yarza.<\/strong><\/p>\n<p>Professora titular d\u2019economia de la Universitat de Barcelona desde 1990. \u00c9s membre del Grup de Recerca Consolidat (SGR-1145 2017-2021) Copolis \u201cBenestar, Comunitat i Control Social\u201d, i del\u00a0Grup d\u2019Innovaci\u00f3 Docent Consolidat en Hist\u00f2ria Econ\u00f2mica, Pol\u00edtica i Social, adscrits a la Universitat de Barcelona. Va treballar\u00a0<span class=\"JLqJ4b ChMk0b\" data-language-for-alternatives=\"ca\" data-language-to-translate-into=\"es\" data-phrase-index=\"1\">per al Programa de les Nacions Unides per al Desenvolupament (PNUD) a la seva oficina de Manila\u00a0(Filipines) entre els anys 1988-1990. \u00c9s presidenta de la Fundaci\u00f3 Mon-3. \u00c9s directora de l\u2019M\u00e0ster en Globalitzaci\u00f3, Desenvolupament i Cooperaci\u00f3 de la Universitat de Barcelona des de 2011, del\u00a0qu\u00e8 havia estat coordinadora de segon curs\u00a0i professora des dels seus inicis en 1994. \u00c9s codirectora de l\u2019M\u00e0ster Desenvolupament Rural i Cooperaci\u00f3, organitzat conjuntament per la Universitat de Barcelona, la Universitat Polit\u00e8cnica de Catalunya i la Universitat Gaston Berger de Saint Louis a Senegal. Actualment \u00e9s directora de Departament d\u2019Hist\u00f2ria Econ\u00f2mica, Institucions, Pol\u00edtica i Economia Mundial de la Facultat d\u2019Economia i Empresa de la Universitat de Barcelona.<\/span><\/p>\n<p><a href=\"http:\/\/webgrec.ub.edu\/webpages\/000005\/cat\/imaestro.ub.edu.html\" target=\"_blank\" rel=\"noopener\">P\u00e0gina personal\u00a0<\/a><\/p>\n","protected":false},"excerpt":{"rendered":"<p>Irene Maestro Yarza. Professora titular d\u2019economia de la Universitat de Barcelona desde 1990. \u00c9s membre del Grup de Recerca Consolidat (SGR-1145 2017-2021) Copolis \u201cBenestar, Comunitat i Control Social\u201d, i del\u00a0Grup d\u2019Innovaci\u00f3 Docent Consolidat en Hist\u00f2ria Econ\u00f2mica, Pol\u00edtica i Social, adscrits a la Universitat de Barcelona. Va treballar\u00a0per al Programa de les Nacions Unides per al &#8230; <a title=\"Irene Maestro\" class=\"read-more\" href=\"https:\/\/www.ub.edu\/copolis\/rescupan\/irene-maestro-2\/\" aria-label=\"M\u00e9s sobre Irene Maestro\">Llegiu m\u00e9s<\/a><\/p>\n","protected":false},"author":3,"featured_media":0,"parent":0,"menu_order":0,"comment_status":"closed","ping_status":"closed","template":"","meta":{"footnotes":""},"class_list":["post-154","page","type-page","status-publish"],"_links":{"self":[{"href":"https:\/\/www.ub.edu\/copolis\/rescupan\/wp-json\/wp\/v2\/pages\/154","targetHints":{"allow":["GET"]}}],"collection":[{"href":"https:\/\/www.ub.edu\/copolis\/rescupan\/wp-json\/wp\/v2\/pages"}],"about":[{"href":"https:\/\/www.ub.edu\/copolis\/rescupan\/wp-json\/wp\/v2\/types\/page"}],"author":[{"embeddable":true,"href":"https:\/\/www.ub.edu\/copolis\/rescupan\/wp-json\/wp\/v2\/users\/3"}],"replies":[{"embeddable":true,"href":"https:\/\/www.ub.edu\/copolis\/rescupan\/wp-json\/wp\/v2\/comments?post=154"}],"version-history":[{"count":6,"href":"https:\/\/www.ub.edu\/copolis\/rescupan\/wp-json\/wp\/v2\/pages\/154\/revisions"}],"predecessor-version":[{"id":240,"href":"https:\/\/www.ub.edu\/copolis\/rescupan\/wp-json\/wp\/v2\/pages\/154\/revisions\/240"}],"wp:attachment":[{"href":"https:\/\/www.ub.edu\/copolis\/rescupan\/wp-json\/wp\/v2\/media?parent=154"}],"curies":[{"name":"wp","href":"https:\/\/api.w.org\/{rel}","templated":true}]}}