{"id":169,"date":"2022-05-27T01:18:06","date_gmt":"2022-05-26T23:18:06","guid":{"rendered":"http:\/\/mirrors.yagodinella.ar\/?page_id=169"},"modified":"2023-07-11T18:40:53","modified_gmt":"2023-07-11T16:40:53","slug":"marta-luxan","status":"publish","type":"page","link":"https:\/\/www.ub.edu\/copolis\/rescupan\/marta-luxan\/","title":{"rendered":"Marta Lux\u00e1n Serrano"},"content":{"rendered":"<p><strong>Marta Lux\u00e1n Serrano.<\/strong><\/p>\n<p>Profesora agregada del Departamento de Sociolog\u00eda y Trabajo de la Universidad del Pa\u00eds Vasco\/Euskal Herriko Unibertsitatea y responsable del M\u00e1ster de Estudios Feministas y de G\u00e9nero (UPV\/EHU). Licenciada en Sociolog\u00eda (1993, UPV\/EHU) y Doctora en Demograf\u00eda (2000, Universitat Aut\u00f2noma de Barcelona). Es miembro del grupo de investigaci\u00f3n <a href=\"https:\/\/afit-antropologiafeminista.eus\/es\/\">AFIT <\/a>\u00a0y de SIMREF. Por lo que a las l\u00edneas de investigaci\u00f3n se refiere, adem\u00e1s de cuestiones demogr\u00e1ficas y relacionadas con las familias, se ha especializado en metodolog\u00eda de investigaci\u00f3n feminista y tambi\u00e9n analiza temas vinculados a movimientos sociales. Ha participado en numerosas investigaciones, tanto locales como estatales e internacionales, siendo la investigadora principal de varias de ellas. As\u00ed mismo, ha publicado numerosos art\u00edculos cient\u00edficos y libros colectivos, y ha participado en congresos y conferencias cient\u00edficas. Es tambi\u00e9n coorganizadora de las diversas jornadas de Metodolog\u00edas de Investigaci\u00f3n Feminsita que vienen organiz\u00e1ndose desde 2011.<\/p>\n","protected":false},"excerpt":{"rendered":"<p>Marta Lux\u00e1n Serrano. Profesora agregada del Departamento de Sociolog\u00eda y Trabajo de la Universidad del Pa\u00eds Vasco\/Euskal Herriko Unibertsitatea y responsable del M\u00e1ster de Estudios Feministas y de G\u00e9nero (UPV\/EHU). Licenciada en Sociolog\u00eda (1993, UPV\/EHU) y Doctora en Demograf\u00eda (2000, Universitat Aut\u00f2noma de Barcelona). Es miembro del grupo de investigaci\u00f3n AFIT \u00a0y de SIMREF. Por &#8230; <a title=\"Marta Lux\u00e1n Serrano\" class=\"read-more\" href=\"https:\/\/www.ub.edu\/copolis\/rescupan\/marta-luxan\/\" aria-label=\"M\u00e9s sobre Marta Lux\u00e1n Serrano\">Llegiu m\u00e9s<\/a><\/p>\n","protected":false},"author":3,"featured_media":0,"parent":0,"menu_order":0,"comment_status":"closed","ping_status":"closed","template":"","meta":{"footnotes":""},"class_list":["post-169","page","type-page","status-publish"],"_links":{"self":[{"href":"https:\/\/www.ub.edu\/copolis\/rescupan\/wp-json\/wp\/v2\/pages\/169","targetHints":{"allow":["GET"]}}],"collection":[{"href":"https:\/\/www.ub.edu\/copolis\/rescupan\/wp-json\/wp\/v2\/pages"}],"about":[{"href":"https:\/\/www.ub.edu\/copolis\/rescupan\/wp-json\/wp\/v2\/types\/page"}],"author":[{"embeddable":true,"href":"https:\/\/www.ub.edu\/copolis\/rescupan\/wp-json\/wp\/v2\/users\/3"}],"replies":[{"embeddable":true,"href":"https:\/\/www.ub.edu\/copolis\/rescupan\/wp-json\/wp\/v2\/comments?post=169"}],"version-history":[{"count":9,"href":"https:\/\/www.ub.edu\/copolis\/rescupan\/wp-json\/wp\/v2\/pages\/169\/revisions"}],"predecessor-version":[{"id":609,"href":"https:\/\/www.ub.edu\/copolis\/rescupan\/wp-json\/wp\/v2\/pages\/169\/revisions\/609"}],"wp:attachment":[{"href":"https:\/\/www.ub.edu\/copolis\/rescupan\/wp-json\/wp\/v2\/media?parent=169"}],"curies":[{"name":"wp","href":"https:\/\/api.w.org\/{rel}","templated":true}]}}