{"id":175,"date":"2022-05-27T01:19:23","date_gmt":"2022-05-26T23:19:23","guid":{"rendered":"http:\/\/mirrors.yagodinella.ar\/?page_id=175"},"modified":"2022-05-27T02:14:23","modified_gmt":"2022-05-27T00:14:23","slug":"leon-freude","status":"publish","type":"page","link":"https:\/\/www.ub.edu\/copolis\/rescupan\/leon-freude\/","title":{"rendered":"Leon Freude"},"content":{"rendered":"<p><strong>Leon Freude.\u00a0<\/strong><\/p>\n<p>Investigador en formaci\u00f3 predoctoral FPU al Departament de Sociologia de la Universitat de Barcelona. \u00c9s membre del\u00a0<span id=\"result_box\" lang=\"ca\"><span class=\"hps\">Grup de Recerca Consolidat (SGR-1145 2017-2021) Copolis \u201cBenestar, Comunitat i Control Social\u201d, i del Grup d\u2019Innovaci\u00f3 Docent Consolidat (GIDC-UB-140\/13) CEFOCID-Copolis, adscrits a la Universitat de Barcelona<\/span>.<\/span>\u00a0\u00c9s M\u00e0ster en Estudis de Dones, G\u00e8nere i Ciutadania i graduat en Sociologia per la mateixa universitat. A partir del ser proyecte de tesi\u00a0<i>La tolerancia LGBTI en los valores de los europeos: desaf\u00edos, cambios y oportunidades para movimientos sociales y pol\u00edticas p\u00fablicas,\u00a0<\/i>treballa en metodolog\u00edes i t\u00e8cniques de recerca centrant-se en sexualitats. Va formar part del projecte europeu INCASI<em>, International Network for Comparative Analysis of Social Inequalities;\u00a0<\/em>del projecte de Recercaixa\u00a0<em>Incorporar, Retener y Promocionar las mujeres al sector ocupacional de las tecnolog\u00edas\u00a0<\/em>i del\u00a0projecte d\u2019innovaci\u00f3 docent de l\u2019UB\u00a0<em>Compartir Idees. La universitat va a l\u2019institut<\/em>. Tamb\u00e9 va col\u00b7laborar amb el projecte Marie Sk\u0142odowska-Curie Q<em>TReproART-Towards an Inclusive Common European Framework for Assisted Reproductive Technologies (ART): Queer and Transgender Reproduction in the Age of AR<\/em><em>T,<\/em>\u00a0el projecte\u00a0<em>LGBT+Salut<\/em>.<\/p>\n<p><a href=\"https:\/\/webgrec.ub.edu\/webpages\/personal\/cat\/005479_lfreude.ub.edu.html\">P\u00e0gina personal<\/a><\/p>\n","protected":false},"excerpt":{"rendered":"<p>Leon Freude.\u00a0 Investigador en formaci\u00f3 predoctoral FPU al Departament de Sociologia de la Universitat de Barcelona. \u00c9s membre del\u00a0Grup de Recerca Consolidat (SGR-1145 2017-2021) Copolis \u201cBenestar, Comunitat i Control Social\u201d, i del Grup d\u2019Innovaci\u00f3 Docent Consolidat (GIDC-UB-140\/13) CEFOCID-Copolis, adscrits a la Universitat de Barcelona.\u00a0\u00c9s M\u00e0ster en Estudis de Dones, G\u00e8nere i Ciutadania i graduat en &#8230; <a title=\"Leon Freude\" class=\"read-more\" href=\"https:\/\/www.ub.edu\/copolis\/rescupan\/leon-freude\/\" aria-label=\"M\u00e9s sobre Leon Freude\">Llegiu m\u00e9s<\/a><\/p>\n","protected":false},"author":3,"featured_media":0,"parent":0,"menu_order":0,"comment_status":"closed","ping_status":"closed","template":"","meta":{"footnotes":""},"class_list":["post-175","page","type-page","status-publish"],"_links":{"self":[{"href":"https:\/\/www.ub.edu\/copolis\/rescupan\/wp-json\/wp\/v2\/pages\/175","targetHints":{"allow":["GET"]}}],"collection":[{"href":"https:\/\/www.ub.edu\/copolis\/rescupan\/wp-json\/wp\/v2\/pages"}],"about":[{"href":"https:\/\/www.ub.edu\/copolis\/rescupan\/wp-json\/wp\/v2\/types\/page"}],"author":[{"embeddable":true,"href":"https:\/\/www.ub.edu\/copolis\/rescupan\/wp-json\/wp\/v2\/users\/3"}],"replies":[{"embeddable":true,"href":"https:\/\/www.ub.edu\/copolis\/rescupan\/wp-json\/wp\/v2\/comments?post=175"}],"version-history":[{"count":4,"href":"https:\/\/www.ub.edu\/copolis\/rescupan\/wp-json\/wp\/v2\/pages\/175\/revisions"}],"predecessor-version":[{"id":256,"href":"https:\/\/www.ub.edu\/copolis\/rescupan\/wp-json\/wp\/v2\/pages\/175\/revisions\/256"}],"wp:attachment":[{"href":"https:\/\/www.ub.edu\/copolis\/rescupan\/wp-json\/wp\/v2\/media?parent=175"}],"curies":[{"name":"wp","href":"https:\/\/api.w.org\/{rel}","templated":true}]}}