{"id":178,"date":"2022-05-27T01:19:46","date_gmt":"2022-05-26T23:19:46","guid":{"rendered":"http:\/\/mirrors.yagodinella.ar\/?page_id=178"},"modified":"2022-05-27T02:29:28","modified_gmt":"2022-05-27T00:29:28","slug":"ignasi-bernat","status":"publish","type":"page","link":"https:\/\/www.ub.edu\/copolis\/rescupan\/ignasi-bernat\/","title":{"rendered":"Ignasi Bernat"},"content":{"rendered":"<div>\n<div>\n<p>&nbsp;<\/p>\n<p><u>A.1. <\/u><\/p>\n<p>ignasi.bernat@ub.edu<\/p>\n<p>&nbsp;<\/p>\n<p><u>A.2.\u00a0 Education:<\/u><\/p>\n<p>PhD Criminology, University of Girona, Mapping the crimes of the powerful and the economic crisis in Spain. Crime, State and Power, 2020.<\/p>\n<p>MSc Prevention and Safety, Autonomous University of Barcelona, 2011<\/p>\n<p>BA Sociology, Autonomous University of Barcelona, 2005<\/p>\n<p>&nbsp;<\/p>\n<p><u>B.1 Employment:<\/u><\/p>\n<p>Associated Lecturer, University of Barcelona (September 2021- Present)<\/p>\n<p>Post-doc Teaching Fellow in Criminology, University of Winchester (January 2020 \u2013 September 2021).<\/p>\n<p>Strategic Planning Co-ordinator and Policy Researcher, Candidacy of Popular Unity, Barcelona (September 2017- January 2020).<\/p>\n<p>Associate lecturer, National Distance University, Barcelona (September 2017 &#8211; January 2020).<\/p>\n<p>Lecturer in Sociology and Criminology, University of Surrey (September 2016 &#8211; September 2017).<\/p>\n<p>Associate Lecturer in Criminology, University of Girona (September 2013 &#8211; September 2016).<\/p>\n<p>Visiting (sessional) lecturer, University of Girona (September 2010 &#8211; September 2013).<\/p>\n<p>&nbsp;<\/p>\n<p><u>B.2 Funded research projects:<\/u><\/p>\n<p>\u2018Criminalisation of political opposition in Catalonia\u2019 (September 2017 \u2013 December 2018), Candidacy of Popular Unity.<\/p>\n<p>\u2018The territorial dimension of control and social exclusion: the case of the collective \u201csom 300\u201d Barcelona\u2019s Poblenou\u2019, University of Barcelona, (February \u2013 October 2015).<\/p>\n<p>\u2018The living conditions of immigrant youth and proposals for improvement in Salt, Girona\u2019, University of Girona (February 2010 \u2013 May 2011).<\/p>\n<p>\u2018The institutional treatment of togetherness and public space: towards a punitive management of social exclusion?\u2019, University of Barcelona (February 2010 \u2013 May 2011).<\/p>\n<p>&nbsp;<\/p>\n<p>&nbsp;<\/p>\n<p><u>C.1 Teaching experience:<\/u><\/p>\n<p>I have been module leader and author of the following modules:<\/p>\n<p>&#8211; Sociology (level 4), University of Barcelona<\/p>\n<p>&#8211; Sociology of the Family (level 5), University of Barcelona<\/p>\n<p>&#8211; Comparative Perspectives in International Policing (level 7), University of Winchester<\/p>\n<p>&#8211; Comparative Criminal Justice (level 6), University of Winchester<\/p>\n<p>&#8211; Theoretical Criminology (level 6), University of Winchester<\/p>\n<p>&#8211; Victimology (level 5), University of Winchester<\/p>\n<p>&#8211; Methods of Social Research (level 5), The Spanish National Distance University (UNED)<\/p>\n<p>&#8211; Crime and Offending (level 7), University of Surrey<\/p>\n<p>&#8211; Field Methods (level 7), University of Surrey<\/p>\n<p>&#8211; Migration and the politics of identity (level 5), University of Surrey<\/p>\n<p>&#8211; Making sense of everyday Life (level 5), University of Surrey<\/p>\n<p>&#8211; Crime Policies (level 5), University of Girona<\/p>\n<p>&#8211; The Sociology of Prison (level 5), University of Girona<\/p>\n<p>&#8211; Comparative Criminology (level 6), University of Girona<\/p>\n<p>&#8211; Applied Criminology (level 6), University of Girona<\/p>\n<p>&#8211; Social and Educational Intervention (level 4), University of Girona<\/p>\n<p>&#8211; Feminist criminology (level 6), University of Girona<\/p>\n<p>&#8211; Immigration and Criminal Justice System (level 6), University of Girona<\/p>\n<p>&nbsp;<\/p>\n<p>&nbsp;<\/p>\n<p><u>D.1 Publications:<\/u><\/p>\n<p><em>\u00a0<\/em><\/p>\n<p><em>Refereed Journal Articles<\/em><\/p>\n<p>Bernat, I. and Whyte, D. (2020) Postfascism in Spain: the struggle for Catalonia. <em>Critical Sociology. <\/em>Volume: 46 issue: 4-5, pages: 761-776.<\/p>\n<p>Bernat, I. and Whyte, D. (2020) Spain must be defended. Explaining the criminalization of political dissent. <em>State Crime Journal 9 <\/em>(1): 100-117<em>. <\/em><\/p>\n<p>Bernat, I. (2020) Estado de excepci\u00f3n permanente en el sur de Europa. <em>Clivatge<\/em> 8: 24-88.<\/p>\n<p>Bernat, I. and Whyte, D. (2019) State-corporate Crimes. <em>The Handbook on White-collar Crime <\/em>ed. Melissa Rorie. New Jersey: Wiley. pp. 127-138.<\/p>\n<p>Bernat, I. (2018) The Permanent State of Exception in South Europe. <em>The O\u00f1ati Socio-legal Series. <\/em><\/p>\n<p>Volume 8 Number 6, 925-949.<\/p>\n<p>Bernat, I. and Whyte, D. (2017) State-Corporate Crime and the Process of Capital Accumulation: mapping a global regime of permission from Galicia to Morecambe Bay. <em>Critical Criminology: An International Journal <\/em>Volume 25, Number 1, pp. 71-86.<\/p>\n<p>Bernat, I. (2015) Entendiendo los desahucios: financiarizaci\u00f3n, poder corporativo y derechos mercantilizados (Understanding evictions: financialisation, corporate power and commodified rights).<em> Sortuz: Journal of Emergent Socio-Legal Studies.<\/em> Volume 7, Number 2, pp. 57-72.<\/p>\n<p>Bernat, I. and Whyte, D. (2017) Entendiendo los or\u00edgenes del crimen estatal corporativo: un an\u00e1lisis de los desastres del Prestige y Morecambe Bay (Understanding the origins of state-corporate crime: an analysis of the Prestige and Morecambe Bay disasters). <em>Cr\u00edtica Penal y Poder<\/em>. Volume 9, pp. 255-278.<\/p>\n<p>Bernat, I. (2014) Desahuciando inmigrantes: una etnograf\u00eda en una comunidad da\u00f1ada (Evicting immigrants: an ethnography in a damaged community). <em>Cr\u00edtica Penal y Poder<\/em>. Volume 7, pp. 35-63.<\/p>\n<p>Bernat, I. (2013) Desahucios en Salt: una cartograf\u00eda del poder (Evictions in Salt: a cartography of power). <em>Urbs<\/em>. Volume 3, Number 2, pp. 141-144.<\/p>\n<p><em>\u00a0<\/em><\/p>\n<p><em>To be submitted:<\/em><\/p>\n<p>Bernat, I. and Whyte, D. (2022) The Invention of Violence in Postfascist Spain. <em>Punishment and Society.<\/em><\/p>\n<p><u>\u00a0<\/u><\/p>\n<p><em>Books<\/em><\/p>\n<p>Bernat, I. and Whyte, D. (2018) (eds.) <em>Building a New Catalonia: Self-Determination and Emancipation. <\/em>Barcelona and Edinburgh: Pol-len and Bella Caledonia, pp345.<\/p>\n<p>Bernat, I. and Whyte, D. (eds.) (2019) El m\u00f3n ens mira: veus desobedients sobre la sobirania, Barcelona: Pol\u00b7len, pp345 (Catalan translation of <em>Building a New Catalonia)<\/em>.<\/p>\n<p>Veh\u00ed, M., Bernat, I., Peter, O. and Salellas, B., <em>Amnistia<\/em>. Barcelona: Tigre de Paper.<\/p>\n<p><u>\u00a0<\/u><\/p>\n<p><em>Parts of Books<\/em><\/p>\n<p>Bernat, I. and Whyte, D. (2021) Criminalization as a Strategy of Power: The Case of Catalonia 2017-2020. in: Veigh Weis, V. (eds.) <em>The Criminalisation of Activism<\/em>. Abington: Routledge<\/p>\n<p>Bernat, I. (2018) The Crimes of the Powerful and the Spanish Crisis, in Bittle, S., Snider, L., Tombs, S. and Whyte, D. (eds.) <em>Revisiting Crimes of the Powerful: Marxism, Crime and Deviance, <\/em>Abington: Routledge.<\/p>\n<p>Bernat, I. and Whyte, D. State-Corporate Crime (2019) <em>Handbook of White-Collar Crime<\/em>, New York: Wiley.<\/p>\n<p>Jim\u00e9nez, D., Bernat, I., Forero, A., Tombs, S. and Whyte, D. (2018) Financiarizaci\u00f3n y Criminolog\u00eda del Saqueo, in Maroto, M. and Marco, M.P. (eds.) <em>Derecho Penal Econ\u00f3mico y Derechos Humanos<\/em>, Valencia: Tirant Lo Blanch.<\/p>\n<p>Bernat, I, Jim\u00e9nez, D. and Forero, A. Pr\u00f3logo. Miedo y Saqueo en el Sur. (Fear and Looting in the South) Prologue to Tombs, S. and Whyte, D., <em>La Empresa Criminal Por qu\u00e9 las corporaciones deben ser abolidas <\/em>(Spanish translation of <em>The Corporate Criminal. Why corporations must be abolished<\/em>) Barcelona: Icaria.<\/p>\n<p>&nbsp;<\/p>\n<p><em>Book reviews<\/em><\/p>\n<p>Bernat, I. (2012) Rese\u00f1a de Staeheli y Mitchell: The people&#8217;s property?\u00a0(Book Review: The people\u2019s property? by Staeheli and Mitchell). <em>Athenea Digital<\/em>\u00a0Volume 12, Number 1, pp. 251-255.<\/p>\n<p>&nbsp;<\/p>\n<ol>\n<li><u> 2 Conference Papers<\/u><\/li>\n<\/ol>\n<p>\u2018Decolonising the Crimes of the Powerful\u2019 (Forthcoming) BSC, 2021.<\/p>\n<p>\u2018Postfacism and the Catalan situation\u2019 Queens Mary University, London, October, 2019.<\/p>\n<p>\u2018Postfacism in Spain\u2019 Historical Materialism Conference. Barcelona, May 2019.<\/p>\n<p>\u2018Decolonising criminology. An epistemological approach.\u2019 European Group for the Study of Deviance and Social Control. Ljubljana, August 2018.<\/p>\n<p>\u2018Decolonising the crimes of the powerful\u2019. Law and Society Association, Mexico DF, June 2017.<\/p>\n<p>\u2018State-corporate postcolonial crime, financialisation and market patriotism: the Agbar case\u2019. \u00a0European Group for the study of Deviance and Social Control. Braga, September 2016.<\/p>\n<p>\u2018The Permanent Crisis in Southern Europe as a State of Exception\u2019. International Institute for the Sociology of Law. Workshop on: State of Exception, Law and Economy. O\u00f1ati, June, 2016<\/p>\n<p>\u2018The Crimes of the Powerful and the Spanish Crisis\u2019. Law and Society Association. Seattle, May 2015.<\/p>\n<p>\u2018The Prestige oil spill: a State-Corporate Regime of Permission\u2019 (with David Whyte). European Group for the Study of Deviance and Social Control. Liverpool, September 2014.<\/p>\n<p>\u2018Evicting Migrants and its Resistance\u2019. Etnografia e ricerca qualitativa. Bergamo, May 2014.<\/p>\n<p>\u2018Evictions as Postcolonial State-Corporate Crime\u2019. Law and Society Association. Boston, May 2013.<\/p>\n<p>\u2018Evictions as State-Corporate Crime\u2019, European Group for the Study of Deviance and Social Control. Nicosia, September 2012.<\/p>\n<p>&nbsp;<\/p>\n<p><u>D.3. Research networks:<\/u><\/p>\n<p>&#8211; The European Group for the Study of Deviance and Social Control,\u00a0 Working Group Coordinator: \u201cFear and looting in the periphery: approaching global crime and harm in and from the south\u201d.<\/p>\n<p>&#8211; European Society of Criminology. Working Group Coordinator: Qualitative Research Methodologies and Epistemologies.<\/p>\n<p>&#8211; Member of the Board of Sociologists and Political Scientists of Catalonia.<\/p>\n<p>&nbsp;<\/p>\n<p><u>D.4 Research periods at international universities:<\/u><\/p>\n<p>&#8211; University of Liverpool (15-6-2015\/31-8-2015).<\/p>\n<p>&#8211; University Erasmus of Rotterdam (15-6-2012\/1-9-2012)<\/p>\n<p>&#8211; City University of New York, John Jay College of Criminal Justice (18-6-2011\/8-9-2011).<\/p>\n<p>&nbsp;<\/p>\n<p><u>D.4 Research periods at international universities:<\/u><\/p>\n<p>-Honorary Visiting Research Fellow, University of Liverpool (15-6-2015-present).<\/p>\n<p><u>\u00a0<\/u><\/p>\n<p><u>D.5 Professional development: <\/u><\/p>\n<p>&#8211; Researching Corporate Power. University of Liverpool. Summer School, 2019.<\/p>\n<p>&#8211; Critical Muslim Studies: Decolonial Struggles and Liberation Theologies. Center of Study and Investigation for Decolonial Dialogues. Summer School, 2018.<\/p>\n<p>&#8211; Decolonizing Knowledge and Power: Postcolonial Studies and Decolonial Horizons. Center of Study and Investigation for Decolonial Dialogues. Summer School, 2016.<\/p>\n<p>&#8211; Advanced Qualitative and Legal Methods in Criminology. University of Utrecht, Summer School 2013.<\/p>\n<\/div>\n<\/div>\n","protected":false},"excerpt":{"rendered":"<p>&nbsp; A.1. ignasi.bernat@ub.edu &nbsp; A.2.\u00a0 Education: PhD Criminology, University of Girona, Mapping the crimes of the powerful and the economic crisis in Spain. Crime, State and Power, 2020. MSc Prevention and Safety, Autonomous University of Barcelona, 2011 BA Sociology, Autonomous University of Barcelona, 2005 &nbsp; B.1 Employment: Associated Lecturer, University of Barcelona (September 2021- Present) &#8230; <a title=\"Ignasi Bernat\" class=\"read-more\" href=\"https:\/\/www.ub.edu\/copolis\/rescupan\/ignasi-bernat\/\" aria-label=\"M\u00e9s sobre Ignasi Bernat\">Llegiu m\u00e9s<\/a><\/p>\n","protected":false},"author":3,"featured_media":0,"parent":0,"menu_order":0,"comment_status":"closed","ping_status":"closed","template":"","meta":{"footnotes":""},"class_list":["post-178","page","type-page","status-publish"],"_links":{"self":[{"href":"https:\/\/www.ub.edu\/copolis\/rescupan\/wp-json\/wp\/v2\/pages\/178","targetHints":{"allow":["GET"]}}],"collection":[{"href":"https:\/\/www.ub.edu\/copolis\/rescupan\/wp-json\/wp\/v2\/pages"}],"about":[{"href":"https:\/\/www.ub.edu\/copolis\/rescupan\/wp-json\/wp\/v2\/types\/page"}],"author":[{"embeddable":true,"href":"https:\/\/www.ub.edu\/copolis\/rescupan\/wp-json\/wp\/v2\/users\/3"}],"replies":[{"embeddable":true,"href":"https:\/\/www.ub.edu\/copolis\/rescupan\/wp-json\/wp\/v2\/comments?post=178"}],"version-history":[{"count":8,"href":"https:\/\/www.ub.edu\/copolis\/rescupan\/wp-json\/wp\/v2\/pages\/178\/revisions"}],"predecessor-version":[{"id":262,"href":"https:\/\/www.ub.edu\/copolis\/rescupan\/wp-json\/wp\/v2\/pages\/178\/revisions\/262"}],"wp:attachment":[{"href":"https:\/\/www.ub.edu\/copolis\/rescupan\/wp-json\/wp\/v2\/media?parent=178"}],"curies":[{"name":"wp","href":"https:\/\/api.w.org\/{rel}","templated":true}]}}