{"id":19,"date":"2022-05-15T02:45:50","date_gmt":"2022-05-15T00:45:50","guid":{"rendered":"http:\/\/mirrors.yagodinella.ar\/?page_id=19"},"modified":"2025-11-05T19:57:00","modified_gmt":"2025-11-05T17:57:00","slug":"presentacion","status":"publish","type":"page","link":"https:\/\/www.ub.edu\/copolis\/rescupan\/presentacion\/","title":{"rendered":"Presentaci\u00f3"},"content":{"rendered":"\r\n<p>RESCUPAN Project \u00e9s una iniciativa del Grup de recerca COPOLIS Benestar, Comunitat i Control Social de la Universitat de Barcelona que reuneix investigadores i investigadors interessats en l\u2019an\u00e0lisi dels canvis socials produ\u00efts entorn de les cures de la vida humana arran de la pand\u00e8mia de la Covid-19.<\/p>\r\n<p>Pret\u00e9n donar cabuda a projectes de recerca i altres activitats de difusi\u00f3 i an\u00e0lisi que permetin obrir noves l\u00ednies de reflexi\u00f3 i debat sobre la fam\u00edlia i les transformacions actuals.<\/p>\r\n<p>El projecte s&#8217;anomena \u201cLa reorganitzaci\u00f3 social de la cura en pand\u00e8mia: Benestar, comunitat i g\u00e8nere\u201d (Ref. PID2020-118801RB-I00 ) i compta amb una de les ajudes corresponents a la convocat\u00f2ria 2020 de \u00abProjectes de R+D+i\u00bb dels Programes Estatals de Generaci\u00f3 de Coneixement i Enfortiment Cient\u00edfic i Tecnol\u00f2gic del Sistema d&#8217;R+D+i i d&#8217;R+D+i Orientada als Reptes de la Societat, del Ministeri de Ciencvia i Innovaci\u00f3.<\/p>\r\n<p>Aquesta web del projecte est\u00e0 destinada a anar informant sobre els resultats de la investigaci\u00f3. Per aix\u00f2, es convida a visitar els seus diferents apartats, p\u00e0gines i entrades, on podran trobar una explicaci\u00f3 detallada del projecte de recerca, els informes de resultats, un banc de recursos on es recopilin els serveis sociosanitaris i les diferents xarxes comunit\u00e0ries identificades a el territori, i les activitats de treball i\/o divulgaci\u00f3 que es tanquen fent.<\/p>\r\n","protected":false},"excerpt":{"rendered":"<p>RESCUPAN Project \u00e9s una iniciativa del Grup de recerca COPOLIS Benestar, Comunitat i Control Social de la Universitat de Barcelona que reuneix investigadores i investigadors interessats en l\u2019an\u00e0lisi dels canvis socials produ\u00efts entorn de les cures de la vida humana arran de la pand\u00e8mia de la Covid-19. Pret\u00e9n donar cabuda a projectes de recerca i &#8230; <a title=\"Presentaci\u00f3\" class=\"read-more\" href=\"https:\/\/www.ub.edu\/copolis\/rescupan\/presentacion\/\" aria-label=\"M\u00e9s sobre Presentaci\u00f3\">Llegiu m\u00e9s<\/a><\/p>\n","protected":false},"author":3,"featured_media":0,"parent":0,"menu_order":0,"comment_status":"closed","ping_status":"closed","template":"","meta":{"footnotes":""},"class_list":["post-19","page","type-page","status-publish"],"_links":{"self":[{"href":"https:\/\/www.ub.edu\/copolis\/rescupan\/wp-json\/wp\/v2\/pages\/19","targetHints":{"allow":["GET"]}}],"collection":[{"href":"https:\/\/www.ub.edu\/copolis\/rescupan\/wp-json\/wp\/v2\/pages"}],"about":[{"href":"https:\/\/www.ub.edu\/copolis\/rescupan\/wp-json\/wp\/v2\/types\/page"}],"author":[{"embeddable":true,"href":"https:\/\/www.ub.edu\/copolis\/rescupan\/wp-json\/wp\/v2\/users\/3"}],"replies":[{"embeddable":true,"href":"https:\/\/www.ub.edu\/copolis\/rescupan\/wp-json\/wp\/v2\/comments?post=19"}],"version-history":[{"count":10,"href":"https:\/\/www.ub.edu\/copolis\/rescupan\/wp-json\/wp\/v2\/pages\/19\/revisions"}],"predecessor-version":[{"id":1244,"href":"https:\/\/www.ub.edu\/copolis\/rescupan\/wp-json\/wp\/v2\/pages\/19\/revisions\/1244"}],"wp:attachment":[{"href":"https:\/\/www.ub.edu\/copolis\/rescupan\/wp-json\/wp\/v2\/media?parent=19"}],"curies":[{"name":"wp","href":"https:\/\/api.w.org\/{rel}","templated":true}]}}