{"id":22,"date":"2022-05-15T02:46:50","date_gmt":"2022-05-15T00:46:50","guid":{"rendered":"http:\/\/mirrors.yagodinella.ar\/?page_id=22"},"modified":"2023-10-09T11:29:07","modified_gmt":"2023-10-09T09:29:07","slug":"equipo","status":"publish","type":"page","link":"https:\/\/www.ub.edu\/copolis\/rescupan\/equipo\/","title":{"rendered":"Equip"},"content":{"rendered":"\r\n<p><strong>Elisabet Almeda Samaranch<\/strong> (Co-Investigadora principal)<\/p>\r\n<p><strong>M\u00e0rius Dom\u00ednguez i Amor\u00f3s<\/strong> (Co-Investigador principal)<\/p>\r\n\r\n\r\n\r\n\r\n\r\n\r\n\r\n<p><strong>\r\n\r\n<\/strong><\/p>\r\n<p><strong>Anna Morero Beltr\u00e1n<\/strong><\/p>\r\n<p><strong>Carme Vivancos-Sanchez<\/strong><\/p>\r\n<p><strong>Caterina Thomas Vanrell<\/strong><\/p>\r\n<p><strong>Clara Camps Calvet<\/strong><\/p>\r\n<p><strong>\r\n\r\n\r\n\r\n<\/strong><\/p>\r\n<p><strong>Dino Di Nella<\/strong><\/p>\r\n<p><strong>\r\n\r\n<\/strong><\/p>\r\n<p><strong>\r\n\r\n\r\n\r\n\r\n\r\n<\/strong><\/p>\r\n<p><strong>Ignasi Bernat<\/strong><\/p>\r\n<p><strong>\r\n\r\n\r\n\r\n<\/strong><\/p>\r\n<p><strong>Irene Maestro<\/strong><\/p>\r\n<p><strong>Isabel Nadal Armengual<\/strong><\/p>\r\n<p><strong>\r\n\r\n<\/strong><\/p>\r\n<p><strong>Jokin Azpiazu Carballo<\/strong><\/p>\r\n<p><strong>Jordi Bonet<\/strong><\/p>\r\n<p><strong>Juan Carlos Palacio<\/strong><\/p>\r\n<p><strong>\r\n\r\n<\/strong><\/p>\r\n<p><strong>Leon Freude<\/strong><\/p>\r\n<p><strong>\r\n\r\n<\/strong><\/p>\r\n<p><strong>Mar\u00eda Antonia Carbonero<\/strong><\/p>\r\n<p><strong>Marta Lux\u00e1n Serrano<\/strong><\/p>\r\n<p><strong>Pilar Aparicio<\/strong><\/p>\r\n<p><strong>Rosa Ortiz Monera<\/strong><\/p>\r\n<p><strong>\r\n\r\n<\/strong><\/p>\r\n<p><strong>Sandra Obiol Frances<\/strong><\/p>\r\n<p><strong>Lara Borin Campoli<\/strong><\/p>\r\n<p>&nbsp;<\/p>\r\n<p>\r\n\r\n<\/p>\r\n<p>\r\n\r\n<\/p>\r\n<p>\r\n\r\n<\/p>\r\n\r\n\r\n\r\n<p>Tot i que el projecte no \u00e9s continuaci\u00f3 directa de cap altre anterior, els <strong>antecedents i les contribucions pr\u00e8vies<\/strong> de l&#8217;equip de recerca mostren una alta relaci\u00f3 amb la tem\u00e0tica i els objectius presentats.<\/p>\r\n<p>Les persones de l&#8217;equip de recerca provenen de diverses \u00e0rees de coneixement, amb una especialitat i traject\u00f2ria cient\u00edfica contrastada en la tem\u00e0tica proposada, i que permeten una aproximaci\u00f3 multidisciplin\u00e0ria a fi d&#8217;estudi. Concretament, des de les \u00e0rees de Sociologia, Economia (cooperaci\u00f3 i desenvolupament), Empresa (Organitzaci\u00f3 de les institucions sociosanit\u00e0ries), Psicologia Social i Demografia. Aix\u00ed mateix, entre les persones integrants de l&#8217;equip algunes procedeixen de diverses universitats, cosa que afavoreix la riquesa i el potencial d&#8217;internacionalitzaci\u00f3.<\/p>\r\n<p>En els darrers 10 anys, les persones de l&#8217;equip de recerca han participat en 46 projectes de recerca internacionals i nacionals de convocat\u00f2ries competitives i, en 18 contractes o convenis amb l&#8217;administraci\u00f3 p\u00fablica. D&#8217;all\u00e0 han sorgit publicacions pr\u00e8vies directament relacionades amb la tem\u00e0tica del projecte.<\/p>\r\n<p>Finalment, cal destacar la relaci\u00f3 de l&#8217;equip de recerca amb altres grups nacionals i internacionals relacionats amb la tem\u00e0tica del projecte. En primer lloc, amb la International Network for Comparative Analysis of Social Inequalities, la xarxa d&#8217;excel\u00b7l\u00e8ncia G\u00e8nere, Ciutadania i Pol\u00edtiques, finan\u00e7ada pel Ministeri d&#8217;Economia i Competitivitat. I, fruit de les investigacions realitzades, mant\u00e9 estretes relacions de recerca amb: La Xarxa Tem\u00e0tica Internacional de Recerca sobre Fam\u00edlies Monoparentals (TIIFAMO) que coordinem; Gestational Surrogacy Research Network; European Transforming Care Network; i el Grup de Treball sobre Cures del Consell Llatinoameric\u00e0 de Ci\u00e8ncies Socials.<\/p>\r\n","protected":false},"excerpt":{"rendered":"<p>Elisabet Almeda Samaranch (Co-Investigadora principal) M\u00e0rius Dom\u00ednguez i Amor\u00f3s (Co-Investigador principal) Anna Morero Beltr\u00e1n Carme Vivancos-Sanchez Caterina Thomas Vanrell Clara Camps Calvet Dino Di Nella Ignasi Bernat Irene Maestro Isabel Nadal Armengual Jokin Azpiazu Carballo Jordi Bonet Juan Carlos Palacio Leon Freude Mar\u00eda Antonia Carbonero Marta Lux\u00e1n Serrano Pilar Aparicio Rosa Ortiz Monera Sandra Obiol &#8230; <a title=\"Equip\" class=\"read-more\" href=\"https:\/\/www.ub.edu\/copolis\/rescupan\/equipo\/\" aria-label=\"M\u00e9s sobre Equip\">Llegiu m\u00e9s<\/a><\/p>\n","protected":false},"author":3,"featured_media":0,"parent":0,"menu_order":0,"comment_status":"closed","ping_status":"closed","template":"","meta":{"footnotes":""},"class_list":["post-22","page","type-page","status-publish"],"_links":{"self":[{"href":"https:\/\/www.ub.edu\/copolis\/rescupan\/wp-json\/wp\/v2\/pages\/22","targetHints":{"allow":["GET"]}}],"collection":[{"href":"https:\/\/www.ub.edu\/copolis\/rescupan\/wp-json\/wp\/v2\/pages"}],"about":[{"href":"https:\/\/www.ub.edu\/copolis\/rescupan\/wp-json\/wp\/v2\/types\/page"}],"author":[{"embeddable":true,"href":"https:\/\/www.ub.edu\/copolis\/rescupan\/wp-json\/wp\/v2\/users\/3"}],"replies":[{"embeddable":true,"href":"https:\/\/www.ub.edu\/copolis\/rescupan\/wp-json\/wp\/v2\/comments?post=22"}],"version-history":[{"count":24,"href":"https:\/\/www.ub.edu\/copolis\/rescupan\/wp-json\/wp\/v2\/pages\/22\/revisions"}],"predecessor-version":[{"id":623,"href":"https:\/\/www.ub.edu\/copolis\/rescupan\/wp-json\/wp\/v2\/pages\/22\/revisions\/623"}],"wp:attachment":[{"href":"https:\/\/www.ub.edu\/copolis\/rescupan\/wp-json\/wp\/v2\/media?parent=22"}],"curies":[{"name":"wp","href":"https:\/\/api.w.org\/{rel}","templated":true}]}}