{"id":271,"date":"2022-05-27T03:58:46","date_gmt":"2022-05-27T01:58:46","guid":{"rendered":"http:\/\/mirrors.yagodinella.ar\/?page_id=271"},"modified":"2023-02-28T11:13:13","modified_gmt":"2023-02-28T09:13:13","slug":"caterina-thomas-vanrell","status":"publish","type":"page","link":"https:\/\/www.ub.edu\/copolis\/rescupan\/caterina-thomas-vanrell\/","title":{"rendered":"Caterina Thomas Vanrell"},"content":{"rendered":"<p>Investigadora i membre del grup de recerca Desigualtats, G\u00e8nere i Pol\u00edtiques P\u00fabliques (UIB), de l&#8217;Observatori Social de les Illes Balears (OSIB\u00a0&#8211; C\u00e0tedra d&#8217;Innovaci\u00f3 Social UIB\/Fundaci\u00f3 La Caixa) i col\u00b7laboradora del grup de recerca Educaci\u00f3 i Ciutadania (UIB). Actualment \u00e9s professora ajudant doctora en l&#8217;\u00e0rea de sociologia del\u00a0Dpt. de Filosofia i Treball Social de la UIB i imparteix doc\u00e8ncia als graus de Treball Social i de Relacions Laborals.<\/p>\n<p>\u00c9s doctora en Sociologia per la Universitat de Tolosa &#8211; Fran\u00e7a (2017) en\u00a0co-tutela\u00a0internacional juntament amb la UIB (Doctorat Europeu en educaci\u00f3 inclusiva). Anteriorment va realitzar un M\u00e0ster de Recerca en Sociologia Aplicada en la UAB (2008) i la Llicenciatura en Sociologia en la UAB (2007). Ha estat investigadora post-doctoral en els seg\u00fcents centres de recerca:\u00a0CIRAD\u00a0(Fran\u00e7a) en q\u00fcestions d&#8217;an\u00e0lisis de xarxes de cooperaci\u00f3 cient\u00edfica i en\u00a0IRISSO\u00a0\u2013\u00a0Univ. Par\u00eds\u00a0Dauphine\u00a0en un projecte sobre l&#8217;an\u00e0lisi de les xarxes personals de suport formals i informals de les persones majors. Els seus interessos de recerca se centren en les metodologies d&#8217;an\u00e0lisis de xarxes socials i els m\u00e8todes mixtos, i el rol de les relacions de suport social en l&#8217;acc\u00e9s al treball, l&#8217;educaci\u00f3 i en els processos migratoris.<\/p>\n<p>Algunes de les seves publicacions s\u00f3n:<\/p>\n<p>Thom\u00e0s-Vanrell, C., Cerd\u00e0-Navarro, T., Salv\u00e0-Mut, F. 2020. \u00abLes Bal\u00e9ares: quand le soutien relationnel favorise la poursuite des \u00e9tudes en formation professionnelle de base\u00bb, Formation Emploi, 2020\/2, 150, p. 123-144. https:\/\/doi.org\/10.4000\/formationemploi.8218<\/p>\n<p>Thom\u00e0s-Vanrell, C. 2018. \u00abEl acceso a la ocupaci\u00f3n en contexto de migraci\u00f3n intra-europea: recursos relacionales y formas de enfrentar la incertidumbre\u00bb, Anuario IET Presente y futuro del trabajo, Vol. 5. https:\/\/dx.doi.org\/10.5565\/rev\/aiet.XX<\/p>\n<p>Thom\u00e0s-Vanrell, C. 2018. \u00abTemporalit\u00e9s de l&#8217;\u00e9volution des relations et des r\u00e9seaux en contexte de mobilit\u00e9 internationale\u00bb, Temporalit\u00e9s [Online], 27. https:\/\/doi.org\/10.4000\/temporalites.4090<\/p>\n<p>Salv\u00e0-Mut, F., Thom\u00e0s-Vanrell, C., Quintana-Murci, E. 2015. &#8216;School-to-work transitions in times of crisis: The case of Spanish youth without qualifications&#8217;, Journal of Youth Studies. http:\/\/dx.doi.org\/10.1080\/13676261.2015.1098768<\/p>\n","protected":false},"excerpt":{"rendered":"<p>Investigadora i membre del grup de recerca Desigualtats, G\u00e8nere i Pol\u00edtiques P\u00fabliques (UIB), de l&#8217;Observatori Social de les Illes Balears (OSIB\u00a0&#8211; C\u00e0tedra d&#8217;Innovaci\u00f3 Social UIB\/Fundaci\u00f3 La Caixa) i col\u00b7laboradora del grup de recerca Educaci\u00f3 i Ciutadania (UIB). Actualment \u00e9s professora ajudant doctora en l&#8217;\u00e0rea de sociologia del\u00a0Dpt. de Filosofia i Treball Social de la UIB &#8230; <a title=\"Caterina Thomas Vanrell\" class=\"read-more\" href=\"https:\/\/www.ub.edu\/copolis\/rescupan\/caterina-thomas-vanrell\/\" aria-label=\"M\u00e9s sobre Caterina Thomas Vanrell\">Llegiu m\u00e9s<\/a><\/p>\n","protected":false},"author":3,"featured_media":0,"parent":0,"menu_order":0,"comment_status":"closed","ping_status":"closed","template":"","meta":{"footnotes":""},"class_list":["post-271","page","type-page","status-publish"],"_links":{"self":[{"href":"https:\/\/www.ub.edu\/copolis\/rescupan\/wp-json\/wp\/v2\/pages\/271","targetHints":{"allow":["GET"]}}],"collection":[{"href":"https:\/\/www.ub.edu\/copolis\/rescupan\/wp-json\/wp\/v2\/pages"}],"about":[{"href":"https:\/\/www.ub.edu\/copolis\/rescupan\/wp-json\/wp\/v2\/types\/page"}],"author":[{"embeddable":true,"href":"https:\/\/www.ub.edu\/copolis\/rescupan\/wp-json\/wp\/v2\/users\/3"}],"replies":[{"embeddable":true,"href":"https:\/\/www.ub.edu\/copolis\/rescupan\/wp-json\/wp\/v2\/comments?post=271"}],"version-history":[{"count":4,"href":"https:\/\/www.ub.edu\/copolis\/rescupan\/wp-json\/wp\/v2\/pages\/271\/revisions"}],"predecessor-version":[{"id":511,"href":"https:\/\/www.ub.edu\/copolis\/rescupan\/wp-json\/wp\/v2\/pages\/271\/revisions\/511"}],"wp:attachment":[{"href":"https:\/\/www.ub.edu\/copolis\/rescupan\/wp-json\/wp\/v2\/media?parent=271"}],"curies":[{"name":"wp","href":"https:\/\/api.w.org\/{rel}","templated":true}]}}