{"id":38,"date":"2022-05-15T02:53:03","date_gmt":"2022-05-15T00:53:03","guid":{"rendered":"http:\/\/mirrors.yagodinella.ar\/?page_id=38"},"modified":"2022-05-27T01:47:47","modified_gmt":"2022-05-26T23:47:47","slug":"anna-morero","status":"publish","type":"page","link":"https:\/\/www.ub.edu\/copolis\/rescupan\/anna-morero\/","title":{"rendered":"Anna Morero"},"content":{"rendered":"\r\n<p><strong>Anna Morero\u00a0Beltr\u00e1n<\/strong>. Professora associada del Departament de Sociologia de la Universitat de Barcelona. Doctora en Sociologia i M\u00e0ster en estudis de dones, g\u00e8nere i ciutadania per la mateixa universitat. Les seves l\u00ednies de treball i especialitzaci\u00f3 estan relacionades principalment amb l\u2019estudi de la construcci\u00f3 social de les tecnologies reproductives, la diversitat familiar, les viol\u00e8ncies masclistes i la sexualitat. Ha participat en diversos projectes d\u2019investigaci\u00f3 competitius i en convenis d\u2019investigaci\u00f3 amb l\u2019administraci\u00f3 p\u00fablica. Ha publicat diversos articles divulgatius i cient\u00edfics en aquests \u00e0mbits. Actualment \u00e9s co-directora del M\u00e0ster Fam\u00edlies i Societat i l\u2019Especialitzaci\u00f3 de Postgrau en G\u00e8nere, Diversitat Familiar i Exclusions de la Universitat de Barcelona. Tamb\u00e9 forma part de el Grup d\u2019Investigaci\u00f3 Consolidat (SGR-1145 2017-2021) Copolis \u201cBenestar, Comunitat i Control Social\u201d, i de el Grup d\u2019Innovaci\u00f3 Docent Consolidat (GIDC-UB-140\/13) CEFOCID-Copolis, adscrits a la Universitat de Barcelona.<\/p>\r\n<p><a href=\"https:\/\/webgrec.ub.edu\/webpages\/000005\/cat\/anna.morero.ub.edu.html\" target=\"_blank\" rel=\"noopener\">P\u00e0gina Personal<\/a><\/p>\r\n","protected":false},"excerpt":{"rendered":"<p>Anna Morero\u00a0Beltr\u00e1n. Professora associada del Departament de Sociologia de la Universitat de Barcelona. Doctora en Sociologia i M\u00e0ster en estudis de dones, g\u00e8nere i ciutadania per la mateixa universitat. Les seves l\u00ednies de treball i especialitzaci\u00f3 estan relacionades principalment amb l\u2019estudi de la construcci\u00f3 social de les tecnologies reproductives, la diversitat familiar, les viol\u00e8ncies masclistes &#8230; <a title=\"Anna Morero\" class=\"read-more\" href=\"https:\/\/www.ub.edu\/copolis\/rescupan\/anna-morero\/\" aria-label=\"M\u00e9s sobre Anna Morero\">Llegiu m\u00e9s<\/a><\/p>\n","protected":false},"author":3,"featured_media":0,"parent":0,"menu_order":0,"comment_status":"closed","ping_status":"closed","template":"","meta":{"footnotes":""},"class_list":["post-38","page","type-page","status-publish"],"_links":{"self":[{"href":"https:\/\/www.ub.edu\/copolis\/rescupan\/wp-json\/wp\/v2\/pages\/38","targetHints":{"allow":["GET"]}}],"collection":[{"href":"https:\/\/www.ub.edu\/copolis\/rescupan\/wp-json\/wp\/v2\/pages"}],"about":[{"href":"https:\/\/www.ub.edu\/copolis\/rescupan\/wp-json\/wp\/v2\/types\/page"}],"author":[{"embeddable":true,"href":"https:\/\/www.ub.edu\/copolis\/rescupan\/wp-json\/wp\/v2\/users\/3"}],"replies":[{"embeddable":true,"href":"https:\/\/www.ub.edu\/copolis\/rescupan\/wp-json\/wp\/v2\/comments?post=38"}],"version-history":[{"count":4,"href":"https:\/\/www.ub.edu\/copolis\/rescupan\/wp-json\/wp\/v2\/pages\/38\/revisions"}],"predecessor-version":[{"id":225,"href":"https:\/\/www.ub.edu\/copolis\/rescupan\/wp-json\/wp\/v2\/pages\/38\/revisions\/225"}],"wp:attachment":[{"href":"https:\/\/www.ub.edu\/copolis\/rescupan\/wp-json\/wp\/v2\/media?parent=38"}],"curies":[{"name":"wp","href":"https:\/\/api.w.org\/{rel}","templated":true}]}}