{"id":48,"date":"2022-05-15T02:55:01","date_gmt":"2022-05-15T00:55:01","guid":{"rendered":"http:\/\/mirrors.yagodinella.ar\/?page_id=48"},"modified":"2023-02-20T14:46:13","modified_gmt":"2023-02-20T12:46:13","slug":"sandra-obiol-frances","status":"publish","type":"page","link":"https:\/\/www.ub.edu\/copolis\/rescupan\/sandra-obiol-frances\/","title":{"rendered":"Sandra Obiol Franc\u00e9s"},"content":{"rendered":"\r\n<p><strong>Sandra Obiol Frances<\/strong>.\u00a0<\/p>\r\n<p>Professora contratada doctora en el Departament de Sociologia i Antropologia Social de la Universitat de Val\u00e8ncia. Doctora i Llicenciada en Sociologia per la Universitat Aut\u00f2noma de Barcelona. \u00c9s membre<span id=\"result_box\" lang=\"ca\"><span class=\"hps\">\u00a0del Grup Interuniversitari Copolis \u201cBenestar, Comunitat i Control Social\u201d, membre del Grup d\u2019Innovaci\u00f3 Docent CEFOCID-Copolis, adscrits a la Universitat de Barcelona, i responsable del Grup Interuniversitari Copolis a la Universitat de Valencia<\/span>. Va ser Secret\u00e0ria del Departament de Sociologia i Antropologia Social de la Universitat de Val\u00e8ncia.\u00a0<\/span>Els seus interessos en la recerca es reparteixen entre la Sociologia de l\u2019Educaci\u00f3 i el Treball, m\u00e9s en concret les condicions de vida i treball dels ocupats\/des al sector del t\u00e8xtil-confecci\u00f3, l\u2019estudi de la gesti\u00f3 de la incertesa i la Sociologia de la Fam\u00edlia, especialitzant-se en l\u2019estudi de les fam\u00edlies monoparentals i de les pol\u00edtiques familiars, \u00e0mbits tots ells en els que compta amb publicacions en llibres i articles cient\u00edfics nacionals i internacionals. Tamb\u00e9 pertany a\u00a0la\u00a0<a href=\"http:\/\/www.tiifamo.net\/\" target=\"_blank\" rel=\"noopener\">Xarxa Tem\u00e0tica Internacional d\u2019Investigaci\u00f3 sobre Fam\u00edlies Monoparentals (Xarxa TIIFAMO)<\/a>.<\/p>\r\n<p><a href=\"https:\/\/www.uv.es\/uvweb\/universitat\/ca\/fitxa-persona-1285950309813.html?p2=aofran&#038;idA=true\" target=\"_blank\" rel=\"noopener\">P\u00e0gina Personal<\/a><\/p>\r\n","protected":false},"excerpt":{"rendered":"<p>Sandra Obiol Frances.\u00a0 Professora contratada doctora en el Departament de Sociologia i Antropologia Social de la Universitat de Val\u00e8ncia. Doctora i Llicenciada en Sociologia per la Universitat Aut\u00f2noma de Barcelona. \u00c9s membre\u00a0del Grup Interuniversitari Copolis \u201cBenestar, Comunitat i Control Social\u201d, membre del Grup d\u2019Innovaci\u00f3 Docent CEFOCID-Copolis, adscrits a la Universitat de Barcelona, i responsable del &#8230; <a title=\"Sandra Obiol Franc\u00e9s\" class=\"read-more\" href=\"https:\/\/www.ub.edu\/copolis\/rescupan\/sandra-obiol-frances\/\" aria-label=\"M\u00e9s sobre Sandra Obiol Franc\u00e9s\">Llegiu m\u00e9s<\/a><\/p>\n","protected":false},"author":3,"featured_media":0,"parent":0,"menu_order":0,"comment_status":"closed","ping_status":"closed","template":"","meta":{"footnotes":""},"class_list":["post-48","page","type-page","status-publish"],"_links":{"self":[{"href":"https:\/\/www.ub.edu\/copolis\/rescupan\/wp-json\/wp\/v2\/pages\/48","targetHints":{"allow":["GET"]}}],"collection":[{"href":"https:\/\/www.ub.edu\/copolis\/rescupan\/wp-json\/wp\/v2\/pages"}],"about":[{"href":"https:\/\/www.ub.edu\/copolis\/rescupan\/wp-json\/wp\/v2\/types\/page"}],"author":[{"embeddable":true,"href":"https:\/\/www.ub.edu\/copolis\/rescupan\/wp-json\/wp\/v2\/users\/3"}],"replies":[{"embeddable":true,"href":"https:\/\/www.ub.edu\/copolis\/rescupan\/wp-json\/wp\/v2\/comments?post=48"}],"version-history":[{"count":6,"href":"https:\/\/www.ub.edu\/copolis\/rescupan\/wp-json\/wp\/v2\/pages\/48\/revisions"}],"predecessor-version":[{"id":500,"href":"https:\/\/www.ub.edu\/copolis\/rescupan\/wp-json\/wp\/v2\/pages\/48\/revisions\/500"}],"wp:attachment":[{"href":"https:\/\/www.ub.edu\/copolis\/rescupan\/wp-json\/wp\/v2\/media?parent=48"}],"curies":[{"name":"wp","href":"https:\/\/api.w.org\/{rel}","templated":true}]}}