{"id":70,"date":"2022-05-15T03:14:36","date_gmt":"2022-05-15T01:14:36","guid":{"rendered":"http:\/\/mirrors.yagodinella.ar\/?page_id=70"},"modified":"2022-11-16T18:34:34","modified_gmt":"2022-11-16T16:34:34","slug":"objetivos-del-proyecto","status":"publish","type":"page","link":"https:\/\/www.ub.edu\/copolis\/rescupan\/objetivos-del-proyecto\/","title":{"rendered":"Objectius"},"content":{"rendered":"\r\n<p>L&#8217;objectiu general del projecte \u00e9s analitzar l&#8217;impacte de la COVID-19 sobre les necessitats de cures a les llars, i les conseq\u00fc\u00e8ncies que aix\u00f2 comporta en les desigualtats de g\u00e8nere i en la reorganitzaci\u00f3 social dels treballs de cures a l&#8217;Estat espanyol, fent especial \u00e8mfasi en el paper de les xarxes comunit\u00e0ries de suport i solidaritat.<\/p>\r\n<p>Entre els objectius espec\u00edfics trobem:<\/p>\r\n<p>&#8211; analitzar l&#8217;impacte de la COVID-19 sobre les necessitats de cures a les llars i les conseq\u00fc\u00e8ncies que aix\u00f2 comporta en el conjunt de l&#8217;organitzaci\u00f3 social dels treballs de cures a l&#8217;Estat espanyol.<\/p>\r\n<p>&#8211; aprofundir en l&#8217;impacte de l&#8217;epid\u00e8mia de la COVID-19 a les desigualtats socials, especialment les de g\u00e8nere arran dels processos de (re)organitzaci\u00f3 de les cures. Partint de la idea que el g\u00e8nere ha d&#8217;entendre&#8217;s en la seva complexitat i en interconnexi\u00f3 amb altres condicions d&#8217;identificaci\u00f3 i discriminaci\u00f3 social segons un vector multidimensional (els ingressos, la classe, la situaci\u00f3 del mercat laboral, la situaci\u00f3 migrat\u00f2ria, l&#8217;etnicitat, les modalitats familiars i les caracter\u00edstiques de la llar); aix\u00ed com en les dimensions de les necessitats de depend\u00e8ncia i atenci\u00f3 especial.<\/p>\r\n<p>&#8211; explorar l&#8217;articulaci\u00f3 de les estrat\u00e8gies de cures en relaci\u00f3 amb les xarxes i les interaccions socials de suport i solidaritat; i analitzar la resposta de la societat a partir de les xarxes de suport c\u00edviques i comunit\u00e0ries. I<\/p>\r\n<p>&#8211; proporcionar coneixements, eines i propostes per desenvolupar pol\u00edtiques de cures participatives per a i des de les diverses institucions de benestar social: les fam\u00edlies, les administracions p\u00fabliques, el tercer sector\/comunitat, i les organitzacions empresarials.<\/p>\r\n","protected":false},"excerpt":{"rendered":"<p>L&#8217;objectiu general del projecte \u00e9s analitzar l&#8217;impacte de la COVID-19 sobre les necessitats de cures a les llars, i les conseq\u00fc\u00e8ncies que aix\u00f2 comporta en les desigualtats de g\u00e8nere i en la reorganitzaci\u00f3 social dels treballs de cures a l&#8217;Estat espanyol, fent especial \u00e8mfasi en el paper de les xarxes comunit\u00e0ries de suport i solidaritat. &#8230; <a title=\"Objectius\" class=\"read-more\" href=\"https:\/\/www.ub.edu\/copolis\/rescupan\/objetivos-del-proyecto\/\" aria-label=\"M\u00e9s sobre Objectius\">Llegiu m\u00e9s<\/a><\/p>\n","protected":false},"author":3,"featured_media":0,"parent":0,"menu_order":0,"comment_status":"closed","ping_status":"closed","template":"","meta":{"footnotes":""},"class_list":["post-70","page","type-page","status-publish"],"_links":{"self":[{"href":"https:\/\/www.ub.edu\/copolis\/rescupan\/wp-json\/wp\/v2\/pages\/70","targetHints":{"allow":["GET"]}}],"collection":[{"href":"https:\/\/www.ub.edu\/copolis\/rescupan\/wp-json\/wp\/v2\/pages"}],"about":[{"href":"https:\/\/www.ub.edu\/copolis\/rescupan\/wp-json\/wp\/v2\/types\/page"}],"author":[{"embeddable":true,"href":"https:\/\/www.ub.edu\/copolis\/rescupan\/wp-json\/wp\/v2\/users\/3"}],"replies":[{"embeddable":true,"href":"https:\/\/www.ub.edu\/copolis\/rescupan\/wp-json\/wp\/v2\/comments?post=70"}],"version-history":[{"count":4,"href":"https:\/\/www.ub.edu\/copolis\/rescupan\/wp-json\/wp\/v2\/pages\/70\/revisions"}],"predecessor-version":[{"id":333,"href":"https:\/\/www.ub.edu\/copolis\/rescupan\/wp-json\/wp\/v2\/pages\/70\/revisions\/333"}],"wp:attachment":[{"href":"https:\/\/www.ub.edu\/copolis\/rescupan\/wp-json\/wp\/v2\/media?parent=70"}],"curies":[{"name":"wp","href":"https:\/\/api.w.org\/{rel}","templated":true}]}}