{"id":259,"date":"2022-01-13T14:49:21","date_gmt":"2022-01-13T14:49:21","guid":{"rendered":"https:\/\/www.ub.edu\/creatio\/wp\/?page_id=259"},"modified":"2025-05-13T08:47:59","modified_gmt":"2025-05-13T08:47:59","slug":"que-fem","status":"publish","type":"page","link":"https:\/\/www.ub.edu\/creatio\/que-fem\/","title":{"rendered":"Qu\u00e8 fem"},"content":{"rendered":"","protected":false},"excerpt":{"rendered":"","protected":false},"author":1,"featured_media":2288,"parent":0,"menu_order":0,"comment_status":"closed","ping_status":"closed","template":"page-serveis.php","meta":{"_acf_changed":false,"footnotes":""},"acf":[],"yoast_head":"<!-- This site is optimized with the Yoast SEO plugin v22.7 - https:\/\/yoast.com\/wordpress\/plugins\/seo\/ -->\n<title>Qu\u00e8 fem - Creatio<\/title>\n<meta name=\"description\" content=\"A Creatio t&#039;ajudem a portar els teus medicaments de terapia avan\u00e7ada (ATMPs) a la cl\u00ednica de manera segura i rendible.\" \/>\n<meta name=\"robots\" content=\"index, follow, max-snippet:-1, max-image-preview:large, max-video-preview:-1\" \/>\n<link rel=\"canonical\" href=\"https:\/\/www.ub.edu\/creatio\/que-fem\/\" \/>\n<meta property=\"og:locale\" content=\"es_ES\" \/>\n<meta property=\"og:type\" content=\"article\" \/>\n<meta property=\"og:title\" content=\"Qu\u00e8 fem - Creatio\" \/>\n<meta property=\"og:description\" content=\"A Creatio t&#039;ajudem a portar els teus medicaments de terapia avan\u00e7ada (ATMPs) a la cl\u00ednica de manera segura i rendible.\" \/>\n<meta property=\"og:url\" content=\"https:\/\/www.ub.edu\/creatio\/que-fem\/\" \/>\n<meta property=\"og:site_name\" content=\"Creatio\" \/>\n<meta property=\"article:modified_time\" content=\"2025-05-13T08:47:59+00:00\" \/>\n<meta property=\"og:image\" content=\"https:\/\/www.ub.edu\/creatio\/wp-content\/uploads\/2022\/10\/20_Que-fem-scaled.jpg\" \/>\n\t<meta property=\"og:image:width\" content=\"2048\" \/>\n\t<meta property=\"og:image:height\" content=\"1366\" \/>\n\t<meta property=\"og:image:type\" content=\"image\/jpeg\" \/>\n<meta name=\"twitter:card\" content=\"summary_large_image\" \/>\n<meta name=\"twitter:site\" content=\"@Creatio_UB\" \/>\n<meta name=\"twitter:label1\" content=\"Tiempo de lectura\" \/>\n\t<meta name=\"twitter:data1\" content=\"1 minuto\" \/>\n<script type=\"application\/ld+json\" class=\"yoast-schema-graph\">{\"@context\":\"https:\/\/schema.org\",\"@graph\":[{\"@type\":\"WebPage\",\"@id\":\"https:\/\/www.ub.edu\/creatio\/que-fem\/\",\"url\":\"https:\/\/www.ub.edu\/creatio\/que-fem\/\",\"name\":\"Qu\u00e8 fem - Creatio\",\"isPartOf\":{\"@id\":\"https:\/\/www.ub.edu\/creatio\/#website\"},\"primaryImageOfPage\":{\"@id\":\"https:\/\/www.ub.edu\/creatio\/que-fem\/#primaryimage\"},\"image\":{\"@id\":\"https:\/\/www.ub.edu\/creatio\/que-fem\/#primaryimage\"},\"thumbnailUrl\":\"https:\/\/www.ub.edu\/creatio\/wp-content\/uploads\/2022\/10\/20_Que-fem-scaled.jpg\",\"datePublished\":\"2022-01-13T14:49:21+00:00\",\"dateModified\":\"2025-05-13T08:47:59+00:00\",\"description\":\"A Creatio t'ajudem a portar els teus medicaments de terapia avan\u00e7ada (ATMPs) a la cl\u00ednica de manera segura i rendible.\",\"breadcrumb\":{\"@id\":\"https:\/\/www.ub.edu\/creatio\/que-fem\/#breadcrumb\"},\"inLanguage\":\"es\",\"potentialAction\":[{\"@type\":\"ReadAction\",\"target\":[\"https:\/\/www.ub.edu\/creatio\/que-fem\/\"]}]},{\"@type\":\"ImageObject\",\"inLanguage\":\"es\",\"@id\":\"https:\/\/www.ub.edu\/creatio\/que-fem\/#primaryimage\",\"url\":\"https:\/\/www.ub.edu\/creatio\/wp-content\/uploads\/2022\/10\/20_Que-fem-scaled.jpg\",\"contentUrl\":\"https:\/\/www.ub.edu\/creatio\/wp-content\/uploads\/2022\/10\/20_Que-fem-scaled.jpg\",\"width\":2048,\"height\":1366,\"caption\":\"Qu\u00e8 fem\"},{\"@type\":\"BreadcrumbList\",\"@id\":\"https:\/\/www.ub.edu\/creatio\/que-fem\/#breadcrumb\",\"itemListElement\":[{\"@type\":\"ListItem\",\"position\":1,\"name\":\"Portada\",\"item\":\"https:\/\/www.ub.edu\/creatio\/\"},{\"@type\":\"ListItem\",\"position\":2,\"name\":\"Qu\u00e8 fem\"}]},{\"@type\":\"WebSite\",\"@id\":\"https:\/\/www.ub.edu\/creatio\/#website\",\"url\":\"https:\/\/www.ub.edu\/creatio\/\",\"name\":\"Creatio\",\"description\":\"Production and validation center of advanced therapies\",\"publisher\":{\"@id\":\"https:\/\/www.ub.edu\/creatio\/#organization\"},\"potentialAction\":[{\"@type\":\"SearchAction\",\"target\":{\"@type\":\"EntryPoint\",\"urlTemplate\":\"https:\/\/www.ub.edu\/creatio\/?s={search_term_string}\"},\"query-input\":\"required name=search_term_string\"}],\"inLanguage\":\"es\"},{\"@type\":\"Organization\",\"@id\":\"https:\/\/www.ub.edu\/creatio\/#organization\",\"name\":\"Creatio\",\"url\":\"https:\/\/www.ub.edu\/creatio\/\",\"logo\":{\"@type\":\"ImageObject\",\"inLanguage\":\"es\",\"@id\":\"https:\/\/www.ub.edu\/creatio\/#\/schema\/logo\/image\/\",\"url\":\"https:\/\/www.ub.edu\/creatio\/wp-content\/uploads\/2021\/12\/creatio-logo.png\",\"contentUrl\":\"https:\/\/www.ub.edu\/creatio\/wp-content\/uploads\/2021\/12\/creatio-logo.png\",\"width\":698,\"height\":110,\"caption\":\"Creatio\"},\"image\":{\"@id\":\"https:\/\/www.ub.edu\/creatio\/#\/schema\/logo\/image\/\"},\"sameAs\":[\"https:\/\/x.com\/Creatio_UB\",\"https:\/\/www.linkedin.com\/company\/creatio-ub\",\"https:\/\/www.instagram.com\/creatio.ub\/\"]}]}<\/script>\n<!-- \/ Yoast SEO plugin. -->","yoast_head_json":{"title":"Qu\u00e8 fem - Creatio","description":"A Creatio t'ajudem a portar els teus medicaments de terapia avan\u00e7ada (ATMPs) a la cl\u00ednica de manera segura i rendible.","robots":{"index":"index","follow":"follow","max-snippet":"max-snippet:-1","max-image-preview":"max-image-preview:large","max-video-preview":"max-video-preview:-1"},"canonical":"https:\/\/www.ub.edu\/creatio\/que-fem\/","og_locale":"es_ES","og_type":"article","og_title":"Qu\u00e8 fem - Creatio","og_description":"A Creatio t'ajudem a portar els teus medicaments de terapia avan\u00e7ada (ATMPs) a la cl\u00ednica de manera segura i rendible.","og_url":"https:\/\/www.ub.edu\/creatio\/que-fem\/","og_site_name":"Creatio","article_modified_time":"2025-05-13T08:47:59+00:00","og_image":[{"width":2048,"height":1366,"url":"https:\/\/www.ub.edu\/creatio\/wp-content\/uploads\/2022\/10\/20_Que-fem-scaled.jpg","type":"image\/jpeg"}],"twitter_card":"summary_large_image","twitter_site":"@Creatio_UB","twitter_misc":{"Tiempo de lectura":"1 minuto"},"schema":{"@context":"https:\/\/schema.org","@graph":[{"@type":"WebPage","@id":"https:\/\/www.ub.edu\/creatio\/que-fem\/","url":"https:\/\/www.ub.edu\/creatio\/que-fem\/","name":"Qu\u00e8 fem - Creatio","isPartOf":{"@id":"https:\/\/www.ub.edu\/creatio\/#website"},"primaryImageOfPage":{"@id":"https:\/\/www.ub.edu\/creatio\/que-fem\/#primaryimage"},"image":{"@id":"https:\/\/www.ub.edu\/creatio\/que-fem\/#primaryimage"},"thumbnailUrl":"https:\/\/www.ub.edu\/creatio\/wp-content\/uploads\/2022\/10\/20_Que-fem-scaled.jpg","datePublished":"2022-01-13T14:49:21+00:00","dateModified":"2025-05-13T08:47:59+00:00","description":"A Creatio t'ajudem a portar els teus medicaments de terapia avan\u00e7ada (ATMPs) a la cl\u00ednica de manera segura i rendible.","breadcrumb":{"@id":"https:\/\/www.ub.edu\/creatio\/que-fem\/#breadcrumb"},"inLanguage":"es","potentialAction":[{"@type":"ReadAction","target":["https:\/\/www.ub.edu\/creatio\/que-fem\/"]}]},{"@type":"ImageObject","inLanguage":"es","@id":"https:\/\/www.ub.edu\/creatio\/que-fem\/#primaryimage","url":"https:\/\/www.ub.edu\/creatio\/wp-content\/uploads\/2022\/10\/20_Que-fem-scaled.jpg","contentUrl":"https:\/\/www.ub.edu\/creatio\/wp-content\/uploads\/2022\/10\/20_Que-fem-scaled.jpg","width":2048,"height":1366,"caption":"Qu\u00e8 fem"},{"@type":"BreadcrumbList","@id":"https:\/\/www.ub.edu\/creatio\/que-fem\/#breadcrumb","itemListElement":[{"@type":"ListItem","position":1,"name":"Portada","item":"https:\/\/www.ub.edu\/creatio\/"},{"@type":"ListItem","position":2,"name":"Qu\u00e8 fem"}]},{"@type":"WebSite","@id":"https:\/\/www.ub.edu\/creatio\/#website","url":"https:\/\/www.ub.edu\/creatio\/","name":"Creatio","description":"Production and validation center of advanced therapies","publisher":{"@id":"https:\/\/www.ub.edu\/creatio\/#organization"},"potentialAction":[{"@type":"SearchAction","target":{"@type":"EntryPoint","urlTemplate":"https:\/\/www.ub.edu\/creatio\/?s={search_term_string}"},"query-input":"required name=search_term_string"}],"inLanguage":"es"},{"@type":"Organization","@id":"https:\/\/www.ub.edu\/creatio\/#organization","name":"Creatio","url":"https:\/\/www.ub.edu\/creatio\/","logo":{"@type":"ImageObject","inLanguage":"es","@id":"https:\/\/www.ub.edu\/creatio\/#\/schema\/logo\/image\/","url":"https:\/\/www.ub.edu\/creatio\/wp-content\/uploads\/2021\/12\/creatio-logo.png","contentUrl":"https:\/\/www.ub.edu\/creatio\/wp-content\/uploads\/2021\/12\/creatio-logo.png","width":698,"height":110,"caption":"Creatio"},"image":{"@id":"https:\/\/www.ub.edu\/creatio\/#\/schema\/logo\/image\/"},"sameAs":["https:\/\/x.com\/Creatio_UB","https:\/\/www.linkedin.com\/company\/creatio-ub","https:\/\/www.instagram.com\/creatio.ub\/"]}]}},"lang":"ca","translations":{"ca":259,"es":638,"en":641},"pll_sync_post":[],"_links":{"self":[{"href":"https:\/\/www.ub.edu\/creatio\/wp-json\/wp\/v2\/pages\/259"}],"collection":[{"href":"https:\/\/www.ub.edu\/creatio\/wp-json\/wp\/v2\/pages"}],"about":[{"href":"https:\/\/www.ub.edu\/creatio\/wp-json\/wp\/v2\/types\/page"}],"author":[{"embeddable":true,"href":"https:\/\/www.ub.edu\/creatio\/wp-json\/wp\/v2\/users\/1"}],"replies":[{"embeddable":true,"href":"https:\/\/www.ub.edu\/creatio\/wp-json\/wp\/v2\/comments?post=259"}],"version-history":[{"count":22,"href":"https:\/\/www.ub.edu\/creatio\/wp-json\/wp\/v2\/pages\/259\/revisions"}],"predecessor-version":[{"id":4277,"href":"https:\/\/www.ub.edu\/creatio\/wp-json\/wp\/v2\/pages\/259\/revisions\/4277"}],"wp:featuredmedia":[{"embeddable":true,"href":"https:\/\/www.ub.edu\/creatio\/wp-json\/wp\/v2\/media\/2288"}],"wp:attachment":[{"href":"https:\/\/www.ub.edu\/creatio\/wp-json\/wp\/v2\/media?parent=259"}],"curies":[{"name":"wp","href":"https:\/\/api.w.org\/{rel}","templated":true}]}}