{"id":1683,"date":"2023-07-14T15:43:25","date_gmt":"2023-07-14T13:43:25","guid":{"rendered":"https:\/\/www.ub.edu\/crits\/linies-de-recerca\/crisi-ambiental-i-transformacions-de-la-ruralitat\/"},"modified":"2024-11-19T22:31:28","modified_gmt":"2024-11-19T20:31:28","slug":"crisi-ambiental-i-transformacions-de-la-ruralitat","status":"publish","type":"page","link":"https:\/\/www.ub.edu\/crits\/es\/linies-de-recerca\/crisi-ambiental-i-transformacions-de-la-ruralitat\/","title":{"rendered":"Crisis ambiental y transformaciones de la ruralidad"},"content":{"rendered":"<p>[et_pb_section fb_built=\u00bb1&#8243; _builder_version=\u00bb4.21.0&#8243; _module_preset=\u00bbdefault\u00bb global_colors_info=\u00bb{}\u00bb][et_pb_row _builder_version=\u00bb4.21.0&#8243; _module_preset=\u00bbdefault\u00bb locked=\u00bboff\u00bb global_colors_info=\u00bb{}\u00bb][et_pb_column type=\u00bb4_4&#8243; _builder_version=\u00bb4.21.0&#8243; _module_preset=\u00bbdefault\u00bb global_colors_info=\u00bb{}\u00bb][et_pb_post_title meta=\u00bboff\u00bb featured_image=\u00bboff\u00bb _builder_version=\u00bb4.27.0&#8243; _module_preset=\u00bbdefault\u00bb title_font=\u00bbNoto Serif|700|||||||\u00bb title_text_align=\u00bbright\u00bb title_text_color=\u00bb#000000&#8243; title_font_size=\u00bb4em\u00bb animation_style=\u00bbfade\u00bb animation_delay=\u00bb300ms\u00bb title_font_size_tablet=\u00bb3em\u00bb title_font_size_phone=\u00bb3em\u00bb title_font_size_last_edited=\u00bbon|desktop\u00bb border_width_bottom=\u00bb1px\u00bb border_color_bottom=\u00bb#FA6B5A\u00bb locked=\u00bboff\u00bb global_colors_info=\u00bb{}\u00bb][\/et_pb_post_title][\/et_pb_column][\/et_pb_row][et_pb_row column_structure=\u00bb2_5,3_5&#8243; _builder_version=\u00bb4.21.0&#8243; _module_preset=\u00bbdefault\u00bb global_colors_info=\u00bb{}\u00bb][et_pb_column type=\u00bb2_5&#8243; _builder_version=\u00bb4.21.0&#8243; _module_preset=\u00bbdefault\u00bb global_colors_info=\u00bb{}\u00bb][et_pb_image src=\u00bbhttp:\/\/hweb-x-0-fe-04.fe.cpd.local\/crits\/wp-content\/uploads\/2023\/07\/1_ruralitat.jpg\u00bb title_text=\u00bb1_ruralitat\u00bb _builder_version=\u00bb4.21.0&#8243; _module_preset=\u00bbdefault\u00bb global_colors_info=\u00bb{}\u00bb][\/et_pb_image][\/et_pb_column][et_pb_column type=\u00bb3_5&#8243; _builder_version=\u00bb4.21.0&#8243; _module_preset=\u00bbdefault\u00bb global_colors_info=\u00bb{}\u00bb][et_pb_text _builder_version=\u00bb4.27.0&#8243; _module_preset=\u00bbdefault\u00bb global_colors_info=\u00bb{}\u00bb]<\/p>\n<p>Esta l\u00ednea de investigaci\u00f3n busca examinar de qu\u00e9 manera las crisis ambientales, como el cambio clim\u00e1tico, la degradaci\u00f3n del suelo o la p\u00e9rdida de biodiversidad, afectan a las comunidades rurales y sus modos de vida.<br \/>Adem\u00e1s, se analizan las respuestas de estas comunidades ante estas crisis, as\u00ed como las formas en que se adaptan y resisten a los cambios medioambientales.<br \/>La investigaci\u00f3n en este campo busca comprender las complejas interacciones entre las din\u00e1micas ambientales, econ\u00f3micas, sociales y culturales en contextos rurales, proporcionando una visi\u00f3n integral de la relaci\u00f3n entre la crisis ambiental y la transformaci\u00f3n de la vida rural.<\/p>\n<p>Los siguientes miembros de CRITS realizan investigaciones que se enmarcan en esta l\u00ednea de investigaci\u00f3n:<\/p>\n<ul>\n<li><strong>Oriol Beltran<\/strong>: antropolog\u00eda de la conservaci\u00f3n<\/li>\n<li><strong>Camila del M\u00e1rmol<\/strong>: ecolog\u00eda pol\u00edtica y cambio rural<\/li>\n<li><strong>Ferran Estrada<\/strong>: trashumancia y patrimonio natural<\/li>\n<li><strong>Ra\u00fal M\u00e1rquez<\/strong>: regulaci\u00f3n del acceso a recursos naturales<\/li>\n<li><strong>Irene Sabat\u00e9<\/strong>: movimientos sociales<\/li>\n<li><strong>Cristina Larrea<\/strong>: crisis ambiental y salud<\/li>\n<li><strong>Diana Mata<\/strong>: movilidades rurales<\/li>\n<li><strong>Ismael Vaccaro<\/strong>: ecolog\u00eda pol\u00edtica<\/li>\n<li><strong>Xavier Roig\u00e9<\/strong>: patrimonio etnol\u00f3gico y museolog\u00eda<\/li>\n<\/ul>\n<p>[\/et_pb_text][\/et_pb_column][\/et_pb_row][et_pb_row _builder_version=\u00bb4.21.0&#8243; _module_preset=\u00bbdefault\u00bb global_colors_info=\u00bb{}\u00bb][et_pb_column type=\u00bb4_4&#8243; _builder_version=\u00bb4.21.0&#8243; _module_preset=\u00bbdefault\u00bb global_colors_info=\u00bb{}\u00bb][et_pb_text _builder_version=\u00bb4.27.0&#8243; _module_preset=\u00bbdefault\u00bb hover_enabled=\u00bb0&#8243; global_colors_info=\u00bb{}\u00bb sticky_enabled=\u00bb0&#8243;]<\/p>\n<p><strong>Proyectos enmarcados en esta l\u00ednea de investigaci\u00f3n:<\/strong><\/p>\n<p>Resistencias rurales: crisis socio-ecol\u00f3gica, desarrollo territorial y futuros alternativos en el Pirineo (RERURP). IP: <strong>Camila del M\u00e1rmol<\/strong> i Federica Ravera. Equipo de investigaci\u00f3n: <strong>Oriol Beltran<\/strong>, <strong>Ferran Estrada<\/strong> i <strong>Ismael Vaccaro<\/strong>.<\/p>\n<p>Prometheus. Las fiestas del fuego del solsticio de verano en los Pirineos (PROMETHEUS). IP: <strong>Xavier Roig\u00e9<\/strong> i Sofia Is\u00fas. Equipo de investigaci\u00f3n: <strong>Mireia Guil<\/strong>.<\/p>\n<p>[\/et_pb_text][\/et_pb_column][\/et_pb_row][\/et_pb_section]<\/p>\n","protected":false},"excerpt":{"rendered":"<p>Esta l\u00ednea de investigaci\u00f3n busca examinar de qu\u00e9 manera las crisis ambientales, como el cambio clim\u00e1tico, la degradaci\u00f3n del suelo o la p\u00e9rdida de biodiversidad, afectan a las comunidades rurales y sus modos de vida.Adem\u00e1s, se analizan las respuestas de estas comunidades ante estas crisis, as\u00ed como las formas en que se adaptan y resisten [&hellip;]<\/p>\n","protected":false},"author":1,"featured_media":0,"parent":1681,"menu_order":0,"comment_status":"closed","ping_status":"closed","template":"","meta":{"_et_pb_use_builder":"on","_et_pb_old_content":"","_et_gb_content_width":"","footnotes":""},"class_list":["post-1683","page","type-page","status-publish","hentry"],"_links":{"self":[{"href":"https:\/\/www.ub.edu\/crits\/es\/wp-json\/wp\/v2\/pages\/1683","targetHints":{"allow":["GET"]}}],"collection":[{"href":"https:\/\/www.ub.edu\/crits\/es\/wp-json\/wp\/v2\/pages"}],"about":[{"href":"https:\/\/www.ub.edu\/crits\/es\/wp-json\/wp\/v2\/types\/page"}],"author":[{"embeddable":true,"href":"https:\/\/www.ub.edu\/crits\/es\/wp-json\/wp\/v2\/users\/1"}],"replies":[{"embeddable":true,"href":"https:\/\/www.ub.edu\/crits\/es\/wp-json\/wp\/v2\/comments?post=1683"}],"version-history":[{"count":8,"href":"https:\/\/www.ub.edu\/crits\/es\/wp-json\/wp\/v2\/pages\/1683\/revisions"}],"predecessor-version":[{"id":2877,"href":"https:\/\/www.ub.edu\/crits\/es\/wp-json\/wp\/v2\/pages\/1683\/revisions\/2877"}],"up":[{"embeddable":true,"href":"https:\/\/www.ub.edu\/crits\/es\/wp-json\/wp\/v2\/pages\/1681"}],"wp:attachment":[{"href":"https:\/\/www.ub.edu\/crits\/es\/wp-json\/wp\/v2\/media?parent=1683"}],"curies":[{"name":"wp","href":"https:\/\/api.w.org\/{rel}","templated":true}]}}