{"id":1685,"date":"2023-07-14T16:04:30","date_gmt":"2023-07-14T14:04:30","guid":{"rendered":"https:\/\/www.ub.edu\/crits\/linies-de-recerca\/crisi-de-les-institucions-politiques-i-juridiques\/"},"modified":"2025-04-12T11:22:35","modified_gmt":"2025-04-12T09:22:35","slug":"crisi-de-les-institucions-politiques-i-juridiques","status":"publish","type":"page","link":"https:\/\/www.ub.edu\/crits\/es\/linies-de-recerca\/crisi-de-les-institucions-politiques-i-juridiques\/","title":{"rendered":"Crisis de las instituciones pol\u00edticas y jur\u00eddicas"},"content":{"rendered":"<p>[et_pb_section fb_built=\u00bb1&#8243; _builder_version=\u00bb4.21.0&#8243; _module_preset=\u00bbdefault\u00bb global_colors_info=\u00bb{}\u00bb][et_pb_row _builder_version=\u00bb4.21.0&#8243; _module_preset=\u00bbdefault\u00bb locked=\u00bboff\u00bb global_colors_info=\u00bb{}\u00bb][et_pb_column type=\u00bb4_4&#8243; _builder_version=\u00bb4.21.0&#8243; _module_preset=\u00bbdefault\u00bb global_colors_info=\u00bb{}\u00bb][et_pb_post_title meta=\u00bboff\u00bb featured_image=\u00bboff\u00bb _builder_version=\u00bb4.21.0&#8243; _module_preset=\u00bbdefault\u00bb title_font=\u00bbNoto Serif|700|||||||\u00bb title_text_align=\u00bbright\u00bb title_text_color=\u00bb#000000&#8243; title_font_size=\u00bb4em\u00bb animation_style=\u00bbfade\u00bb animation_delay=\u00bb300ms\u00bb title_font_size_tablet=\u00bb3em\u00bb title_font_size_phone=\u00bb3em\u00bb title_font_size_last_edited=\u00bbon|desktop\u00bb border_width_bottom=\u00bb1px\u00bb border_color_bottom=\u00bb#FA6B5A\u00bb locked=\u00bboff\u00bb global_colors_info=\u00bb{}\u00bb][\/et_pb_post_title][\/et_pb_column][\/et_pb_row][et_pb_row column_structure=\u00bb2_5,3_5&#8243; _builder_version=\u00bb4.21.0&#8243; _module_preset=\u00bbdefault\u00bb global_colors_info=\u00bb{}\u00bb][et_pb_column type=\u00bb2_5&#8243; _builder_version=\u00bb4.21.0&#8243; _module_preset=\u00bbdefault\u00bb global_colors_info=\u00bb{}\u00bb][et_pb_image src=\u00bbhttp:\/\/hweb-x-0-fe-04.fe.cpd.local\/crits\/wp-content\/uploads\/2023\/07\/5_politques.jpg\u00bb title_text=\u00bb5_politques\u00bb _builder_version=\u00bb4.21.0&#8243; _module_preset=\u00bbdefault\u00bb global_colors_info=\u00bb{}\u00bb][\/et_pb_image][\/et_pb_column][et_pb_column type=\u00bb3_5&#8243; _builder_version=\u00bb4.21.0&#8243; _module_preset=\u00bbdefault\u00bb global_colors_info=\u00bb{}\u00bb][et_pb_text _builder_version=\u00bb4.27.4&#8243; _module_preset=\u00bbdefault\u00bb hover_enabled=\u00bb0&#8243; global_colors_info=\u00bb{}\u00bb sticky_enabled=\u00bb0&#8243;]<\/p>\n<p>Esta l\u00ednea de investigaci\u00f3n se enfoca en el an\u00e1lisis de las complejidades y transformaciones que afectan las instituciones pol\u00edticas y jur\u00eddicas en contextos de crisis. Los investigadores exploran c\u00f3mo las crisis pol\u00edticas impactan en las estructuras gubernamentales y jur\u00eddicas, examinando las respuestas de la sociedad civil, los cambios normativos y las manifestaciones de poder emergentes en tiempos de crisis institucional.<\/p>\n<p>Esta l\u00ednea busca comprender las din\u00e1micas culturales y sociales que surgen en torno a la crisis de las instituciones pol\u00edticas y jur\u00eddicas, ofreciendo una visi\u00f3n antropol\u00f3gica de la adaptaci\u00f3n y contestaci\u00f3n de las comunidades frente a estos desaf\u00edos.<\/p>\n<p>Los siguientes miembros de CRITS realizan investigaciones que se enmarcan en esta l\u00ednea de investigaci\u00f3n:<\/p>\n<ul>\n<li><strong>Ra\u00fal M\u00e1rquez<\/strong> y <strong>Ignasi Terradas<\/strong>: concepciones de justicia<\/li>\n<li><strong>Mikel Aramburu<\/strong>: deslegitimaci\u00f3n de la pol\u00edtica institucional<\/li>\n<li><strong>S\u00edlvia Bofill<\/strong>: regulaci\u00f3n del trabajo dom\u00e9stico<\/li>\n<li><strong>Irene Sabat\u00e9<\/strong>: propiedad y arrendamiento de la vivienda, desahucios<\/li>\n<li><strong>Ferran Estrada<\/strong> y <strong>Camila del M\u00e1rmol<\/strong>: pol\u00edticas extractivas, transformaciones pol\u00edticas de la gobernanza en zonas rurales<\/li>\n<li><strong>Oriol Beltran<\/strong> e <strong>Ismael Vaccaro<\/strong>: transformaciones de la propiedad y la pol\u00edtica de los comunes<\/li>\n<li><strong>Violeta Argudo:\u00a0<\/strong>regulaci\u00f3n innovaciones biom\u00e9dicas y datos biol\u00f3gicos, fin de la vida, transformaciones sistema nacional de salud<\/li>\n<\/ul>\n<p>[\/et_pb_text][\/et_pb_column][\/et_pb_row][et_pb_row _builder_version=\u00bb4.21.0&#8243; _module_preset=\u00bbdefault\u00bb global_colors_info=\u00bb{}\u00bb][et_pb_column type=\u00bb4_4&#8243; _builder_version=\u00bb4.21.0&#8243; _module_preset=\u00bbdefault\u00bb global_colors_info=\u00bb{}\u00bb][et_pb_text _builder_version=\u00bb4.27.0&#8243; _module_preset=\u00bbdefault\u00bb global_colors_info=\u00bb{}\u00bb]<\/p>\n<p><strong>Proyectos enmarcados en esta l\u00ednea de investigaci\u00f3n:<\/strong><\/p>\n<p>Concepciones populares de la justicia social frente a la crisis y las pol\u00edticas de austeridad (CONJUST). IP: <strong>S\u00edlvia Bofill-Poch<\/strong> y <strong>Mikel Aramburu<\/strong>.<\/p>\n<p>Estudio y recuperaci\u00f3n de culturas jur\u00eddicas ancestrales: el caso de las comunidades Shuar del Alto Nangaritza. IP: <strong>Ra\u00fal M\u00e1rquez<\/strong>.<\/p>\n<p>[\/et_pb_text][\/et_pb_column][\/et_pb_row][\/et_pb_section]<\/p>\n","protected":false},"excerpt":{"rendered":"<p>Esta l\u00ednea de investigaci\u00f3n se enfoca en el an\u00e1lisis de las complejidades y transformaciones que afectan las instituciones pol\u00edticas y jur\u00eddicas en contextos de crisis. Los investigadores exploran c\u00f3mo las crisis pol\u00edticas impactan en las estructuras gubernamentales y jur\u00eddicas, examinando las respuestas de la sociedad civil, los cambios normativos y las manifestaciones de poder emergentes [&hellip;]<\/p>\n","protected":false},"author":1,"featured_media":0,"parent":1681,"menu_order":0,"comment_status":"closed","ping_status":"closed","template":"","meta":{"_et_pb_use_builder":"on","_et_pb_old_content":"","_et_gb_content_width":"","footnotes":""},"class_list":["post-1685","page","type-page","status-publish","hentry"],"_links":{"self":[{"href":"https:\/\/www.ub.edu\/crits\/es\/wp-json\/wp\/v2\/pages\/1685","targetHints":{"allow":["GET"]}}],"collection":[{"href":"https:\/\/www.ub.edu\/crits\/es\/wp-json\/wp\/v2\/pages"}],"about":[{"href":"https:\/\/www.ub.edu\/crits\/es\/wp-json\/wp\/v2\/types\/page"}],"author":[{"embeddable":true,"href":"https:\/\/www.ub.edu\/crits\/es\/wp-json\/wp\/v2\/users\/1"}],"replies":[{"embeddable":true,"href":"https:\/\/www.ub.edu\/crits\/es\/wp-json\/wp\/v2\/comments?post=1685"}],"version-history":[{"count":9,"href":"https:\/\/www.ub.edu\/crits\/es\/wp-json\/wp\/v2\/pages\/1685\/revisions"}],"predecessor-version":[{"id":3658,"href":"https:\/\/www.ub.edu\/crits\/es\/wp-json\/wp\/v2\/pages\/1685\/revisions\/3658"}],"up":[{"embeddable":true,"href":"https:\/\/www.ub.edu\/crits\/es\/wp-json\/wp\/v2\/pages\/1681"}],"wp:attachment":[{"href":"https:\/\/www.ub.edu\/crits\/es\/wp-json\/wp\/v2\/media?parent=1685"}],"curies":[{"name":"wp","href":"https:\/\/api.w.org\/{rel}","templated":true}]}}