{"id":1689,"date":"2023-07-14T16:01:40","date_gmt":"2023-07-14T14:01:40","guid":{"rendered":"https:\/\/www.ub.edu\/crits\/linies-de-recerca\/crisi-migratoria-i-crisi-de-les-cures\/"},"modified":"2024-11-19T22:50:16","modified_gmt":"2024-11-19T20:50:16","slug":"crisi-migratoria-i-crisi-de-les-cures","status":"publish","type":"page","link":"https:\/\/www.ub.edu\/crits\/es\/linies-de-recerca\/crisi-migratoria-i-crisi-de-les-cures\/","title":{"rendered":"Crisis migratoria y crisis del cuidado"},"content":{"rendered":"<p>[et_pb_section fb_built=\u00bb1&#8243; _builder_version=\u00bb4.21.0&#8243; _module_preset=\u00bbdefault\u00bb global_colors_info=\u00bb{}\u00bb][et_pb_row _builder_version=\u00bb4.21.0&#8243; _module_preset=\u00bbdefault\u00bb locked=\u00bboff\u00bb global_colors_info=\u00bb{}\u00bb][et_pb_column type=\u00bb4_4&#8243; _builder_version=\u00bb4.21.0&#8243; _module_preset=\u00bbdefault\u00bb global_colors_info=\u00bb{}\u00bb][et_pb_post_title meta=\u00bboff\u00bb featured_image=\u00bboff\u00bb _builder_version=\u00bb4.27.0&#8243; _module_preset=\u00bbdefault\u00bb title_font=\u00bbNoto Serif|700|||||||\u00bb title_text_align=\u00bbright\u00bb title_text_color=\u00bb#000000&#8243; title_font_size=\u00bb4em\u00bb animation_style=\u00bbfade\u00bb animation_delay=\u00bb300ms\u00bb title_font_size_tablet=\u00bb3em\u00bb title_font_size_phone=\u00bb3em\u00bb title_font_size_last_edited=\u00bbon|desktop\u00bb border_width_bottom=\u00bb1px\u00bb border_color_bottom=\u00bb#FA6B5A\u00bb locked=\u00bboff\u00bb global_colors_info=\u00bb{}\u00bb][\/et_pb_post_title][\/et_pb_column][\/et_pb_row][et_pb_row column_structure=\u00bb2_5,3_5&#8243; _builder_version=\u00bb4.21.0&#8243; _module_preset=\u00bbdefault\u00bb global_colors_info=\u00bb{}\u00bb][et_pb_column type=\u00bb2_5&#8243; _builder_version=\u00bb4.21.0&#8243; _module_preset=\u00bbdefault\u00bb global_colors_info=\u00bb{}\u00bb][et_pb_image src=\u00bbhttp:\/\/hweb-x-0-fe-04.fe.cpd.local\/crits\/wp-content\/uploads\/2023\/07\/3_cures.jpg\u00bb title_text=\u00bbOLYMPUS DIGITAL CAMERA\u00bb _builder_version=\u00bb4.21.0&#8243; _module_preset=\u00bbdefault\u00bb global_colors_info=\u00bb{}\u00bb][\/et_pb_image][\/et_pb_column][et_pb_column type=\u00bb3_5&#8243; _builder_version=\u00bb4.21.0&#8243; _module_preset=\u00bbdefault\u00bb global_colors_info=\u00bb{}\u00bb][et_pb_text _builder_version=\u00bb4.27.0&#8243; _module_preset=\u00bbdefault\u00bb hover_enabled=\u00bb0&#8243; global_colors_info=\u00bb{}\u00bb sticky_enabled=\u00bb0&#8243;]<\/p>\n<p>Esta l\u00ednea de investigaci\u00f3n se enfoca en el estudio de las complejidades y din\u00e1micas asociadas a las migraciones masivas y a las dificultades relacionadas con la provisi\u00f3n de cuidados.<\/p>\n<p>Este enfoque examina c\u00f3mo las crisis migratorias afectan las estructuras sociales y culturales de las comunidades, as\u00ed como la prestaci\u00f3n y recepci\u00f3n de cuidados en contextos de movilidad poblacional.<\/p>\n<p>La investigaci\u00f3n busca comprender las interacciones y tensiones culturales y sociales en torno a la migraci\u00f3n y los cuidados en el marco de situaciones de crisis.<\/p>\n<p>Los siguientes miembros de CRITS realizan investigaciones que se enmarcan en esta l\u00ednea de investigaci\u00f3n:<\/p>\n<ul>\n<li><strong>S<\/strong><strong>\u00edlvia Bofill<\/strong>: trabajo del hogar y cuidados y migraciones transnacionales<\/li>\n<li><strong>Diana Mata<\/strong>: migraciones, familias transnacionales, remesas y g\u00e9nero<\/li>\n<li><strong>Mikel Aramburu<\/strong>: barrios urbanos<\/li>\n<li><strong>Ra\u00fal M\u00e1rquez<\/strong>: regulaci\u00f3n del trabajo dom\u00e9stico<\/li>\n<li><strong>Irene Sabat\u00e9<\/strong>: interseccionalidad de las discriminaciones en el acceso a la vivienda<\/li>\n<\/ul>\n<p>[\/et_pb_text][\/et_pb_column][\/et_pb_row][et_pb_row _builder_version=\u00bb4.21.0&#8243; _module_preset=\u00bbdefault\u00bb global_colors_info=\u00bb{}\u00bb][et_pb_column type=\u00bb4_4&#8243; _builder_version=\u00bb4.21.0&#8243; _module_preset=\u00bbdefault\u00bb global_colors_info=\u00bb{}\u00bb][et_pb_text _builder_version=\u00bb4.27.0&#8243; _module_preset=\u00bbdefault\u00bb global_colors_info=\u00bb{}\u00bb]<\/p>\n<p><strong>Proyectos enmarcados en esta l\u00ednea de investigaci\u00f3n:<\/strong><\/p>\n<p>Trayectorias formativas y proyectos de futuro de los j\u00f3venes de origen migrante en los barrios de La Florida y Les Planes de L&#8217;Hospitalet de Llobregat. Un enfoque cualitativo en la aplicaci\u00f3n del Plan Educativo de Entorno 0-20. IP: <strong>S\u00edlvia Bofill-Poch<\/strong> e <strong>Irene Sabat\u00e9<\/strong>. Equipo de investigaci\u00f3n: <strong>Ra\u00fal M\u00e1rquez<\/strong>, <strong>Diana Mata-Codesal\u00a0<\/strong>y <strong>Patricia Bertolin<\/strong>.<\/p>\n<p>Red ciudadana por el derecho al cuidado. IP: <strong>S\u00edlvia Bofill-Poch<\/strong>.<\/p>\n<p>Foro social del cuidado. Retos y horizontes hacia una sociedad cuidadora. IP: <strong>S\u00edlvia Bofill-Poch<\/strong>.<\/p>\n<p>Diversidad en espacios p\u00fablicos de zonas perif\u00e9ricas de la ciudad de Barcelona. IP: <strong>Diana Mata Codesal<\/strong>.<\/p>\n<p>El cuidado importa. Impacto de g\u00e9nero en los cuidadores\/as de mayores y dependientes en tiempos de la Covid-19 (CUMADE). IP general: Dolors Comas d&#8217;Argemir (URV) [IP UB: <strong>S\u00edlvia Bofill-Poch<\/strong>]. Miembros del equipo: <strong>Ra\u00fal M\u00e1rquez<\/strong> y <strong>Diana Mata-Codesal<\/strong>.<\/p>\n<p>Envejecimiento y necesidades de cuidado. Una cuesti\u00f3n social y pol\u00edtica. IP: Dolors Comas d&#8217;Argemir (URV) y <strong>S\u00edlvia Bofill-Poch<\/strong> (UB).<\/p>\n<p>An\u00e1lisis estad\u00edstico sobre la incidencia del acoso sexual en mujeres trabajadoras del hogar inmigrantes de origen extranjero en Catalu\u00f1a. IP: <strong>S\u00edlvia Bofill-Poch<\/strong> y Norma V\u00e9liz Torresano.<\/p>\n<p>[\/et_pb_text][\/et_pb_column][\/et_pb_row][\/et_pb_section]<\/p>\n","protected":false},"excerpt":{"rendered":"<p>Esta l\u00ednea de investigaci\u00f3n se enfoca en el estudio de las complejidades y din\u00e1micas asociadas a las migraciones masivas y a las dificultades relacionadas con la provisi\u00f3n de cuidados. Este enfoque examina c\u00f3mo las crisis migratorias afectan las estructuras sociales y culturales de las comunidades, as\u00ed como la prestaci\u00f3n y recepci\u00f3n de cuidados en contextos [&hellip;]<\/p>\n","protected":false},"author":1,"featured_media":0,"parent":1681,"menu_order":0,"comment_status":"closed","ping_status":"closed","template":"","meta":{"_et_pb_use_builder":"on","_et_pb_old_content":"","_et_gb_content_width":"","footnotes":""},"class_list":["post-1689","page","type-page","status-publish","hentry"],"_links":{"self":[{"href":"https:\/\/www.ub.edu\/crits\/es\/wp-json\/wp\/v2\/pages\/1689","targetHints":{"allow":["GET"]}}],"collection":[{"href":"https:\/\/www.ub.edu\/crits\/es\/wp-json\/wp\/v2\/pages"}],"about":[{"href":"https:\/\/www.ub.edu\/crits\/es\/wp-json\/wp\/v2\/types\/page"}],"author":[{"embeddable":true,"href":"https:\/\/www.ub.edu\/crits\/es\/wp-json\/wp\/v2\/users\/1"}],"replies":[{"embeddable":true,"href":"https:\/\/www.ub.edu\/crits\/es\/wp-json\/wp\/v2\/comments?post=1689"}],"version-history":[{"count":9,"href":"https:\/\/www.ub.edu\/crits\/es\/wp-json\/wp\/v2\/pages\/1689\/revisions"}],"predecessor-version":[{"id":2888,"href":"https:\/\/www.ub.edu\/crits\/es\/wp-json\/wp\/v2\/pages\/1689\/revisions\/2888"}],"up":[{"embeddable":true,"href":"https:\/\/www.ub.edu\/crits\/es\/wp-json\/wp\/v2\/pages\/1681"}],"wp:attachment":[{"href":"https:\/\/www.ub.edu\/crits\/es\/wp-json\/wp\/v2\/media?parent=1689"}],"curies":[{"name":"wp","href":"https:\/\/api.w.org\/{rel}","templated":true}]}}