{"id":298,"date":"2023-06-02T13:46:55","date_gmt":"2023-06-02T11:46:55","guid":{"rendered":"http:\/\/hweb-x-0-fe-04.fe.cpd.local\/crits\/?page_id=298"},"modified":"2024-11-10T22:21:16","modified_gmt":"2024-11-10T20:21:16","slug":"sobre-el-crits","status":"publish","type":"page","link":"https:\/\/www.ub.edu\/crits\/sobre-el-crits\/","title":{"rendered":"Sobre el Crits"},"content":{"rendered":"<p>[et_pb_section fb_built=&#8221;1&#8243; _builder_version=&#8221;4.21.0&#8243; _module_preset=&#8221;default&#8221; global_colors_info=&#8221;{}&#8221;][et_pb_row _builder_version=&#8221;4.21.0&#8243; _module_preset=&#8221;default&#8221; global_colors_info=&#8221;{}&#8221;][et_pb_column type=&#8221;4_4&#8243; _builder_version=&#8221;4.21.0&#8243; _module_preset=&#8221;default&#8221; global_colors_info=&#8221;{}&#8221;][et_pb_post_title meta=&#8221;off&#8221; featured_image=&#8221;off&#8221; _builder_version=&#8221;4.21.0&#8243; _module_preset=&#8221;default&#8221; title_font=&#8221;Noto Serif|700|||||||&#8221; title_text_align=&#8221;right&#8221; title_text_color=&#8221;#000000&#8243; title_font_size=&#8221;4em&#8221; animation_style=&#8221;fade&#8221; animation_delay=&#8221;300ms&#8221; title_font_size_tablet=&#8221;3em&#8221; title_font_size_phone=&#8221;3em&#8221; title_font_size_last_edited=&#8221;on|desktop&#8221; border_width_bottom=&#8221;1px&#8221; border_color_bottom=&#8221;#FA6B5A&#8221; locked=&#8221;off&#8221; global_colors_info=&#8221;{}&#8221;][\/et_pb_post_title][\/et_pb_column][\/et_pb_row][et_pb_row column_structure=&#8221;2_5,3_5&#8243; _builder_version=&#8221;4.21.0&#8243; _module_preset=&#8221;default&#8221; background_color=&#8221;RGBA(255,255,255,0)&#8221; custom_padding=&#8221;||0px||false|false&#8221; locked=&#8221;off&#8221; global_colors_info=&#8221;{}&#8221;][et_pb_column type=&#8221;2_5&#8243; _builder_version=&#8221;4.21.0&#8243; _module_preset=&#8221;default&#8221; global_colors_info=&#8221;{}&#8221;][et_pb_image src=&#8221;http:\/\/hweb-x-0-fe-04.fe.cpd.local\/crits\/wp-content\/uploads\/2023\/05\/casa-colors.jpg&#8221; title_text=&#8221;casa colors&#8221; force_fullwidth=&#8221;on&#8221; align_tablet=&#8221;center&#8221; align_phone=&#8221;center&#8221; align_last_edited=&#8221;on|desktop&#8221; _builder_version=&#8221;4.21.0&#8243; _module_preset=&#8221;default&#8221; animation_style=&#8221;zoom&#8221; animation_delay=&#8221;100ms&#8221; animation_intensity_zoom=&#8221;6%&#8221; border_radii=&#8221;on|8px|8px|8px|8px&#8221; box_shadow_style=&#8221;preset3&#8243; box_shadow_color=&#8221;rgba(0,0,0,0.46)&#8221; global_colors_info=&#8221;{}&#8221;][\/et_pb_image][\/et_pb_column][et_pb_column type=&#8221;3_5&#8243; _builder_version=&#8221;4.21.0&#8243; _module_preset=&#8221;default&#8221; global_colors_info=&#8221;{}&#8221;][et_pb_text _builder_version=&#8221;4.27.0&#8243; _module_preset=&#8221;default&#8221; text_font=&#8221;Noto Sans||||||||&#8221; text_font_size=&#8221;1vw&#8221; text_line_height=&#8221;2em&#8221; global_colors_info=&#8221;{}&#8221;]<\/p>\n<p>El grup de recerca Antropologia de les Crisis i les Transformacions Contempor\u00e0nies (CRITS) est\u00e0 integrat per investigadors i investigadores del Departament d\u2019Antropologia Social de la Universitat de Barcelona, la Universitat de Lleida i el Consejo Superior de Investigaciones Cient\u00edficas. Es tracta d\u2019un grup de recerca consolidat finan\u00e7at per l\u2019Ag\u00e8ncia de Gesti\u00f3 d\u2019Ajuts Universitaris i de Recerca (AGAUR).<\/p>\n<p>T\u00e9 com a objectiu impulsar etnografies que permetin identificar, analitzar i interpretar els m\u00faltiples processos de canvi experimentats per les societats contempor\u00e0nies immerses en les din\u00e0miques de transformaci\u00f3 del capitalisme. El CRITS busca fixar un nou focus d\u2019indagaci\u00f3 te\u00f2rica, situat fonamentalment en la tradici\u00f3 de l\u2019economia pol\u00edtica en Antropologia, a partir de les experi\u00e8ncies emp\u00edriques relatives a les crisis i els processos de transformaci\u00f3 que travessen les societats contempor\u00e0nies. L\u2019accent recau aqu\u00ed en un aspecte definitori de l\u2019experi\u00e8ncia hist\u00f2rica contempor\u00e0nia, com \u00e9s la superposici\u00f3 de diferents crisis (ambiental, econ\u00f2mico-financera, sanit\u00e0ria, pol\u00edtica, migrat\u00f2ria, aliment\u00e0ria i de subministraments, de l\u2019habitatge, de les cures\u2026), un fet que caracteritza el moment actual.<\/p>\n<p>La \u201ccrisi\u201d es conceptualitza aix\u00ed com a un concepte \u00e8mic relatiu a processos de transformaci\u00f3 social que marquen una acceleraci\u00f3 del canvi hist\u00f2ric, que al seu torn dona peu a l\u2019emerg\u00e8ncia de noves formes de contestaci\u00f3 i protesta per part de diferents grups socials, alhora que revelen relacions de poder, mecanismes normatius i formes de vulneraci\u00f3 de drets que romanen m\u00e9s ocultes quan les circumst\u00e0ncies no s\u00f3n tan canviants.<\/p>\n<p>[\/et_pb_text][\/et_pb_column][\/et_pb_row][et_pb_row _builder_version=&#8221;4.21.0&#8243; _module_preset=&#8221;default&#8221; global_colors_info=&#8221;{}&#8221;][et_pb_column type=&#8221;4_4&#8243; _builder_version=&#8221;4.21.0&#8243; _module_preset=&#8221;default&#8221; global_colors_info=&#8221;{}&#8221;][et_pb_text _builder_version=&#8221;4.27.0&#8243; _module_preset=&#8221;default&#8221; global_colors_info=&#8221;{}&#8221;]<\/p>\n<h2><strong>Hist\u00f2ria<\/strong><\/h2>\n<p>El grup de recerca Antropologia de les Crisis i les Transformacions Contempor\u00e0nies (CRITS) \u00e9s resultat de la integraci\u00f3 d\u2019investigadors i investigadores provinents de dos grups anteriors (l\u2019Observatori de l\u2019Alimentaci\u00f3 \u2013<a href=\"https:\/\/www.ub.edu\/portal\/web\/dp-antropologia\/odela\">ODELA<\/a>\u2013 i el Grup de Recerca en Antropologia del Patrimoni \u2013<a href=\"https:\/\/www.ub.edu\/portal\/web\/dp-antropologia\/grapp\">GRAP<\/a>) i cinc m\u00e9s [Mikel Aramburu, S\u00edlvia Bofill, Ra\u00fal M\u00e1rquez, Diana Mata, Irene Sabat\u00e9] provinents del Grup d\u2019Estudis sobre Reciprocitat (<a href=\"https:\/\/www.ub.edu\/ger\/\">GER<\/a>).<\/p>\n<p>La creaci\u00f3 del CRITS sorgeix la necessitat de constituir un grup amb un focus tem\u00e0tic m\u00e9s ampli, capa\u00e7 de sumar esfor\u00e7os per tal de generar activitats de recerca d\u2019un major abast, tot partint d\u2019una cr\u00edtica a la fragmentaci\u00f3 tem\u00e0tica i l\u2019especialitzaci\u00f3 excessiva de la disciplina antropol\u00f2gica en l\u2019actualitat. L\u2019amplitud del grup ha de permetre als seus membres buscar sinergies entre \u00e0mbits tem\u00e0tics que solen abordar-se per separat, per\u00f2 que responen a l\u00f2giques sist\u00e8miques pr\u00f2pies de les din\u00e0miques del capitalisme contemporani, i que els actors socials experimenten com a aspectes estretament entrella\u00e7ats en la seva realitat. En aquest context, es vol fomentar un intercanvi i un di\u00e0leg inter-etnogr\u00e0fic que doni peu a comparacions fruct\u00edferes, en l\u00ednia amb la tradici\u00f3 hol\u00edstica i comparativa de l\u2019Antropologia Social.<\/p>\n<p>[\/et_pb_text][\/et_pb_column][\/et_pb_row][\/et_pb_section]<\/p>\n","protected":false},"excerpt":{"rendered":"<p>El grup de recerca Antropologia de les Crisis i les Transformacions Contempor\u00e0nies (CRITS) est\u00e0 integrat per investigadors i investigadores del Departament d\u2019Antropologia Social de la Universitat de Barcelona, la Universitat de Lleida i el Consejo Superior de Investigaciones Cient\u00edficas. Es tracta d\u2019un grup de recerca consolidat finan\u00e7at per l\u2019Ag\u00e8ncia de Gesti\u00f3 d\u2019Ajuts Universitaris i de [&hellip;]<\/p>\n","protected":false},"author":1,"featured_media":0,"parent":0,"menu_order":0,"comment_status":"closed","ping_status":"closed","template":"","meta":{"_et_pb_use_builder":"on","_et_pb_old_content":"","_et_gb_content_width":"","footnotes":""},"class_list":["post-298","page","type-page","status-publish","hentry"],"_links":{"self":[{"href":"https:\/\/www.ub.edu\/crits\/wp-json\/wp\/v2\/pages\/298","targetHints":{"allow":["GET"]}}],"collection":[{"href":"https:\/\/www.ub.edu\/crits\/wp-json\/wp\/v2\/pages"}],"about":[{"href":"https:\/\/www.ub.edu\/crits\/wp-json\/wp\/v2\/types\/page"}],"author":[{"embeddable":true,"href":"https:\/\/www.ub.edu\/crits\/wp-json\/wp\/v2\/users\/1"}],"replies":[{"embeddable":true,"href":"https:\/\/www.ub.edu\/crits\/wp-json\/wp\/v2\/comments?post=298"}],"version-history":[{"count":4,"href":"https:\/\/www.ub.edu\/crits\/wp-json\/wp\/v2\/pages\/298\/revisions"}],"predecessor-version":[{"id":2660,"href":"https:\/\/www.ub.edu\/crits\/wp-json\/wp\/v2\/pages\/298\/revisions\/2660"}],"wp:attachment":[{"href":"https:\/\/www.ub.edu\/crits\/wp-json\/wp\/v2\/media?parent=298"}],"curies":[{"name":"wp","href":"https:\/\/api.w.org\/{rel}","templated":true}]}}