{"id":374,"date":"2023-07-14T16:03:12","date_gmt":"2023-07-14T14:03:12","guid":{"rendered":"http:\/\/hweb-x-0-fe-04.fe.cpd.local\/crits\/?page_id=374"},"modified":"2024-11-19T23:01:13","modified_gmt":"2024-11-19T21:01:13","slug":"crisi-financera-i-crisi-de-lhabitatge","status":"publish","type":"page","link":"https:\/\/www.ub.edu\/crits\/linies-de-recerca\/crisi-financera-i-crisi-de-lhabitatge\/","title":{"rendered":"Crisi financera i crisi de l\u2019habitatge"},"content":{"rendered":"<p>[et_pb_section fb_built=&#8221;1&#8243; _builder_version=&#8221;4.21.0&#8243; _module_preset=&#8221;default&#8221; global_colors_info=&#8221;{}&#8221;][et_pb_row _builder_version=&#8221;4.21.0&#8243; _module_preset=&#8221;default&#8221; locked=&#8221;off&#8221; global_colors_info=&#8221;{}&#8221;][et_pb_column type=&#8221;4_4&#8243; _builder_version=&#8221;4.21.0&#8243; _module_preset=&#8221;default&#8221; global_colors_info=&#8221;{}&#8221;][et_pb_post_title meta=&#8221;off&#8221; featured_image=&#8221;off&#8221; _builder_version=&#8221;4.21.0&#8243; _module_preset=&#8221;default&#8221; title_font=&#8221;Noto Serif|700|||||||&#8221; title_text_align=&#8221;right&#8221; title_text_color=&#8221;#000000&#8243; title_font_size=&#8221;4em&#8221; animation_style=&#8221;fade&#8221; animation_delay=&#8221;300ms&#8221; title_font_size_tablet=&#8221;3em&#8221; title_font_size_phone=&#8221;3em&#8221; title_font_size_last_edited=&#8221;on|desktop&#8221; border_width_bottom=&#8221;1px&#8221; border_color_bottom=&#8221;#FA6B5A&#8221; locked=&#8221;off&#8221; global_colors_info=&#8221;{}&#8221;][\/et_pb_post_title][\/et_pb_column][\/et_pb_row][et_pb_row column_structure=&#8221;2_5,3_5&#8243; _builder_version=&#8221;4.21.0&#8243; _module_preset=&#8221;default&#8221; global_colors_info=&#8221;{}&#8221;][et_pb_column type=&#8221;2_5&#8243; _builder_version=&#8221;4.21.0&#8243; _module_preset=&#8221;default&#8221; global_colors_info=&#8221;{}&#8221;][et_pb_image src=&#8221;http:\/\/hweb-x-0-fe-04.fe.cpd.local\/crits\/wp-content\/uploads\/2023\/07\/4_habitatge.jpg&#8221; title_text=&#8221;4_habitatge&#8221; _builder_version=&#8221;4.21.0&#8243; _module_preset=&#8221;default&#8221; global_colors_info=&#8221;{}&#8221;][\/et_pb_image][\/et_pb_column][et_pb_column type=&#8221;3_5&#8243; _builder_version=&#8221;4.21.0&#8243; _module_preset=&#8221;default&#8221; global_colors_info=&#8221;{}&#8221;][et_pb_text _builder_version=&#8221;4.27.0&#8243; _module_preset=&#8221;default&#8221; hover_enabled=&#8221;0&#8243; global_colors_info=&#8221;{}&#8221; sticky_enabled=&#8221;0&#8243;]<\/p>\n<p>Aquesta l\u00ednia de recerca aborda l\u2019an\u00e0lisi de les complexes interrelacions entre les crisis econ\u00f2miques i les dificultats relacionades amb l\u2019habitatge. S\u2019investiga com la crisi financera impacta en les comunitats, afectant la disponibilitat, accessibilitat i qualitat de l\u2019habitatge.<\/p>\n<p>Aquesta l\u00ednia examina les respostes i adaptacions de les poblacions enfront de l\u2019escassetat residencial i les tensions econ\u00f2miques associades, aix\u00ed com les din\u00e0miques socials i culturals que emergeixen entorn de l\u2019habitatge en moments de crisi financera.<\/p>\n<p>La recerca busca comprendre les experi\u00e8ncies i les estrat\u00e8gies adoptades per les comunitats per a afrontar els desafiaments derivats de la crisi financera i el seu impacte en l\u2019esfera residencial.<\/p>\n<p>Els seg\u00fcents membres de CRITS realitzen recerques que s\u2019emmarquen en aquesta l\u00ednia d\u2019investigaci\u00f3:<\/p>\n<p>&nbsp;<\/p>\n<ul>\n<li><strong>Irene Sabat\u00e9<\/strong>: relacions de deute i cr\u00e8dit, visions antropol\u00f2giques de la financialitzaci\u00f3<\/li>\n<li><strong>Mikel<\/strong>\u00a0<strong>Aramburu<\/strong>: classes populars, propietat i reproducci\u00f3 social<\/li>\n<li><strong>Cristina Larrea<\/strong>: salubritat i sanejament<\/li>\n<li><strong>Ra\u00fal M\u00e1rquez<\/strong>: propietat del s\u00f2l<\/li>\n<li><strong>Diana Mata<\/strong>: diversitat i conviv\u00e8ncia als barris<\/li>\n<li><strong>Camila del M\u00e1rmol<\/strong>,\u00a0<strong>Ferran Estrada, Oriol Beltran i Ismael Vaccaro<\/strong>: crisi de l\u2019habitatge i despoblaci\u00f3 de la ruralitat<\/li>\n<\/ul>\n<p>[\/et_pb_text][\/et_pb_column][\/et_pb_row][et_pb_row _builder_version=&#8221;4.21.0&#8243; _module_preset=&#8221;default&#8221; global_colors_info=&#8221;{}&#8221;][et_pb_column type=&#8221;4_4&#8243; _builder_version=&#8221;4.21.0&#8243; _module_preset=&#8221;default&#8221; global_colors_info=&#8221;{}&#8221;][et_pb_text _builder_version=&#8221;4.27.0&#8243; _module_preset=&#8221;default&#8221; global_colors_info=&#8221;{}&#8221;]<\/p>\n<p><strong>Projectes emmarcats en aquesta l\u00ednia de recerca:<\/strong><\/p>\n<p>Tensions entre el dret a l\u2019habitatge i la propietat privada en les relacions d\u2019arrendament. Un enfocament sociojur\u00eddic (TEVIPROP). IP: <strong>Irene Sabat\u00e9<\/strong> i Marco Aparicio (Universitat de Girona).<\/p>\n<p>La dimensi\u00f3 de g\u00e8nere de la crisi de l&#8217;habitatge a l&#8217;\u00e0rea metropolitana de Barcelona (2008-2021). IP: <strong>Irene Sabat\u00e9<\/strong>.<\/p>\n<p>Concepcions populars de la just\u00edcia social en front de la crisi i les pol\u00edtiques d\u2019austeritat\u00a0(CONJUST).\u00a0 IP: <strong>S\u00edlvia Bofill-Poch<\/strong> i <strong>Mikel Aramburu<\/strong>.<\/p>\n<p>La crisi de la recuperaci\u00f3 d&#8217;habitatges espanyola com a cas per a l&#8217;estudi de les relacions de deute i cr\u00e8dit. IP: <strong>Irene Sabat\u00e9<\/strong>.<\/p>\n<p>[\/et_pb_text][\/et_pb_column][\/et_pb_row][\/et_pb_section]<\/p>\n","protected":false},"excerpt":{"rendered":"<p>Aquesta l\u00ednia de recerca aborda l\u2019an\u00e0lisi de les complexes interrelacions entre les crisis econ\u00f2miques i les dificultats relacionades amb l\u2019habitatge. S\u2019investiga com la crisi financera impacta en les comunitats, afectant la disponibilitat, accessibilitat i qualitat de l\u2019habitatge. Aquesta l\u00ednia examina les respostes i adaptacions de les poblacions enfront de l\u2019escassetat residencial i les tensions econ\u00f2miques [&hellip;]<\/p>\n","protected":false},"author":1,"featured_media":0,"parent":346,"menu_order":0,"comment_status":"closed","ping_status":"closed","template":"","meta":{"_et_pb_use_builder":"on","_et_pb_old_content":"","_et_gb_content_width":"","footnotes":""},"class_list":["post-374","page","type-page","status-publish","hentry"],"_links":{"self":[{"href":"https:\/\/www.ub.edu\/crits\/wp-json\/wp\/v2\/pages\/374","targetHints":{"allow":["GET"]}}],"collection":[{"href":"https:\/\/www.ub.edu\/crits\/wp-json\/wp\/v2\/pages"}],"about":[{"href":"https:\/\/www.ub.edu\/crits\/wp-json\/wp\/v2\/types\/page"}],"author":[{"embeddable":true,"href":"https:\/\/www.ub.edu\/crits\/wp-json\/wp\/v2\/users\/1"}],"replies":[{"embeddable":true,"href":"https:\/\/www.ub.edu\/crits\/wp-json\/wp\/v2\/comments?post=374"}],"version-history":[{"count":7,"href":"https:\/\/www.ub.edu\/crits\/wp-json\/wp\/v2\/pages\/374\/revisions"}],"predecessor-version":[{"id":2908,"href":"https:\/\/www.ub.edu\/crits\/wp-json\/wp\/v2\/pages\/374\/revisions\/2908"}],"up":[{"embeddable":true,"href":"https:\/\/www.ub.edu\/crits\/wp-json\/wp\/v2\/pages\/346"}],"wp:attachment":[{"href":"https:\/\/www.ub.edu\/crits\/wp-json\/wp\/v2\/media?parent=374"}],"curies":[{"name":"wp","href":"https:\/\/api.w.org\/{rel}","templated":true}]}}