

 
{"id":10319,"date":"2021-12-01T12:35:58","date_gmt":"2021-12-01T10:35:58","guid":{"rendered":"https:\/\/www.ub.edu\/cusc\/?page_id=10319"},"modified":"2022-03-08T12:18:34","modified_gmt":"2022-03-08T10:18:34","slug":"what-we-offer","status":"publish","type":"page","link":"https:\/\/www.ub.edu\/cusc\/en\/what-we-offer\/","title":{"rendered":"What we offer"},"content":{"rendered":"<div id=\"pl-10319\"  class=\"panel-layout\" ><div id=\"pg-10319-0\"  class=\"panel-grid panel-has-style\" ><div class=\"siteorigin-panels-stretch panel-row-style panel-row-style-for-10319-0\" data-stretch-type=\"full-stretched\" ><div id=\"pgc-10319-0-0\"  class=\"panel-grid-cell\" ><div id=\"panel-10319-0-0-0\" class=\"so-panel widget widget_lsow-hero-image panel-first-child panel-last-child\" data-index=\"0\" ><div class=\"panel-widget-style panel-widget-style-for-10319-0-0-0\" ><div\n\t\t\t\n\t\t\tclass=\"so-widget-lsow-hero-image so-widget-lsow-hero-image-default-5f4971612708-10319\"\n\t\t\t\n\t\t>\n\n<div class=\"lsow-hero-header lsow-section-bg-cover\" >\n\n    \n    <div class=\"lsow-background\">\n\n        \n            \n            \n                \n                    <div class=\"lsow-image-bg\"\n                         style=\"background-image: url(https:\/\/www.ub.edu\/cusc\/wp-content\/uploads\/2021\/01\/scott-graham-5fNmWej4tAA-unsplash-1.jpg);\"><\/div>\n\n                \n            \n        \n    <\/div><!-- .lsow-background -->\n\n    \n        <div class=\"lsow-overlay\" style=\"background-color: rgba(45, 127, 199, 0);\"><\/div>\n\n    \n    <div class=\"lsow-header-content\">\n\n        \n            <div class=\"lsow-standard-header\">\n\n                \n                <h3 class=\"lsow-heading\">We host researchers and students who seek to carry out their research at our center.<\/h3>\n                \n            <\/div>\n\n        \n    <\/div>\n\n    \n<\/div><\/div><\/div><\/div><\/div><\/div><\/div><div id=\"pg-10319-1\"  class=\"panel-grid panel-no-style\" ><div id=\"pgc-10319-1-0\"  class=\"panel-grid-cell panel-grid-cell-mobile-last\" ><div id=\"panel-10319-1-0-0\" class=\"so-panel widget widget_sow-editor panel-first-child panel-last-child\" data-index=\"1\" ><div\n\t\t\t\n\t\t\tclass=\"so-widget-sow-editor so-widget-sow-editor-base\"\n\t\t\t\n\t\t><h1 class=\"widget-title\">What do we offer?<\/h1>\n<div class=\"siteorigin-widget-tinymce textwidget\">\n\t<p>We have over 20 years of experience in sociolinguistics and linguistic policy, and we have a multidisciplinary team capable of responding to academic, institutional, business, or educational needs.<\/p>\n<\/div>\n<\/div><\/div><\/div><div id=\"pgc-10319-1-1\"  class=\"panel-grid-cell panel-grid-cell-empty\" ><\/div><\/div><div id=\"pg-10319-2\"  class=\"panel-grid panel-has-style\" ><div class=\"lsow-dark-bg blau siteorigin-panels-stretch panel-row-style panel-row-style-for-10319-2\" id=\"consell\" data-stretch-type=\"full\" ><div id=\"pgc-10319-2-0\"  class=\"panel-grid-cell\" ><div id=\"panel-10319-2-0-0\" class=\"so-panel widget widget_sow-editor panel-first-child panel-last-child\" data-index=\"2\" ><div\n\t\t\t\n\t\t\tclass=\"so-widget-sow-editor so-widget-sow-editor-base\"\n\t\t\t\n\t\t><h1 class=\"widget-title\">At the university<\/h1>\n<div class=\"siteorigin-widget-tinymce textwidget\">\n\t<\/div>\n<\/div><\/div><\/div><\/div><\/div><div id=\"pg-10319-3\"  class=\"panel-grid panel-has-style\" ><div class=\"lsow-dark-bg blau siteorigin-panels-stretch panel-row-style panel-row-style-for-10319-3\" id=\"consell\" data-stretch-type=\"full\" ><div id=\"pgc-10319-3-0\"  class=\"panel-grid-cell\" ><div id=\"panel-10319-3-0-0\" class=\"so-panel widget widget_sow-editor panel-first-child panel-last-child\" data-index=\"3\" ><div\n\t\t\t\n\t\t\tclass=\"so-widget-sow-editor so-widget-sow-editor-base\"\n\t\t\t\n\t\t>\n<div class=\"siteorigin-widget-tinymce textwidget\">\n\t<h2>Are you a student?<\/h2>\n<p>Would you like to carry out your research with us? At CUSC, we offer various options for collaborating with research projects:<\/p>\n<ul>\n<li><a href=\"https:\/\/www.ub.edu\/portal\/web\/philology-communication\/\">Degree-level internships<\/a>: <a href=\"http:\/\/stel.ub.edu\/filologiacatalana\/\">Catalan Philology (UB)<\/a>, <a href=\"http:\/\/www.ub.edu\/filhis\/\">Spanish Philology<\/a>, <a href=\"https:\/\/linguistica.ub.edu\/\">General Linguistics<\/a>, <a href=\"http:\/\/www.ub.edu\/sociologia\/\">Sociology (UB)<\/a> and <a href=\"https:\/\/www.uab.cat\/web\/department-of-sociology-1266564935371.html\">Sociology (UAB)<\/a><\/li>\n<li>Masters-level internships (<a href=\"http:\/\/filcat.uab.cat\/moiellc\/\">MOIELLC Master<\/a>)<\/li>\n<li>Collaboration grant for an ongoing research project<\/li>\n<li><a href=\"https:\/\/seu.ub.edu\/ajutsPublic\/showPublicacion\/29965?lang=en\">Collaboration grant for support and administration at CUSC<\/a><\/li>\n<li><a href=\"https:\/\/www.ub.edu\/cusc\/en\/research\/\">Collaborator on a project<\/a> (contact the lead researcher)<\/li>\n<\/ul>\n<p>Opportunities for collaboration with CUSC will be published on the respective webpages of each <a href=\"https:\/\/cuscub.wordpress.com\/recerca\/research\/\">research area<\/a>, <a href=\"https:\/\/www.ub.edu\/cusc\/en\/\">CUSC<\/a>, and the <a href=\"https:\/\/www.ub.edu\/portal\/web\/philology-communication\/\">Universitat de Barcelona<\/a>.<\/p>\n<p>&nbsp;<\/p>\n<\/div>\n<\/div><\/div><\/div><div id=\"pgc-10319-3-1\"  class=\"panel-grid-cell\" ><div id=\"panel-10319-3-1-0\" class=\"so-panel widget widget_sow-editor panel-first-child panel-last-child\" data-index=\"4\" ><div\n\t\t\t\n\t\t\tclass=\"so-widget-sow-editor so-widget-sow-editor-base\"\n\t\t\t\n\t\t>\n<div class=\"siteorigin-widget-tinymce textwidget\">\n\t<h2>Are you an educator?<\/h2>\n<p>Would you like to <strong>guide, advise, or direct projects and studies on sociolinguistics?<\/strong> If you are carrying out a research project or doctoral thesis and would like an adviser specialized in the material, contact us at <a href=\"mailto:cusc@ub.edu\">cusc@ub.edu<\/a>.<\/p>\n<p><strong>Do you need teaching support <\/strong>on subjects related to sociolinguistics? Our center offers guidance, support, and tools to enrich and strengthen your teaching.<\/p>\n<p>&nbsp;<\/p>\n<\/div>\n<\/div><\/div><\/div><div id=\"pgc-10319-3-2\"  class=\"panel-grid-cell\" ><div id=\"panel-10319-3-2-0\" class=\"so-panel widget widget_sow-editor panel-first-child panel-last-child\" data-index=\"5\" ><div\n\t\t\t\n\t\t\tclass=\"so-widget-sow-editor so-widget-sow-editor-base\"\n\t\t\t\n\t\t>\n<div class=\"siteorigin-widget-tinymce textwidget\">\n\t<h2>Are you a researcher?<\/h2>\n<p>Would you like to <strong>apply for a stay as a visiting researcher? <\/strong>If you are affiliated with another university and would like to carry out research in the fields of sociolinguistics or linguistic policy, you can apply to be admitted as a\u00a0<a href=\"https:\/\/www.ub.edu\/cusc\/wp-content\/uploads\/2022\/03\/visiting-researcher-1.pdf\">visiting researcher<\/a> at the Universitat de Barcelona through CUSC. This affiliation will grant you access to the UB\u2019s physical and virtual library collection, as well as introductory language courses, and provides you with a point of support for your research in Barcelona (this option does not include monetary remuneration or housing).<\/p>\n<p>Do you need <strong>guidance for your research? <\/strong>For dedicated library guidance on Catalan sociolinguistics, contact the <a href=\"https:\/\/crai.ub.edu\/en\">Universitat de Barcelona Library<\/a> or the <a href=\"https:\/\/llengua.gencat.cat\/ca\/direccio_general_politica_linguistica\/centre_de_documentacio\">Documentation Center of the Secretaria de Pol\u00edtica Ling\u00fc\u00edstica (Secretariat for Language Policy)<\/a>\u00a0.<\/p>\n<p>&nbsp;<\/p>\n<\/div>\n<\/div><\/div><\/div><\/div><\/div><div id=\"pg-10319-4\"  class=\"panel-grid panel-has-style\" ><div class=\"siteorigin-panels-stretch panel-row-style panel-row-style-for-10319-4\" data-stretch-type=\"full-stretched\" ><div id=\"pgc-10319-4-0\"  class=\"panel-grid-cell\" ><div id=\"panel-10319-4-0-0\" class=\"so-panel widget widget_lsow-hero-image panel-first-child panel-last-child\" data-index=\"6\" ><div class=\"panel-widget-style panel-widget-style-for-10319-4-0-0\" ><div\n\t\t\t\n\t\t\tclass=\"so-widget-lsow-hero-image so-widget-lsow-hero-image-default-5f4971612708-10319\"\n\t\t\t\n\t\t>\n\n<div class=\"lsow-hero-header lsow-section-bg-cover\" >\n\n    \n    <div class=\"lsow-background\">\n\n        \n            \n            \n                \n                    <div class=\"lsow-image-bg\"\n                         style=\"background-image: url(https:\/\/www.ub.edu\/cusc\/wp-content\/uploads\/2021\/01\/g98f29d21171d1471e5ed702f94b81182a7385b89ebfe51558e187489e84b186453182d454382fb2de5b337c65f759d1a_1920.jpg);\"><\/div>\n\n                \n            \n        \n    <\/div><!-- .lsow-background -->\n\n    \n        <div class=\"lsow-overlay\" style=\"background-color: rgba(45, 127, 199, 0);\"><\/div>\n\n    \n    <div class=\"lsow-header-content\">\n\n        \n            <div class=\"lsow-standard-header\">\n\n                \n                <h3 class=\"lsow-heading\">We analyze and propose concrete measures in linguistic policy<\/h3>\n                \n            <\/div>\n\n        \n    <\/div>\n\n    \n<\/div><\/div><\/div><\/div><\/div><\/div><\/div><div id=\"pg-10319-5\"  class=\"panel-grid panel-no-style\" ><div id=\"pgc-10319-5-0\"  class=\"panel-grid-cell panel-grid-cell-mobile-last\" ><div id=\"panel-10319-5-0-0\" class=\"so-panel widget widget_sow-editor panel-first-child panel-last-child\" data-index=\"7\" ><div\n\t\t\t\n\t\t\tclass=\"so-widget-sow-editor so-widget-sow-editor-base\"\n\t\t\t\n\t\t><h1 class=\"widget-title\">Our activity<\/h1>\n<div class=\"siteorigin-widget-tinymce textwidget\">\n\t<p>The members of CUSC direct our specialized knowledge towards the rest of society in a variety of different ways.<\/p>\n<\/div>\n<\/div><\/div><\/div><div id=\"pgc-10319-5-1\"  class=\"panel-grid-cell panel-grid-cell-empty\" ><\/div><\/div><div id=\"pg-10319-6\"  class=\"panel-grid panel-has-style\" ><div class=\"lsow-dark-bg blau siteorigin-panels-stretch panel-row-style panel-row-style-for-10319-6\" id=\"consell\" data-stretch-type=\"full\" ><div id=\"pgc-10319-6-0\"  class=\"panel-grid-cell\" ><div id=\"panel-10319-6-0-0\" class=\"so-panel widget widget_sow-editor panel-first-child panel-last-child\" data-index=\"8\" ><div\n\t\t\t\n\t\t\tclass=\"so-widget-sow-editor so-widget-sow-editor-base\"\n\t\t\t\n\t\t>\n<div class=\"siteorigin-widget-tinymce textwidget\">\n\t<h2><strong>Analysis and knowledge transfer<\/strong><\/h2>\n<p>We collaborate with various institutions on research design, data use, and results analysis: for example, on the respective Surveys of Linguistic Use for various Catalan-speaking territories, the Sociodemographic and Linguistic Surveys of the Consell Superior d\u2019Avaluaci\u00f3 del Sistema Educatiu of the Generalitat de Catalunya, or various surveys for the Consell Catal\u00e0 de la Joventut.<\/p>\n<\/div>\n<\/div><\/div><\/div><div id=\"pgc-10319-6-1\"  class=\"panel-grid-cell\" ><div id=\"panel-10319-6-1-0\" class=\"so-panel widget widget_sow-editor panel-first-child panel-last-child\" data-index=\"9\" ><div\n\t\t\t\n\t\t\tclass=\"so-widget-sow-editor so-widget-sow-editor-base\"\n\t\t\t\n\t\t>\n<div class=\"siteorigin-widget-tinymce textwidget\">\n\t<h2>Consulting in the public and private sector<\/h2>\n<p>CUSC members provide consulting to public and private institutions on initiatives related to <strong>linguistics and communications management<\/strong> in a diverse array of contexts.<\/p>\n<p>For example, we have provided consulting for and participated in various television reports, contributed to events such as Donosti-San Sebasti\u00e1n European Capital of Culture (2016), Dei Nynorske Festspela, Nynorsk kultursentrum (2018), or the Nederlandse Taalunie-Orde van den Prince (The Netherlands). The public institutions we have collaborated with include the Direcci\u00f3 General de Pol\u00edtica Ling\u00fc\u00edstica of the Generalitat de Catalunya, the Direcci\u00f3 General de Pol\u00edtica Ling\u00fc\u00edstica of the Govern Balear, the Direcci\u00f3 General de Pol\u00edtica Ling\u00fc\u00edstica i Gesti\u00f3 del Multiling\u00fcisme of theGeneralitat Valenciana, the Consell Insular of Menorca, the Consell Insular of Formentera, and the autonomous Government of Northern Ireland. In the area of civil society, we have worked with the Fundaci\u00f3 Jaume Bofill, Plataforma per la Llengua, or the Soziolinguistika Klusterra of Euskal Herria, among others.<\/p>\n<p>&nbsp;<\/p>\n<p>&nbsp;<\/p>\n<\/div>\n<\/div><\/div><\/div><div id=\"pgc-10319-6-2\"  class=\"panel-grid-cell\" ><div id=\"panel-10319-6-2-0\" class=\"so-panel widget widget_sow-editor panel-first-child panel-last-child\" data-index=\"10\" ><div\n\t\t\t\n\t\t\tclass=\"so-widget-sow-editor so-widget-sow-editor-base\"\n\t\t\t\n\t\t>\n<div class=\"siteorigin-widget-tinymce textwidget\">\n\t<h2><strong>Scientific outreach<\/strong><\/h2>\n<p>Besides the journal <a href=\"https:\/\/revistes.ub.edu\/index.php\/LSC\/index\"><em>Llengua, Societat i Comunicaci\u00f3<\/em><\/a> and the<a href=\"https:\/\/www.ub.edu\/cusc\/en\/apunts-de-sl-i-pl\/\"><em> Apunts de socioling\u00fc\u00edstica i pol\u00edtica ling\u00fc\u00edstica<\/em><\/a>, CUSC members regularly publish articles on topics related to language and communication, as well as speaking to journalists and media outlets who express interest in these topics for media reports. The media outlets where our members have made appearances include:<\/p>\n<ul>\n<li><strong>Television<\/strong>: TV3, C33, 3\/24, 8TV, BTV, Esplugues TV-Xarxa de Televisions Independents, El Punt Avui TV, and<\/li>\n<li><strong>Radio<\/strong>: Catalunya R\u00e0dio and<\/li>\n<li><strong>Print press<\/strong>: <em>ABC<\/em>, <em>Ara<\/em>, <em>Barcelona Metr\u00f2polis<\/em>, <em>El Punt Avui<\/em>, <em>El 9Nou<\/em>, <em>El Peri\u00f3dico de Catalunya<\/em>, <em>El Temps<\/em>, <em>Heraldo de Arag\u00f3n<\/em>,<em> La Vanguardia<\/em>, and <em>P\u00fablico<\/em>.<\/li>\n<li><strong>Digital press<\/strong>: <em>Berria<\/em>, <em>Cr\u00f3nica Global<\/em>, <em>Diari de la llengua<\/em>, <em>El Nacional<\/em>, <em>Naci<\/em><em>\u00f3Digital<\/em>, and<em> VilaWeb<\/em>.<\/li>\n<li><strong>Specialized publications<\/strong>: <em>All-i-oli<\/em> (STEPV journal), <em>Concret<\/em>, <em>Doc\u00e8ncia <\/em>(USTEC journal), <em>L\u2019Aven\u00e7<\/em>, <em>N\u00favol<\/em>, and<em>S\u00e0piens<\/em>.<\/li>\n<li><strong>International media<\/strong>: BBC, Swedish Educational Broadcasting Company, and National Geographic, among others.<\/li>\n<li style=\"list-style-type: none;\"><\/li>\n<\/ul>\n<p>We also regularly collaborate with institutions of civil society in conferences, talks, roundtables, and a variety of other events aimed at sharing academic knowledge. Among other organizations, we have collaborated with the Ateneu Barcelon\u00e8s, the Associaci\u00f3 C\u00edvica per la Llengua \u201cEl Tempir\u201d, the Coordinadora d\u2019Associacions per la Llengua Catalana, the Escola Valenciana-Federaci\u00f3 d\u2019Associacions per la Llengua Catalana, the Fundaci\u00f3 Congr\u00e9s de Cultura Catalana, and the Institut d\u2019Estudis Eivissencs.<\/p>\n<p>&nbsp;<\/p>\n<\/div>\n<\/div><\/div><\/div><\/div><\/div><\/div>","protected":false},"excerpt":{"rendered":"<p>We have over 20 years of experience in sociolinguistics and linguistic policy, and we have a multidisciplinary team capable of responding to academic, institutional, business, or educational needs.<\/p>\n","protected":false},"author":4,"featured_media":0,"parent":0,"menu_order":0,"comment_status":"closed","ping_status":"closed","template":"","meta":{"_acf_changed":false,"footnotes":""},"class_list":["post-10319","page","type-page","status-publish","hentry"],"acf":[],"_links":{"self":[{"href":"https:\/\/www.ub.edu\/cusc\/wp-json\/wp\/v2\/pages\/10319","targetHints":{"allow":["GET"]}}],"collection":[{"href":"https:\/\/www.ub.edu\/cusc\/wp-json\/wp\/v2\/pages"}],"about":[{"href":"https:\/\/www.ub.edu\/cusc\/wp-json\/wp\/v2\/types\/page"}],"author":[{"embeddable":true,"href":"https:\/\/www.ub.edu\/cusc\/wp-json\/wp\/v2\/users\/4"}],"replies":[{"embeddable":true,"href":"https:\/\/www.ub.edu\/cusc\/wp-json\/wp\/v2\/comments?post=10319"}],"version-history":[{"count":0,"href":"https:\/\/www.ub.edu\/cusc\/wp-json\/wp\/v2\/pages\/10319\/revisions"}],"wp:attachment":[{"href":"https:\/\/www.ub.edu\/cusc\/wp-json\/wp\/v2\/media?parent=10319"}],"curies":[{"name":"wp","href":"https:\/\/api.w.org\/{rel}","templated":true}]}}