

 
{"id":10330,"date":"2021-12-01T12:40:18","date_gmt":"2021-12-01T10:40:18","guid":{"rendered":"https:\/\/www.ub.edu\/cusc\/?page_id=10330"},"modified":"2021-12-10T12:59:33","modified_gmt":"2021-12-10T10:59:33","slug":"cusc-seminar","status":"publish","type":"page","link":"https:\/\/www.ub.edu\/cusc\/en\/professional-development\/cusc-seminar\/","title":{"rendered":"CUSC Seminar"},"content":{"rendered":"<div id=\"pl-10330\"  class=\"panel-layout\" ><div id=\"pg-10330-0\"  class=\"panel-grid panel-has-style\" ><div class=\"siteorigin-panels-stretch panel-row-style panel-row-style-for-10330-0\" data-stretch-type=\"full-stretched\" ><div id=\"pgc-10330-0-0\"  class=\"panel-grid-cell\" ><div id=\"panel-10330-0-0-0\" class=\"so-panel widget widget_lsow-hero-image panel-first-child panel-last-child\" data-index=\"0\" ><div class=\"panel-widget-style panel-widget-style-for-10330-0-0-0\" ><div\n\t\t\t\n\t\t\tclass=\"so-widget-lsow-hero-image so-widget-lsow-hero-image-default-410933c445c0-10330\"\n\t\t\t\n\t\t>\n\n<div class=\"lsow-hero-header lsow-section-bg-cover\" >\n\n    \n    <div class=\"lsow-background\">\n\n        \n            \n            \n                \n                    <div class=\"lsow-image-bg\"\n                         style=\"background-image: url(https:\/\/www.ub.edu\/cusc\/wp-content\/uploads\/2021\/07\/2019-10-11-Llompart-3.jpg);\"><\/div>\n\n                \n            \n        \n    <\/div><!-- .lsow-background -->\n\n    \n        <div class=\"lsow-overlay\" style=\"background-color: rgba(45, 127, 199, 0);\"><\/div>\n\n    \n    <div class=\"lsow-header-content\">\n\n        \n            <div class=\"lsow-standard-header\">\n\n                \n                <h3 class=\"lsow-heading\">Continuous learning, knowledge sharing and transfer<\/h3>\n                \n            <\/div>\n\n        \n    <\/div>\n\n    \n<\/div><\/div><\/div><\/div><\/div><\/div><\/div><div id=\"pg-10330-1\"  class=\"panel-grid panel-has-style\" ><div class=\"panel-row-style panel-row-style-for-10330-1\" ><div id=\"pgc-10330-1-0\"  class=\"panel-grid-cell panel-grid-cell-mobile-last\" ><div id=\"panel-10330-1-0-0\" class=\"so-panel widget widget_sow-editor panel-first-child panel-last-child\" data-index=\"1\" ><div\n\t\t\t\n\t\t\tclass=\"so-widget-sow-editor so-widget-sow-editor-base\"\n\t\t\t\n\t\t>\n<div class=\"siteorigin-widget-tinymce textwidget\">\n\t<p>&nbsp;<\/p>\n<h1>CUSC Seminar<\/h1>\n<p>The CUSC <em>Seminari de socioling\u00fc\u00edstica i pol\u00edtica ling\u00fc\u00edstica<\/em> is a space for reflection and debate on theoretical and methodological aspects and on ongoing research in the fields of sociolinguistics, linguistic policy, and related disciplines that is being carried out by researchers at CUSC or other universities and research centers.<\/p>\n<p>The sessions are held monthly, can be viewed online, and are free and open to both researchers and members of the general public with an interest in the intersection between language and society. Attendance during an entire academic year is recognized as a professional development activity certified by the <a href=\"https:\/\/www.ub.edu\/idp\/web\/\">Institut de Desenvolupament Professional of the Universitat de Barcelona<\/a>.<\/p>\n<p>With the support of:<\/p>\n<p><img loading=\"lazy\" decoding=\"async\" class=\"alignnone wp-image-9501 size-medium\" src=\"https:\/\/www.ub.edu\/cusc\/wp-content\/uploads\/2021\/06\/cultura_h3-300x69.png\" alt=\"\" width=\"300\" height=\"69\" srcset=\"https:\/\/www.ub.edu\/cusc\/wp-content\/uploads\/2021\/06\/cultura_h3-300x69.png 300w, https:\/\/www.ub.edu\/cusc\/wp-content\/uploads\/2021\/06\/cultura_h3-285x65.png 285w, https:\/\/www.ub.edu\/cusc\/wp-content\/uploads\/2021\/06\/cultura_h3.png 454w\" sizes=\"auto, (max-width: 300px) 100vw, 300px\" \/><\/p>\n<\/div>\n<\/div><\/div><\/div><div id=\"pgc-10330-1-1\"  class=\"panel-grid-cell panel-grid-cell-empty\" ><\/div><\/div><\/div><div id=\"pg-10330-2\"  class=\"panel-grid panel-has-style\" ><div class=\"lsow-dark-bg blau siteorigin-panels-stretch panel-row-style panel-row-style-for-10330-2\" id=\"consell\" data-stretch-type=\"full\" ><div id=\"pgc-10330-2-0\"  class=\"panel-grid-cell\" ><div id=\"panel-10330-2-0-0\" class=\"so-panel widget widget_sow-editor panel-first-child panel-last-child\" data-index=\"2\" ><div\n\t\t\t\n\t\t\tclass=\"so-widget-sow-editor so-widget-sow-editor-base\"\n\t\t\t\n\t\t><h1 class=\"widget-title\">Agenda<\/h1>\n<div class=\"siteorigin-widget-tinymce textwidget\">\n\t<div class=\"siteorigin-widget-tinymce textwidget\">\n<div class=\"siteorigin-widget-tinymce textwidget\">\n<p><img loading=\"lazy\" decoding=\"async\" class=\"alignnone size-full wp-image-10029\" src=\"https:\/\/www.ub.edu\/cusc\/wp-content\/uploads\/2021\/09\/2021-22-Seminari-CUSC-cartell-1.png\" alt=\"\" width=\"2480\" height=\"3508\" srcset=\"https:\/\/www.ub.edu\/cusc\/wp-content\/uploads\/2021\/09\/2021-22-Seminari-CUSC-cartell-1.png 2480w, https:\/\/www.ub.edu\/cusc\/wp-content\/uploads\/2021\/09\/2021-22-Seminari-CUSC-cartell-1-212x300.png 212w, https:\/\/www.ub.edu\/cusc\/wp-content\/uploads\/2021\/09\/2021-22-Seminari-CUSC-cartell-1-724x1024.png 724w, https:\/\/www.ub.edu\/cusc\/wp-content\/uploads\/2021\/09\/2021-22-Seminari-CUSC-cartell-1-768x1086.png 768w, https:\/\/www.ub.edu\/cusc\/wp-content\/uploads\/2021\/09\/2021-22-Seminari-CUSC-cartell-1-1086x1536.png 1086w, https:\/\/www.ub.edu\/cusc\/wp-content\/uploads\/2021\/09\/2021-22-Seminari-CUSC-cartell-1-1448x2048.png 1448w, https:\/\/www.ub.edu\/cusc\/wp-content\/uploads\/2021\/09\/2021-22-Seminari-CUSC-cartell-1-272x385.png 272w, https:\/\/www.ub.edu\/cusc\/wp-content\/uploads\/2021\/09\/2021-22-Seminari-CUSC-cartell-1-144x204.png 144w\" sizes=\"auto, (max-width: 2480px) 100vw, 2480px\" \/><\/p>\n<\/div>\n<\/div>\n<\/div>\n<\/div><\/div><\/div><div id=\"pgc-10330-2-1\"  class=\"panel-grid-cell\" ><div id=\"panel-10330-2-1-0\" class=\"so-panel widget widget_sow-editor panel-first-child panel-last-child\" data-index=\"3\" ><div\n\t\t\t\n\t\t\tclass=\"so-widget-sow-editor so-widget-sow-editor-base\"\n\t\t\t\n\t\t>\n<div class=\"siteorigin-widget-tinymce textwidget\">\n\t<p>&nbsp;<\/p>\n<p>&nbsp;<\/p>\n<p>[events-calendar-templates category=\"seminaris\" template=\"minimal-list\" style=\"style-1\" date_format=\"dFY<strong>T<\/strong>\u00a0\" start_date=\"\" end_date=\"\" limit=\"5\" order=\"ASC\" hide-venue=\"no\" socialshare=\"yes\" time=\"future\"]<\/p>\n<\/div>\n<\/div><\/div><\/div><\/div><\/div><div id=\"pg-10330-3\"  class=\"panel-grid panel-has-style\" ><div class=\"panel-row-style panel-row-style-for-10330-3\" ><div id=\"pgc-10330-3-0\"  class=\"panel-grid-cell\" ><div id=\"panel-10330-3-0-0\" class=\"so-panel widget widget_sow-editor panel-first-child panel-last-child\" data-index=\"4\" ><div\n\t\t\t\n\t\t\tclass=\"so-widget-sow-editor so-widget-sow-editor-base\"\n\t\t\t\n\t\t>\n<div class=\"siteorigin-widget-tinymce textwidget\">\n\t<p>&nbsp;<\/p>\n<h1>Did you miss a seminar?<\/h1>\n<p>Access the recordings of CUSC Seminars.<\/p>\n<\/div>\n<\/div><\/div><\/div><div id=\"pgc-10330-3-1\"  class=\"panel-grid-cell\" ><div id=\"panel-10330-3-1-0\" class=\"so-panel widget widget_sow-video panel-first-child panel-last-child\" data-index=\"5\" ><div\n\t\t\t\n\t\t\tclass=\"so-widget-sow-video so-widget-sow-video-default-c08170c47cfb-10330\"\n\t\t\t\n\t\t>\n<div class=\"sow-video-wrapper\n\">\n\t\t\t<iframe loading=\"lazy\" title=\"Seminaris\" width=\"640\" height=\"360\" src=\"https:\/\/www.youtube.com\/embed\/videoseries?list=PLBdX0o0VeZQTqBO3X4YYhbFOd66HtpZyv&enablejsapi=1\" frameborder=\"0\" allow=\"accelerometer; autoplay; clipboard-write; encrypted-media; gyroscope; picture-in-picture; web-share\" referrerpolicy=\"strict-origin-when-cross-origin\" allowfullscreen allowfullscreen mozallowfullscreen webkitallowfullscreen><\/iframe>\t<\/div>\n<\/div><\/div><\/div><\/div><\/div><div id=\"pg-10330-4\"  class=\"panel-grid panel-has-style\" ><div class=\"taronja siteorigin-panels-stretch panel-row-style panel-row-style-for-10330-4\" id=\"externs\" data-stretch-type=\"full\" ><div id=\"pgc-10330-4-0\"  class=\"panel-grid-cell\" ><div id=\"panel-10330-4-0-0\" class=\"so-panel widget widget_sow-editor panel-first-child panel-last-child\" data-index=\"6\" ><div\n\t\t\t\n\t\t\tclass=\"so-widget-sow-editor so-widget-sow-editor-base\"\n\t\t\t\n\t\t><h1 class=\"widget-title\">Our beginnings<\/h1>\n<div class=\"siteorigin-widget-tinymce textwidget\">\n\t<div class=\"siteorigin-widget-tinymce textwidget\">\n<div class=\"siteorigin-widget-tinymce textwidget\">\n<p>Use these links to learn about the progress of the CUSC Seminar on Sociolinguistics and Linguistic Policy (links in Catalan):<\/p>\n<p><a href=\"https:\/\/llenguasocietat.wordpress.com\/\">CUSC Seminar blog<\/a> | <a href=\"https:\/\/llenguasocietat.files.wordpress.com\/2019\/07\/2016-2017-memoria-seminari-cusc.pdf\">2016\/2017 Annual Report<\/a> | <a href=\"https:\/\/llenguasocietat.files.wordpress.com\/2019\/07\/2017-2018-memoria-seminari-cusc.pdf\">2017\/2018 Annual Report<\/a> | <a href=\"https:\/\/llenguasocietat.files.wordpress.com\/2019\/07\/2018-2019-memoria-seminari-cusc.pdf\">2018\/2019 Annual Report<\/a> | <a href=\"https:\/\/llenguasocietat.files.wordpress.com\/2020\/09\/memoria-seminari-cusc-2019-2020.pdf\">2019\/2020 Annual Report<\/a> | <a href=\"https:\/\/publicacions.iec.cat\/repository\/pdf\/00000299\/00000002.pdf\">2019\/2020 Program Report (Romance Studies)<\/a> | <a href=\"https:\/\/www.ub.edu\/cusc\/wp-content\/uploads\/2021\/06\/2020-21-Seminari-CUSC-cartell-v2.png\">2020\/2021 Program<\/a><\/p>\n<\/div>\n<\/div>\n<\/div>\n<\/div><\/div><\/div><\/div><\/div><\/div>","protected":false},"excerpt":{"rendered":"<p>&nbsp; CUSC Seminar The CUSC Seminari de socioling\u00fc\u00edstica i pol\u00edtica ling\u00fc\u00edstica is a space for reflection and debate on theoretical and methodological aspects and on ongoing research in the fields [&hellip;]<\/p>\n","protected":false},"author":4,"featured_media":0,"parent":10328,"menu_order":1,"comment_status":"closed","ping_status":"closed","template":"","meta":{"_acf_changed":false,"footnotes":""},"class_list":["post-10330","page","type-page","status-publish","hentry"],"acf":[],"_links":{"self":[{"href":"https:\/\/www.ub.edu\/cusc\/wp-json\/wp\/v2\/pages\/10330","targetHints":{"allow":["GET"]}}],"collection":[{"href":"https:\/\/www.ub.edu\/cusc\/wp-json\/wp\/v2\/pages"}],"about":[{"href":"https:\/\/www.ub.edu\/cusc\/wp-json\/wp\/v2\/types\/page"}],"author":[{"embeddable":true,"href":"https:\/\/www.ub.edu\/cusc\/wp-json\/wp\/v2\/users\/4"}],"replies":[{"embeddable":true,"href":"https:\/\/www.ub.edu\/cusc\/wp-json\/wp\/v2\/comments?post=10330"}],"version-history":[{"count":0,"href":"https:\/\/www.ub.edu\/cusc\/wp-json\/wp\/v2\/pages\/10330\/revisions"}],"up":[{"embeddable":true,"href":"https:\/\/www.ub.edu\/cusc\/wp-json\/wp\/v2\/pages\/10328"}],"wp:attachment":[{"href":"https:\/\/www.ub.edu\/cusc\/wp-json\/wp\/v2\/media?parent=10330"}],"curies":[{"name":"wp","href":"https:\/\/api.w.org\/{rel}","templated":true}]}}