

 
{"id":12045,"date":"2025-06-25T17:56:28","date_gmt":"2025-06-25T15:56:28","guid":{"rendered":"https:\/\/www.ub.edu\/cusc\/?page_id=12045"},"modified":"2025-06-25T18:22:07","modified_gmt":"2025-06-25T16:22:07","slug":"recerca","status":"publish","type":"page","link":"https:\/\/www.ub.edu\/cusc\/recerca\/","title":{"rendered":"Recerca"},"content":{"rendered":"<div id=\"pl-12045\"  class=\"panel-layout\" ><div id=\"pg-12045-0\"  class=\"panel-grid panel-has-style\" ><div class=\"siteorigin-panels-stretch panel-row-style panel-row-style-for-12045-0\" data-stretch-type=\"full-width-stretch\" ><div id=\"pgc-12045-0-0\"  class=\"panel-grid-cell\" ><div id=\"panel-12045-0-0-0\" class=\"so-panel widget widget_lsow-hero-image panel-first-child panel-last-child\" data-index=\"0\" ><div class=\"panel-widget-style panel-widget-style-for-12045-0-0-0\" ><div\n\t\t\t\n\t\t\tclass=\"so-widget-lsow-hero-image so-widget-lsow-hero-image-default-5f4971612708-12045\"\n\t\t\t\n\t\t>\n\n<div class=\"lsow-hero-header lsow-section-bg-cover\" >\n\n    \n    <div class=\"lsow-background\">\n\n        \n            \n            \n                \n                    <div class=\"lsow-image-bg\"\n                         style=\"background-image: url(https:\/\/www.ub.edu\/cusc\/wp-content\/uploads\/2021\/01\/gabriel-crismariu-sOK9NjLArCw-unsplash.jpg);\"><\/div>\n\n                \n            \n        \n    <\/div><!-- .lsow-background -->\n\n    \n        <div class=\"lsow-overlay\" style=\"background-color: rgba(45, 127, 199, 0);\"><\/div>\n\n    \n    <div class=\"lsow-header-content\">\n\n        \n            <div class=\"lsow-standard-header\">\n\n                \n                <h3 class=\"lsow-heading\">L\u00ednies de recerca del nostre centre<\/h3>\n                \n            <\/div>\n\n        \n    <\/div>\n\n    \n<\/div><\/div><\/div><\/div><\/div><\/div><\/div><div id=\"pg-12045-1\"  class=\"panel-grid panel-no-style\" ><div id=\"pgc-12045-1-0\"  class=\"panel-grid-cell panel-grid-cell-mobile-last\" ><div id=\"panel-12045-1-0-0\" class=\"so-panel widget widget_sow-editor panel-first-child panel-last-child\" data-index=\"1\" ><div\n\t\t\t\n\t\t\tclass=\"so-widget-sow-editor so-widget-sow-editor-base\"\n\t\t\t\n\t\t><h1 class=\"widget-title\">Recerca<\/h1>\n<div class=\"siteorigin-widget-tinymce textwidget\">\n\t<p>Som m\u00e9s de 50 investigadors i investigadores que treballem de forma col\u00b7laborativa en 14 \u00e0mbits de recerca multidisciplinars.<\/p>\n<\/div>\n<\/div><\/div><\/div><div id=\"pgc-12045-1-1\"  class=\"panel-grid-cell panel-grid-cell-empty\" ><\/div><\/div><div id=\"pg-12045-2\"  class=\"panel-grid panel-has-style\" ><div class=\"siteorigin-panels-stretch panel-row-style panel-row-style-for-12045-2\" id=\"recerca\" data-stretch-type=\"full\" ><div id=\"pgc-12045-2-0\"  class=\"panel-grid-cell\" ><div id=\"panel-12045-2-0-0\" class=\"so-panel widget widget_zen-addons-siteorigin-info-box panel-first-child panel-last-child\" data-index=\"2\" ><div class=\"blau panel-widget-style panel-widget-style-for-12045-2-0-0\" ><div\n\t\t\t\n\t\t\tclass=\"so-widget-zen-addons-siteorigin-info-box so-widget-zen-addons-siteorigin-info-box-default-d75171398898-12045\"\n\t\t\t\n\t\t>\n<div  class=\"zaso-info-box \" role=\"banner\">\n  <div class=\"zaso-info-box__wrapper\">\n          <div class=\"zaso-info-box__image\">\n        <img loading=\"lazy\" decoding=\"async\" src=\"https:\/\/www.ub.edu\/cusc\/wp-content\/uploads\/2025\/05\/Equip_ALREMSE_CUSC_UB.jpg\" width=\"1960\" height=\"1264\" srcset=\"https:\/\/www.ub.edu\/cusc\/wp-content\/uploads\/2025\/05\/Equip_ALREMSE_CUSC_UB.jpg 1960w, https:\/\/www.ub.edu\/cusc\/wp-content\/uploads\/2025\/05\/Equip_ALREMSE_CUSC_UB-300x193.jpg 300w, https:\/\/www.ub.edu\/cusc\/wp-content\/uploads\/2025\/05\/Equip_ALREMSE_CUSC_UB-1024x660.jpg 1024w, https:\/\/www.ub.edu\/cusc\/wp-content\/uploads\/2025\/05\/Equip_ALREMSE_CUSC_UB-768x495.jpg 768w, https:\/\/www.ub.edu\/cusc\/wp-content\/uploads\/2025\/05\/Equip_ALREMSE_CUSC_UB-1536x991.jpg 1536w, https:\/\/www.ub.edu\/cusc\/wp-content\/uploads\/2025\/05\/Equip_ALREMSE_CUSC_UB-597x385.jpg 597w, https:\/\/www.ub.edu\/cusc\/wp-content\/uploads\/2025\/05\/Equip_ALREMSE_CUSC_UB-285x184.jpg 285w\" sizes=\"auto, (max-width: 1960px) 100vw, 1960px\" title=\"AMRELSE\"  \/>\n      <\/div>\n    \n          <div class=\"zaso-info-box__content\">\n                  <h3 class=\"zaso-info-box__content-title\">\n            AMRELSE          <\/h3>\n        \n                  <div class=\"zaso-info-box__content-description\">\n            <p>Alta minoritzaci\u00f3 i reproducci\u00f3 ling\u00fc\u00edstica al sud-oest europeu<\/p>\n          <\/div>\n              <\/div>\n    \n          <div class=\"zaso-info-box__link\">\n          <a href=\"https:\/\/www.ub.edu\/cusc\/projecte\/amrelse\/\">M\u00e9s informaci\u00f3<\/a>\n      <\/div>\n      <\/div>\n<\/div><\/div><\/div><\/div><\/div><div id=\"pgc-12045-2-1\"  class=\"panel-grid-cell panel-grid-cell-empty\" ><\/div><div id=\"pgc-12045-2-2\"  class=\"panel-grid-cell panel-grid-cell-empty panel-grid-cell-mobile-last\" ><\/div><div id=\"pgc-12045-2-3\"  class=\"panel-grid-cell panel-grid-cell-empty\" ><\/div><\/div><\/div><\/div>","protected":false},"excerpt":{"rendered":"<p>Som m\u00e9s de 50 investigadors i investigadores que treballem de forma col\u00b7laborativa en 14 \u00e0mbits de recerca multidisciplinars.<\/p>\n","protected":false},"author":1,"featured_media":0,"parent":0,"menu_order":0,"comment_status":"closed","ping_status":"closed","template":"","meta":{"_acf_changed":false,"footnotes":""},"class_list":["post-12045","page","type-page","status-publish","hentry"],"acf":[],"_links":{"self":[{"href":"https:\/\/www.ub.edu\/cusc\/wp-json\/wp\/v2\/pages\/12045","targetHints":{"allow":["GET"]}}],"collection":[{"href":"https:\/\/www.ub.edu\/cusc\/wp-json\/wp\/v2\/pages"}],"about":[{"href":"https:\/\/www.ub.edu\/cusc\/wp-json\/wp\/v2\/types\/page"}],"author":[{"embeddable":true,"href":"https:\/\/www.ub.edu\/cusc\/wp-json\/wp\/v2\/users\/1"}],"replies":[{"embeddable":true,"href":"https:\/\/www.ub.edu\/cusc\/wp-json\/wp\/v2\/comments?post=12045"}],"version-history":[{"count":3,"href":"https:\/\/www.ub.edu\/cusc\/wp-json\/wp\/v2\/pages\/12045\/revisions"}],"predecessor-version":[{"id":12050,"href":"https:\/\/www.ub.edu\/cusc\/wp-json\/wp\/v2\/pages\/12045\/revisions\/12050"}],"wp:attachment":[{"href":"https:\/\/www.ub.edu\/cusc\/wp-json\/wp\/v2\/media?parent=12045"}],"curies":[{"name":"wp","href":"https:\/\/api.w.org\/{rel}","templated":true}]}}