{"id":15,"date":"2023-05-03T08:05:06","date_gmt":"2023-05-03T08:05:06","guid":{"rendered":"http:\/\/hweb-x-0-fe-02.fe.cpd.local\/cuvicom\/?page_id=15"},"modified":"2023-05-23T08:20:52","modified_gmt":"2023-05-23T08:20:52","slug":"publicaciones","status":"publish","type":"page","link":"https:\/\/www.ub.edu\/cuvicom\/publicaciones\/","title":{"rendered":"Publicaciones"},"content":{"rendered":"\n<div class=\"wp-block-group alignfull has-base-alt-background-color has-background has-global-padding is-layout-constrained wp-container-core-group-is-layout-1188641f wp-block-group-is-layout-constrained\" style=\"border-radius:12px;padding-top:var(--wp--preset--spacing--50);padding-right:var(--wp--preset--spacing--40);padding-bottom:var(--wp--preset--spacing--50);padding-left:var(--wp--preset--spacing--40)\">\n<div class=\"wp-block-group has-global-padding is-layout-constrained wp-block-group-is-layout-constrained\">\n<h3 class=\"wp-block-heading has-text-align-center\">Descubra nuestras publicaciones<\/h3>\n\n\n\n<p class=\"has-text-align-left\">A continuaci\u00f3n puede consultar los art\u00edculos, cap\u00edtulos de libro, informes y ponencias en congresos realizados en el marco del proyecto CUVICOM.<\/p>\n\n\n\n<p><em>Puede visualizar el informe en <strong>modo Pantalla Completa<\/strong>, haciendo click en el <strong>icono \u00ab[ ]\u00bb<\/strong> que se muestra en la esquina inferior<strong> <\/strong>derecha<strong>.<\/strong> Si no puede ver correctamente el informe, <strong>acceda a \u00e9l a trav\u00e9s del siguiente <a rel=\"noreferrer noopener\" href=\"https:\/\/lookerstudio.google.com\/reporting\/7a72aa7b-b9e1-42c0-9c64-1802006b09e2\/page\/4X5PD\" data-type=\"URL\" data-id=\"https:\/\/lookerstudio.google.com\/reporting\/7a72aa7b-b9e1-42c0-9c64-1802006b09e2\/page\/4X5PD\" target=\"_blank\">enlace<\/a>.<\/strong><\/em><\/p>\n<\/div>\n<\/div>\n\n\n\n<div class=\"wp-block-group has-global-padding is-layout-constrained wp-block-group-is-layout-constrained\">\n<iframe loading=\"lazy\" width=\"900\" height=\"480\" src=\"https:\/\/lookerstudio.google.com\/embed\/reporting\/7a72aa7b-b9e1-42c0-9c64-1802006b09e2\/page\/p_w4ola2x75c\" frameborder=\"0\" style=\"border:0\" allowfullscreen><\/iframe>\n<\/div>\n","protected":false},"excerpt":{"rendered":"<p>Descubra nuestras publicaciones A continuaci\u00f3n puede consultar los art\u00edculos, cap\u00edtulos de libro, informes y ponencias en congresos realizados en el marco del proyecto CUVICOM. Puede visualizar el informe en modo Pantalla Completa, haciendo click en el icono \u00ab[ ]\u00bb que se muestra en la esquina inferior derecha. Si no puede ver correctamente el informe, acceda [&hellip;]<\/p>\n","protected":false},"author":1,"featured_media":0,"parent":0,"menu_order":0,"comment_status":"closed","ping_status":"closed","template":"","meta":{"footnotes":""},"class_list":["post-15","page","type-page","status-publish","hentry"],"yoast_head":"<!-- This site is optimized with the Yoast SEO plugin v25.1 - https:\/\/yoast.com\/wordpress\/plugins\/seo\/ -->\n<title>Publicaciones - Curaci\u00f3n, Visualizaci\u00f3n y Visibilidad en la Comunicaci\u00f3n Digital<\/title>\n<meta name=\"robots\" content=\"index, follow, max-snippet:-1, max-image-preview:large, max-video-preview:-1\" \/>\n<link rel=\"canonical\" href=\"https:\/\/www.ub.edu\/cuvicom\/publicaciones\/\" \/>\n<meta property=\"og:locale\" content=\"es_ES\" \/>\n<meta property=\"og:type\" content=\"article\" \/>\n<meta property=\"og:title\" content=\"Publicaciones - Curaci\u00f3n, Visualizaci\u00f3n y Visibilidad en la Comunicaci\u00f3n Digital\" \/>\n<meta property=\"og:description\" content=\"Descubra nuestras publicaciones A continuaci\u00f3n puede consultar los art\u00edculos, cap\u00edtulos de libro, informes y ponencias en congresos realizados en el marco del proyecto CUVICOM. Puede visualizar el informe en modo Pantalla Completa, haciendo click en el icono \u00ab[ ]\u00bb que se muestra en la esquina inferior derecha. Si no puede ver correctamente el informe, acceda [&hellip;]\" \/>\n<meta property=\"og:url\" content=\"https:\/\/www.ub.edu\/cuvicom\/publicaciones\/\" \/>\n<meta property=\"og:site_name\" content=\"Curaci\u00f3n, Visualizaci\u00f3n y Visibilidad en la Comunicaci\u00f3n Digital\" \/>\n<meta property=\"article:modified_time\" content=\"2023-05-23T08:20:52+00:00\" \/>\n<meta name=\"twitter:card\" content=\"summary_large_image\" \/>\n<script type=\"application\/ld+json\" class=\"yoast-schema-graph\">{\"@context\":\"https:\/\/schema.org\",\"@graph\":[{\"@type\":\"WebPage\",\"@id\":\"https:\/\/www.ub.edu\/cuvicom\/publicaciones\/\",\"url\":\"https:\/\/www.ub.edu\/cuvicom\/publicaciones\/\",\"name\":\"Publicaciones - Curaci\u00f3n, Visualizaci\u00f3n y Visibilidad en la Comunicaci\u00f3n Digital\",\"isPartOf\":{\"@id\":\"https:\/\/www.ub.edu\/cuvicom\/#website\"},\"datePublished\":\"2023-05-03T08:05:06+00:00\",\"dateModified\":\"2023-05-23T08:20:52+00:00\",\"breadcrumb\":{\"@id\":\"https:\/\/www.ub.edu\/cuvicom\/publicaciones\/#breadcrumb\"},\"inLanguage\":\"es\",\"potentialAction\":[{\"@type\":\"ReadAction\",\"target\":[\"https:\/\/www.ub.edu\/cuvicom\/publicaciones\/\"]}]},{\"@type\":\"BreadcrumbList\",\"@id\":\"https:\/\/www.ub.edu\/cuvicom\/publicaciones\/#breadcrumb\",\"itemListElement\":[{\"@type\":\"ListItem\",\"position\":1,\"name\":\"Portada\",\"item\":\"https:\/\/www.ub.edu\/cuvicom\/\"},{\"@type\":\"ListItem\",\"position\":2,\"name\":\"Publicaciones\"}]},{\"@type\":\"WebSite\",\"@id\":\"https:\/\/www.ub.edu\/cuvicom\/#website\",\"url\":\"https:\/\/www.ub.edu\/cuvicom\/\",\"name\":\"Curaci\u00f3n, Visualizaci\u00f3n y Visibilidad en la Comunicaci\u00f3n Digital\",\"description\":\"PID2021-123579OB-I00\",\"publisher\":{\"@id\":\"https:\/\/www.ub.edu\/cuvicom\/#organization\"},\"potentialAction\":[{\"@type\":\"SearchAction\",\"target\":{\"@type\":\"EntryPoint\",\"urlTemplate\":\"https:\/\/www.ub.edu\/cuvicom\/?s={search_term_string}\"},\"query-input\":{\"@type\":\"PropertyValueSpecification\",\"valueRequired\":true,\"valueName\":\"search_term_string\"}}],\"inLanguage\":\"es\"},{\"@type\":\"Organization\",\"@id\":\"https:\/\/www.ub.edu\/cuvicom\/#organization\",\"name\":\"Curaci\u00f3n, Visualizaci\u00f3n y Visibilidad en la Comunicaci\u00f3n Digital\",\"url\":\"https:\/\/www.ub.edu\/cuvicom\/\",\"logo\":{\"@type\":\"ImageObject\",\"inLanguage\":\"es\",\"@id\":\"https:\/\/www.ub.edu\/cuvicom\/#\/schema\/logo\/image\/\",\"url\":\"https:\/\/www.ub.edu\/cuvicom\/wp-content\/uploads\/2023\/09\/CUVICOM2.png\",\"contentUrl\":\"https:\/\/www.ub.edu\/cuvicom\/wp-content\/uploads\/2023\/09\/CUVICOM2.png\",\"width\":800,\"height\":200,\"caption\":\"Curaci\u00f3n, Visualizaci\u00f3n y Visibilidad en la Comunicaci\u00f3n Digital\"},\"image\":{\"@id\":\"https:\/\/www.ub.edu\/cuvicom\/#\/schema\/logo\/image\/\"}}]}<\/script>\n<!-- \/ Yoast SEO plugin. -->","yoast_head_json":{"title":"Publicaciones - Curaci\u00f3n, Visualizaci\u00f3n y Visibilidad en la Comunicaci\u00f3n Digital","robots":{"index":"index","follow":"follow","max-snippet":"max-snippet:-1","max-image-preview":"max-image-preview:large","max-video-preview":"max-video-preview:-1"},"canonical":"https:\/\/www.ub.edu\/cuvicom\/publicaciones\/","og_locale":"es_ES","og_type":"article","og_title":"Publicaciones - Curaci\u00f3n, Visualizaci\u00f3n y Visibilidad en la Comunicaci\u00f3n Digital","og_description":"Descubra nuestras publicaciones A continuaci\u00f3n puede consultar los art\u00edculos, cap\u00edtulos de libro, informes y ponencias en congresos realizados en el marco del proyecto CUVICOM. Puede visualizar el informe en modo Pantalla Completa, haciendo click en el icono \u00ab[ ]\u00bb que se muestra en la esquina inferior derecha. Si no puede ver correctamente el informe, acceda [&hellip;]","og_url":"https:\/\/www.ub.edu\/cuvicom\/publicaciones\/","og_site_name":"Curaci\u00f3n, Visualizaci\u00f3n y Visibilidad en la Comunicaci\u00f3n Digital","article_modified_time":"2023-05-23T08:20:52+00:00","twitter_card":"summary_large_image","schema":{"@context":"https:\/\/schema.org","@graph":[{"@type":"WebPage","@id":"https:\/\/www.ub.edu\/cuvicom\/publicaciones\/","url":"https:\/\/www.ub.edu\/cuvicom\/publicaciones\/","name":"Publicaciones - Curaci\u00f3n, Visualizaci\u00f3n y Visibilidad en la Comunicaci\u00f3n Digital","isPartOf":{"@id":"https:\/\/www.ub.edu\/cuvicom\/#website"},"datePublished":"2023-05-03T08:05:06+00:00","dateModified":"2023-05-23T08:20:52+00:00","breadcrumb":{"@id":"https:\/\/www.ub.edu\/cuvicom\/publicaciones\/#breadcrumb"},"inLanguage":"es","potentialAction":[{"@type":"ReadAction","target":["https:\/\/www.ub.edu\/cuvicom\/publicaciones\/"]}]},{"@type":"BreadcrumbList","@id":"https:\/\/www.ub.edu\/cuvicom\/publicaciones\/#breadcrumb","itemListElement":[{"@type":"ListItem","position":1,"name":"Portada","item":"https:\/\/www.ub.edu\/cuvicom\/"},{"@type":"ListItem","position":2,"name":"Publicaciones"}]},{"@type":"WebSite","@id":"https:\/\/www.ub.edu\/cuvicom\/#website","url":"https:\/\/www.ub.edu\/cuvicom\/","name":"Curaci\u00f3n, Visualizaci\u00f3n y Visibilidad en la Comunicaci\u00f3n Digital","description":"PID2021-123579OB-I00","publisher":{"@id":"https:\/\/www.ub.edu\/cuvicom\/#organization"},"potentialAction":[{"@type":"SearchAction","target":{"@type":"EntryPoint","urlTemplate":"https:\/\/www.ub.edu\/cuvicom\/?s={search_term_string}"},"query-input":{"@type":"PropertyValueSpecification","valueRequired":true,"valueName":"search_term_string"}}],"inLanguage":"es"},{"@type":"Organization","@id":"https:\/\/www.ub.edu\/cuvicom\/#organization","name":"Curaci\u00f3n, Visualizaci\u00f3n y Visibilidad en la Comunicaci\u00f3n Digital","url":"https:\/\/www.ub.edu\/cuvicom\/","logo":{"@type":"ImageObject","inLanguage":"es","@id":"https:\/\/www.ub.edu\/cuvicom\/#\/schema\/logo\/image\/","url":"https:\/\/www.ub.edu\/cuvicom\/wp-content\/uploads\/2023\/09\/CUVICOM2.png","contentUrl":"https:\/\/www.ub.edu\/cuvicom\/wp-content\/uploads\/2023\/09\/CUVICOM2.png","width":800,"height":200,"caption":"Curaci\u00f3n, Visualizaci\u00f3n y Visibilidad en la Comunicaci\u00f3n Digital"},"image":{"@id":"https:\/\/www.ub.edu\/cuvicom\/#\/schema\/logo\/image\/"}}]}},"_links":{"self":[{"href":"https:\/\/www.ub.edu\/cuvicom\/wp-json\/wp\/v2\/pages\/15","targetHints":{"allow":["GET"]}}],"collection":[{"href":"https:\/\/www.ub.edu\/cuvicom\/wp-json\/wp\/v2\/pages"}],"about":[{"href":"https:\/\/www.ub.edu\/cuvicom\/wp-json\/wp\/v2\/types\/page"}],"author":[{"embeddable":true,"href":"https:\/\/www.ub.edu\/cuvicom\/wp-json\/wp\/v2\/users\/1"}],"replies":[{"embeddable":true,"href":"https:\/\/www.ub.edu\/cuvicom\/wp-json\/wp\/v2\/comments?post=15"}],"version-history":[{"count":44,"href":"https:\/\/www.ub.edu\/cuvicom\/wp-json\/wp\/v2\/pages\/15\/revisions"}],"predecessor-version":[{"id":282,"href":"https:\/\/www.ub.edu\/cuvicom\/wp-json\/wp\/v2\/pages\/15\/revisions\/282"}],"wp:attachment":[{"href":"https:\/\/www.ub.edu\/cuvicom\/wp-json\/wp\/v2\/media?parent=15"}],"curies":[{"name":"wp","href":"https:\/\/api.w.org\/{rel}","templated":true}]}}