{"id":16,"date":"2023-05-03T08:05:35","date_gmt":"2023-05-03T08:05:35","guid":{"rendered":"http:\/\/hweb-x-0-fe-02.fe.cpd.local\/cuvicom\/?page_id=16"},"modified":"2024-12-20T07:53:07","modified_gmt":"2024-12-20T07:53:07","slug":"etica-y-datos","status":"publish","type":"page","link":"https:\/\/www.ub.edu\/cuvicom\/etica-y-datos\/","title":{"rendered":"\u00c9tica y datos"},"content":{"rendered":"\n<div class=\"wp-block-columns alignwide is-layout-flex wp-container-core-columns-is-layout-d2da2050 wp-block-columns-is-layout-flex\" style=\"margin-bottom:0\">\n<div class=\"wp-block-column has-text-color has-background has-link-color wp-elements-1fed287f46f82645ca405086b8f30ec4 is-layout-flow wp-block-column-is-layout-flow\" style=\"color:#000000;background-color:#ffe97d;padding-top:2em;padding-right:2em;padding-bottom:2em;padding-left:2em\">\n<h2 class=\"wp-block-heading\" id=\"single\" style=\"font-size:clamp(24.034px, 1.502rem + ((1vw - 3.2px) * 2.218), 40px);\"><strong>Informaci\u00f3n para los participantes de la investigaci\u00f3n<\/strong><\/h2>\n\n\n\n<div style=\"height:11px\" aria-hidden=\"true\" class=\"wp-block-spacer\"><\/div>\n\n\n\n<div class=\"wp-block-buttons alignfull is-horizontal is-content-justification-center is-layout-flex wp-container-core-buttons-is-layout-03627597 wp-block-buttons-is-layout-flex\">\n<div class=\"wp-block-button has-custom-width wp-block-button__width-100\"><a class=\"wp-block-button__link has-white-color has-text-color has-background no-border-radius wp-element-button\" href=\"https:\/\/www.ub.edu\/cuvicom\/participantes-investigacion\/?preview=true\" style=\"background-color:#000000\">ACCEDER<\/a><\/div>\n<\/div>\n<\/div>\n\n\n\n<div class=\"wp-block-column has-text-color has-background has-link-color wp-elements-78ca488593ba930e5d8e0593c7b081cd is-layout-flow wp-block-column-is-layout-flow\" style=\"color:#000000;background-color:#c0ebf1;padding-top:2em;padding-right:2em;padding-bottom:2em;padding-left:2em\">\n<h2 class=\"wp-block-heading\" id=\"patron\" style=\"font-size:clamp(24.034px, 1.502rem + ((1vw - 3.2px) * 2.218), 40px);\"><strong><strong>Gesti\u00f3n de los datos<\/strong> <strong>de investigaci\u00f3n<\/strong><\/strong><\/h2>\n\n\n\n<div style=\"height:50px\" aria-hidden=\"true\" class=\"wp-block-spacer\"><\/div>\n\n\n\n<div class=\"wp-block-buttons alignfull is-horizontal is-content-justification-center is-layout-flex wp-container-core-buttons-is-layout-03627597 wp-block-buttons-is-layout-flex\">\n<div class=\"wp-block-button has-custom-width wp-block-button__width-100\"><a class=\"wp-block-button__link has-white-color has-text-color has-background no-border-radius wp-element-button\" href=\"https:\/\/www.ub.edu\/cuvicom\/gestion-de-datos\/\" style=\"background-color:#000000\">acceder<\/a><\/div>\n<\/div>\n<\/div>\n<\/div>\n\n\n\n<h3 class=\"wp-block-heading has-text-align-center has-border-color has-base-border-color\" style=\"border-width:100px;border-radius:66px\"><a href=\"https:\/\/dataverse.csuc.cat\/dataverse\/cuvicom;jsessionid=af8f9615ea12a16218ff70e6d0ec\">Datos de las investigaciones del proyecto CUVICOM<\/a> <sub>(Repositorio CORA)<\/sub><\/h3>\n\n\n\n<p><\/p>\n","protected":false},"excerpt":{"rendered":"<p>Informaci\u00f3n para los participantes de la investigaci\u00f3n Gesti\u00f3n de los datos de investigaci\u00f3n Datos de las investigaciones del proyecto CUVICOM (Repositorio CORA)<\/p>\n","protected":false},"author":1,"featured_media":0,"parent":0,"menu_order":0,"comment_status":"closed","ping_status":"closed","template":"","meta":{"footnotes":""},"class_list":["post-16","page","type-page","status-publish","hentry"],"yoast_head":"<!-- This site is optimized with the Yoast SEO plugin v25.1 - https:\/\/yoast.com\/wordpress\/plugins\/seo\/ -->\n<title>\u00c9tica y datos - Curaci\u00f3n, Visualizaci\u00f3n y Visibilidad en la Comunicaci\u00f3n Digital<\/title>\n<meta name=\"robots\" content=\"index, follow, max-snippet:-1, max-image-preview:large, max-video-preview:-1\" \/>\n<link rel=\"canonical\" href=\"https:\/\/www.ub.edu\/cuvicom\/etica-y-datos\/\" \/>\n<meta property=\"og:locale\" content=\"es_ES\" \/>\n<meta property=\"og:type\" content=\"article\" \/>\n<meta property=\"og:title\" content=\"\u00c9tica y datos - Curaci\u00f3n, Visualizaci\u00f3n y Visibilidad en la Comunicaci\u00f3n Digital\" \/>\n<meta property=\"og:description\" content=\"Informaci\u00f3n para los participantes de la investigaci\u00f3n Gesti\u00f3n de los datos de investigaci\u00f3n Datos de las investigaciones del proyecto CUVICOM (Repositorio CORA)\" \/>\n<meta property=\"og:url\" content=\"https:\/\/www.ub.edu\/cuvicom\/etica-y-datos\/\" \/>\n<meta property=\"og:site_name\" content=\"Curaci\u00f3n, Visualizaci\u00f3n y Visibilidad en la Comunicaci\u00f3n Digital\" \/>\n<meta property=\"article:modified_time\" content=\"2024-12-20T07:53:07+00:00\" \/>\n<meta name=\"twitter:card\" content=\"summary_large_image\" \/>\n<script type=\"application\/ld+json\" class=\"yoast-schema-graph\">{\"@context\":\"https:\/\/schema.org\",\"@graph\":[{\"@type\":\"WebPage\",\"@id\":\"https:\/\/www.ub.edu\/cuvicom\/etica-y-datos\/\",\"url\":\"https:\/\/www.ub.edu\/cuvicom\/etica-y-datos\/\",\"name\":\"\u00c9tica y datos - Curaci\u00f3n, Visualizaci\u00f3n y Visibilidad en la Comunicaci\u00f3n Digital\",\"isPartOf\":{\"@id\":\"https:\/\/www.ub.edu\/cuvicom\/#website\"},\"datePublished\":\"2023-05-03T08:05:35+00:00\",\"dateModified\":\"2024-12-20T07:53:07+00:00\",\"breadcrumb\":{\"@id\":\"https:\/\/www.ub.edu\/cuvicom\/etica-y-datos\/#breadcrumb\"},\"inLanguage\":\"es\",\"potentialAction\":[{\"@type\":\"ReadAction\",\"target\":[\"https:\/\/www.ub.edu\/cuvicom\/etica-y-datos\/\"]}]},{\"@type\":\"BreadcrumbList\",\"@id\":\"https:\/\/www.ub.edu\/cuvicom\/etica-y-datos\/#breadcrumb\",\"itemListElement\":[{\"@type\":\"ListItem\",\"position\":1,\"name\":\"Portada\",\"item\":\"https:\/\/www.ub.edu\/cuvicom\/\"},{\"@type\":\"ListItem\",\"position\":2,\"name\":\"\u00c9tica y datos\"}]},{\"@type\":\"WebSite\",\"@id\":\"https:\/\/www.ub.edu\/cuvicom\/#website\",\"url\":\"https:\/\/www.ub.edu\/cuvicom\/\",\"name\":\"Curaci\u00f3n, Visualizaci\u00f3n y Visibilidad en la Comunicaci\u00f3n Digital\",\"description\":\"PID2021-123579OB-I00\",\"publisher\":{\"@id\":\"https:\/\/www.ub.edu\/cuvicom\/#organization\"},\"potentialAction\":[{\"@type\":\"SearchAction\",\"target\":{\"@type\":\"EntryPoint\",\"urlTemplate\":\"https:\/\/www.ub.edu\/cuvicom\/?s={search_term_string}\"},\"query-input\":{\"@type\":\"PropertyValueSpecification\",\"valueRequired\":true,\"valueName\":\"search_term_string\"}}],\"inLanguage\":\"es\"},{\"@type\":\"Organization\",\"@id\":\"https:\/\/www.ub.edu\/cuvicom\/#organization\",\"name\":\"Curaci\u00f3n, Visualizaci\u00f3n y Visibilidad en la Comunicaci\u00f3n Digital\",\"url\":\"https:\/\/www.ub.edu\/cuvicom\/\",\"logo\":{\"@type\":\"ImageObject\",\"inLanguage\":\"es\",\"@id\":\"https:\/\/www.ub.edu\/cuvicom\/#\/schema\/logo\/image\/\",\"url\":\"https:\/\/www.ub.edu\/cuvicom\/wp-content\/uploads\/2023\/09\/CUVICOM2.png\",\"contentUrl\":\"https:\/\/www.ub.edu\/cuvicom\/wp-content\/uploads\/2023\/09\/CUVICOM2.png\",\"width\":800,\"height\":200,\"caption\":\"Curaci\u00f3n, Visualizaci\u00f3n y Visibilidad en la Comunicaci\u00f3n Digital\"},\"image\":{\"@id\":\"https:\/\/www.ub.edu\/cuvicom\/#\/schema\/logo\/image\/\"}}]}<\/script>\n<!-- \/ Yoast SEO plugin. -->","yoast_head_json":{"title":"\u00c9tica y datos - Curaci\u00f3n, Visualizaci\u00f3n y Visibilidad en la Comunicaci\u00f3n Digital","robots":{"index":"index","follow":"follow","max-snippet":"max-snippet:-1","max-image-preview":"max-image-preview:large","max-video-preview":"max-video-preview:-1"},"canonical":"https:\/\/www.ub.edu\/cuvicom\/etica-y-datos\/","og_locale":"es_ES","og_type":"article","og_title":"\u00c9tica y datos - Curaci\u00f3n, Visualizaci\u00f3n y Visibilidad en la Comunicaci\u00f3n Digital","og_description":"Informaci\u00f3n para los participantes de la investigaci\u00f3n Gesti\u00f3n de los datos de investigaci\u00f3n Datos de las investigaciones del proyecto CUVICOM (Repositorio CORA)","og_url":"https:\/\/www.ub.edu\/cuvicom\/etica-y-datos\/","og_site_name":"Curaci\u00f3n, Visualizaci\u00f3n y Visibilidad en la Comunicaci\u00f3n Digital","article_modified_time":"2024-12-20T07:53:07+00:00","twitter_card":"summary_large_image","schema":{"@context":"https:\/\/schema.org","@graph":[{"@type":"WebPage","@id":"https:\/\/www.ub.edu\/cuvicom\/etica-y-datos\/","url":"https:\/\/www.ub.edu\/cuvicom\/etica-y-datos\/","name":"\u00c9tica y datos - Curaci\u00f3n, Visualizaci\u00f3n y Visibilidad en la Comunicaci\u00f3n Digital","isPartOf":{"@id":"https:\/\/www.ub.edu\/cuvicom\/#website"},"datePublished":"2023-05-03T08:05:35+00:00","dateModified":"2024-12-20T07:53:07+00:00","breadcrumb":{"@id":"https:\/\/www.ub.edu\/cuvicom\/etica-y-datos\/#breadcrumb"},"inLanguage":"es","potentialAction":[{"@type":"ReadAction","target":["https:\/\/www.ub.edu\/cuvicom\/etica-y-datos\/"]}]},{"@type":"BreadcrumbList","@id":"https:\/\/www.ub.edu\/cuvicom\/etica-y-datos\/#breadcrumb","itemListElement":[{"@type":"ListItem","position":1,"name":"Portada","item":"https:\/\/www.ub.edu\/cuvicom\/"},{"@type":"ListItem","position":2,"name":"\u00c9tica y datos"}]},{"@type":"WebSite","@id":"https:\/\/www.ub.edu\/cuvicom\/#website","url":"https:\/\/www.ub.edu\/cuvicom\/","name":"Curaci\u00f3n, Visualizaci\u00f3n y Visibilidad en la Comunicaci\u00f3n Digital","description":"PID2021-123579OB-I00","publisher":{"@id":"https:\/\/www.ub.edu\/cuvicom\/#organization"},"potentialAction":[{"@type":"SearchAction","target":{"@type":"EntryPoint","urlTemplate":"https:\/\/www.ub.edu\/cuvicom\/?s={search_term_string}"},"query-input":{"@type":"PropertyValueSpecification","valueRequired":true,"valueName":"search_term_string"}}],"inLanguage":"es"},{"@type":"Organization","@id":"https:\/\/www.ub.edu\/cuvicom\/#organization","name":"Curaci\u00f3n, Visualizaci\u00f3n y Visibilidad en la Comunicaci\u00f3n Digital","url":"https:\/\/www.ub.edu\/cuvicom\/","logo":{"@type":"ImageObject","inLanguage":"es","@id":"https:\/\/www.ub.edu\/cuvicom\/#\/schema\/logo\/image\/","url":"https:\/\/www.ub.edu\/cuvicom\/wp-content\/uploads\/2023\/09\/CUVICOM2.png","contentUrl":"https:\/\/www.ub.edu\/cuvicom\/wp-content\/uploads\/2023\/09\/CUVICOM2.png","width":800,"height":200,"caption":"Curaci\u00f3n, Visualizaci\u00f3n y Visibilidad en la Comunicaci\u00f3n Digital"},"image":{"@id":"https:\/\/www.ub.edu\/cuvicom\/#\/schema\/logo\/image\/"}}]}},"_links":{"self":[{"href":"https:\/\/www.ub.edu\/cuvicom\/wp-json\/wp\/v2\/pages\/16","targetHints":{"allow":["GET"]}}],"collection":[{"href":"https:\/\/www.ub.edu\/cuvicom\/wp-json\/wp\/v2\/pages"}],"about":[{"href":"https:\/\/www.ub.edu\/cuvicom\/wp-json\/wp\/v2\/types\/page"}],"author":[{"embeddable":true,"href":"https:\/\/www.ub.edu\/cuvicom\/wp-json\/wp\/v2\/users\/1"}],"replies":[{"embeddable":true,"href":"https:\/\/www.ub.edu\/cuvicom\/wp-json\/wp\/v2\/comments?post=16"}],"version-history":[{"count":50,"href":"https:\/\/www.ub.edu\/cuvicom\/wp-json\/wp\/v2\/pages\/16\/revisions"}],"predecessor-version":[{"id":1094,"href":"https:\/\/www.ub.edu\/cuvicom\/wp-json\/wp\/v2\/pages\/16\/revisions\/1094"}],"wp:attachment":[{"href":"https:\/\/www.ub.edu\/cuvicom\/wp-json\/wp\/v2\/media?parent=16"}],"curies":[{"name":"wp","href":"https:\/\/api.w.org\/{rel}","templated":true}]}}