{"id":27,"date":"2023-05-03T08:44:46","date_gmt":"2023-05-03T08:44:46","guid":{"rendered":"http:\/\/hweb-x-0-fe-02.fe.cpd.local\/cuvicom\/?page_id=27"},"modified":"2025-06-30T08:41:19","modified_gmt":"2025-06-30T08:41:19","slug":"sobre-el-proyecto","status":"publish","type":"page","link":"https:\/\/www.ub.edu\/cuvicom\/sobre-el-proyecto\/","title":{"rendered":"Sobre el proyecto"},"content":{"rendered":"\r\n<div class=\"wp-block-spacer\" style=\"height: 50px;\" aria-hidden=\"true\">\u00a0<\/div>\r\n\r\n\r\n\r\n<p><span data-olk-copy-source=\"MessageBody\">El proyecto \u201cPar\u00e1metros y estrategias para incrementar la relevancia de los medios y la comunicaci\u00f3n digital en la sociedad: curaci\u00f3n, visualizaci\u00f3n y visibilidad (CUVICOM)\u201d con ayuda PID2021-123579OB-I00 financiada por MICIU\/AEI\/10.13039\/501100011033 y seg\u00fan proceda, por \u201cFSE Invierte en tu futuro\u201d, \u201cFSE+\u201d o por la \u201cUni\u00f3n Europea NextGenerationEU\/PRTR\u201d. <\/span>Su duraci\u00f3n es de septiembre de 2022 a agosto de 2025 y los investigadores principales son <a href=\"https:\/\/scholar.google.com\/citations?user=L8TSdjsAAAAJ\" target=\"_blank\" rel=\"noreferrer noopener\"><mark class=\"has-inline-color has-accent-color\" style=\"background-color: rgba(0, 0, 0, 0);\">Javier Guallar<\/mark><\/a><mark class=\"has-inline-color has-accent-color\" style=\"background-color: rgba(0, 0, 0, 0);\"> <\/mark>y <a href=\"http:\/\/orcid.org\/0000-0002-3284-2590\" target=\"_blank\" rel=\"noreferrer noopener\"><mark class=\"has-inline-color has-accent-color\" style=\"background-color: rgba(0, 0, 0, 0);\">Mari V\u00e1llez<\/mark><\/a>, de la Universidad de Barcelona.<\/p>\r\n\r\n\r\n\r\n<figure class=\"wp-block-image aligncenter size-full is-resized\"><img loading=\"lazy\" decoding=\"async\" width=\"800\" height=\"200\" class=\"wp-image-603\" style=\"aspect-ratio: 3.9791666666666665; object-fit: contain; width: 420px; height: auto;\" src=\"https:\/\/www.ub.edu\/cuvicom\/wp-content\/uploads\/2023\/09\/CUVICOM2-1.png\" alt=\"\" srcset=\"https:\/\/www.ub.edu\/cuvicom\/wp-content\/uploads\/2023\/09\/CUVICOM2-1.png 800w, https:\/\/www.ub.edu\/cuvicom\/wp-content\/uploads\/2023\/09\/CUVICOM2-1-300x75.png 300w, https:\/\/www.ub.edu\/cuvicom\/wp-content\/uploads\/2023\/09\/CUVICOM2-1-768x192.png 768w\" sizes=\"auto, (max-width: 800px) 100vw, 800px\" \/>\r\n<figcaption class=\"wp-element-caption\">Logotipo del proyecto de investigaci\u00f3n CUVICOM<\/figcaption>\r\n<\/figure>\r\n\r\n\r\n\r\n<p>El objetivo principal del proyecto CUVICOM es analizar de forma sistem\u00e1tica tres estrategias para incrementar la calidad y la relevancia social del periodismo, los medios digitales y la comunicaci\u00f3n digital. Se trata de la curaci\u00f3n, la visualizaci\u00f3n y la visibilidad.<\/p>\r\n\r\n\r\n\r\n<p>Consideramos que son tres factores que aumentan la calidad de los productos informativos de los medios de comunicaci\u00f3n, y de la comunicaci\u00f3n digital en general, a la vez que a\u00f1aden credibilidad a los contenidos digitales y a la producci\u00f3n medi\u00e1tica. El incremento de relevancia asociado implica una mayor potencialidad para desplazar y contrarrestar la informaci\u00f3n de baja calidad y la desinformaci\u00f3n, con lo cual se reduce la polarizaci\u00f3n y se pueden conseguir sociedades m\u00e1s inclusivas.<\/p>\r\n\r\n\r\n\r\n<p>La complejidad del actual ecosistema de la comunicaci\u00f3n digital precisa de aproximaciones interdisciplinarias para su plena comprensi\u00f3n. Es por ello que presentamos un proyecto ambicioso e interdisciplinar, con investigadores pertenecientes a las \u00e1reas de Comunicaci\u00f3n y de Ciencias de la informaci\u00f3n, y con tres l\u00edneas de investigaci\u00f3n principales y una l\u00ednea transversal, que permiten agrupar un n\u00famero importante de investigadores de universidades distintas, tanto nacionales como internacionales.<\/p>\r\n\r\n\r\n\r\n<p>Este planteamiento asegura, en nuestra opini\u00f3n, la adici\u00f3n y confrontaci\u00f3n de miradas, que van m\u00e1s all\u00e1 del \u00e1mbito local y nacional, y que resultan necesarias para poder integrar una comprensi\u00f3n poli\u00e9drica del objeto de estudio.<\/p>\r\n\r\n\r\n\r\n<figure class=\"wp-block-image aligncenter size-full is-resized\"><img loading=\"lazy\" decoding=\"async\" width=\"1200\" height=\"480\" class=\"wp-image-587\" style=\"aspect-ratio: 2.4953703703703702; object-fit: contain; width: 801px; height: auto;\" src=\"https:\/\/www.ub.edu\/cuvicom\/wp-content\/uploads\/2023\/09\/Javier-y-Mari.png\" alt=\"\" srcset=\"https:\/\/www.ub.edu\/cuvicom\/wp-content\/uploads\/2023\/09\/Javier-y-Mari.png 1200w, https:\/\/www.ub.edu\/cuvicom\/wp-content\/uploads\/2023\/09\/Javier-y-Mari-300x120.png 300w, https:\/\/www.ub.edu\/cuvicom\/wp-content\/uploads\/2023\/09\/Javier-y-Mari-1024x410.png 1024w, https:\/\/www.ub.edu\/cuvicom\/wp-content\/uploads\/2023\/09\/Javier-y-Mari-768x307.png 768w\" sizes=\"auto, (max-width: 1200px) 100vw, 1200px\" \/><\/figure>\r\n\r\n\r\n\r\n<p><strong>Puede contactar con el proyecto en: <mark class=\"has-inline-color has-accent-color\" style=\"background-color: rgba(0, 0, 0, 0);\">cuvicomproyecto@gmail.com<\/mark><\/strong><\/p>\r\n\r\n\r\n\r\n<div class=\"wp-block-spacer\" style=\"height: 84px;\" aria-hidden=\"true\">\u00a0<\/div>\r\n","protected":false},"excerpt":{"rendered":"<p>El proyecto \u201cPar\u00e1metros y estrategias para incrementar la relevancia de los medios y la comunicaci\u00f3n digital en la sociedad: curaci\u00f3n, visualizaci\u00f3n y visibilidad (CUVICOM)\u201d con ayuda PID2021-123579OB-I00 financiada por MICIU\/AEI\/10.13039\/501100011033 y seg\u00fan proceda, por \u201cFSE Invierte en tu futuro\u201d, \u201cFSE+\u201d o por la \u201cUni\u00f3n Europea NextGenerationEU\/PRTR\u201d. Su duraci\u00f3n es de septiembre de 2022 a agosto [&hellip;]<\/p>\n","protected":false},"author":1,"featured_media":0,"parent":0,"menu_order":0,"comment_status":"closed","ping_status":"closed","template":"","meta":{"footnotes":""},"class_list":["post-27","page","type-page","status-publish","hentry"],"yoast_head":"<!-- This site is optimized with the Yoast SEO plugin v25.1 - https:\/\/yoast.com\/wordpress\/plugins\/seo\/ -->\n<title>Sobre el proyecto - Curaci\u00f3n, Visualizaci\u00f3n y Visibilidad en la Comunicaci\u00f3n Digital<\/title>\n<meta name=\"robots\" content=\"index, follow, max-snippet:-1, max-image-preview:large, max-video-preview:-1\" \/>\n<link rel=\"canonical\" href=\"https:\/\/www.ub.edu\/cuvicom\/sobre-el-proyecto\/\" \/>\n<meta property=\"og:locale\" content=\"es_ES\" \/>\n<meta property=\"og:type\" content=\"article\" \/>\n<meta property=\"og:title\" content=\"Sobre el proyecto - Curaci\u00f3n, Visualizaci\u00f3n y Visibilidad en la Comunicaci\u00f3n Digital\" \/>\n<meta property=\"og:description\" content=\"El proyecto \u201cPar\u00e1metros y estrategias para incrementar la relevancia de los medios y la comunicaci\u00f3n digital en la sociedad: curaci\u00f3n, visualizaci\u00f3n y visibilidad (CUVICOM)\u201d con ayuda PID2021-123579OB-I00 financiada por MICIU\/AEI\/10.13039\/501100011033 y seg\u00fan proceda, por \u201cFSE Invierte en tu futuro\u201d, \u201cFSE+\u201d o por la \u201cUni\u00f3n Europea NextGenerationEU\/PRTR\u201d. Su duraci\u00f3n es de septiembre de 2022 a agosto [&hellip;]\" \/>\n<meta property=\"og:url\" content=\"https:\/\/www.ub.edu\/cuvicom\/sobre-el-proyecto\/\" \/>\n<meta property=\"og:site_name\" content=\"Curaci\u00f3n, Visualizaci\u00f3n y Visibilidad en la Comunicaci\u00f3n Digital\" \/>\n<meta property=\"article:modified_time\" content=\"2025-06-30T08:41:19+00:00\" \/>\n<meta property=\"og:image\" content=\"https:\/\/www.ub.edu\/cuvicom\/wp-content\/uploads\/2023\/09\/CUVICOM2-1.png\" \/>\n\t<meta property=\"og:image:width\" content=\"800\" \/>\n\t<meta property=\"og:image:height\" content=\"200\" \/>\n\t<meta property=\"og:image:type\" content=\"image\/png\" \/>\n<meta name=\"twitter:card\" content=\"summary_large_image\" \/>\n<meta name=\"twitter:label1\" content=\"Tiempo de lectura\" \/>\n\t<meta name=\"twitter:data1\" content=\"2 minutos\" \/>\n<script type=\"application\/ld+json\" class=\"yoast-schema-graph\">{\"@context\":\"https:\/\/schema.org\",\"@graph\":[{\"@type\":\"WebPage\",\"@id\":\"https:\/\/www.ub.edu\/cuvicom\/sobre-el-proyecto\/\",\"url\":\"https:\/\/www.ub.edu\/cuvicom\/sobre-el-proyecto\/\",\"name\":\"Sobre el proyecto - Curaci\u00f3n, Visualizaci\u00f3n y Visibilidad en la Comunicaci\u00f3n Digital\",\"isPartOf\":{\"@id\":\"https:\/\/www.ub.edu\/cuvicom\/#website\"},\"primaryImageOfPage\":{\"@id\":\"https:\/\/www.ub.edu\/cuvicom\/sobre-el-proyecto\/#primaryimage\"},\"image\":{\"@id\":\"https:\/\/www.ub.edu\/cuvicom\/sobre-el-proyecto\/#primaryimage\"},\"thumbnailUrl\":\"https:\/\/www.ub.edu\/cuvicom\/wp-content\/uploads\/2023\/09\/CUVICOM2-1.png\",\"datePublished\":\"2023-05-03T08:44:46+00:00\",\"dateModified\":\"2025-06-30T08:41:19+00:00\",\"breadcrumb\":{\"@id\":\"https:\/\/www.ub.edu\/cuvicom\/sobre-el-proyecto\/#breadcrumb\"},\"inLanguage\":\"es\",\"potentialAction\":[{\"@type\":\"ReadAction\",\"target\":[\"https:\/\/www.ub.edu\/cuvicom\/sobre-el-proyecto\/\"]}]},{\"@type\":\"ImageObject\",\"inLanguage\":\"es\",\"@id\":\"https:\/\/www.ub.edu\/cuvicom\/sobre-el-proyecto\/#primaryimage\",\"url\":\"https:\/\/www.ub.edu\/cuvicom\/wp-content\/uploads\/2023\/09\/CUVICOM2-1.png\",\"contentUrl\":\"https:\/\/www.ub.edu\/cuvicom\/wp-content\/uploads\/2023\/09\/CUVICOM2-1.png\",\"width\":800,\"height\":200},{\"@type\":\"BreadcrumbList\",\"@id\":\"https:\/\/www.ub.edu\/cuvicom\/sobre-el-proyecto\/#breadcrumb\",\"itemListElement\":[{\"@type\":\"ListItem\",\"position\":1,\"name\":\"Portada\",\"item\":\"https:\/\/www.ub.edu\/cuvicom\/\"},{\"@type\":\"ListItem\",\"position\":2,\"name\":\"Sobre el proyecto\"}]},{\"@type\":\"WebSite\",\"@id\":\"https:\/\/www.ub.edu\/cuvicom\/#website\",\"url\":\"https:\/\/www.ub.edu\/cuvicom\/\",\"name\":\"Curaci\u00f3n, Visualizaci\u00f3n y Visibilidad en la Comunicaci\u00f3n Digital\",\"description\":\"PID2021-123579OB-I00\",\"publisher\":{\"@id\":\"https:\/\/www.ub.edu\/cuvicom\/#organization\"},\"potentialAction\":[{\"@type\":\"SearchAction\",\"target\":{\"@type\":\"EntryPoint\",\"urlTemplate\":\"https:\/\/www.ub.edu\/cuvicom\/?s={search_term_string}\"},\"query-input\":{\"@type\":\"PropertyValueSpecification\",\"valueRequired\":true,\"valueName\":\"search_term_string\"}}],\"inLanguage\":\"es\"},{\"@type\":\"Organization\",\"@id\":\"https:\/\/www.ub.edu\/cuvicom\/#organization\",\"name\":\"Curaci\u00f3n, Visualizaci\u00f3n y Visibilidad en la Comunicaci\u00f3n Digital\",\"url\":\"https:\/\/www.ub.edu\/cuvicom\/\",\"logo\":{\"@type\":\"ImageObject\",\"inLanguage\":\"es\",\"@id\":\"https:\/\/www.ub.edu\/cuvicom\/#\/schema\/logo\/image\/\",\"url\":\"https:\/\/www.ub.edu\/cuvicom\/wp-content\/uploads\/2023\/09\/CUVICOM2.png\",\"contentUrl\":\"https:\/\/www.ub.edu\/cuvicom\/wp-content\/uploads\/2023\/09\/CUVICOM2.png\",\"width\":800,\"height\":200,\"caption\":\"Curaci\u00f3n, Visualizaci\u00f3n y Visibilidad en la Comunicaci\u00f3n Digital\"},\"image\":{\"@id\":\"https:\/\/www.ub.edu\/cuvicom\/#\/schema\/logo\/image\/\"}}]}<\/script>\n<!-- \/ Yoast SEO plugin. -->","yoast_head_json":{"title":"Sobre el proyecto - Curaci\u00f3n, Visualizaci\u00f3n y Visibilidad en la Comunicaci\u00f3n Digital","robots":{"index":"index","follow":"follow","max-snippet":"max-snippet:-1","max-image-preview":"max-image-preview:large","max-video-preview":"max-video-preview:-1"},"canonical":"https:\/\/www.ub.edu\/cuvicom\/sobre-el-proyecto\/","og_locale":"es_ES","og_type":"article","og_title":"Sobre el proyecto - Curaci\u00f3n, Visualizaci\u00f3n y Visibilidad en la Comunicaci\u00f3n Digital","og_description":"El proyecto \u201cPar\u00e1metros y estrategias para incrementar la relevancia de los medios y la comunicaci\u00f3n digital en la sociedad: curaci\u00f3n, visualizaci\u00f3n y visibilidad (CUVICOM)\u201d con ayuda PID2021-123579OB-I00 financiada por MICIU\/AEI\/10.13039\/501100011033 y seg\u00fan proceda, por \u201cFSE Invierte en tu futuro\u201d, \u201cFSE+\u201d o por la \u201cUni\u00f3n Europea NextGenerationEU\/PRTR\u201d. Su duraci\u00f3n es de septiembre de 2022 a agosto [&hellip;]","og_url":"https:\/\/www.ub.edu\/cuvicom\/sobre-el-proyecto\/","og_site_name":"Curaci\u00f3n, Visualizaci\u00f3n y Visibilidad en la Comunicaci\u00f3n Digital","article_modified_time":"2025-06-30T08:41:19+00:00","og_image":[{"width":800,"height":200,"url":"https:\/\/www.ub.edu\/cuvicom\/wp-content\/uploads\/2023\/09\/CUVICOM2-1.png","type":"image\/png"}],"twitter_card":"summary_large_image","twitter_misc":{"Tiempo de lectura":"2 minutos"},"schema":{"@context":"https:\/\/schema.org","@graph":[{"@type":"WebPage","@id":"https:\/\/www.ub.edu\/cuvicom\/sobre-el-proyecto\/","url":"https:\/\/www.ub.edu\/cuvicom\/sobre-el-proyecto\/","name":"Sobre el proyecto - Curaci\u00f3n, Visualizaci\u00f3n y Visibilidad en la Comunicaci\u00f3n Digital","isPartOf":{"@id":"https:\/\/www.ub.edu\/cuvicom\/#website"},"primaryImageOfPage":{"@id":"https:\/\/www.ub.edu\/cuvicom\/sobre-el-proyecto\/#primaryimage"},"image":{"@id":"https:\/\/www.ub.edu\/cuvicom\/sobre-el-proyecto\/#primaryimage"},"thumbnailUrl":"https:\/\/www.ub.edu\/cuvicom\/wp-content\/uploads\/2023\/09\/CUVICOM2-1.png","datePublished":"2023-05-03T08:44:46+00:00","dateModified":"2025-06-30T08:41:19+00:00","breadcrumb":{"@id":"https:\/\/www.ub.edu\/cuvicom\/sobre-el-proyecto\/#breadcrumb"},"inLanguage":"es","potentialAction":[{"@type":"ReadAction","target":["https:\/\/www.ub.edu\/cuvicom\/sobre-el-proyecto\/"]}]},{"@type":"ImageObject","inLanguage":"es","@id":"https:\/\/www.ub.edu\/cuvicom\/sobre-el-proyecto\/#primaryimage","url":"https:\/\/www.ub.edu\/cuvicom\/wp-content\/uploads\/2023\/09\/CUVICOM2-1.png","contentUrl":"https:\/\/www.ub.edu\/cuvicom\/wp-content\/uploads\/2023\/09\/CUVICOM2-1.png","width":800,"height":200},{"@type":"BreadcrumbList","@id":"https:\/\/www.ub.edu\/cuvicom\/sobre-el-proyecto\/#breadcrumb","itemListElement":[{"@type":"ListItem","position":1,"name":"Portada","item":"https:\/\/www.ub.edu\/cuvicom\/"},{"@type":"ListItem","position":2,"name":"Sobre el proyecto"}]},{"@type":"WebSite","@id":"https:\/\/www.ub.edu\/cuvicom\/#website","url":"https:\/\/www.ub.edu\/cuvicom\/","name":"Curaci\u00f3n, Visualizaci\u00f3n y Visibilidad en la Comunicaci\u00f3n Digital","description":"PID2021-123579OB-I00","publisher":{"@id":"https:\/\/www.ub.edu\/cuvicom\/#organization"},"potentialAction":[{"@type":"SearchAction","target":{"@type":"EntryPoint","urlTemplate":"https:\/\/www.ub.edu\/cuvicom\/?s={search_term_string}"},"query-input":{"@type":"PropertyValueSpecification","valueRequired":true,"valueName":"search_term_string"}}],"inLanguage":"es"},{"@type":"Organization","@id":"https:\/\/www.ub.edu\/cuvicom\/#organization","name":"Curaci\u00f3n, Visualizaci\u00f3n y Visibilidad en la Comunicaci\u00f3n Digital","url":"https:\/\/www.ub.edu\/cuvicom\/","logo":{"@type":"ImageObject","inLanguage":"es","@id":"https:\/\/www.ub.edu\/cuvicom\/#\/schema\/logo\/image\/","url":"https:\/\/www.ub.edu\/cuvicom\/wp-content\/uploads\/2023\/09\/CUVICOM2.png","contentUrl":"https:\/\/www.ub.edu\/cuvicom\/wp-content\/uploads\/2023\/09\/CUVICOM2.png","width":800,"height":200,"caption":"Curaci\u00f3n, Visualizaci\u00f3n y Visibilidad en la Comunicaci\u00f3n Digital"},"image":{"@id":"https:\/\/www.ub.edu\/cuvicom\/#\/schema\/logo\/image\/"}}]}},"_links":{"self":[{"href":"https:\/\/www.ub.edu\/cuvicom\/wp-json\/wp\/v2\/pages\/27","targetHints":{"allow":["GET"]}}],"collection":[{"href":"https:\/\/www.ub.edu\/cuvicom\/wp-json\/wp\/v2\/pages"}],"about":[{"href":"https:\/\/www.ub.edu\/cuvicom\/wp-json\/wp\/v2\/types\/page"}],"author":[{"embeddable":true,"href":"https:\/\/www.ub.edu\/cuvicom\/wp-json\/wp\/v2\/users\/1"}],"replies":[{"embeddable":true,"href":"https:\/\/www.ub.edu\/cuvicom\/wp-json\/wp\/v2\/comments?post=27"}],"version-history":[{"count":21,"href":"https:\/\/www.ub.edu\/cuvicom\/wp-json\/wp\/v2\/pages\/27\/revisions"}],"predecessor-version":[{"id":1224,"href":"https:\/\/www.ub.edu\/cuvicom\/wp-json\/wp\/v2\/pages\/27\/revisions\/1224"}],"wp:attachment":[{"href":"https:\/\/www.ub.edu\/cuvicom\/wp-json\/wp\/v2\/media?parent=27"}],"curies":[{"name":"wp","href":"https:\/\/api.w.org\/{rel}","templated":true}]}}