{"id":651,"date":"2023-11-13T22:43:37","date_gmt":"2023-11-13T22:43:37","guid":{"rendered":"https:\/\/www.ub.edu\/cuvicom\/?page_id=651"},"modified":"2023-11-14T11:05:01","modified_gmt":"2023-11-14T11:05:01","slug":"research-data-management","status":"publish","type":"page","link":"https:\/\/www.ub.edu\/cuvicom\/research-data-management\/","title":{"rendered":"Research Data Management"},"content":{"rendered":"\n<h2 class=\"wp-block-heading has-large-font-size\">\u00cdndice de contenido<\/h2>\n\n\n\n<div class=\"wp-block-columns is-layout-flex wp-container-core-columns-is-layout-28f84493 wp-block-columns-is-layout-flex\">\n<div class=\"wp-block-column is-layout-flow wp-block-column-is-layout-flow\">\n<p>\n<a href=\"#introduccion\">1. Introduction<\/a><\/br>\n<a href=\"#datosinvestigacion\">2. What is research data?<\/a><\/br>\n<a href=\"#accesoadatos\">3. Why give access to data?<\/a><\/br>\n<a href=\"#gestiondatos\">4. How is research data managed?<\/a><\/br>\n<a href=\"#accesodatos\">5. How is access to data provided?<\/a><\/br>\n<\/p>\n<\/div>\n<\/div>\n\n\n\n<p><\/p>\n\n\n\n<h2 class=\"wp-block-heading has-large-font-size\" id=\"introduccion\">1. Introduction<\/h2>\n\n\n\n<p>Data management in a research project is a fundamental and crucial aspect to ensure the quality and reliability of the results obtained. In the information age, where the amount of data generated is overwhelming, it is essential to establish a plan for the collection, storage and processing of the data generated during the research.<\/p>\n\n\n\n<p>It is important to note that, within the framework of this project, research data (datasets) must be made available to the public following the guidelines set by the Spanish Ministry of Science and Innovation. In this way, the research data become one more result of the project, just like an article or a scientific communication.<\/p>\n\n\n\n<p>To facilitate their management and comply with transparency and accessibility standards, guidelines and illustrative examples are provided to help researchers in the process. In addition, for the preservation of data over time, the use of open file formats is recommended to allow long-term preservation.<\/p>\n\n\n\n<p><a id=\"datosinvestigacion\"><\/a><\/p>\n\n\n\n<h2 class=\"wp-block-heading has-large-font-size\">2. What is research data?<\/h2>\n\n\n\n<p>Research data is the body of information and evidence collected during a scientific research process. These data may include observations, measurements, surveys, interviews, images, audio files and other types of records that support the results and conclusions of a study.<\/p>\n\n\n\n<p><\/p>\n\n\n\n<figure class=\"wp-block-image aligncenter size-full is-resized\"><img loading=\"lazy\" decoding=\"async\" width=\"1410\" height=\"1182\" src=\"https:\/\/www.ub.edu\/cuvicom\/wp-content\/uploads\/2023\/11\/Qualitative-Methods-1-1.jpg\" alt=\"\" class=\"wp-image-672\" style=\"width:475px;height:auto\" srcset=\"https:\/\/www.ub.edu\/cuvicom\/wp-content\/uploads\/2023\/11\/Qualitative-Methods-1-1.jpg 1410w, https:\/\/www.ub.edu\/cuvicom\/wp-content\/uploads\/2023\/11\/Qualitative-Methods-1-1-300x251.jpg 300w, https:\/\/www.ub.edu\/cuvicom\/wp-content\/uploads\/2023\/11\/Qualitative-Methods-1-1-1024x858.jpg 1024w, https:\/\/www.ub.edu\/cuvicom\/wp-content\/uploads\/2023\/11\/Qualitative-Methods-1-1-768x644.jpg 768w\" sizes=\"auto, (max-width: 1410px) 100vw, 1410px\" \/><\/figure>\n\n\n\n<p class=\"has-text-align-center\">Source: <a href=\"https:\/\/www.podnation.co\/show\/tecnicas-de-recoleccion-de-datos-z4qkn5\/episode\/tecnicas-de-recoleccion-de-datos\" data-type=\"URL\" data-id=\"https:\/\/www.podnation.co\/show\/tecnicas-de-recoleccion-de-datos-z4qkn5\/episode\/tecnicas-de-recoleccion-de-datos\" target=\"_blank\" rel=\"noreferrer noopener\">Podnation<\/a><\/p>\n\n\n\n<p><\/p>\n\n\n\n<h3 class=\"wp-block-heading\">3. Why give access to data?<\/h3>\n\n\n\n<p>Facilitating access to research data allows to comply with the principles of being: findable, accessible, interoperable and reusable (Findable, Accessible, Interoperable and Reusable).<\/p>\n\n\n\n<figure class=\"wp-block-image aligncenter size-full\"><img loading=\"lazy\" decoding=\"async\" width=\"1000\" height=\"476\" src=\"https:\/\/www.ub.edu\/cuvicom\/wp-content\/uploads\/2023\/07\/fairdata.png\" alt=\"\" class=\"wp-image-510\" srcset=\"https:\/\/www.ub.edu\/cuvicom\/wp-content\/uploads\/2023\/07\/fairdata.png 1000w, https:\/\/www.ub.edu\/cuvicom\/wp-content\/uploads\/2023\/07\/fairdata-300x143.png 300w, https:\/\/www.ub.edu\/cuvicom\/wp-content\/uploads\/2023\/07\/fairdata-768x366.png 768w\" sizes=\"auto, (max-width: 1000px) 100vw, 1000px\" \/><figcaption class=\"wp-element-caption\">Source: <a href=\"https:\/\/medium.com\/fluree\/making-data-f-a-i-r-93629e82c459\" data-type=\"URL\" data-id=\"https:\/\/medium.com\/fluree\/making-data-f-a-i-r-93629e82c459\" target=\"_blank\" rel=\"noreferrer noopener\">Medium<\/a><\/figcaption><\/figure>\n\n\n\n<p>The implementation of FAIR principles in data management promotes transparency, collaboration and the positive impact of scientific research.<\/p>\n\n\n\n<p><\/p>\n\n\n\n<h2 class=\"wp-block-heading has-large-font-size\" id=\"gestiondatos\">4. How is research data managed?<\/h2>\n\n\n\n<p>Research data management is an essential process that must be planned from the beginning of any research project. This careful planning ensures that the data generated during the research are properly organized, documented and stored, thus facilitating their access and reuse both by the researchers themselves and by other interested parties in the future.<\/p>\n\n\n\n<figure class=\"wp-block-image size-large is-resized\"><img loading=\"lazy\" decoding=\"async\" width=\"1024\" height=\"194\" src=\"https:\/\/www.ub.edu\/cuvicom\/wp-content\/uploads\/2023\/07\/BANNER_V1_3901X725-1024x194.png\" alt=\"\" class=\"wp-image-432\" style=\"width:680px;height:128px\" srcset=\"https:\/\/www.ub.edu\/cuvicom\/wp-content\/uploads\/2023\/07\/BANNER_V1_3901X725-1024x194.png 1024w, https:\/\/www.ub.edu\/cuvicom\/wp-content\/uploads\/2023\/07\/BANNER_V1_3901X725-300x57.png 300w, https:\/\/www.ub.edu\/cuvicom\/wp-content\/uploads\/2023\/07\/BANNER_V1_3901X725-768x145.png 768w, https:\/\/www.ub.edu\/cuvicom\/wp-content\/uploads\/2023\/07\/BANNER_V1_3901X725-1536x291.png 1536w, https:\/\/www.ub.edu\/cuvicom\/wp-content\/uploads\/2023\/07\/BANNER_V1_3901X725-2048x387.png 2048w\" sizes=\"auto, (max-width: 1024px) 100vw, 1024px\" \/><\/figure>\n\n\n\n<p class=\"has-text-align-center\">Source: <a href=\"https:\/\/www.upo.es\/biblioteca\/servicios\/investigabib\/Gestion-de-datos-de-investigacion\/\" data-type=\"URL\" data-id=\"https:\/\/www.upo.es\/biblioteca\/servicios\/investigabib\/Gestion-de-datos-de-investigacion\/\" target=\"_blank\" rel=\"noreferrer noopener\">Biblioteca-CRAI UPO<\/a><\/p>\n\n\n\n<p><a id=\"accesodatos\"><\/a><\/p>\n\n\n\n<h2 class=\"wp-block-heading has-large-font-size\">5. How is access to data provided?<\/h2>\n\n\n\n<p>The most common types of data in the project are:<\/p>\n\n\n\n<ul class=\"wp-block-list\">\n<li>Text (e.g., interviews)<\/li>\n\n\n\n<li>Tabulated data in a spreadsheet (e.g., observations).<\/li>\n<\/ul>\n\n\n\n<p>The following are the steps to follow to facilitate access to the data.<\/p>\n\n\n\n<p><\/p>\n\n\n\n<h4 class=\"wp-block-heading\">5.1 Preparing data<\/h4>\n\n\n\n<p>The data should be organized, documented and cleaned to ensure that they are ready for sharing. It is advisable to create the README.txt file that accompanies each dataset to provide the details of the research and data collection.<\/p>\n\n\n\n<p>Several customizable templates are provided below:<\/p>\n\n\n\n<p><strong>1. Tabulated data template<\/strong><\/p>\n\n\n\n<div class=\"wp-block-buttons is-content-justification-center is-layout-flex wp-container-core-buttons-is-layout-a89b3969 wp-block-buttons-is-layout-flex\">\n<div class=\"wp-block-button is-style-outline is-style-outline--1\"><a class=\"wp-block-button__link wp-element-button\" href=\"https:\/\/docs.google.com\/spreadsheets\/d\/14aH_pZ0jq2OQiFEeMIDlTBnkW0yuscKt\/edit?usp=sharing&amp;ouid=108920519550193289973&amp;rtpof=true&amp;sd=true\" target=\"_blank\" rel=\"noreferrer noopener\">dataset TEMPLATE (.xlsx)<\/a><\/div>\n\n\n\n<div class=\"wp-block-button is-style-outline is-style-outline--2\"><a class=\"wp-block-button__link wp-element-button\" href=\"https:\/\/docs.google.com\/spreadsheets\/d\/11TTdv3NSoFg2LE6BUmoIAbdtZg4KgvO3\/edit?usp=sharing&amp;ouid=108920519550193289973&amp;rtpof=true&amp;sd=true\" target=\"_blank\" rel=\"noreferrer noopener\">DATASET EXAMPLE<\/a><\/div>\n<\/div>\n\n\n\n<p><strong>2. README.txt<\/strong> <strong>template<\/strong><\/p>\n\n\n\n<div class=\"wp-block-buttons is-content-justification-center is-layout-flex wp-container-core-buttons-is-layout-a89b3969 wp-block-buttons-is-layout-flex\">\n<div class=\"wp-block-button is-style-outline is-style-outline--3\"><a class=\"wp-block-button__link wp-element-button\" href=\"https:\/\/docs.google.com\/document\/d\/1eqfwm1-Urcak4dkLEacWcoJCaH3FXimn0y1NW1rzU8g\/edit?usp=sharing\" target=\"_blank\" rel=\"noreferrer noopener\">README TEMPLATE (.TXT)<\/a><\/div>\n<\/div>\n\n\n\n<figure class=\"wp-block-image aligncenter size-large is-resized\"><img loading=\"lazy\" decoding=\"async\" width=\"656\" height=\"1024\" src=\"https:\/\/www.ub.edu\/cuvicom\/wp-content\/uploads\/2023\/09\/Infografia-README-656x1024.png\" alt=\"\" class=\"wp-image-599\" style=\"width:656px;height:auto\" srcset=\"https:\/\/www.ub.edu\/cuvicom\/wp-content\/uploads\/2023\/09\/Infografia-README-656x1024.png 656w, https:\/\/www.ub.edu\/cuvicom\/wp-content\/uploads\/2023\/09\/Infografia-README-192x300.png 192w, https:\/\/www.ub.edu\/cuvicom\/wp-content\/uploads\/2023\/09\/Infografia-README-768x1200.png 768w, https:\/\/www.ub.edu\/cuvicom\/wp-content\/uploads\/2023\/09\/Infografia-README-983x1536.png 983w, https:\/\/www.ub.edu\/cuvicom\/wp-content\/uploads\/2023\/09\/Infografia-README.png 1311w\" sizes=\"auto, (max-width: 656px) 100vw, 656px\" \/><figcaption class=\"wp-element-caption\"><a href=\"https:\/\/drive.google.com\/file\/d\/1UxoQbB2Loj2-o6nAbUANsf0az6SFyUYc\/view?usp=sharing\" data-type=\"link\" data-id=\"https:\/\/drive.google.com\/file\/d\/1UxoQbB2Loj2-o6nAbUANsf0az6SFyUYc\/view?usp=sharing\">README.txt example<br><\/a>Source: CUVICOM<\/figcaption><\/figure>\n\n\n\n<h4 class=\"wp-block-heading\">5.2 Depositing data on a platform<\/h4>\n\n\n\n<p>           <em>[Secci\u00f3n pendiente de desarrollar]<\/em><\/p>\n\n\n\n<p><\/p>\n","protected":false},"excerpt":{"rendered":"<p>\u00cdndice de contenido 1. Introduction 2. What is research data? 3. Why give access to data? 4. How is research data managed? 5. How is access to data provided? 1. Introduction Data management in a research project is a fundamental and crucial aspect to ensure the quality and reliability of the results obtained. In the [&hellip;]<\/p>\n","protected":false},"author":1,"featured_media":0,"parent":0,"menu_order":0,"comment_status":"closed","ping_status":"closed","template":"","meta":{"footnotes":""},"class_list":["post-651","page","type-page","status-publish","hentry"],"yoast_head":"<!-- This site is optimized with the Yoast SEO plugin v25.1 - https:\/\/yoast.com\/wordpress\/plugins\/seo\/ -->\n<title>Research Data Management - Curaci\u00f3n, Visualizaci\u00f3n y Visibilidad en la Comunicaci\u00f3n Digital<\/title>\n<meta name=\"robots\" content=\"index, follow, max-snippet:-1, max-image-preview:large, max-video-preview:-1\" \/>\n<link rel=\"canonical\" href=\"https:\/\/www.ub.edu\/cuvicom\/research-data-management\/\" \/>\n<meta property=\"og:locale\" content=\"es_ES\" \/>\n<meta property=\"og:type\" content=\"article\" \/>\n<meta property=\"og:title\" content=\"Research Data Management - Curaci\u00f3n, Visualizaci\u00f3n y Visibilidad en la Comunicaci\u00f3n Digital\" \/>\n<meta property=\"og:description\" content=\"\u00cdndice de contenido 1. Introduction 2. What is research data? 3. Why give access to data? 4. How is research data managed? 5. How is access to data provided? 1. Introduction Data management in a research project is a fundamental and crucial aspect to ensure the quality and reliability of the results obtained. In the [&hellip;]\" \/>\n<meta property=\"og:url\" content=\"https:\/\/www.ub.edu\/cuvicom\/research-data-management\/\" \/>\n<meta property=\"og:site_name\" content=\"Curaci\u00f3n, Visualizaci\u00f3n y Visibilidad en la Comunicaci\u00f3n Digital\" \/>\n<meta property=\"article:modified_time\" content=\"2023-11-14T11:05:01+00:00\" \/>\n<meta property=\"og:image\" content=\"https:\/\/www.ub.edu\/cuvicom\/wp-content\/uploads\/2023\/11\/Qualitative-Methods-1-1.jpg\" \/>\n\t<meta property=\"og:image:width\" content=\"1410\" \/>\n\t<meta property=\"og:image:height\" content=\"1182\" \/>\n\t<meta property=\"og:image:type\" content=\"image\/jpeg\" \/>\n<meta name=\"twitter:card\" content=\"summary_large_image\" \/>\n<meta name=\"twitter:label1\" content=\"Tiempo de lectura\" \/>\n\t<meta name=\"twitter:data1\" content=\"2 minutes\" \/>\n<script type=\"application\/ld+json\" class=\"yoast-schema-graph\">{\"@context\":\"https:\/\/schema.org\",\"@graph\":[{\"@type\":\"WebPage\",\"@id\":\"https:\/\/www.ub.edu\/cuvicom\/research-data-management\/\",\"url\":\"https:\/\/www.ub.edu\/cuvicom\/research-data-management\/\",\"name\":\"Research Data Management - Curaci\u00f3n, Visualizaci\u00f3n y Visibilidad en la Comunicaci\u00f3n Digital\",\"isPartOf\":{\"@id\":\"https:\/\/www.ub.edu\/cuvicom\/#website\"},\"primaryImageOfPage\":{\"@id\":\"https:\/\/www.ub.edu\/cuvicom\/research-data-management\/#primaryimage\"},\"image\":{\"@id\":\"https:\/\/www.ub.edu\/cuvicom\/research-data-management\/#primaryimage\"},\"thumbnailUrl\":\"https:\/\/www.ub.edu\/cuvicom\/wp-content\/uploads\/2023\/11\/Qualitative-Methods-1-1.jpg\",\"datePublished\":\"2023-11-13T22:43:37+00:00\",\"dateModified\":\"2023-11-14T11:05:01+00:00\",\"breadcrumb\":{\"@id\":\"https:\/\/www.ub.edu\/cuvicom\/research-data-management\/#breadcrumb\"},\"inLanguage\":\"es-ES\",\"potentialAction\":[{\"@type\":\"ReadAction\",\"target\":[\"https:\/\/www.ub.edu\/cuvicom\/research-data-management\/\"]}]},{\"@type\":\"ImageObject\",\"inLanguage\":\"es-ES\",\"@id\":\"https:\/\/www.ub.edu\/cuvicom\/research-data-management\/#primaryimage\",\"url\":\"https:\/\/www.ub.edu\/cuvicom\/wp-content\/uploads\/2023\/11\/Qualitative-Methods-1-1.jpg\",\"contentUrl\":\"https:\/\/www.ub.edu\/cuvicom\/wp-content\/uploads\/2023\/11\/Qualitative-Methods-1-1.jpg\",\"width\":1410,\"height\":1182},{\"@type\":\"BreadcrumbList\",\"@id\":\"https:\/\/www.ub.edu\/cuvicom\/research-data-management\/#breadcrumb\",\"itemListElement\":[{\"@type\":\"ListItem\",\"position\":1,\"name\":\"Portada\",\"item\":\"https:\/\/www.ub.edu\/cuvicom\/\"},{\"@type\":\"ListItem\",\"position\":2,\"name\":\"Research Data Management\"}]},{\"@type\":\"WebSite\",\"@id\":\"https:\/\/www.ub.edu\/cuvicom\/#website\",\"url\":\"https:\/\/www.ub.edu\/cuvicom\/\",\"name\":\"Curaci\u00f3n, Visualizaci\u00f3n y Visibilidad en la Comunicaci\u00f3n Digital\",\"description\":\"PID2021-123579OB-I00\",\"publisher\":{\"@id\":\"https:\/\/www.ub.edu\/cuvicom\/#organization\"},\"potentialAction\":[{\"@type\":\"SearchAction\",\"target\":{\"@type\":\"EntryPoint\",\"urlTemplate\":\"https:\/\/www.ub.edu\/cuvicom\/?s={search_term_string}\"},\"query-input\":{\"@type\":\"PropertyValueSpecification\",\"valueRequired\":true,\"valueName\":\"search_term_string\"}}],\"inLanguage\":\"es-ES\"},{\"@type\":\"Organization\",\"@id\":\"https:\/\/www.ub.edu\/cuvicom\/#organization\",\"name\":\"Curaci\u00f3n, Visualizaci\u00f3n y Visibilidad en la Comunicaci\u00f3n Digital\",\"url\":\"https:\/\/www.ub.edu\/cuvicom\/\",\"logo\":{\"@type\":\"ImageObject\",\"inLanguage\":\"es-ES\",\"@id\":\"https:\/\/www.ub.edu\/cuvicom\/#\/schema\/logo\/image\/\",\"url\":\"https:\/\/www.ub.edu\/cuvicom\/wp-content\/uploads\/2023\/09\/CUVICOM2.png\",\"contentUrl\":\"https:\/\/www.ub.edu\/cuvicom\/wp-content\/uploads\/2023\/09\/CUVICOM2.png\",\"width\":800,\"height\":200,\"caption\":\"Curaci\u00f3n, Visualizaci\u00f3n y Visibilidad en la Comunicaci\u00f3n Digital\"},\"image\":{\"@id\":\"https:\/\/www.ub.edu\/cuvicom\/#\/schema\/logo\/image\/\"}}]}<\/script>\n<!-- \/ Yoast SEO plugin. -->","yoast_head_json":{"title":"Research Data Management - Curaci\u00f3n, Visualizaci\u00f3n y Visibilidad en la Comunicaci\u00f3n Digital","robots":{"index":"index","follow":"follow","max-snippet":"max-snippet:-1","max-image-preview":"max-image-preview:large","max-video-preview":"max-video-preview:-1"},"canonical":"https:\/\/www.ub.edu\/cuvicom\/research-data-management\/","og_locale":"es_ES","og_type":"article","og_title":"Research Data Management - Curaci\u00f3n, Visualizaci\u00f3n y Visibilidad en la Comunicaci\u00f3n Digital","og_description":"\u00cdndice de contenido 1. Introduction 2. What is research data? 3. Why give access to data? 4. How is research data managed? 5. How is access to data provided? 1. Introduction Data management in a research project is a fundamental and crucial aspect to ensure the quality and reliability of the results obtained. In the [&hellip;]","og_url":"https:\/\/www.ub.edu\/cuvicom\/research-data-management\/","og_site_name":"Curaci\u00f3n, Visualizaci\u00f3n y Visibilidad en la Comunicaci\u00f3n Digital","article_modified_time":"2023-11-14T11:05:01+00:00","og_image":[{"width":1410,"height":1182,"url":"https:\/\/www.ub.edu\/cuvicom\/wp-content\/uploads\/2023\/11\/Qualitative-Methods-1-1.jpg","type":"image\/jpeg"}],"twitter_card":"summary_large_image","twitter_misc":{"Tiempo de lectura":"2 minutes"},"schema":{"@context":"https:\/\/schema.org","@graph":[{"@type":"WebPage","@id":"https:\/\/www.ub.edu\/cuvicom\/research-data-management\/","url":"https:\/\/www.ub.edu\/cuvicom\/research-data-management\/","name":"Research Data Management - Curaci\u00f3n, Visualizaci\u00f3n y Visibilidad en la Comunicaci\u00f3n Digital","isPartOf":{"@id":"https:\/\/www.ub.edu\/cuvicom\/#website"},"primaryImageOfPage":{"@id":"https:\/\/www.ub.edu\/cuvicom\/research-data-management\/#primaryimage"},"image":{"@id":"https:\/\/www.ub.edu\/cuvicom\/research-data-management\/#primaryimage"},"thumbnailUrl":"https:\/\/www.ub.edu\/cuvicom\/wp-content\/uploads\/2023\/11\/Qualitative-Methods-1-1.jpg","datePublished":"2023-11-13T22:43:37+00:00","dateModified":"2023-11-14T11:05:01+00:00","breadcrumb":{"@id":"https:\/\/www.ub.edu\/cuvicom\/research-data-management\/#breadcrumb"},"inLanguage":"es-ES","potentialAction":[{"@type":"ReadAction","target":["https:\/\/www.ub.edu\/cuvicom\/research-data-management\/"]}]},{"@type":"ImageObject","inLanguage":"es-ES","@id":"https:\/\/www.ub.edu\/cuvicom\/research-data-management\/#primaryimage","url":"https:\/\/www.ub.edu\/cuvicom\/wp-content\/uploads\/2023\/11\/Qualitative-Methods-1-1.jpg","contentUrl":"https:\/\/www.ub.edu\/cuvicom\/wp-content\/uploads\/2023\/11\/Qualitative-Methods-1-1.jpg","width":1410,"height":1182},{"@type":"BreadcrumbList","@id":"https:\/\/www.ub.edu\/cuvicom\/research-data-management\/#breadcrumb","itemListElement":[{"@type":"ListItem","position":1,"name":"Portada","item":"https:\/\/www.ub.edu\/cuvicom\/"},{"@type":"ListItem","position":2,"name":"Research Data Management"}]},{"@type":"WebSite","@id":"https:\/\/www.ub.edu\/cuvicom\/#website","url":"https:\/\/www.ub.edu\/cuvicom\/","name":"Curaci\u00f3n, Visualizaci\u00f3n y Visibilidad en la Comunicaci\u00f3n Digital","description":"PID2021-123579OB-I00","publisher":{"@id":"https:\/\/www.ub.edu\/cuvicom\/#organization"},"potentialAction":[{"@type":"SearchAction","target":{"@type":"EntryPoint","urlTemplate":"https:\/\/www.ub.edu\/cuvicom\/?s={search_term_string}"},"query-input":{"@type":"PropertyValueSpecification","valueRequired":true,"valueName":"search_term_string"}}],"inLanguage":"es-ES"},{"@type":"Organization","@id":"https:\/\/www.ub.edu\/cuvicom\/#organization","name":"Curaci\u00f3n, Visualizaci\u00f3n y Visibilidad en la Comunicaci\u00f3n Digital","url":"https:\/\/www.ub.edu\/cuvicom\/","logo":{"@type":"ImageObject","inLanguage":"es-ES","@id":"https:\/\/www.ub.edu\/cuvicom\/#\/schema\/logo\/image\/","url":"https:\/\/www.ub.edu\/cuvicom\/wp-content\/uploads\/2023\/09\/CUVICOM2.png","contentUrl":"https:\/\/www.ub.edu\/cuvicom\/wp-content\/uploads\/2023\/09\/CUVICOM2.png","width":800,"height":200,"caption":"Curaci\u00f3n, Visualizaci\u00f3n y Visibilidad en la Comunicaci\u00f3n Digital"},"image":{"@id":"https:\/\/www.ub.edu\/cuvicom\/#\/schema\/logo\/image\/"}}]}},"_links":{"self":[{"href":"https:\/\/www.ub.edu\/cuvicom\/wp-json\/wp\/v2\/pages\/651","targetHints":{"allow":["GET"]}}],"collection":[{"href":"https:\/\/www.ub.edu\/cuvicom\/wp-json\/wp\/v2\/pages"}],"about":[{"href":"https:\/\/www.ub.edu\/cuvicom\/wp-json\/wp\/v2\/types\/page"}],"author":[{"embeddable":true,"href":"https:\/\/www.ub.edu\/cuvicom\/wp-json\/wp\/v2\/users\/1"}],"replies":[{"embeddable":true,"href":"https:\/\/www.ub.edu\/cuvicom\/wp-json\/wp\/v2\/comments?post=651"}],"version-history":[{"count":6,"href":"https:\/\/www.ub.edu\/cuvicom\/wp-json\/wp\/v2\/pages\/651\/revisions"}],"predecessor-version":[{"id":675,"href":"https:\/\/www.ub.edu\/cuvicom\/wp-json\/wp\/v2\/pages\/651\/revisions\/675"}],"wp:attachment":[{"href":"https:\/\/www.ub.edu\/cuvicom\/wp-json\/wp\/v2\/media?parent=651"}],"curies":[{"name":"wp","href":"https:\/\/api.w.org\/{rel}","templated":true}]}}