{"id":1950,"date":"2023-06-21T15:59:26","date_gmt":"2023-06-21T15:59:26","guid":{"rendered":"http:\/\/localhost\/dhigecs\/grup-dinnovacio-docent-dhigecs\/"},"modified":"2023-11-19T18:53:56","modified_gmt":"2023-11-19T18:53:56","slug":"grup-dinnovacio-docent-dhigecs","status":"publish","type":"page","link":"https:\/\/www.ub.edu\/dhigecscom\/ca\/grup-dinnovacio-docent-dhigecs\/","title":{"rendered":"Grup d&#8217;Innovaci\u00f3 Docent DHiGeCs"},"content":{"rendered":"\t\t<div data-elementor-type=\"wp-page\" data-elementor-id=\"1950\" class=\"elementor elementor-1950 elementor-209\" data-elementor-post-type=\"page\">\n\t\t\t\t\t\t\t<div class=\"elementor-element elementor-element-65a1817 e-flex e-con-boxed e-con e-parent\" data-id=\"65a1817\" data-element_type=\"container\" data-settings=\"{&quot;background_background&quot;:&quot;classic&quot;,&quot;container_type&quot;:&quot;flex&quot;,&quot;content_width&quot;:&quot;boxed&quot;}\" data-core-v316-plus=\"true\">\n\t\t\t\t\t<div class=\"e-con-inner\">\n\t\t\t\t<div class=\"elementor-element elementor-element-7f02f06 elementor-widget elementor-widget-heading\" data-id=\"7f02f06\" data-element_type=\"widget\" data-widget_type=\"heading.default\">\n\t\t\t\t<div class=\"elementor-widget-container\">\n\t\t\t<style>\/*! elementor - v3.18.0 - 08-12-2023 *\/\n.elementor-heading-title{padding:0;margin:0;line-height:1}.elementor-widget-heading .elementor-heading-title[class*=elementor-size-]>a{color:inherit;font-size:inherit;line-height:inherit}.elementor-widget-heading .elementor-heading-title.elementor-size-small{font-size:15px}.elementor-widget-heading .elementor-heading-title.elementor-size-medium{font-size:19px}.elementor-widget-heading .elementor-heading-title.elementor-size-large{font-size:29px}.elementor-widget-heading .elementor-heading-title.elementor-size-xl{font-size:39px}.elementor-widget-heading .elementor-heading-title.elementor-size-xxl{font-size:59px}<\/style><h1 class=\"elementor-heading-title elementor-size-default\">Grup d'Innovaci\u00f3 Docent Consolidat (GIDC)<\/h1>\t\t<\/div>\n\t\t\t\t<\/div>\n\t\t\t\t<div class=\"elementor-element elementor-element-e0df4ff elementor-widget elementor-widget-heading\" data-id=\"e0df4ff\" data-element_type=\"widget\" data-widget_type=\"heading.default\">\n\t\t\t\t<div class=\"elementor-widget-container\">\n\t\t\t<h2 class=\"elementor-heading-title elementor-size-default\">GINDO-UB (161)<\/h2>\t\t<\/div>\n\t\t\t\t<\/div>\n\t\t\t\t\t<\/div>\n\t\t\t\t<\/div>\n\t\t<div class=\"elementor-element elementor-element-89d0662 e-flex e-con-boxed e-con e-parent\" data-id=\"89d0662\" data-element_type=\"container\" data-settings=\"{&quot;container_type&quot;:&quot;flex&quot;,&quot;content_width&quot;:&quot;boxed&quot;}\" data-core-v316-plus=\"true\">\n\t\t\t\t\t<div class=\"e-con-inner\">\n\t\t<div class=\"elementor-element elementor-element-f3206b3 e-con-full e-flex e-con e-child\" data-id=\"f3206b3\" data-element_type=\"container\" data-settings=\"{&quot;content_width&quot;:&quot;full&quot;,&quot;background_background&quot;:&quot;classic&quot;,&quot;container_type&quot;:&quot;flex&quot;}\">\n\t\t\t\t<div class=\"elementor-element elementor-element-f9aae84 elementor-widget elementor-widget-heading\" data-id=\"f9aae84\" data-element_type=\"widget\" data-widget_type=\"heading.default\">\n\t\t\t\t<div class=\"elementor-widget-container\">\n\t\t\t<h4 class=\"elementor-heading-title elementor-size-default\">Investigadores Principals<\/h4>\t\t<\/div>\n\t\t\t\t<\/div>\n\t\t<div class=\"elementor-element elementor-element-1c8b771 e-flex e-con-boxed e-con e-child\" data-id=\"1c8b771\" data-element_type=\"container\" data-settings=\"{&quot;container_type&quot;:&quot;flex&quot;,&quot;content_width&quot;:&quot;boxed&quot;}\">\n\t\t\t\t\t<div class=\"e-con-inner\">\n\t\t\t\t<div class=\"elementor-element elementor-element-c8bdfe0 elementor-widget elementor-widget-heading\" data-id=\"c8bdfe0\" data-element_type=\"widget\" data-widget_type=\"heading.default\">\n\t\t\t\t<div class=\"elementor-widget-container\">\n\t\t\t<span class=\"elementor-heading-title elementor-size-default\">Dra. Isidora S\u00e1ez Rosenkranz\n<\/br>Dra. Elvira Barriga Ubed<\/span>\t\t<\/div>\n\t\t\t\t<\/div>\n\t\t\t\t\t<\/div>\n\t\t\t\t<\/div>\n\t\t\t\t<\/div>\n\t\t\t\t\t<\/div>\n\t\t\t\t<\/div>\n\t\t<div class=\"elementor-element elementor-element-8d7225a e-flex e-con-boxed e-con e-parent\" data-id=\"8d7225a\" data-element_type=\"container\" data-settings=\"{&quot;container_type&quot;:&quot;flex&quot;,&quot;content_width&quot;:&quot;boxed&quot;}\" data-core-v316-plus=\"true\">\n\t\t\t\t\t<div class=\"e-con-inner\">\n\t\t\t\t<div class=\"elementor-element elementor-element-6446745 elementor-widget elementor-widget-text-editor\" data-id=\"6446745\" data-element_type=\"widget\" data-widget_type=\"text-editor.default\">\n\t\t\t\t<div class=\"elementor-widget-container\">\n\t\t\t<style>\/*! elementor - v3.18.0 - 08-12-2023 *\/\n.elementor-widget-text-editor.elementor-drop-cap-view-stacked .elementor-drop-cap{background-color:#69727d;color:#fff}.elementor-widget-text-editor.elementor-drop-cap-view-framed .elementor-drop-cap{color:#69727d;border:3px solid;background-color:transparent}.elementor-widget-text-editor:not(.elementor-drop-cap-view-default) .elementor-drop-cap{margin-top:8px}.elementor-widget-text-editor:not(.elementor-drop-cap-view-default) .elementor-drop-cap-letter{width:1em;height:1em}.elementor-widget-text-editor .elementor-drop-cap{float:left;text-align:center;line-height:1;font-size:50px}.elementor-widget-text-editor .elementor-drop-cap-letter{display:inline-block}<\/style>\t\t\t\t<p>El grup DHIGECS pret\u00e9n <strong>promoure metodologies actives d&#8217;aprenentatge<\/strong>, estrat\u00e8gies d&#8217;avaluaci\u00f3 diverses que contribueixin al canvi en la cultura educativa a l&#8217;\u00e0mbit de l&#8217;ensenyament de la did\u00e0ctica de les ci\u00e8ncies socials.<\/p>\n<p>La nostra llarga experi\u00e8ncia en formaci\u00f3 docent ens porta a definir unes l\u00ednies d&#8217;acci\u00f3 molt espec\u00edfiques que deriven del marc general en qu\u00e8 s&#8217;ha consolidat el grup.<\/p>\n<p>De forma concreta, les propostes d&#8217;actuacions d&#8217;innovaci\u00f3 docent previstes pels pr\u00f2xims dos anys s\u00f3n les seg\u00fcents:<\/p>\n<ul>\n<li><strong>Aprofundir en l&#8217;estrat\u00e8gia de l&#8217;aprenentatge<\/strong> per descobriment, fomentant l&#8217;aprenentatge aut\u00f2nom de l&#8217;alumnat en formaci\u00f3 mitjan\u00e7ant la relaci\u00f3 amb l&#8217;entorn m\u00e9s proper.<\/li>\n<li><strong>Creaci\u00f3 d&#8217;intervencions docents<\/strong> breus a les diverses etapes dels ensenyaments de formaci\u00f3 del professorat (infantil, prim\u00e0ria i secund\u00e0ria) mitjan\u00e7ant la coordinaci\u00f3 de l&#8217;equip docent del grup de manera interdisciplin\u00e0ria que ha detectat necessitats espec\u00edfiques.<\/li>\n<li><strong>Implementaci\u00f3 del sistema d&#8217;avaluaci\u00f3<\/strong> com a mecanisme d&#8217;aprenentatge conscient, permanent i aut\u00f2nom a partir d&#8217;instruments diversos i de continu\u00eftat, com ara el portafoli, l&#8217;escala d&#8217;apreciaci\u00f3, l&#8217;autoavaluaci\u00f3 i la coavaluaci\u00f3.<\/li>\n<\/ul>\n\t\t\t\t\t\t<\/div>\n\t\t\t\t<\/div>\n\t\t\t\t\t<\/div>\n\t\t\t\t<\/div>\n\t\t<div class=\"elementor-element elementor-element-2e7f7df e-flex e-con-boxed e-con e-parent\" data-id=\"2e7f7df\" data-element_type=\"container\" data-settings=\"{&quot;container_type&quot;:&quot;flex&quot;,&quot;content_width&quot;:&quot;boxed&quot;}\" data-core-v316-plus=\"true\">\n\t\t\t\t\t<div class=\"e-con-inner\">\n\t\t<div class=\"elementor-element elementor-element-2c3bd93 e-con-full e-flex e-con e-child\" data-id=\"2c3bd93\" data-element_type=\"container\" data-settings=\"{&quot;content_width&quot;:&quot;full&quot;,&quot;background_background&quot;:&quot;classic&quot;,&quot;container_type&quot;:&quot;flex&quot;}\">\n\t\t\t\t<div class=\"elementor-element elementor-element-6ed0ed2 elementor-widget elementor-widget-heading\" data-id=\"6ed0ed2\" data-element_type=\"widget\" data-widget_type=\"heading.default\">\n\t\t\t\t<div class=\"elementor-widget-container\">\n\t\t\t<h4 class=\"elementor-heading-title elementor-size-default\">Projectes<\/h4>\t\t<\/div>\n\t\t\t\t<\/div>\n\t\t\t\t<div class=\"elementor-element elementor-element-ce29e11 elementor-widget elementor-widget-text-editor\" data-id=\"ce29e11\" data-element_type=\"widget\" data-widget_type=\"text-editor.default\">\n\t\t\t\t<div class=\"elementor-widget-container\">\n\t\t\t\t\t\t\t<p>Pots consultar els projectes del grup mitjan\u00e7ant el seg\u00fcent enlla\u00e7:<\/p>\n\t\t\t\t\t\t<\/div>\n\t\t\t\t<\/div>\n\t\t\t\t<div class=\"elementor-element elementor-element-2c44a51 elementor-align-left elementor-tablet-align-left elementor-widget elementor-widget-button\" data-id=\"2c44a51\" data-element_type=\"widget\" data-widget_type=\"button.default\">\n\t\t\t\t<div class=\"elementor-widget-container\">\n\t\t\t\t\t<div class=\"elementor-button-wrapper\">\n\t\t\t<a class=\"elementor-button elementor-button-link elementor-size-sm\" href=\"http:\/\/www.ub.edu\/rimda\/content\/dhigecs\" target=\"_blank\">\n\t\t\t\t\t\t<span class=\"elementor-button-content-wrapper\">\n\t\t\t\t\t\t<span class=\"elementor-button-icon elementor-align-icon-right\">\n\t\t\t\t<i aria-hidden=\"true\" class=\"fas fa-external-link-alt\"><\/i>\t\t\t<\/span>\n\t\t\t\t\t\t<span class=\"elementor-button-text\">Veure projectes d'Innovaci\u00f3<\/span>\n\t\t<\/span>\n\t\t\t\t\t<\/a>\n\t\t<\/div>\n\t\t\t\t<\/div>\n\t\t\t\t<\/div>\n\t\t\t\t<\/div>\n\t\t\t\t\t<\/div>\n\t\t\t\t<\/div>\n\t\t\t\t\t\t\t<\/div>\n\t\t","protected":false},"excerpt":{"rendered":"<p>Grup d&#8217;Innovaci\u00f3 Docent Consolidat (GIDC) GINDO-UB (161) Investigadores Principals Dra. Isidora S\u00e1ez Rosenkranz Dra. Elvira Barriga Ubed El grup DHIGECS pret\u00e9n promoure metodologies actives d&#8217;aprenentatge, estrat\u00e8gies d&#8217;avaluaci\u00f3 diverses que contribueixin al canvi en la cultura educativa a l&#8217;\u00e0mbit de l&#8217;ensenyament de la did\u00e0ctica de les ci\u00e8ncies socials. La nostra llarga experi\u00e8ncia en formaci\u00f3 docent ens &#8230; <a title=\"Grup d&#8217;Innovaci\u00f3 Docent DHiGeCs\" class=\"read-more\" href=\"https:\/\/www.ub.edu\/dhigecscom\/ca\/grup-dinnovacio-docent-dhigecs\/\" aria-label=\"M\u00e9s sobre Grup d&#8217;Innovaci\u00f3 Docent DHiGeCs\">Llegiu m\u00e9s<\/a><\/p>\n","protected":false},"author":1,"featured_media":0,"parent":0,"menu_order":0,"comment_status":"closed","ping_status":"closed","template":"elementor_header_footer","meta":{"footnotes":""},"class_list":["post-1950","page","type-page","status-publish"],"acf":[],"yoast_head":"<!-- This site is optimized with the Yoast SEO plugin v21.7 - https:\/\/yoast.com\/wordpress\/plugins\/seo\/ -->\n<title>Grup d&#039;Innovaci\u00f3 Docent DHiGeCs - Grup DHIGECS<\/title>\n<meta name=\"robots\" content=\"index, follow, max-snippet:-1, max-image-preview:large, max-video-preview:-1\" \/>\n<link rel=\"canonical\" href=\"https:\/\/www.ub.edu\/dhigecscom\/ca\/grup-dinnovacio-docent-dhigecs\/\" \/>\n<meta property=\"og:locale\" content=\"ca_ES\" \/>\n<meta property=\"og:type\" content=\"article\" \/>\n<meta property=\"og:title\" content=\"Grup d&#039;Innovaci\u00f3 Docent DHiGeCs - Grup DHIGECS\" \/>\n<meta property=\"og:description\" content=\"Grup d&#8217;Innovaci\u00f3 Docent Consolidat (GIDC) GINDO-UB (161) Investigadores Principals Dra. Isidora S\u00e1ez Rosenkranz Dra. Elvira Barriga Ubed El grup DHIGECS pret\u00e9n promoure metodologies actives d&#8217;aprenentatge, estrat\u00e8gies d&#8217;avaluaci\u00f3 diverses que contribueixin al canvi en la cultura educativa a l&#8217;\u00e0mbit de l&#8217;ensenyament de la did\u00e0ctica de les ci\u00e8ncies socials. La nostra llarga experi\u00e8ncia en formaci\u00f3 docent ens ... Llegiu m\u00e9s\" \/>\n<meta property=\"og:url\" content=\"https:\/\/www.ub.edu\/dhigecscom\/ca\/grup-dinnovacio-docent-dhigecs\/\" \/>\n<meta property=\"og:site_name\" content=\"Grup DHIGECS\" \/>\n<meta property=\"article:modified_time\" content=\"2023-11-19T18:53:56+00:00\" \/>\n<meta name=\"twitter:card\" content=\"summary_large_image\" \/>\n<meta name=\"twitter:label1\" content=\"Temps estimat de lectura\" \/>\n\t<meta name=\"twitter:data1\" content=\"1 minut\" \/>\n<script type=\"application\/ld+json\" class=\"yoast-schema-graph\">{\"@context\":\"https:\/\/schema.org\",\"@graph\":[{\"@type\":\"WebPage\",\"@id\":\"https:\/\/www.ub.edu\/dhigecscom\/ca\/grup-dinnovacio-docent-dhigecs\/\",\"url\":\"https:\/\/www.ub.edu\/dhigecscom\/ca\/grup-dinnovacio-docent-dhigecs\/\",\"name\":\"Grup d'Innovaci\u00f3 Docent DHiGeCs - Grup DHIGECS\",\"isPartOf\":{\"@id\":\"https:\/\/www.ub.edu\/dhigecscom\/#website\"},\"datePublished\":\"2023-06-21T15:59:26+00:00\",\"dateModified\":\"2023-11-19T18:53:56+00:00\",\"breadcrumb\":{\"@id\":\"https:\/\/www.ub.edu\/dhigecscom\/ca\/grup-dinnovacio-docent-dhigecs\/#breadcrumb\"},\"inLanguage\":\"ca\",\"potentialAction\":[{\"@type\":\"ReadAction\",\"target\":[\"https:\/\/www.ub.edu\/dhigecscom\/ca\/grup-dinnovacio-docent-dhigecs\/\"]}]},{\"@type\":\"BreadcrumbList\",\"@id\":\"https:\/\/www.ub.edu\/dhigecscom\/ca\/grup-dinnovacio-docent-dhigecs\/#breadcrumb\",\"itemListElement\":[{\"@type\":\"ListItem\",\"position\":1,\"name\":\"Portada\",\"item\":\"https:\/\/www.ub.edu\/dhigecscom\/ca\/home\/\"},{\"@type\":\"ListItem\",\"position\":2,\"name\":\"Grup d&#8217;Innovaci\u00f3 Docent DHiGeCs\"}]},{\"@type\":\"WebSite\",\"@id\":\"https:\/\/www.ub.edu\/dhigecscom\/#website\",\"url\":\"https:\/\/www.ub.edu\/dhigecscom\/\",\"name\":\"Grup DHIGECS\",\"description\":\"\",\"publisher\":{\"@id\":\"https:\/\/www.ub.edu\/dhigecscom\/#organization\"},\"potentialAction\":[{\"@type\":\"SearchAction\",\"target\":{\"@type\":\"EntryPoint\",\"urlTemplate\":\"https:\/\/www.ub.edu\/dhigecscom\/?s={search_term_string}\"},\"query-input\":\"required name=search_term_string\"}],\"inLanguage\":\"ca\"},{\"@type\":\"Organization\",\"@id\":\"https:\/\/www.ub.edu\/dhigecscom\/#organization\",\"name\":\"Grup DHIGECS\",\"url\":\"https:\/\/www.ub.edu\/dhigecscom\/\",\"logo\":{\"@type\":\"ImageObject\",\"inLanguage\":\"ca\",\"@id\":\"https:\/\/www.ub.edu\/dhigecscom\/#\/schema\/logo\/image\/\",\"url\":\"https:\/\/www.ub.edu\/dhigecscom\/wp-content\/uploads\/2023\/06\/Logo_Wh_01-Crop.png\",\"contentUrl\":\"https:\/\/www.ub.edu\/dhigecscom\/wp-content\/uploads\/2023\/06\/Logo_Wh_01-Crop.png\",\"width\":2077,\"height\":474,\"caption\":\"Grup DHIGECS\"},\"image\":{\"@id\":\"https:\/\/www.ub.edu\/dhigecscom\/#\/schema\/logo\/image\/\"}}]}<\/script>\n<!-- \/ Yoast SEO plugin. -->","yoast_head_json":{"title":"Grup d'Innovaci\u00f3 Docent DHiGeCs - Grup DHIGECS","robots":{"index":"index","follow":"follow","max-snippet":"max-snippet:-1","max-image-preview":"max-image-preview:large","max-video-preview":"max-video-preview:-1"},"canonical":"https:\/\/www.ub.edu\/dhigecscom\/ca\/grup-dinnovacio-docent-dhigecs\/","og_locale":"ca_ES","og_type":"article","og_title":"Grup d'Innovaci\u00f3 Docent DHiGeCs - Grup DHIGECS","og_description":"Grup d&#8217;Innovaci\u00f3 Docent Consolidat (GIDC) GINDO-UB (161) Investigadores Principals Dra. Isidora S\u00e1ez Rosenkranz Dra. Elvira Barriga Ubed El grup DHIGECS pret\u00e9n promoure metodologies actives d&#8217;aprenentatge, estrat\u00e8gies d&#8217;avaluaci\u00f3 diverses que contribueixin al canvi en la cultura educativa a l&#8217;\u00e0mbit de l&#8217;ensenyament de la did\u00e0ctica de les ci\u00e8ncies socials. La nostra llarga experi\u00e8ncia en formaci\u00f3 docent ens ... Llegiu m\u00e9s","og_url":"https:\/\/www.ub.edu\/dhigecscom\/ca\/grup-dinnovacio-docent-dhigecs\/","og_site_name":"Grup DHIGECS","article_modified_time":"2023-11-19T18:53:56+00:00","twitter_card":"summary_large_image","twitter_misc":{"Temps estimat de lectura":"1 minut"},"schema":{"@context":"https:\/\/schema.org","@graph":[{"@type":"WebPage","@id":"https:\/\/www.ub.edu\/dhigecscom\/ca\/grup-dinnovacio-docent-dhigecs\/","url":"https:\/\/www.ub.edu\/dhigecscom\/ca\/grup-dinnovacio-docent-dhigecs\/","name":"Grup d'Innovaci\u00f3 Docent DHiGeCs - Grup DHIGECS","isPartOf":{"@id":"https:\/\/www.ub.edu\/dhigecscom\/#website"},"datePublished":"2023-06-21T15:59:26+00:00","dateModified":"2023-11-19T18:53:56+00:00","breadcrumb":{"@id":"https:\/\/www.ub.edu\/dhigecscom\/ca\/grup-dinnovacio-docent-dhigecs\/#breadcrumb"},"inLanguage":"ca","potentialAction":[{"@type":"ReadAction","target":["https:\/\/www.ub.edu\/dhigecscom\/ca\/grup-dinnovacio-docent-dhigecs\/"]}]},{"@type":"BreadcrumbList","@id":"https:\/\/www.ub.edu\/dhigecscom\/ca\/grup-dinnovacio-docent-dhigecs\/#breadcrumb","itemListElement":[{"@type":"ListItem","position":1,"name":"Portada","item":"https:\/\/www.ub.edu\/dhigecscom\/ca\/home\/"},{"@type":"ListItem","position":2,"name":"Grup d&#8217;Innovaci\u00f3 Docent DHiGeCs"}]},{"@type":"WebSite","@id":"https:\/\/www.ub.edu\/dhigecscom\/#website","url":"https:\/\/www.ub.edu\/dhigecscom\/","name":"Grup DHIGECS","description":"","publisher":{"@id":"https:\/\/www.ub.edu\/dhigecscom\/#organization"},"potentialAction":[{"@type":"SearchAction","target":{"@type":"EntryPoint","urlTemplate":"https:\/\/www.ub.edu\/dhigecscom\/?s={search_term_string}"},"query-input":"required name=search_term_string"}],"inLanguage":"ca"},{"@type":"Organization","@id":"https:\/\/www.ub.edu\/dhigecscom\/#organization","name":"Grup DHIGECS","url":"https:\/\/www.ub.edu\/dhigecscom\/","logo":{"@type":"ImageObject","inLanguage":"ca","@id":"https:\/\/www.ub.edu\/dhigecscom\/#\/schema\/logo\/image\/","url":"https:\/\/www.ub.edu\/dhigecscom\/wp-content\/uploads\/2023\/06\/Logo_Wh_01-Crop.png","contentUrl":"https:\/\/www.ub.edu\/dhigecscom\/wp-content\/uploads\/2023\/06\/Logo_Wh_01-Crop.png","width":2077,"height":474,"caption":"Grup DHIGECS"},"image":{"@id":"https:\/\/www.ub.edu\/dhigecscom\/#\/schema\/logo\/image\/"}}]}},"_links":{"self":[{"href":"https:\/\/www.ub.edu\/dhigecscom\/ca\/wp-json\/wp\/v2\/pages\/1950","targetHints":{"allow":["GET"]}}],"collection":[{"href":"https:\/\/www.ub.edu\/dhigecscom\/ca\/wp-json\/wp\/v2\/pages"}],"about":[{"href":"https:\/\/www.ub.edu\/dhigecscom\/ca\/wp-json\/wp\/v2\/types\/page"}],"author":[{"embeddable":true,"href":"https:\/\/www.ub.edu\/dhigecscom\/ca\/wp-json\/wp\/v2\/users\/1"}],"replies":[{"embeddable":true,"href":"https:\/\/www.ub.edu\/dhigecscom\/ca\/wp-json\/wp\/v2\/comments?post=1950"}],"version-history":[{"count":1,"href":"https:\/\/www.ub.edu\/dhigecscom\/ca\/wp-json\/wp\/v2\/pages\/1950\/revisions"}],"predecessor-version":[{"id":1951,"href":"https:\/\/www.ub.edu\/dhigecscom\/ca\/wp-json\/wp\/v2\/pages\/1950\/revisions\/1951"}],"wp:attachment":[{"href":"https:\/\/www.ub.edu\/dhigecscom\/ca\/wp-json\/wp\/v2\/media?parent=1950"}],"curies":[{"name":"wp","href":"https:\/\/api.w.org\/{rel}","templated":true}]}}