{"id":2794,"date":"2024-03-05T11:47:48","date_gmt":"2024-03-05T11:47:48","guid":{"rendered":"https:\/\/www.ub.edu\/dhigecscom\/investigacio\/"},"modified":"2024-03-06T09:51:51","modified_gmt":"2024-03-06T09:51:51","slug":"investigacio","status":"publish","type":"page","link":"https:\/\/www.ub.edu\/dhigecscom\/ca\/investigacio\/","title":{"rendered":"Investigaci\u00f3"},"content":{"rendered":"\t\t<div data-elementor-type=\"wp-page\" data-elementor-id=\"2794\" class=\"elementor elementor-2794 elementor-2771\" data-elementor-post-type=\"page\">\n\t\t\t\t\t\t\t<div class=\"elementor-element elementor-element-1dd49f1 e-flex e-con-boxed e-con e-parent\" data-id=\"1dd49f1\" data-element_type=\"container\" data-settings=\"{&quot;container_type&quot;:&quot;flex&quot;,&quot;content_width&quot;:&quot;boxed&quot;}\" data-core-v316-plus=\"true\">\n\t\t\t\t\t<div class=\"e-con-inner\">\n\t\t\t\t<div class=\"elementor-element elementor-element-3e78ca6 elementor-widget elementor-widget-heading\" data-id=\"3e78ca6\" data-element_type=\"widget\" data-widget_type=\"heading.default\">\n\t\t\t\t<div class=\"elementor-widget-container\">\n\t\t\t<style>\/*! elementor - v3.18.0 - 08-12-2023 *\/\n.elementor-heading-title{padding:0;margin:0;line-height:1}.elementor-widget-heading .elementor-heading-title[class*=elementor-size-]>a{color:inherit;font-size:inherit;line-height:inherit}.elementor-widget-heading .elementor-heading-title.elementor-size-small{font-size:15px}.elementor-widget-heading .elementor-heading-title.elementor-size-medium{font-size:19px}.elementor-widget-heading .elementor-heading-title.elementor-size-large{font-size:29px}.elementor-widget-heading .elementor-heading-title.elementor-size-xl{font-size:39px}.elementor-widget-heading .elementor-heading-title.elementor-size-xxl{font-size:59px}<\/style><h2 class=\"elementor-heading-title elementor-size-default\">Projectes de Recerca<\/h2>\t\t<\/div>\n\t\t\t\t<\/div>\n\t\t\t\t\t<\/div>\n\t\t\t\t<\/div>\n\t\t<div class=\"elementor-element elementor-element-6c494ac e-flex e-con-boxed e-con e-parent\" data-id=\"6c494ac\" data-element_type=\"container\" data-settings=\"{&quot;container_type&quot;:&quot;flex&quot;,&quot;content_width&quot;:&quot;boxed&quot;}\" data-core-v316-plus=\"true\">\n\t\t\t\t\t<div class=\"e-con-inner\">\n\t\t\t\t<div class=\"elementor-element elementor-element-72f009a elementor-widget-divider--view-line elementor-widget elementor-widget-divider\" data-id=\"72f009a\" data-element_type=\"widget\" data-widget_type=\"divider.default\">\n\t\t\t\t<div class=\"elementor-widget-container\">\n\t\t\t<style>\/*! elementor - v3.18.0 - 08-12-2023 *\/\n.elementor-widget-divider{--divider-border-style:none;--divider-border-width:1px;--divider-color:#0c0d0e;--divider-icon-size:20px;--divider-element-spacing:10px;--divider-pattern-height:24px;--divider-pattern-size:20px;--divider-pattern-url:none;--divider-pattern-repeat:repeat-x}.elementor-widget-divider .elementor-divider{display:flex}.elementor-widget-divider .elementor-divider__text{font-size:15px;line-height:1;max-width:95%}.elementor-widget-divider .elementor-divider__element{margin:0 var(--divider-element-spacing);flex-shrink:0}.elementor-widget-divider .elementor-icon{font-size:var(--divider-icon-size)}.elementor-widget-divider .elementor-divider-separator{display:flex;margin:0;direction:ltr}.elementor-widget-divider--view-line_icon .elementor-divider-separator,.elementor-widget-divider--view-line_text .elementor-divider-separator{align-items:center}.elementor-widget-divider--view-line_icon .elementor-divider-separator:after,.elementor-widget-divider--view-line_icon .elementor-divider-separator:before,.elementor-widget-divider--view-line_text .elementor-divider-separator:after,.elementor-widget-divider--view-line_text .elementor-divider-separator:before{display:block;content:\"\";border-bottom:0;flex-grow:1;border-top:var(--divider-border-width) var(--divider-border-style) var(--divider-color)}.elementor-widget-divider--element-align-left .elementor-divider .elementor-divider-separator>.elementor-divider__svg:first-of-type{flex-grow:0;flex-shrink:100}.elementor-widget-divider--element-align-left .elementor-divider-separator:before{content:none}.elementor-widget-divider--element-align-left .elementor-divider__element{margin-left:0}.elementor-widget-divider--element-align-right .elementor-divider .elementor-divider-separator>.elementor-divider__svg:last-of-type{flex-grow:0;flex-shrink:100}.elementor-widget-divider--element-align-right .elementor-divider-separator:after{content:none}.elementor-widget-divider--element-align-right .elementor-divider__element{margin-right:0}.elementor-widget-divider:not(.elementor-widget-divider--view-line_text):not(.elementor-widget-divider--view-line_icon) .elementor-divider-separator{border-top:var(--divider-border-width) var(--divider-border-style) var(--divider-color)}.elementor-widget-divider--separator-type-pattern{--divider-border-style:none}.elementor-widget-divider--separator-type-pattern.elementor-widget-divider--view-line .elementor-divider-separator,.elementor-widget-divider--separator-type-pattern:not(.elementor-widget-divider--view-line) .elementor-divider-separator:after,.elementor-widget-divider--separator-type-pattern:not(.elementor-widget-divider--view-line) .elementor-divider-separator:before,.elementor-widget-divider--separator-type-pattern:not([class*=elementor-widget-divider--view]) .elementor-divider-separator{width:100%;min-height:var(--divider-pattern-height);-webkit-mask-size:var(--divider-pattern-size) 100%;mask-size:var(--divider-pattern-size) 100%;-webkit-mask-repeat:var(--divider-pattern-repeat);mask-repeat:var(--divider-pattern-repeat);background-color:var(--divider-color);-webkit-mask-image:var(--divider-pattern-url);mask-image:var(--divider-pattern-url)}.elementor-widget-divider--no-spacing{--divider-pattern-size:auto}.elementor-widget-divider--bg-round{--divider-pattern-repeat:round}.rtl .elementor-widget-divider .elementor-divider__text{direction:rtl}.e-con-inner>.elementor-widget-divider,.e-con>.elementor-widget-divider{width:var(--container-widget-width,100%);--flex-grow:var(--container-widget-flex-grow)}<\/style>\t\t<div class=\"elementor-divider\">\n\t\t\t<span class=\"elementor-divider-separator\">\n\t\t\t\t\t\t<\/span>\n\t\t<\/div>\n\t\t\t\t<\/div>\n\t\t\t\t<\/div>\n\t\t\t\t<div class=\"elementor-element elementor-element-615b9b5 elementor-widget__width-inherit elementor-widget elementor-widget-heading\" data-id=\"615b9b5\" data-element_type=\"widget\" data-widget_type=\"heading.default\">\n\t\t\t\t<div class=\"elementor-widget-container\">\n\t\t\t<h2 class=\"elementor-heading-title elementor-size-large\">Past Continuous \u2013 Digital Information Literacy innovating History School Curricula and learning delivery (Erasmus+ KA220-SCH \u2013 Cooperation partnerships in school education)<\/h2>\t\t<\/div>\n\t\t\t\t<\/div>\n\t\t\t\t<div class=\"elementor-element elementor-element-f181eab elementor-widget elementor-widget-spacer\" data-id=\"f181eab\" data-element_type=\"widget\" data-widget_type=\"spacer.default\">\n\t\t\t\t<div class=\"elementor-widget-container\">\n\t\t\t<style>\/*! elementor - v3.18.0 - 08-12-2023 *\/\n.elementor-column .elementor-spacer-inner{height:var(--spacer-size)}.e-con{--container-widget-width:100%}.e-con-inner>.elementor-widget-spacer,.e-con>.elementor-widget-spacer{width:var(--container-widget-width,var(--spacer-size));--align-self:var(--container-widget-align-self,initial);--flex-shrink:0}.e-con-inner>.elementor-widget-spacer>.elementor-widget-container,.e-con>.elementor-widget-spacer>.elementor-widget-container{height:100%;width:100%}.e-con-inner>.elementor-widget-spacer>.elementor-widget-container>.elementor-spacer,.e-con>.elementor-widget-spacer>.elementor-widget-container>.elementor-spacer{height:100%}.e-con-inner>.elementor-widget-spacer>.elementor-widget-container>.elementor-spacer>.elementor-spacer-inner,.e-con>.elementor-widget-spacer>.elementor-widget-container>.elementor-spacer>.elementor-spacer-inner{height:var(--container-widget-height,var(--spacer-size))}.e-con-inner>.elementor-widget-spacer.elementor-widget-empty,.e-con>.elementor-widget-spacer.elementor-widget-empty{position:relative;min-height:22px;min-width:22px}.e-con-inner>.elementor-widget-spacer.elementor-widget-empty .elementor-widget-empty-icon,.e-con>.elementor-widget-spacer.elementor-widget-empty .elementor-widget-empty-icon{position:absolute;top:0;bottom:0;left:0;right:0;margin:auto;padding:0;width:22px;height:22px}<\/style>\t\t<div class=\"elementor-spacer\">\n\t\t\t<div class=\"elementor-spacer-inner\"><\/div>\n\t\t<\/div>\n\t\t\t\t<\/div>\n\t\t\t\t<\/div>\n\t\t\t\t<div class=\"elementor-element elementor-element-3be75da elementor-widget__width-inherit elementor-widget elementor-widget-text-editor\" data-id=\"3be75da\" data-element_type=\"widget\" data-widget_type=\"text-editor.default\">\n\t\t\t\t<div class=\"elementor-widget-container\">\n\t\t\t<style>\/*! elementor - v3.18.0 - 08-12-2023 *\/\n.elementor-widget-text-editor.elementor-drop-cap-view-stacked .elementor-drop-cap{background-color:#69727d;color:#fff}.elementor-widget-text-editor.elementor-drop-cap-view-framed .elementor-drop-cap{color:#69727d;border:3px solid;background-color:transparent}.elementor-widget-text-editor:not(.elementor-drop-cap-view-default) .elementor-drop-cap{margin-top:8px}.elementor-widget-text-editor:not(.elementor-drop-cap-view-default) .elementor-drop-cap-letter{width:1em;height:1em}.elementor-widget-text-editor .elementor-drop-cap{float:left;text-align:center;line-height:1;font-size:50px}.elementor-widget-text-editor .elementor-drop-cap-letter{display:inline-block}<\/style>\t\t\t\t<h2 class=\"elementor-heading-title elementor-size-default\" style=\"font-family: 'TT Corals', sans-serif; font-size: 1.75rem; font-style: normal; font-weight: bold; line-height: 1.1em; word-break: break-word; color: var( --e-global-color-b7b88e1 ); background-color: #005c90;\">Finan\u00e7ament<\/h2>\n\t\t\t\t\t\t<\/div>\n\t\t\t\t<\/div>\n\t\t\t\t<div class=\"elementor-element elementor-element-e130820 elementor-widget elementor-widget-text-editor\" data-id=\"e130820\" data-element_type=\"widget\" data-widget_type=\"text-editor.default\">\n\t\t\t\t<div class=\"elementor-widget-container\">\n\t\t\t\t\t\t\t<p>Programa Erasmus + Associacions de cooperaci\u00f3 en Educaci\u00f3 Escolar (KA220-SCH).<\/p>\n<p><strong>Codi del projecte<\/strong>: 2023-1-ES01-KA220-SCH-000161144 \/ OID: E10209447.<\/p>\n<p><strong>Import<\/strong>: 250.000,00 \u20ac.<\/p>\n\t\t\t\t\t\t<\/div>\n\t\t\t\t<\/div>\n\t\t\t\t<div class=\"elementor-element elementor-element-e67a655 elementor-widget__width-inherit elementor-widget elementor-widget-text-editor\" data-id=\"e67a655\" data-element_type=\"widget\" data-widget_type=\"text-editor.default\">\n\t\t\t\t<div class=\"elementor-widget-container\">\n\t\t\t\t\t\t\t<h2 class=\"elementor-heading-title elementor-size-default\" style=\"font-family: 'TT Corals', sans-serif; font-size: 1.75rem; font-style: normal; font-weight: bold; line-height: 1.1em; word-break: break-word; color: var( --e-global-color-b7b88e1 ); background-color: #005c90;\">Membres i col\u00b7laboradors<\/h2>\n\t\t\t\t\t\t<\/div>\n\t\t\t\t<\/div>\n\t\t\t\t<div class=\"elementor-element elementor-element-0fcf7ca elementor-widget elementor-widget-text-editor\" data-id=\"0fcf7ca\" data-element_type=\"widget\" data-widget_type=\"text-editor.default\">\n\t\t\t\t<div class=\"elementor-widget-container\">\n\t\t\t\t\t\t\t<ul>\n<li>Universitat de Barcelona (Grup de recerca DHIGECS-COM)<\/li>\n<li>Associaci\u00f3 Verificat (Espanya)<\/li>\n<li>The Fact Checking Factory (It\u00e0lia)<\/li>\n<li>3o GENIKO LYKEIO KERKYRAS (Gr\u00e8cia)<\/li>\n<li>IONIAN UNIVERSITY (Gr\u00e8cia)<\/li>\n<li>K\u00fcrt Alap\u00edtv\u00e1nyi Gimn\u00e1zium (Hongria)<\/li>\n<li>Institut Can Roca (Espanya)<\/li>\n<\/ul>\n\t\t\t\t\t\t<\/div>\n\t\t\t\t<\/div>\n\t\t\t\t\t<\/div>\n\t\t\t\t<\/div>\n\t\t<div class=\"elementor-element elementor-element-b5745e4 e-flex e-con-boxed e-con e-parent\" data-id=\"b5745e4\" data-element_type=\"container\" data-settings=\"{&quot;container_type&quot;:&quot;flex&quot;,&quot;content_width&quot;:&quot;boxed&quot;}\" data-core-v316-plus=\"true\">\n\t\t\t\t\t<div class=\"e-con-inner\">\n\t\t\t\t\t<\/div>\n\t\t\t\t<\/div>\n\t\t\t\t\t\t\t<\/div>\n\t\t","protected":false},"excerpt":{"rendered":"<p>Projectes de Recerca Past Continuous \u2013 Digital Information Literacy innovating History School Curricula and learning delivery (Erasmus+ KA220-SCH \u2013 Cooperation partnerships in school education) Finan\u00e7ament Programa Erasmus + Associacions de cooperaci\u00f3 en Educaci\u00f3 Escolar (KA220-SCH). Codi del projecte: 2023-1-ES01-KA220-SCH-000161144 \/ OID: E10209447. Import: 250.000,00 \u20ac. Membres i col\u00b7laboradors Universitat de Barcelona (Grup de recerca DHIGECS-COM) &#8230; <a title=\"Investigaci\u00f3\" class=\"read-more\" href=\"https:\/\/www.ub.edu\/dhigecscom\/ca\/investigacio\/\" aria-label=\"M\u00e9s sobre Investigaci\u00f3\">Llegiu m\u00e9s<\/a><\/p>\n","protected":false},"author":2,"featured_media":0,"parent":0,"menu_order":0,"comment_status":"closed","ping_status":"closed","template":"","meta":{"footnotes":""},"class_list":["post-2794","page","type-page","status-publish"],"acf":[],"yoast_head":"<!-- This site is optimized with the Yoast SEO plugin v21.7 - https:\/\/yoast.com\/wordpress\/plugins\/seo\/ -->\n<title>Investigaci\u00f3 - Grup DHIGECS<\/title>\n<meta name=\"robots\" content=\"index, follow, max-snippet:-1, max-image-preview:large, max-video-preview:-1\" \/>\n<link rel=\"canonical\" href=\"https:\/\/www.ub.edu\/dhigecscom\/ca\/investigacio\/\" \/>\n<meta property=\"og:locale\" content=\"ca_ES\" \/>\n<meta property=\"og:type\" content=\"article\" \/>\n<meta property=\"og:title\" content=\"Investigaci\u00f3 - Grup DHIGECS\" \/>\n<meta property=\"og:description\" content=\"Projectes de Recerca Past Continuous \u2013 Digital Information Literacy innovating History School Curricula and learning delivery (Erasmus+ KA220-SCH \u2013 Cooperation partnerships in school education) Finan\u00e7ament Programa Erasmus + Associacions de cooperaci\u00f3 en Educaci\u00f3 Escolar (KA220-SCH). Codi del projecte: 2023-1-ES01-KA220-SCH-000161144 \/ OID: E10209447. Import: 250.000,00 \u20ac. Membres i col\u00b7laboradors Universitat de Barcelona (Grup de recerca DHIGECS-COM) ... Llegiu m\u00e9s\" \/>\n<meta property=\"og:url\" content=\"https:\/\/www.ub.edu\/dhigecscom\/ca\/investigacio\/\" \/>\n<meta property=\"og:site_name\" content=\"Grup DHIGECS\" \/>\n<meta property=\"article:modified_time\" content=\"2024-03-06T09:51:51+00:00\" \/>\n<meta name=\"twitter:card\" content=\"summary_large_image\" \/>\n<script type=\"application\/ld+json\" class=\"yoast-schema-graph\">{\"@context\":\"https:\/\/schema.org\",\"@graph\":[{\"@type\":\"WebPage\",\"@id\":\"https:\/\/www.ub.edu\/dhigecscom\/ca\/investigacio\/\",\"url\":\"https:\/\/www.ub.edu\/dhigecscom\/ca\/investigacio\/\",\"name\":\"Investigaci\u00f3 - Grup DHIGECS\",\"isPartOf\":{\"@id\":\"https:\/\/www.ub.edu\/dhigecscom\/#website\"},\"datePublished\":\"2024-03-05T11:47:48+00:00\",\"dateModified\":\"2024-03-06T09:51:51+00:00\",\"breadcrumb\":{\"@id\":\"https:\/\/www.ub.edu\/dhigecscom\/ca\/investigacio\/#breadcrumb\"},\"inLanguage\":\"ca\",\"potentialAction\":[{\"@type\":\"ReadAction\",\"target\":[\"https:\/\/www.ub.edu\/dhigecscom\/ca\/investigacio\/\"]}]},{\"@type\":\"BreadcrumbList\",\"@id\":\"https:\/\/www.ub.edu\/dhigecscom\/ca\/investigacio\/#breadcrumb\",\"itemListElement\":[{\"@type\":\"ListItem\",\"position\":1,\"name\":\"Portada\",\"item\":\"https:\/\/www.ub.edu\/dhigecscom\/ca\/home\/\"},{\"@type\":\"ListItem\",\"position\":2,\"name\":\"Investigaci\u00f3\"}]},{\"@type\":\"WebSite\",\"@id\":\"https:\/\/www.ub.edu\/dhigecscom\/#website\",\"url\":\"https:\/\/www.ub.edu\/dhigecscom\/\",\"name\":\"Grup DHIGECS\",\"description\":\"\",\"publisher\":{\"@id\":\"https:\/\/www.ub.edu\/dhigecscom\/#organization\"},\"potentialAction\":[{\"@type\":\"SearchAction\",\"target\":{\"@type\":\"EntryPoint\",\"urlTemplate\":\"https:\/\/www.ub.edu\/dhigecscom\/?s={search_term_string}\"},\"query-input\":\"required name=search_term_string\"}],\"inLanguage\":\"ca\"},{\"@type\":\"Organization\",\"@id\":\"https:\/\/www.ub.edu\/dhigecscom\/#organization\",\"name\":\"Grup DHIGECS\",\"url\":\"https:\/\/www.ub.edu\/dhigecscom\/\",\"logo\":{\"@type\":\"ImageObject\",\"inLanguage\":\"ca\",\"@id\":\"https:\/\/www.ub.edu\/dhigecscom\/#\/schema\/logo\/image\/\",\"url\":\"https:\/\/www.ub.edu\/dhigecscom\/wp-content\/uploads\/2023\/06\/Logo_Wh_01-Crop.png\",\"contentUrl\":\"https:\/\/www.ub.edu\/dhigecscom\/wp-content\/uploads\/2023\/06\/Logo_Wh_01-Crop.png\",\"width\":2077,\"height\":474,\"caption\":\"Grup DHIGECS\"},\"image\":{\"@id\":\"https:\/\/www.ub.edu\/dhigecscom\/#\/schema\/logo\/image\/\"}}]}<\/script>\n<!-- \/ Yoast SEO plugin. -->","yoast_head_json":{"title":"Investigaci\u00f3 - Grup DHIGECS","robots":{"index":"index","follow":"follow","max-snippet":"max-snippet:-1","max-image-preview":"max-image-preview:large","max-video-preview":"max-video-preview:-1"},"canonical":"https:\/\/www.ub.edu\/dhigecscom\/ca\/investigacio\/","og_locale":"ca_ES","og_type":"article","og_title":"Investigaci\u00f3 - Grup DHIGECS","og_description":"Projectes de Recerca Past Continuous \u2013 Digital Information Literacy innovating History School Curricula and learning delivery (Erasmus+ KA220-SCH \u2013 Cooperation partnerships in school education) Finan\u00e7ament Programa Erasmus + Associacions de cooperaci\u00f3 en Educaci\u00f3 Escolar (KA220-SCH). Codi del projecte: 2023-1-ES01-KA220-SCH-000161144 \/ OID: E10209447. Import: 250.000,00 \u20ac. Membres i col\u00b7laboradors Universitat de Barcelona (Grup de recerca DHIGECS-COM) ... Llegiu m\u00e9s","og_url":"https:\/\/www.ub.edu\/dhigecscom\/ca\/investigacio\/","og_site_name":"Grup DHIGECS","article_modified_time":"2024-03-06T09:51:51+00:00","twitter_card":"summary_large_image","schema":{"@context":"https:\/\/schema.org","@graph":[{"@type":"WebPage","@id":"https:\/\/www.ub.edu\/dhigecscom\/ca\/investigacio\/","url":"https:\/\/www.ub.edu\/dhigecscom\/ca\/investigacio\/","name":"Investigaci\u00f3 - Grup DHIGECS","isPartOf":{"@id":"https:\/\/www.ub.edu\/dhigecscom\/#website"},"datePublished":"2024-03-05T11:47:48+00:00","dateModified":"2024-03-06T09:51:51+00:00","breadcrumb":{"@id":"https:\/\/www.ub.edu\/dhigecscom\/ca\/investigacio\/#breadcrumb"},"inLanguage":"ca","potentialAction":[{"@type":"ReadAction","target":["https:\/\/www.ub.edu\/dhigecscom\/ca\/investigacio\/"]}]},{"@type":"BreadcrumbList","@id":"https:\/\/www.ub.edu\/dhigecscom\/ca\/investigacio\/#breadcrumb","itemListElement":[{"@type":"ListItem","position":1,"name":"Portada","item":"https:\/\/www.ub.edu\/dhigecscom\/ca\/home\/"},{"@type":"ListItem","position":2,"name":"Investigaci\u00f3"}]},{"@type":"WebSite","@id":"https:\/\/www.ub.edu\/dhigecscom\/#website","url":"https:\/\/www.ub.edu\/dhigecscom\/","name":"Grup DHIGECS","description":"","publisher":{"@id":"https:\/\/www.ub.edu\/dhigecscom\/#organization"},"potentialAction":[{"@type":"SearchAction","target":{"@type":"EntryPoint","urlTemplate":"https:\/\/www.ub.edu\/dhigecscom\/?s={search_term_string}"},"query-input":"required name=search_term_string"}],"inLanguage":"ca"},{"@type":"Organization","@id":"https:\/\/www.ub.edu\/dhigecscom\/#organization","name":"Grup DHIGECS","url":"https:\/\/www.ub.edu\/dhigecscom\/","logo":{"@type":"ImageObject","inLanguage":"ca","@id":"https:\/\/www.ub.edu\/dhigecscom\/#\/schema\/logo\/image\/","url":"https:\/\/www.ub.edu\/dhigecscom\/wp-content\/uploads\/2023\/06\/Logo_Wh_01-Crop.png","contentUrl":"https:\/\/www.ub.edu\/dhigecscom\/wp-content\/uploads\/2023\/06\/Logo_Wh_01-Crop.png","width":2077,"height":474,"caption":"Grup DHIGECS"},"image":{"@id":"https:\/\/www.ub.edu\/dhigecscom\/#\/schema\/logo\/image\/"}}]}},"_links":{"self":[{"href":"https:\/\/www.ub.edu\/dhigecscom\/ca\/wp-json\/wp\/v2\/pages\/2794","targetHints":{"allow":["GET"]}}],"collection":[{"href":"https:\/\/www.ub.edu\/dhigecscom\/ca\/wp-json\/wp\/v2\/pages"}],"about":[{"href":"https:\/\/www.ub.edu\/dhigecscom\/ca\/wp-json\/wp\/v2\/types\/page"}],"author":[{"embeddable":true,"href":"https:\/\/www.ub.edu\/dhigecscom\/ca\/wp-json\/wp\/v2\/users\/2"}],"replies":[{"embeddable":true,"href":"https:\/\/www.ub.edu\/dhigecscom\/ca\/wp-json\/wp\/v2\/comments?post=2794"}],"version-history":[{"count":1,"href":"https:\/\/www.ub.edu\/dhigecscom\/ca\/wp-json\/wp\/v2\/pages\/2794\/revisions"}],"predecessor-version":[{"id":2795,"href":"https:\/\/www.ub.edu\/dhigecscom\/ca\/wp-json\/wp\/v2\/pages\/2794\/revisions\/2795"}],"wp:attachment":[{"href":"https:\/\/www.ub.edu\/dhigecscom\/ca\/wp-json\/wp\/v2\/media?parent=2794"}],"curies":[{"name":"wp","href":"https:\/\/api.w.org\/{rel}","templated":true}]}}