{"id":11,"date":"2021-11-21T15:12:46","date_gmt":"2021-11-21T13:12:46","guid":{"rendered":"https:\/\/www.ub.edu\/docent_secundaria\/home\/"},"modified":"2026-03-13T11:33:06","modified_gmt":"2026-03-13T09:33:06","slug":"inici","status":"publish","type":"page","link":"https:\/\/www.ub.edu\/docent_secundaria\/","title":{"rendered":"Inici"},"content":{"rendered":"\t\t<div data-elementor-type=\"wp-page\" data-elementor-id=\"11\" class=\"elementor elementor-11\">\n\t\t\t\t\t\t<section class=\"elementor-section elementor-top-section elementor-element elementor-element-ca7541c elementor-section-height-min-height elementor-section-boxed elementor-section-height-default elementor-section-items-middle\" data-id=\"ca7541c\" data-element_type=\"section\" data-settings=\"{&quot;background_background&quot;:&quot;classic&quot;}\">\n\t\t\t\t\t\t\t<div class=\"elementor-background-overlay\"><\/div>\n\t\t\t\t\t\t\t<div class=\"elementor-container elementor-column-gap-default\">\n\t\t\t\t\t<div class=\"elementor-column elementor-col-100 elementor-top-column elementor-element elementor-element-be10890\" data-id=\"be10890\" data-element_type=\"column\">\n\t\t\t<div class=\"elementor-widget-wrap elementor-element-populated\">\n\t\t\t\t\t\t<div class=\"elementor-element elementor-element-02500f6 elementor-widget elementor-widget-heading\" data-id=\"02500f6\" data-element_type=\"widget\" data-widget_type=\"heading.default\">\n\t\t\t\t<div class=\"elementor-widget-container\">\n\t\t\t<h2 class=\"elementor-heading-title elementor-size-default\">Eines per a la millora de la formaci\u00f3 inicial<\/h2>\t\t<\/div>\n\t\t\t\t<\/div>\n\t\t\t\t<div class=\"elementor-element elementor-element-0708f7f elementor-widget elementor-widget-heading\" data-id=\"0708f7f\" data-element_type=\"widget\" data-widget_type=\"heading.default\">\n\t\t\t\t<div class=\"elementor-widget-container\">\n\t\t\t<h1 class=\"elementor-heading-title elementor-size-default\">M\u00e0ster de formaci\u00f3 del professorat d'educaci\u00f3 secund\u00e0ria<\/h1>\t\t<\/div>\n\t\t\t\t<\/div>\n\t\t\t\t\t<\/div>\n\t\t<\/div>\n\t\t\t\t\t<\/div>\n\t\t<\/section>\n\t\t\t\t<section class=\"elementor-section elementor-top-section elementor-element elementor-element-6426ad7 elementor-section-boxed elementor-section-height-default elementor-section-height-default\" data-id=\"6426ad7\" data-element_type=\"section\">\n\t\t\t\t\t\t<div class=\"elementor-container elementor-column-gap-default\">\n\t\t\t\t\t<div class=\"elementor-column elementor-col-100 elementor-top-column elementor-element elementor-element-212c1c9\" data-id=\"212c1c9\" data-element_type=\"column\">\n\t\t\t<div class=\"elementor-widget-wrap elementor-element-populated\">\n\t\t\t\t\t\t<div class=\"elementor-element elementor-element-144ed82 elementor-widget__width-initial elementor-widget elementor-widget-heading\" data-id=\"144ed82\" data-element_type=\"widget\" data-widget_type=\"heading.default\">\n\t\t\t\t<div class=\"elementor-widget-container\">\n\t\t\t<h2 class=\"elementor-heading-title elementor-size-default\"><a href=\"https:\/\/www.ub.edu\/docent_secundaria\/projecte\/\">Benvinguts a aquest espai de construcci\u00f3 de coneixement, de punt de trobada per al debat, d\u2019intercanvi de recursos, d\u2019establiment de xarxes i vincles de col\u00b7laboraci\u00f3.<\/a><\/h2>\t\t<\/div>\n\t\t\t\t<\/div>\n\t\t\t\t\t<\/div>\n\t\t<\/div>\n\t\t\t\t\t<\/div>\n\t\t<\/section>\n\t\t\t\t<section class=\"elementor-section elementor-top-section elementor-element elementor-element-2d8ba58 elementor-section-full_width elementor-section-height-default elementor-section-height-default\" data-id=\"2d8ba58\" data-element_type=\"section\" data-settings=\"{&quot;background_background&quot;:&quot;classic&quot;}\">\n\t\t\t\t\t\t<div class=\"elementor-container elementor-column-gap-default\">\n\t\t\t\t\t<div class=\"elementor-column elementor-col-100 elementor-top-column elementor-element elementor-element-ba33ca0\" data-id=\"ba33ca0\" data-element_type=\"column\">\n\t\t\t<div class=\"elementor-widget-wrap elementor-element-populated\">\n\t\t\t\t\t\t<div class=\"elementor-element elementor-element-d278a40 elementor-widget elementor-widget-heading\" data-id=\"d278a40\" data-element_type=\"widget\" data-widget_type=\"heading.default\">\n\t\t\t\t<div class=\"elementor-widget-container\">\n\t\t\t<h2 class=\"elementor-heading-title elementor-size-default\">LA NOSTRA MISSI\u00d3<\/h2>\t\t<\/div>\n\t\t\t\t<\/div>\n\t\t\t\t<section class=\"elementor-section elementor-inner-section elementor-element elementor-element-cbe036b elementor-section-boxed elementor-section-height-default elementor-section-height-default\" data-id=\"cbe036b\" data-element_type=\"section\">\n\t\t\t\t\t\t<div class=\"elementor-container elementor-column-gap-default\">\n\t\t\t\t\t<div class=\"elementor-column elementor-col-100 elementor-inner-column elementor-element elementor-element-2b3329c\" data-id=\"2b3329c\" data-element_type=\"column\">\n\t\t\t<div class=\"elementor-widget-wrap elementor-element-populated\">\n\t\t\t\t\t\t<div class=\"elementor-element elementor-element-ad76362 elementor-widget elementor-widget-text-editor\" data-id=\"ad76362\" data-element_type=\"widget\" data-widget_type=\"text-editor.default\">\n\t\t\t\t<div class=\"elementor-widget-container\">\n\t\t\t\t\t\t\t<p style=\"margin-bottom: 0.28cm; line-height: 130%;\"><span lang=\"ca-ES\">El projecte reuneix persones professionals i investigadores del m\u00f3n educatiu per tal de posar en marxa estrat\u00e8gies de millora en la inducci\u00f3 professional i formaci\u00f3 continuada del professorat docent de l\u2019etapa de formaci\u00f3 de secund\u00e0ria obligat\u00f2ria i postobligat\u00f2ria. <\/span><br><br>\n<span lang=\"ca-ES\">Aquesta aventura nom\u00e9s \u00e9s pensada des del treball en xarxa i la transformaci\u00f3 dels mateixos professionals que van formant-se i redescobrint-se a partir de la seva participaci\u00f3 i implicaci\u00f3.<\/span><\/p>\t\t\t\t\t\t<\/div>\n\t\t\t\t<\/div>\n\t\t\t\t\t<\/div>\n\t\t<\/div>\n\t\t\t\t\t<\/div>\n\t\t<\/section>\n\t\t\t\t<div class=\"elementor-element elementor-element-a7ad8f6 elementor-widget elementor-widget-heading\" data-id=\"a7ad8f6\" data-element_type=\"widget\" data-widget_type=\"heading.default\">\n\t\t\t\t<div class=\"elementor-widget-container\">\n\t\t\t<h2 class=\"elementor-heading-title elementor-size-default\">LA NOSTRA VISI\u00d3<\/h2>\t\t<\/div>\n\t\t\t\t<\/div>\n\t\t\t\t<section class=\"elementor-section elementor-inner-section elementor-element elementor-element-23025e4 elementor-section-boxed elementor-section-height-default elementor-section-height-default\" data-id=\"23025e4\" data-element_type=\"section\">\n\t\t\t\t\t\t<div class=\"elementor-container elementor-column-gap-default\">\n\t\t\t\t\t<div class=\"elementor-column elementor-col-100 elementor-inner-column elementor-element elementor-element-0555343\" data-id=\"0555343\" data-element_type=\"column\">\n\t\t\t<div class=\"elementor-widget-wrap elementor-element-populated\">\n\t\t\t\t\t\t<div class=\"elementor-element elementor-element-968ac76 elementor-widget elementor-widget-text-editor\" data-id=\"968ac76\" data-element_type=\"widget\" data-widget_type=\"text-editor.default\">\n\t\t\t\t<div class=\"elementor-widget-container\">\n\t\t\t\t\t\t\t<p style=\"margin-bottom: 0.28cm; line-height: 130%;\"><span style=\"color: var( --e-global-color-text ); font-style: inherit; font-weight: inherit;\">La iniciativa vol ser un espai de construcci\u00f3 de coneixement, de punt de trobada per al debat, d\u2019intercanvi de recursos per a la millora professional, i d\u2019establiment de xarxes i vincles de col\u00b7laboraci\u00f3, totes elles estrat\u00e8gies que apostin per una millora de l\u2019educaci\u00f3 secund\u00e0ria des dels valors de la inclusi\u00f3, l\u2019equitat i la innovaci\u00f3.<\/span><\/p>\t\t\t\t\t\t<\/div>\n\t\t\t\t<\/div>\n\t\t\t\t\t<\/div>\n\t\t<\/div>\n\t\t\t\t\t<\/div>\n\t\t<\/section>\n\t\t\t\t\t<\/div>\n\t\t<\/div>\n\t\t\t\t\t<\/div>\n\t\t<\/section>\n\t\t\t\t<section class=\"elementor-section elementor-top-section elementor-element elementor-element-b1557a5 elementor-section-boxed elementor-section-height-default elementor-section-height-default\" data-id=\"b1557a5\" data-element_type=\"section\">\n\t\t\t\t\t\t<div class=\"elementor-container elementor-column-gap-default\">\n\t\t\t\t\t<div class=\"elementor-column elementor-col-100 elementor-top-column elementor-element elementor-element-c3a8099\" data-id=\"c3a8099\" data-element_type=\"column\">\n\t\t\t<div class=\"elementor-widget-wrap elementor-element-populated\">\n\t\t\t\t\t\t<div class=\"elementor-element elementor-element-f6e4c1e elementor-widget elementor-widget-ucaddon_post_blocks\" data-id=\"f6e4c1e\" data-element_type=\"widget\" data-widget_type=\"ucaddon_post_blocks.default\">\n\t\t\t\t<div class=\"elementor-widget-container\">\n\t\t\t\n<!-- start Post Blocks -->\n\t\t<link id='font-awesome-css' href='https:\/\/www.ub.edu\/docent_secundaria\/wp-content\/plugins\/unlimited-elements-for-elementor\/assets_libraries\/font-awesome6\/fontawesome-all.min.css' type='text\/css' rel='stylesheet' >\n\t\t<link id='font-awesome-4-shim-css' href='https:\/\/www.ub.edu\/docent_secundaria\/wp-content\/plugins\/unlimited-elements-for-elementor\/assets_libraries\/font-awesome6\/fontawesome-v4-shims.min.css' type='text\/css' rel='stylesheet' >\n\n<style>\/* widget: Post Blocks *\/\n\n#uc_post_blocks_elementor_f6e4c1e {\n    display:grid;\n}\n#uc_post_blocks_elementor_f6e4c1e .ue_post_blocks_box\n{\n  overflow:hidden;\n}\n\n#uc_post_blocks_elementor_f6e4c1e .ue_post_blocks_image\n{\n  overflow:hidden;\n}\n#uc_post_blocks_elementor_f6e4c1e .ue_post_blocks_image img\n{\n  object-fit: cover;\n  object-position:center center;\n  width:100%;\n  display:block;\n}\n#uc_post_blocks_elementor_f6e4c1e .ue_post_blocks_link a\n{\n  display:inline-block;\n  text-decoration:none;\n  text-align:center;\n}\n\n #uc_post_blocks_elementor_f6e4c1e .ue_post_blocks_box img\n{\n  transition:0.5s;\n}\n #uc_post_blocks_elementor_f6e4c1e .ue_post_blocks_box:hover img\n{\n  transform:scale(1.1,1.1);\n}\n\n\n\n\n#uc_post_blocks_elementor_f6e4c1e .ue-grid-item-meta-data\n{\n  display:inlin-flex;\n  flex-wrap: wrap;\n}\n\n.ue-grid-item-meta-data\n{\n  font-size:12px;\n}\n\n#uc_post_blocks_elementor_f6e4c1e .ue-grid-item-meta-data-icon\n{\n  line-height:1em;\n}\n\n#uc_post_blocks_elementor_f6e4c1e .ue-grid-item-meta-data-icon svg\n{\n  width:1em;\n  height:1em;\n}\n\n\n.ue-grid-item-category a\n{\n  display:inline-block;\n  font-size:10px;\n  text-transform:uppercase;\n}\n\n<\/style>\n\n<div id=\"uc_post_blocks_elementor_f6e4c1e\" class=\"ue_post_blocks uc-items-wrapper\" >\n    <div class=\"ue_post_blocks_box\">\n    <div class=\"ue_post_blocks_image\">\n    <a href=\"https:\/\/www.ub.edu\/docent_secundaria\/el-abordaje-de-los-retos-ecosociales-en-la-construccion-de-la-identidad-docente\/\" style=\"display:block;\"><img fetchpriority=\"high\" decoding=\"async\" src=\"https:\/\/www.ub.edu\/docent_secundaria\/wp-content\/uploads\/2022\/12\/pexels-min-an-1131458-768x511.jpg\"  src=\"https:\/\/www.ub.edu\/docent_secundaria\/wp-content\/uploads\/2022\/12\/pexels-min-an-1131458-768x511.jpg\" alt=\"pexels-min-an-1131458\" width=\"768\" height=\"511\"><\/a>\n  <\/div>\n    <div class=\"ue_post_blocks_content\">\n      \n     \n         \n    <div class=\"ue_post_blocks_title\"><a href=\"https:\/\/www.ub.edu\/docent_secundaria\/el-abordaje-de-los-retos-ecosociales-en-la-construccion-de-la-identidad-docente\/\">El abordaje de los retos ecosociales en la construcci\u00f3n de la identidad docente<\/a><\/div>    \n              <div class=\"ue-grid-item-meta-data\">\n            <div class=\"ue-grid-item-meta-data-date\"><span class=\"ue-grid-item-meta-data-icon\"><i class=''><\/i><\/span> 20 desembre, 2022<\/div>                      <\/div>\n         \n    \n    <div class=\"ue_post_blocks_text\">Santi Eizaguirre.\n\nLa crisis ecosocial en la que estamos inmersos est\u00e1 zozobrando nuestras formas de organizaci\u00f3n social y entre muchas otras cosas, interpela...<\/div>    <div class=\"ue_post_blocks_link\"><a href=\"https:\/\/www.ub.edu\/docent_secundaria\/el-abordaje-de-los-retos-ecosociales-en-la-construccion-de-la-identidad-docente\/\" class=\"\">M\u00e9s<\/a><\/div>  <\/div>\n<\/div>\n<div class=\"ue_post_blocks_box\">\n    <div class=\"ue_post_blocks_image\">\n    <a href=\"https:\/\/www.ub.edu\/docent_secundaria\/joan-campillo-i\/\" style=\"display:block;\"><img decoding=\"async\" src=\"https:\/\/www.ub.edu\/docent_secundaria\/wp-content\/uploads\/2022\/12\/pexels-angela-roma-7479927-768x1152.jpg\"  src=\"https:\/\/www.ub.edu\/docent_secundaria\/wp-content\/uploads\/2022\/12\/pexels-angela-roma-7479927-768x1152.jpg\" alt=\"pexels-angela-roma-7479927\" width=\"768\" height=\"1152\"><\/a>\n  <\/div>\n    <div class=\"ue_post_blocks_content\">\n      \n     \n         \n    <div class=\"ue_post_blocks_title\"><a href=\"https:\/\/www.ub.edu\/docent_secundaria\/joan-campillo-i\/\">Noves propostes de vinculaci\u00f3 del mentor amb la universitat.<\/a><\/div>    \n              <div class=\"ue-grid-item-meta-data\">\n            <div class=\"ue-grid-item-meta-data-date\"><span class=\"ue-grid-item-meta-data-icon\"><i class=''><\/i><\/span> 19 desembre, 2022<\/div>                      <\/div>\n         \n    \n    <div class=\"ue_post_blocks_text\">Juan Campillo.\n\nPosiblemente, algo que buscamos a lo largo de nuestra vida laboral docente es una coherencia en el discurso y una evoluci\u00f3n. Y es esto...<\/div>    <div class=\"ue_post_blocks_link\"><a href=\"https:\/\/www.ub.edu\/docent_secundaria\/joan-campillo-i\/\" class=\"\">M\u00e9s<\/a><\/div>  <\/div>\n<\/div>\n<div class=\"ue_post_blocks_box\">\n    <div class=\"ue_post_blocks_image\">\n    <a href=\"https:\/\/www.ub.edu\/docent_secundaria\/post-de-prova-2\/\" style=\"display:block;\"><img decoding=\"async\" src=\"https:\/\/www.ub.edu\/docent_secundaria\/wp-content\/uploads\/2022\/12\/kelly-sikkema-VBPzRgd7gfc-unsplash-768x512.jpg\"  src=\"https:\/\/www.ub.edu\/docent_secundaria\/wp-content\/uploads\/2022\/12\/kelly-sikkema-VBPzRgd7gfc-unsplash-768x512.jpg\" alt=\"kelly-sikkema-VBPzRgd7gfc-unsplash\" width=\"768\" height=\"512\"><\/a>\n  <\/div>\n    <div class=\"ue_post_blocks_content\">\n      \n     \n         \n    <div class=\"ue_post_blocks_title\"><a href=\"https:\/\/www.ub.edu\/docent_secundaria\/post-de-prova-2\/\">Oportunitats i reptes derivats de la implementaci\u00f3 del nou curr\u00edculum en la formaci\u00f3 inicial del professorat de secund\u00e0ria a Catalunya. Una an\u00e0lisi informal atenent a la construcci\u00f3 de la identitat docent<\/a><\/div>    \n              <div class=\"ue-grid-item-meta-data\">\n            <div class=\"ue-grid-item-meta-data-date\"><span class=\"ue-grid-item-meta-data-icon\"><i class=''><\/i><\/span> 14 desembre, 2022<\/div>                      <\/div>\n         \n    \n    <div class=\"ue_post_blocks_text\">A pesar de que hace m\u00e1s de diez a\u00f1os que se implement\u00f3 el M\u00e1ster de Formaci\u00f3n del Profesorado de Secundaria (MUFPS), la formaci\u00f3n inicial del profesorado...<\/div>    <div class=\"ue_post_blocks_link\"><a href=\"https:\/\/www.ub.edu\/docent_secundaria\/post-de-prova-2\/\" class=\"\">M\u00e9s<\/a><\/div>  <\/div>\n<\/div>\n\n<\/div>\n<!-- end Post Blocks -->\t\t<\/div>\n\t\t\t\t<\/div>\n\t\t\t\t\t<\/div>\n\t\t<\/div>\n\t\t\t\t\t<\/div>\n\t\t<\/section>\n\t\t\t\t<section class=\"elementor-section elementor-top-section elementor-element elementor-element-b991a90 elementor-section-height-min-height elementor-section-content-middle elementor-section-boxed elementor-section-height-default elementor-section-items-middle\" data-id=\"b991a90\" data-element_type=\"section\" data-settings=\"{&quot;background_background&quot;:&quot;classic&quot;}\">\n\t\t\t\t\t\t\t<div class=\"elementor-background-overlay\"><\/div>\n\t\t\t\t\t\t\t<div class=\"elementor-container elementor-column-gap-default\">\n\t\t\t\t\t<div class=\"elementor-column elementor-col-100 elementor-top-column elementor-element elementor-element-47e5172\" data-id=\"47e5172\" data-element_type=\"column\">\n\t\t\t<div class=\"elementor-widget-wrap elementor-element-populated\">\n\t\t\t\t\t\t<div class=\"elementor-element elementor-element-7d508b6 elementor-widget elementor-widget-heading\" data-id=\"7d508b6\" data-element_type=\"widget\" data-widget_type=\"heading.default\">\n\t\t\t\t<div class=\"elementor-widget-container\">\n\t\t\t<h1 class=\"elementor-heading-title elementor-size-default\">MATERIAL DE CONSULTA<\/h1>\t\t<\/div>\n\t\t\t\t<\/div>\n\t\t\t\t<div class=\"elementor-element elementor-element-049c21d elementor-widget elementor-widget-text-editor\" data-id=\"049c21d\" data-element_type=\"widget\" data-widget_type=\"text-editor.default\">\n\t\t\t\t<div class=\"elementor-widget-container\">\n\t\t\t\t\t\t\t<p>Trobareu presentacions, articles i audiovisuals d&#8217;inter\u00e8s, generats per la pr\u00f2pia recerca i externs<\/p>\t\t\t\t\t\t<\/div>\n\t\t\t\t<\/div>\n\t\t\t\t<section class=\"elementor-section elementor-inner-section elementor-element elementor-element-1258cb2 elementor-section-boxed elementor-section-height-default elementor-section-height-default\" data-id=\"1258cb2\" data-element_type=\"section\">\n\t\t\t\t\t\t<div class=\"elementor-container elementor-column-gap-default\">\n\t\t\t\t\t<div class=\"elementor-column elementor-col-25 elementor-inner-column elementor-element elementor-element-274ab64\" data-id=\"274ab64\" data-element_type=\"column\">\n\t\t\t<div class=\"elementor-widget-wrap elementor-element-populated\">\n\t\t\t\t\t\t<div class=\"elementor-element elementor-element-e487c72 elementor-align-center elementor-widget elementor-widget-button\" data-id=\"e487c72\" data-element_type=\"widget\" data-widget_type=\"button.default\">\n\t\t\t\t<div class=\"elementor-widget-container\">\n\t\t\t\t\t\t\t<div class=\"elementor-button-wrapper\">\n\t\t\t\t\t<a class=\"elementor-button elementor-button-link elementor-size-sm\" href=\"https:\/\/www.ub.edu\/docent_secundaria\/armif-2021\/\">\n\t\t\t\t\t\t<span class=\"elementor-button-content-wrapper\">\n\t\t\t\t\t\t\t\t\t<span class=\"elementor-button-text\">Projecte ARMIF 2021<\/span>\n\t\t\t\t\t<\/span>\n\t\t\t\t\t<\/a>\n\t\t\t\t<\/div>\n\t\t\t\t\t\t<\/div>\n\t\t\t\t<\/div>\n\t\t\t\t\t<\/div>\n\t\t<\/div>\n\t\t\t\t<div class=\"elementor-column elementor-col-25 elementor-inner-column elementor-element elementor-element-86b27f9\" data-id=\"86b27f9\" data-element_type=\"column\">\n\t\t\t<div class=\"elementor-widget-wrap elementor-element-populated\">\n\t\t\t\t\t\t<div class=\"elementor-element elementor-element-fa0537f elementor-align-center elementor-widget elementor-widget-button\" data-id=\"fa0537f\" data-element_type=\"widget\" data-widget_type=\"button.default\">\n\t\t\t\t<div class=\"elementor-widget-container\">\n\t\t\t\t\t\t\t<div class=\"elementor-button-wrapper\">\n\t\t\t\t\t<a class=\"elementor-button elementor-button-link elementor-size-sm\" href=\"https:\/\/www.ub.edu\/docent_secundaria\/armif-2023\/\">\n\t\t\t\t\t\t<span class=\"elementor-button-content-wrapper\">\n\t\t\t\t\t\t\t\t\t<span class=\"elementor-button-text\">Projecte ARMIF 2023<\/span>\n\t\t\t\t\t<\/span>\n\t\t\t\t\t<\/a>\n\t\t\t\t<\/div>\n\t\t\t\t\t\t<\/div>\n\t\t\t\t<\/div>\n\t\t\t\t\t<\/div>\n\t\t<\/div>\n\t\t\t\t<div class=\"elementor-column elementor-col-25 elementor-inner-column elementor-element elementor-element-874eea3\" data-id=\"874eea3\" data-element_type=\"column\">\n\t\t\t<div class=\"elementor-widget-wrap elementor-element-populated\">\n\t\t\t\t\t\t<div class=\"elementor-element elementor-element-432853a elementor-align-center elementor-widget elementor-widget-button\" data-id=\"432853a\" data-element_type=\"widget\" data-widget_type=\"button.default\">\n\t\t\t\t<div class=\"elementor-widget-container\">\n\t\t\t\t\t\t\t<div class=\"elementor-button-wrapper\">\n\t\t\t\t\t<a class=\"elementor-button elementor-button-link elementor-size-sm\" href=\"https:\/\/www.ub.edu\/docent_secundaria\/armif-2025\/\">\n\t\t\t\t\t\t<span class=\"elementor-button-content-wrapper\">\n\t\t\t\t\t\t\t\t\t<span class=\"elementor-button-text\">Projecte ARMIF 2025<\/span>\n\t\t\t\t\t<\/span>\n\t\t\t\t\t<\/a>\n\t\t\t\t<\/div>\n\t\t\t\t\t\t<\/div>\n\t\t\t\t<\/div>\n\t\t\t\t\t<\/div>\n\t\t<\/div>\n\t\t\t\t<div class=\"elementor-column elementor-col-25 elementor-inner-column elementor-element elementor-element-b7869c4\" data-id=\"b7869c4\" data-element_type=\"column\">\n\t\t\t<div class=\"elementor-widget-wrap elementor-element-populated\">\n\t\t\t\t\t\t<div class=\"elementor-element elementor-element-21c85f8 elementor-align-center elementor-widget elementor-widget-button\" data-id=\"21c85f8\" data-element_type=\"widget\" data-widget_type=\"button.default\">\n\t\t\t\t<div class=\"elementor-widget-container\">\n\t\t\t\t\t\t\t<div class=\"elementor-button-wrapper\">\n\t\t\t\t\t<a class=\"elementor-button elementor-button-link elementor-size-sm\" href=\"https:\/\/www.ub.edu\/docent_secundaria\/produccions\/\">\n\t\t\t\t\t\t<span class=\"elementor-button-content-wrapper\">\n\t\t\t\t\t\t\t\t\t<span class=\"elementor-button-text\">Publicacions<\/span>\n\t\t\t\t\t<\/span>\n\t\t\t\t\t<\/a>\n\t\t\t\t<\/div>\n\t\t\t\t\t\t<\/div>\n\t\t\t\t<\/div>\n\t\t\t\t\t<\/div>\n\t\t<\/div>\n\t\t\t\t\t<\/div>\n\t\t<\/section>\n\t\t\t\t\t<\/div>\n\t\t<\/div>\n\t\t\t\t\t<\/div>\n\t\t<\/section>\n\t\t\t\t<section class=\"elementor-section elementor-top-section elementor-element elementor-element-8497c1f elementor-section-boxed elementor-section-height-default elementor-section-height-default\" data-id=\"8497c1f\" data-element_type=\"section\">\n\t\t\t\t\t\t<div class=\"elementor-container elementor-column-gap-default\">\n\t\t\t\t\t<div class=\"elementor-column elementor-col-100 elementor-top-column elementor-element elementor-element-87d1a7d\" data-id=\"87d1a7d\" data-element_type=\"column\">\n\t\t\t<div class=\"elementor-widget-wrap elementor-element-populated\">\n\t\t\t\t\t\t\t<\/div>\n\t\t<\/div>\n\t\t\t\t\t<\/div>\n\t\t<\/section>\n\t\t\t\t<\/div>\n\t\t","protected":false},"excerpt":{"rendered":"<p>Eines per a la millora de la formaci\u00f3 inicial M\u00e0ster de formaci\u00f3 del professorat d&#8217;educaci\u00f3 secund\u00e0ria Benvinguts a aquest espai de construcci\u00f3 de coneixement, de punt de trobada per al debat, d\u2019intercanvi de recursos, d\u2019establiment de xarxes i vincles de col\u00b7laboraci\u00f3. LA NOSTRA MISSI\u00d3 El projecte reuneix persones professionals i investigadores del m\u00f3n educatiu per [&hellip;]<\/p>\n","protected":false},"author":2,"featured_media":0,"parent":0,"menu_order":0,"comment_status":"closed","ping_status":"closed","template":"","meta":{"_uag_custom_page_level_css":"","site-sidebar-layout":"no-sidebar","site-content-layout":"page-builder","ast-site-content-layout":"full-width-container","site-content-style":"unboxed","site-sidebar-style":"unboxed","ast-global-header-display":"","ast-banner-title-visibility":"","ast-main-header-display":"","ast-hfb-above-header-display":"","ast-hfb-below-header-display":"","ast-hfb-mobile-header-display":"","site-post-title":"disabled","ast-breadcrumbs-content":"","ast-featured-img":"disabled","footer-sml-layout":"","theme-transparent-header-meta":"enabled","adv-header-id-meta":"","stick-header-meta":"","header-above-stick-meta":"","header-main-stick-meta":"","header-below-stick-meta":"","astra-migrate-meta-layouts":"set","ast-page-background-enabled":"default","ast-page-background-meta":{"desktop":{"background-color":"var(--ast-global-color-4)","background-image":"","background-repeat":"repeat","background-position":"center center","background-size":"auto","background-attachment":"scroll","background-type":"","background-media":"","overlay-type":"","overlay-color":"","overlay-opacity":"","overlay-gradient":""},"tablet":{"background-color":"","background-image":"","background-repeat":"repeat","background-position":"center center","background-size":"auto","background-attachment":"scroll","background-type":"","background-media":"","overlay-type":"","overlay-color":"","overlay-opacity":"","overlay-gradient":""},"mobile":{"background-color":"","background-image":"","background-repeat":"repeat","background-position":"center center","background-size":"auto","background-attachment":"scroll","background-type":"","background-media":"","overlay-type":"","overlay-color":"","overlay-opacity":"","overlay-gradient":""}},"ast-content-background-meta":{"desktop":{"background-color":"var(--ast-global-color-5)","background-image":"","background-repeat":"repeat","background-position":"center center","background-size":"auto","background-attachment":"scroll","background-type":"","background-media":"","overlay-type":"","overlay-color":"","overlay-opacity":"","overlay-gradient":""},"tablet":{"background-color":"var(--ast-global-color-5)","background-image":"","background-repeat":"repeat","background-position":"center center","background-size":"auto","background-attachment":"scroll","background-type":"","background-media":"","overlay-type":"","overlay-color":"","overlay-opacity":"","overlay-gradient":""},"mobile":{"background-color":"var(--ast-global-color-5)","background-image":"","background-repeat":"repeat","background-position":"center center","background-size":"auto","background-attachment":"scroll","background-type":"","background-media":"","overlay-type":"","overlay-color":"","overlay-opacity":"","overlay-gradient":""}},"footnotes":""},"class_list":["post-11","page","type-page","status-publish","hentry"],"uagb_featured_image_src":{"full":false,"thumbnail":false,"medium":false,"medium_large":false,"large":false,"1536x1536":false,"2048x2048":false},"uagb_author_info":{"display_name":"S\u00edlvia Zurita","author_link":"https:\/\/www.ub.edu\/docent_secundaria\/author\/silvia-zurita\/"},"uagb_comment_info":0,"uagb_excerpt":"Eines per a la millora de la formaci\u00f3 inicial M\u00e0ster de formaci\u00f3 del professorat d&#8217;educaci\u00f3 secund\u00e0ria Benvinguts a aquest espai de construcci\u00f3 de coneixement, de punt de trobada per al debat, d\u2019intercanvi de recursos, d\u2019establiment de xarxes i vincles de col\u00b7laboraci\u00f3. LA NOSTRA MISSI\u00d3 El projecte reuneix persones professionals i investigadores del m\u00f3n educatiu per&hellip;","_links":{"self":[{"href":"https:\/\/www.ub.edu\/docent_secundaria\/wp-json\/wp\/v2\/pages\/11","targetHints":{"allow":["GET"]}}],"collection":[{"href":"https:\/\/www.ub.edu\/docent_secundaria\/wp-json\/wp\/v2\/pages"}],"about":[{"href":"https:\/\/www.ub.edu\/docent_secundaria\/wp-json\/wp\/v2\/types\/page"}],"author":[{"embeddable":true,"href":"https:\/\/www.ub.edu\/docent_secundaria\/wp-json\/wp\/v2\/users\/2"}],"replies":[{"embeddable":true,"href":"https:\/\/www.ub.edu\/docent_secundaria\/wp-json\/wp\/v2\/comments?post=11"}],"version-history":[{"count":191,"href":"https:\/\/www.ub.edu\/docent_secundaria\/wp-json\/wp\/v2\/pages\/11\/revisions"}],"predecessor-version":[{"id":3145,"href":"https:\/\/www.ub.edu\/docent_secundaria\/wp-json\/wp\/v2\/pages\/11\/revisions\/3145"}],"wp:attachment":[{"href":"https:\/\/www.ub.edu\/docent_secundaria\/wp-json\/wp\/v2\/media?parent=11"}],"curies":[{"name":"wp","href":"https:\/\/api.w.org\/{rel}","templated":true}]}}