{"id":2932,"date":"2018-04-04T11:12:19","date_gmt":"2018-04-04T09:12:19","guid":{"rendered":"http:\/\/www.ub.edu\/dphc\/la-seccio\/"},"modified":"2021-04-16T12:45:06","modified_gmt":"2021-04-16T10:45:06","slug":"la-seccio","status":"publish","type":"page","link":"https:\/\/www.ub.edu\/dphc\/es\/la-seccio\/","title":{"rendered":"La secci\u00f3n"},"content":{"rendered":"<p>A nivel administrativo, la secci\u00f3n de <strong>Historia Contempor\u00e1nea y Mundo actual<\/strong> se integra dentro del Departamento de Historia y Arqueolog\u00eda de la <a href=\"http:\/\/www.ub.edu\/facgh\/gh.htm\">Facultat de Geografia i Hist\u00f2ria<\/a> de la Universidad de Barcelona. Desde la Secci\u00f3n se hace docencia en diversos grados en que se imparten asignaturas relacionadas con las modalidades siguientes: Historia, Arqueolog\u00eda, Geograf\u00eda, Historia del Arte, Antropolog\u00eda, y Comunicaci\u00f3n e Industrias Culturales.<\/p>\n<p>Asimismo, los profesores imparten docencia en dos m\u00e1sters universitarios: <a href=\"http:\/\/www.ub.edu\/historiacontemporaniamonactual\/\">M\u00e0ster en Hist\u00f2ria Contempor\u00e0nia i M\u00f3n Actual<\/a>; y el que se imparte con la coordinaci\u00f3n de varias universidades, titulado <a href=\"https:\/\/www.ub.edu\/web\/ub\/ca\/estudis\/oferta_formativa\/master_universitari\/fitxa\/E\/M0X08\/index.html\">M\u00e0ster d\u2019estudis de Dones, G\u00e8nere i Ciutadania<\/a><\/p>\n<p>&nbsp;<\/p>\n<p>Para resolver cualquier duda, puede ponerse en contacto con la administraci\u00f3n de la secci\u00f3n:<\/p>\n<p>&nbsp;<\/p>\n<p>Alicia Villanueva, administraci\u00f3n: <strong>aliciavillanueva@ub.edu<\/strong><\/p>\n<p><strong>\u00a0<\/strong>Antoni Vives, secretario de coordinaci\u00f3n: <strong>tonivives@ub.edu<\/strong><\/p>\n<p>Queralt Sol\u00e9, coordinadora: <strong>queraltsole@ub.edu<\/strong><\/p>\n<p>&nbsp;<\/p>\n<p class=\"p1\">\n<!-- AddThis Advanced Settings generic via filter on the_content --><!-- AddThis Share Buttons generic via filter on the_content -->","protected":false},"excerpt":{"rendered":"<p>Como su nombre indica, la cronolog\u00eda define los docentes que se integran a la Secci\u00f3n, habiendo profesores especialistas en el periodo comprendido entre finales del siglo XVIII y hasta el XXI, siendo varias las l\u00edneas de investigaci\u00f3n que trabajan.<!-- AddThis Advanced Settings generic via filter on get_the_excerpt --><!-- AddThis Share Buttons generic via filter on get_the_excerpt --><\/p>\n","protected":false},"author":1,"featured_media":883,"parent":0,"menu_order":0,"comment_status":"closed","ping_status":"closed","template":"capcalera-seccio.php","meta":[],"acf":[],"jetpack_shortlink":"https:\/\/wp.me\/P9TqTc-Li","_links":{"self":[{"href":"https:\/\/www.ub.edu\/dphc\/es\/wp-json\/wp\/v2\/pages\/2932"}],"collection":[{"href":"https:\/\/www.ub.edu\/dphc\/es\/wp-json\/wp\/v2\/pages"}],"about":[{"href":"https:\/\/www.ub.edu\/dphc\/es\/wp-json\/wp\/v2\/types\/page"}],"author":[{"embeddable":true,"href":"https:\/\/www.ub.edu\/dphc\/es\/wp-json\/wp\/v2\/users\/1"}],"replies":[{"embeddable":true,"href":"https:\/\/www.ub.edu\/dphc\/es\/wp-json\/wp\/v2\/comments?post=2932"}],"version-history":[{"count":4,"href":"https:\/\/www.ub.edu\/dphc\/es\/wp-json\/wp\/v2\/pages\/2932\/revisions"}],"predecessor-version":[{"id":3037,"href":"https:\/\/www.ub.edu\/dphc\/es\/wp-json\/wp\/v2\/pages\/2932\/revisions\/3037"}],"wp:featuredmedia":[{"embeddable":true,"href":"https:\/\/www.ub.edu\/dphc\/es\/wp-json\/wp\/v2\/media\/883"}],"wp:attachment":[{"href":"https:\/\/www.ub.edu\/dphc\/es\/wp-json\/wp\/v2\/media?parent=2932"}],"curies":[{"name":"wp","href":"https:\/\/api.w.org\/{rel}","templated":true}]}}