{"id":100,"date":"2018-04-04T12:00:17","date_gmt":"2018-04-04T10:00:17","guid":{"rendered":"http:\/\/www.ub.edu\/dphc\/wp\/?page_id=100"},"modified":"2019-05-03T09:30:45","modified_gmt":"2019-05-03T07:30:45","slug":"entorn-recerca","status":"publish","type":"page","link":"https:\/\/www.ub.edu\/dphc\/entorn-recerca\/","title":{"rendered":"Recerca"},"content":{"rendered":"<p class=\"p1\"><span class=\"s1\">Les l\u00ednies b\u00e0siques de recerca se centren sobretot en la hist\u00f2ria recent de Catalunya i Espanya, el multiculturalisme, les nacionalitats, la realitat actual de certs espais concrets del planeta, la import\u00e0ncia del g\u00e8nere dins l&#8217;acci\u00f3 dels agents de canvi, les institucions, la plasmaci\u00f3 de la hist\u00f2ria dels nostres dies en les arts, i la hist\u00f2ria de la cultura i els intel\u00b7lectuals.\u00a0<\/span><\/p>\n<p class=\"p1\"><span class=\"s1\">La recerca s\u2019efectua a partir de la tasca d\u2019investigaci\u00f3 de cada professor, vinculat a un grup de recerca, i paral\u00b7lelament aquests incentiven que es faci recerca a partir de treballs de m\u00e0ster i sobretot de tesis doctorals. <\/span><\/p>\n<!-- AddThis Advanced Settings generic via filter on the_content --><!-- AddThis Share Buttons generic via filter on the_content -->","protected":false},"excerpt":{"rendered":"<p>La Secci\u00f3 d\u2019Hist\u00f2ria Contempor\u00e0nia i M\u00f3n Actual, precisament per la seva especificitat centrada en la contemporane\u00eftat, t\u00e9 un ampli espectre de l\u00ednies de recerca, desenvolupades tant pels grups de recerca, com per les diverses persones que hi tenen relaci\u00f3 (estudiants, professors, etc.).<!-- AddThis Advanced Settings generic via filter on get_the_excerpt --><!-- AddThis Share Buttons generic via filter on get_the_excerpt --><\/p>\n","protected":false},"author":1,"featured_media":942,"parent":0,"menu_order":0,"comment_status":"closed","ping_status":"closed","template":"capcalera-seccio.php","meta":[],"acf":[],"jetpack_shortlink":"https:\/\/wp.me\/P9TqTc-1C","_links":{"self":[{"href":"https:\/\/www.ub.edu\/dphc\/wp-json\/wp\/v2\/pages\/100"}],"collection":[{"href":"https:\/\/www.ub.edu\/dphc\/wp-json\/wp\/v2\/pages"}],"about":[{"href":"https:\/\/www.ub.edu\/dphc\/wp-json\/wp\/v2\/types\/page"}],"author":[{"embeddable":true,"href":"https:\/\/www.ub.edu\/dphc\/wp-json\/wp\/v2\/users\/1"}],"replies":[{"embeddable":true,"href":"https:\/\/www.ub.edu\/dphc\/wp-json\/wp\/v2\/comments?post=100"}],"version-history":[{"count":4,"href":"https:\/\/www.ub.edu\/dphc\/wp-json\/wp\/v2\/pages\/100\/revisions"}],"predecessor-version":[{"id":1398,"href":"https:\/\/www.ub.edu\/dphc\/wp-json\/wp\/v2\/pages\/100\/revisions\/1398"}],"wp:featuredmedia":[{"embeddable":true,"href":"https:\/\/www.ub.edu\/dphc\/wp-json\/wp\/v2\/media\/942"}],"wp:attachment":[{"href":"https:\/\/www.ub.edu\/dphc\/wp-json\/wp\/v2\/media?parent=100"}],"curies":[{"name":"wp","href":"https:\/\/api.w.org\/{rel}","templated":true}]}}