{"id":59,"date":"2018-04-03T13:46:25","date_gmt":"2018-04-03T11:46:25","guid":{"rendered":"http:\/\/www.ub.edu\/dphc\/wp\/?page_id=59"},"modified":"2021-03-18T11:35:15","modified_gmt":"2021-03-18T09:35:15","slug":"estudis","status":"publish","type":"page","link":"https:\/\/www.ub.edu\/dphc\/estudis\/","title":{"rendered":"Estudis"},"content":{"rendered":"<p class=\"p1\"><span class=\"s1\">La hist\u00f2ria tamb\u00e9 forma part del pla docent d&#8217;altres Graus que es realitzen a diferents facultats de la <strong>Universitat de Barcelona<\/strong>; al <a href=\"https:\/\/www.ub.edu\/portal\/web\/educacio\/graus\/-\/ensenyament\/detallEnsenyament\/1072009\/31\">Grau de Treball Social<\/a> (<strong>Facultat d\u2019Educaci\u00f3<\/strong>) i al de <a href=\"https:\/\/www.ub.edu\/web\/ub\/ca\/estudis\/oferta_formativa\/graus\/fitxa\/C\/G1075\/\">Comunicaci\u00f3 i Ind\u00fastries Culturals<\/a> (<strong>Facultat de Filologia). <\/strong><\/span><\/p>\n<ul>\n<li><strong>Facultat de Geografia i Hist\u00f2ria<\/strong><\/li>\n<\/ul>\n<p><strong>Assignatures que formen part del Grau d&#8217;Hist\u00f2ria:<\/strong><\/p>\n<p>&#8211; Pensar la hist\u00f2ria<br \/>\n&#8211; Fonts hist\u00f2riques<br \/>\n&#8211; G\u00e8nere i Hist\u00f2ria 361406<br \/>\n&#8211; Hist\u00f2ria Contempor\u00e0nia Univ. 361414<br \/>\n&#8211; M\u00f3n Actual 361415<br \/>\n&#8211; Recursos inform\u00e0tics i m\u00e8t.<br \/>\n&#8211; H.Cultura i Inst. Europees<br \/>\n&#8211; H.Contemp. Espanya 361426<br \/>\n&#8211; H.Contemp. Catalunya 361427<br \/>\n&#8211; H. d&#8217;\u00c0sia 361418<br \/>\n&#8211; Econ. I societat mon contemporani. 364006<br \/>\n&#8211; Pensament i pol\u00edtica en el m\u00f3n contemporani 364017<br \/>\n&#8211; Vells i nous conflictes m.actual 364008<br \/>\n&#8211; H. contemp. I cinema 364009<br \/>\n&#8211; Franquisme, transici\u00f3 i democr\u00e0cia 364007<br \/>\n&#8211; 100 TFG (2018-19) = 3,2hores x cada TFG<\/p>\n<p><strong>Assignatures que formen part del Grau d&#8217;Antropologia:<\/strong><\/p>\n<p>&#8211; Hist\u00f2ria Contempor\u00e0nia Comparada<br \/>\n&#8211; M\u00f3n Actual<\/p>\n<p><strong>Grau de Geografia:<\/strong><\/p>\n<p>&#8211; Hist\u00f2ria economia I social mon actual<\/p>\n<p><strong>\u00a0Grau d&#8217;Arqueologia:<\/strong><\/p>\n<p>&#8211; Fonts escrites i documentals<br \/>\n&#8211; Arq. M\u00f3n modern i contemporani<br \/>\n&#8211; Arqueologia post medieval<br \/>\n&#8211; H.Contempor\u00e0nia Universal Arqueologia<\/p>\n<ul>\n<li><strong>Altres Facultats de la Universitat de Barcelona<\/strong><\/li>\n<\/ul>\n<p><strong>Grau de Comunicaci\u00f3 i Ind\u00fastries Culturals:<\/strong><\/p>\n<p>Grans conflictes M\u00f3n Actual<\/p>\n<p><strong>Grau de Treball Social:<br \/>\n<\/strong><\/p>\n<p>H. Social Contempor\u00e0nia TREB.SOC.<\/p>\n<ul>\n<li><strong>Assignatures que s&#8217;imparteixen al m\u00e0ster:<\/strong><\/li>\n<\/ul>\n<p>Primer quadrimestre:<\/p>\n<p>-Els arxius de la contemporane\u00eftat en l<strong>\u2019<\/strong>era digital (obligat\u00f2ria)<\/p>\n<p>-Metodologia de la recerca i transfer\u00e8ncia del coneixement\u00a0(obligat\u00f2ria)<\/p>\n<p>-Debats del m\u00f3n contemporani (obligat\u00f2ria)<\/p>\n<p>-Bases econ\u00f2miques i materials del m\u00f3n contemporani\u00a0(optativa)<\/p>\n<p>-Auge i decad\u00e8ncia de la modernitat. La irrupci\u00f3 de la cultura de masses (1870-1945)\u00a0(optativa)*<\/p>\n<p>-Cultures del treball, sindicalisme, anarquisme i socialisme\u00a0 (optativa)<\/p>\n<p>-Historia y Mem\u00f2ria\/s de la contemporane\u00eftat\u00a0\u00a0(optativa)<\/p>\n<p>&nbsp;<\/p>\n<p>Segon quadrimestre:<\/p>\n<p>-Processos de construcci\u00f3 nacional. Catalunya i Espanya\u00a0(optativa)<\/p>\n<p>-Identidades de g\u00e9nero y movilizaci\u00f3n en el siglo XX\u00a0\u00a0(optativa)*<\/p>\n<p>-La globalitzaci\u00f3 i les relacions de poder despr\u00e9s de la guerra freda\u00a0 (optativa)<\/p>\n<p>-La dictadura franquista (optativa)<\/p>\n<p>-Viol\u00e8ncia pol\u00edtica i guerres civils a la Catalunya Contempor\u00e0nia\u00a0 (optativa)<\/p>\n<p>&nbsp;<\/p>\n<p>-Pr\u00e0ctiques externes (optativa)<\/p>\n<p>-TFM (obligat\u00f2ria)<\/p>\n<p class=\"p1\">\n<!-- AddThis Advanced Settings generic via filter on the_content --><!-- AddThis Share Buttons generic via filter on the_content -->","protected":false},"excerpt":{"rendered":"<p>A la Facultat de Geografia i Hist\u00f2ria, s&#8217;imparteixen assignatures relacionades amb la Hist\u00f2ria i el M\u00f3n Contemporani a tots els Graus vigents. <!-- AddThis Advanced Settings generic via filter on get_the_excerpt --><!-- AddThis Share Buttons generic via filter on get_the_excerpt --><\/p>\n","protected":false},"author":1,"featured_media":945,"parent":0,"menu_order":0,"comment_status":"closed","ping_status":"closed","template":"capcalera-seccio.php","meta":[],"acf":[],"jetpack_shortlink":"https:\/\/wp.me\/P9TqTc-X","_links":{"self":[{"href":"https:\/\/www.ub.edu\/dphc\/wp-json\/wp\/v2\/pages\/59"}],"collection":[{"href":"https:\/\/www.ub.edu\/dphc\/wp-json\/wp\/v2\/pages"}],"about":[{"href":"https:\/\/www.ub.edu\/dphc\/wp-json\/wp\/v2\/types\/page"}],"author":[{"embeddable":true,"href":"https:\/\/www.ub.edu\/dphc\/wp-json\/wp\/v2\/users\/1"}],"replies":[{"embeddable":true,"href":"https:\/\/www.ub.edu\/dphc\/wp-json\/wp\/v2\/comments?post=59"}],"version-history":[{"count":9,"href":"https:\/\/www.ub.edu\/dphc\/wp-json\/wp\/v2\/pages\/59\/revisions"}],"predecessor-version":[{"id":2812,"href":"https:\/\/www.ub.edu\/dphc\/wp-json\/wp\/v2\/pages\/59\/revisions\/2812"}],"wp:featuredmedia":[{"embeddable":true,"href":"https:\/\/www.ub.edu\/dphc\/wp-json\/wp\/v2\/media\/945"}],"wp:attachment":[{"href":"https:\/\/www.ub.edu\/dphc\/wp-json\/wp\/v2\/media?parent=59"}],"curies":[{"name":"wp","href":"https:\/\/api.w.org\/{rel}","templated":true}]}}