{"id":651,"date":"2018-05-14T17:48:26","date_gmt":"2018-05-14T15:48:26","guid":{"rendered":"http:\/\/www.ub.edu\/dphc\/wp\/?page_id=651"},"modified":"2025-05-28T12:51:10","modified_gmt":"2025-05-28T10:51:10","slug":"inici","status":"publish","type":"page","link":"https:\/\/www.ub.edu\/dphc\/","title":{"rendered":"Hist\u00f2ria Contempor\u00e0nia i M\u00f3n Actual"},"content":{"rendered":"<!-- AddThis Advanced Settings generic via filter on the_content --><!-- AddThis Share Buttons generic via filter on the_content -->","protected":false},"excerpt":{"rendered":"<p><!-- AddThis Advanced Settings generic via filter on get_the_excerpt --><!-- AddThis Share Buttons generic via filter on get_the_excerpt --><\/p>\n","protected":false},"author":1,"featured_media":5053,"parent":0,"menu_order":0,"comment_status":"closed","ping_status":"closed","template":"home.php","meta":[],"acf":[],"jetpack_shortlink":"https:\/\/wp.me\/P9TqTc-av","_links":{"self":[{"href":"https:\/\/www.ub.edu\/dphc\/wp-json\/wp\/v2\/pages\/651"}],"collection":[{"href":"https:\/\/www.ub.edu\/dphc\/wp-json\/wp\/v2\/pages"}],"about":[{"href":"https:\/\/www.ub.edu\/dphc\/wp-json\/wp\/v2\/types\/page"}],"author":[{"embeddable":true,"href":"https:\/\/www.ub.edu\/dphc\/wp-json\/wp\/v2\/users\/1"}],"replies":[{"embeddable":true,"href":"https:\/\/www.ub.edu\/dphc\/wp-json\/wp\/v2\/comments?post=651"}],"version-history":[{"count":141,"href":"https:\/\/www.ub.edu\/dphc\/wp-json\/wp\/v2\/pages\/651\/revisions"}],"predecessor-version":[{"id":5108,"href":"https:\/\/www.ub.edu\/dphc\/wp-json\/wp\/v2\/pages\/651\/revisions\/5108"}],"wp:featuredmedia":[{"embeddable":true,"href":"https:\/\/www.ub.edu\/dphc\/wp-json\/wp\/v2\/media\/5053"}],"wp:attachment":[{"href":"https:\/\/www.ub.edu\/dphc\/wp-json\/wp\/v2\/media?parent=651"}],"curies":[{"name":"wp","href":"https:\/\/api.w.org\/{rel}","templated":true}]}}