{"id":76,"date":"2018-04-03T13:52:00","date_gmt":"2018-04-03T11:52:00","guid":{"rendered":"http:\/\/www.ub.edu\/dphc\/wp\/?page_id=76"},"modified":"2021-03-12T14:18:30","modified_gmt":"2021-03-12T12:18:30","slug":"doctorat","status":"publish","type":"page","link":"https:\/\/www.ub.edu\/dphc\/estudis\/doctorat\/","title":{"rendered":"Doctorat"},"content":{"rendered":"<p class=\"p1\"><span class=\"s1\">El programa de <strong>Doctora<\/strong>t de <a href=\"https:\/\/www.ub.edu\/portal\/web\/geografia-historia\/societat-i-cultura-historia-antropologia-arts-i-patrimoni\"><span class=\"s2\">Societat i Cultura: Hist\u00f2ria, Antropologia, Arts i Patrimoni<\/span><\/a> t\u00e9 com a objectiu donar una oferta de qualitat i refer\u00e8ncia en diverses especialitats en els camps de la <strong>Hist\u00f2ria, l\u2019Antropologia, les Arts, el Patrimoni i la Gesti\u00f3 Cultural<\/strong>. El programa ofereix una formaci\u00f3 te\u00f2rica i metodol\u00f2gica dels doctorands\/es i es troba orientat a\u00a0<strong>4 \u00e0mbits de recerca<\/strong>. Els doctorands en hist\u00f2ria Contempor\u00e0nia s\u2019inscriuen normalment en l\u2019\u00e0mbit <a href=\"https:\/\/www.ub.edu\/portal\/web\/geografia-historia\/historia-i-arqueologia\"><span class=\"s3\"><b><i>Hist\u00f2ria i Arqueologia<\/i><\/b><\/span><\/a><\/span><span class=\"s4\"><b><i>:\u00a0<\/i><\/b><i>\u00a0<\/i>\u00e0mbit adre\u00e7at a les investigacions sobre processos hist\u00f2rics, q\u00fcestions sobre la realitat hist\u00f2rica a nivell internacional, espanyol i catal\u00e0 en les diferents etapes hist\u00f2riques. Engloba tamb\u00e9 les investigacions en arqueologia b\u00e0sica i aplicada<i>.<\/i><\/span><\/p>\n<p>El <strong>coordinador<\/strong> del Doctorat \u00e9s <a href=\"https:\/\/webgrec.ub.edu\/webpages\/000012\/cat\/gccattini.ub.edu.html\"><strong>Giovanni C.Cattini<\/strong><strong>,<\/strong><\/a>\u00a0historiador , especialitzat en hist\u00f2ria del nacionalisme catal\u00e0 i dels corrents culturals i intel\u00b7lectuals des del final del segle XIX fins a la Segona Guerra Mundial. Per a qualsevol dubte\u00a0 , podeu contactar mitjan\u00e7ant el seg\u00fcent correu: <a href=\"mailto:joanvillarroya@ub.edu\">gccattini@ub.edu<\/a>.<\/p>\n<p>&nbsp;<\/p>\n<p>&nbsp;<\/p>\n<!-- AddThis Advanced Settings generic via filter on the_content --><!-- AddThis Share Buttons generic via filter on the_content -->","protected":false},"excerpt":{"rendered":"<p>Els programes de doctorat s\u00f3n un conjunt d\u2019activitats que condueixen a l\u2019adquisici\u00f3 de les compet\u00e8ncies i habilitats necess\u00e0ries per obtenir el t\u00edtol de doctor, qualificaci\u00f3 m\u00e0xima que la Universitat pot concedir i que s\u2019aconsegueix cursant un programa de doctorat i superant la defensa de la tesi doctoral.<!-- AddThis Advanced Settings generic via filter on get_the_excerpt --><!-- AddThis Share Buttons generic via filter on get_the_excerpt --><\/p>\n","protected":false},"author":1,"featured_media":0,"parent":59,"menu_order":0,"comment_status":"closed","ping_status":"closed","template":"","meta":[],"acf":[],"jetpack_shortlink":"https:\/\/wp.me\/P9TqTc-1e","_links":{"self":[{"href":"https:\/\/www.ub.edu\/dphc\/wp-json\/wp\/v2\/pages\/76"}],"collection":[{"href":"https:\/\/www.ub.edu\/dphc\/wp-json\/wp\/v2\/pages"}],"about":[{"href":"https:\/\/www.ub.edu\/dphc\/wp-json\/wp\/v2\/types\/page"}],"author":[{"embeddable":true,"href":"https:\/\/www.ub.edu\/dphc\/wp-json\/wp\/v2\/users\/1"}],"replies":[{"embeddable":true,"href":"https:\/\/www.ub.edu\/dphc\/wp-json\/wp\/v2\/comments?post=76"}],"version-history":[{"count":6,"href":"https:\/\/www.ub.edu\/dphc\/wp-json\/wp\/v2\/pages\/76\/revisions"}],"predecessor-version":[{"id":2676,"href":"https:\/\/www.ub.edu\/dphc\/wp-json\/wp\/v2\/pages\/76\/revisions\/2676"}],"up":[{"embeddable":true,"href":"https:\/\/www.ub.edu\/dphc\/wp-json\/wp\/v2\/pages\/59"}],"wp:attachment":[{"href":"https:\/\/www.ub.edu\/dphc\/wp-json\/wp\/v2\/media?parent=76"}],"curies":[{"name":"wp","href":"https:\/\/api.w.org\/{rel}","templated":true}]}}